{"id":45519,"date":"2021-09-03T12:12:55","date_gmt":"2021-09-03T16:12:55","guid":{"rendered":"http:\/\/www.cec.org\/?page_id=45519"},"modified":"2026-03-23T18:10:51","modified_gmt":"2026-03-23T22:10:51","slug":"ej4climate","status":"publish","type":"page","link":"https:\/\/www.cec.org\/fr\/subventions\/ej4climate\/","title":{"rendered":"EJ4Climate: Justice environnementale et r\u00e9silience climatique"},"content":{"rendered":"<p>La CCE a instaur\u00e9 ce programme de subventions en 2021 afin de financer des projets qui ciblent les collectivit\u00e9s mal desservies et vuln\u00e9rables, ainsi que les collectivit\u00e9s autochtones du Canada, du Mexique et des \u00c9tats Unis, en vue de de les aider \u00e0 se pr\u00e9parer \u00e0 faire face aux r\u00e9percussions des changements climatiques.<\/p>\n<p>Le quatri\u00e8me cycle de financement du programme EJ4Climate a marqu\u00e9 la fin du programme de subventions en 2025. Nous tenons \u00e0 remercier l\u2019ensemble des personnes candidates qui ont r\u00e9pondu aux diff\u00e9rents appels de propositions et f\u00e9licitons les b\u00e9n\u00e9ficiaires des 54 projets qui ont re\u00e7u du financement au cours des quatre ann\u00e9es du programme.<\/p>\n<p>Le programme de subventions EJ4Climate a directement financ\u00e9 des organismes communautaires qui font progresser la justice environnementale. Il a soutenu l\u2019autonomisation de collectivit\u00e9s et leur participation active dans l\u2019\u00e9laboration de solutions et la cr\u00e9ation de partenariats en vue de r\u00e9duire leurs vuln\u00e9rabilit\u00e9s environnementales et sanitaires, notamment celles li\u00e9es aux effets des changements climatiques.<\/p>\n","protected":false},"excerpt":{"rendered":"<p>La CCE a instaur\u00e9 ce programme de subventions en 2021 afin de financer des projets qui ciblent les collectivit\u00e9s mal desservies et vuln\u00e9rables, ainsi que les collectivit\u00e9s autochtones du Canada, du Mexique et des \u00c9tats Unis, en vue de de les aider \u00e0 se pr\u00e9parer \u00e0 faire face aux r\u00e9percussions des changements climatiques. Le quatri\u00e8me [&hellip;]<\/p>\n","protected":false},"author":1,"featured_media":55424,"parent":46588,"menu_order":3,"comment_status":"closed","ping_status":"closed","template":"page-napeca.php","meta":{"_acf_changed":false,"footnotes":""},"class_list":["post-45519","page","type-page","status-publish","has-post-thumbnail","hentry"],"acf":[],"yoast_head":"<!-- This site is optimized with the Yoast SEO Premium plugin v27.0 (Yoast SEO v27.0) - https:\/\/yoast.com\/product\/yoast-seo-premium-wordpress\/ -->\n<title>EJ4Climate: Justice environnementale et r\u00e9silience climatique<\/title>\n<meta name=\"description\" content=\"Le programme de subventions EJ4Climate finance directement des organismes communautaires et vise \u00e0 favoriser la justice environnementale...\" \/>\n<meta name=\"robots\" content=\"index, follow, max-snippet:-1, max-image-preview:large, max-video-preview:-1\" \/>\n<link rel=\"canonical\" href=\"https:\/\/www.cec.org\/fr\/subventions\/ej4climate\/\" \/>\n<meta property=\"og:locale\" content=\"fr_FR\" \/>\n<meta property=\"og:type\" content=\"article\" \/>\n<meta property=\"og:title\" content=\"EJ4Climate: Justice environnementale et r\u00e9silience climatique\" \/>\n<meta property=\"og:description\" content=\"La CCE a instaur\u00e9 ce programme de subventions en 2021 afin de financer des projets qui ciblent les collectivit\u00e9s mal desservies et vuln\u00e9rables, ainsi que\" \/>\n<meta property=\"og:url\" content=\"https:\/\/www.cec.org\/fr\/subventions\/ej4climate\/\" \/>\n<meta property=\"og:site_name\" content=\"Commission de coop\u00e9ration environnementale\" \/>\n<meta property=\"article:publisher\" content=\"https:\/\/www.facebook.com\/CECconnect\" \/>\n<meta property=\"article:modified_time\" content=\"2026-03-23T22:10:51+00:00\" \/>\n<meta property=\"og:image\" content=\"https:\/\/www.cec.org\/wp-content\/uploads\/EJ4Climate_Social-1920px-x-1080px.png\" \/>\n\t<meta property=\"og:image:width\" content=\"4000\" \/>\n\t<meta property=\"og:image:height\" content=\"2251\" \/>\n\t<meta property=\"og:image:type\" content=\"image\/png\" \/>\n<meta name=\"twitter:card\" content=\"summary_large_image\" \/>\n<meta name=\"twitter:site\" content=\"@CECweb\" \/>\n<script type=\"application\/ld+json\" class=\"yoast-schema-graph\">{\"@context\":\"https:\/\/schema.org\",\"@graph\":[{\"@type\":\"WebPage\",\"@id\":\"https:\/\/www.cec.org\/fr\/subventions\/ej4climate\/\",\"url\":\"https:\/\/www.cec.org\/fr\/subventions\/ej4climate\/\",\"name\":\"EJ4Climate: Justice environnementale et r\u00e9silience climatique\",\"isPartOf\":{\"@id\":\"https:\/\/www.cec.org\/fr\/#website\"},\"primaryImageOfPage\":{\"@id\":\"https:\/\/www.cec.org\/fr\/subventions\/ej4climate\/#primaryimage\"},\"image\":{\"@id\":\"https:\/\/www.cec.org\/fr\/subventions\/ej4climate\/#primaryimage\"},\"thumbnailUrl\":\"https:\/\/www.cec.org\/wp-content\/uploads\/EJ4Climate_Social-1920px-x-1080px.png\",\"datePublished\":\"2021-09-03T16:12:55+00:00\",\"dateModified\":\"2026-03-23T22:10:51+00:00\",\"description\":\"Le programme de subventions EJ4Climate finance directement des organismes communautaires et vise \u00e0 favoriser la justice environnementale...\",\"breadcrumb\":{\"@id\":\"https:\/\/www.cec.org\/fr\/subventions\/ej4climate\/#breadcrumb\"},\"inLanguage\":\"fr-FR\",\"potentialAction\":[{\"@type\":\"ReadAction\",\"target\":[\"https:\/\/www.cec.org\/fr\/subventions\/ej4climate\/\"]}]},{\"@type\":\"ImageObject\",\"inLanguage\":\"fr-FR\",\"@id\":\"https:\/\/www.cec.org\/fr\/subventions\/ej4climate\/#primaryimage\",\"url\":\"https:\/\/www.cec.org\/wp-content\/uploads\/EJ4Climate_Social-1920px-x-1080px.png\",\"contentUrl\":\"https:\/\/www.cec.org\/wp-content\/uploads\/EJ4Climate_Social-1920px-x-1080px.png\",\"width\":4000,\"height\":2251},{\"@type\":\"BreadcrumbList\",\"@id\":\"https:\/\/www.cec.org\/fr\/subventions\/ej4climate\/#breadcrumb\",\"itemListElement\":[{\"@type\":\"ListItem\",\"position\":1,\"name\":\"Accueil\",\"item\":\"https:\/\/www.cec.org\/fr\/\"},{\"@type\":\"ListItem\",\"position\":2,\"name\":\"Subventions\",\"item\":\"https:\/\/www.cec.org\/fr\/subventions\/\"},{\"@type\":\"ListItem\",\"position\":3,\"name\":\"EJ4Climate: Justice environnementale et r\u00e9silience climatique\"}]},{\"@type\":\"WebSite\",\"@id\":\"https:\/\/www.cec.org\/fr\/#website\",\"url\":\"https:\/\/www.cec.org\/fr\/\",\"name\":\"Commission for Environmental Cooperation\",\"description\":\"Three countries working together to protect our shared environment\",\"alternateName\":\"CEC - CCA -CCE\",\"potentialAction\":[{\"@type\":\"SearchAction\",\"target\":{\"@type\":\"EntryPoint\",\"urlTemplate\":\"https:\/\/www.cec.org\/fr\/?s={search_term_string}\"},\"query-input\":{\"@type\":\"PropertyValueSpecification\",\"valueRequired\":true,\"valueName\":\"search_term_string\"}}],\"inLanguage\":\"fr-FR\"}]}<\/script>\n<!-- \/ Yoast SEO Premium plugin. -->","yoast_head_json":{"title":"EJ4Climate: Justice environnementale et r\u00e9silience climatique","description":"Le programme de subventions EJ4Climate finance directement des organismes communautaires et vise \u00e0 favoriser la justice environnementale...","robots":{"index":"index","follow":"follow","max-snippet":"max-snippet:-1","max-image-preview":"max-image-preview:large","max-video-preview":"max-video-preview:-1"},"canonical":"https:\/\/www.cec.org\/fr\/subventions\/ej4climate\/","og_locale":"fr_FR","og_type":"article","og_title":"EJ4Climate: Justice environnementale et r\u00e9silience climatique","og_description":"La CCE a instaur\u00e9 ce programme de subventions en 2021 afin de financer des projets qui ciblent les collectivit\u00e9s mal desservies et vuln\u00e9rables, ainsi que","og_url":"https:\/\/www.cec.org\/fr\/subventions\/ej4climate\/","og_site_name":"Commission de coop\u00e9ration environnementale","article_publisher":"https:\/\/www.facebook.com\/CECconnect","article_modified_time":"2026-03-23T22:10:51+00:00","og_image":[{"width":4000,"height":2251,"url":"https:\/\/www.cec.org\/wp-content\/uploads\/EJ4Climate_Social-1920px-x-1080px.png","type":"image\/png"}],"twitter_card":"summary_large_image","twitter_site":"@CECweb","schema":{"@context":"https:\/\/schema.org","@graph":[{"@type":"WebPage","@id":"https:\/\/www.cec.org\/fr\/subventions\/ej4climate\/","url":"https:\/\/www.cec.org\/fr\/subventions\/ej4climate\/","name":"EJ4Climate: Justice environnementale et r\u00e9silience climatique","isPartOf":{"@id":"https:\/\/www.cec.org\/fr\/#website"},"primaryImageOfPage":{"@id":"https:\/\/www.cec.org\/fr\/subventions\/ej4climate\/#primaryimage"},"image":{"@id":"https:\/\/www.cec.org\/fr\/subventions\/ej4climate\/#primaryimage"},"thumbnailUrl":"https:\/\/www.cec.org\/wp-content\/uploads\/EJ4Climate_Social-1920px-x-1080px.png","datePublished":"2021-09-03T16:12:55+00:00","dateModified":"2026-03-23T22:10:51+00:00","description":"Le programme de subventions EJ4Climate finance directement des organismes communautaires et vise \u00e0 favoriser la justice environnementale...","breadcrumb":{"@id":"https:\/\/www.cec.org\/fr\/subventions\/ej4climate\/#breadcrumb"},"inLanguage":"fr-FR","potentialAction":[{"@type":"ReadAction","target":["https:\/\/www.cec.org\/fr\/subventions\/ej4climate\/"]}]},{"@type":"ImageObject","inLanguage":"fr-FR","@id":"https:\/\/www.cec.org\/fr\/subventions\/ej4climate\/#primaryimage","url":"https:\/\/www.cec.org\/wp-content\/uploads\/EJ4Climate_Social-1920px-x-1080px.png","contentUrl":"https:\/\/www.cec.org\/wp-content\/uploads\/EJ4Climate_Social-1920px-x-1080px.png","width":4000,"height":2251},{"@type":"BreadcrumbList","@id":"https:\/\/www.cec.org\/fr\/subventions\/ej4climate\/#breadcrumb","itemListElement":[{"@type":"ListItem","position":1,"name":"Accueil","item":"https:\/\/www.cec.org\/fr\/"},{"@type":"ListItem","position":2,"name":"Subventions","item":"https:\/\/www.cec.org\/fr\/subventions\/"},{"@type":"ListItem","position":3,"name":"EJ4Climate: Justice environnementale et r\u00e9silience climatique"}]},{"@type":"WebSite","@id":"https:\/\/www.cec.org\/fr\/#website","url":"https:\/\/www.cec.org\/fr\/","name":"Commission for Environmental Cooperation","description":"Three countries working together to protect our shared environment","alternateName":"CEC - CCA -CCE","potentialAction":[{"@type":"SearchAction","target":{"@type":"EntryPoint","urlTemplate":"https:\/\/www.cec.org\/fr\/?s={search_term_string}"},"query-input":{"@type":"PropertyValueSpecification","valueRequired":true,"valueName":"search_term_string"}}],"inLanguage":"fr-FR"}]}},"_links":{"self":[{"href":"https:\/\/www.cec.org\/fr\/wp-json\/wp\/v2\/pages\/45519","targetHints":{"allow":["GET"]}}],"collection":[{"href":"https:\/\/www.cec.org\/fr\/wp-json\/wp\/v2\/pages"}],"about":[{"href":"https:\/\/www.cec.org\/fr\/wp-json\/wp\/v2\/types\/page"}],"author":[{"embeddable":true,"href":"https:\/\/www.cec.org\/fr\/wp-json\/wp\/v2\/users\/1"}],"replies":[{"embeddable":true,"href":"https:\/\/www.cec.org\/fr\/wp-json\/wp\/v2\/comments?post=45519"}],"version-history":[{"count":19,"href":"https:\/\/www.cec.org\/fr\/wp-json\/wp\/v2\/pages\/45519\/revisions"}],"predecessor-version":[{"id":62076,"href":"https:\/\/www.cec.org\/fr\/wp-json\/wp\/v2\/pages\/45519\/revisions\/62076"}],"up":[{"embeddable":true,"href":"https:\/\/www.cec.org\/fr\/wp-json\/wp\/v2\/pages\/46588"}],"wp:featuredmedia":[{"embeddable":true,"href":"https:\/\/www.cec.org\/fr\/wp-json\/wp\/v2\/media\/55424"}],"wp:attachment":[{"href":"https:\/\/www.cec.org\/fr\/wp-json\/wp\/v2\/media?parent=45519"}],"curies":[{"name":"wp","href":"https:\/\/api.w.org\/{rel}","templated":true}]}}