{"id":32890,"date":"2020-10-26T13:30:56","date_gmt":"2020-10-26T17:30:56","guid":{"rendered":"http:\/\/www.cec.org\/sig-merci\/"},"modified":"2024-07-11T13:35:00","modified_gmt":"2024-07-11T17:35:00","slug":"sig-merci","status":"publish","type":"page","link":"https:\/\/www.cec.org\/fr\/sig-merci\/","title":{"rendered":"Merci"},"content":{"rendered":"<h2>Merci de votre inscription aux mises \u00e0 jour des donn\u00e9es SIG<\/h2>\n<p>Nous vous enverrons un avis lorsque de nouveaux ensembles de donn\u00e9es, de nouvelles couches cartographiques et de nouvelles donn\u00e9es SIG seront accessibles. Nous ne vous enverrons que le contenu le plus pertinent, sans pourriel, c\u2019est promis!<\/p>\n<p>*Vous d\u00e9couvrirez toutes les actualit\u00e9s relatives \u00e0 la CCE en vous abonnant \u00e0 notre bulletin : <a href=\"https:\/\/cec.us7.list-manage.com\/subscribe?u=5fa638f92a1d9b74d1d595b81&amp;id=0901aafc2d\">ici<\/a><\/p>\n","protected":false},"excerpt":{"rendered":"<p>Merci de votre inscription aux mises \u00e0 jour des donn\u00e9es SIG Nous vous enverrons un avis lorsque de nouveaux ensembles de donn\u00e9es, de nouvelles couches cartographiques et de nouvelles donn\u00e9es SIG seront accessibles. Nous ne vous enverrons que le contenu le plus pertinent, sans pourriel, c\u2019est promis! *Vous d\u00e9couvrirez toutes les actualit\u00e9s relatives \u00e0 la [&hellip;]<\/p>\n","protected":false},"author":1,"featured_media":0,"parent":0,"menu_order":0,"comment_status":"closed","ping_status":"closed","template":"page-thankyou.php","meta":{"_acf_changed":false,"footnotes":""},"class_list":["post-32890","page","type-page","status-publish","hentry"],"acf":[],"yoast_head":"<!-- This site is optimized with the Yoast SEO Premium plugin v27.4 (Yoast SEO v27.4) - https:\/\/yoast.com\/product\/yoast-seo-premium-wordpress\/ -->\n<title>Merci<\/title>\n<meta name=\"description\" content=\"Merci de votre inscription aux mises \u00e0 jour des donn\u00e9es SIG Nous vous enverrons un avis lorsque de nouveaux ensembles de donn\u00e9es, de nouvelles couches\" \/>\n<meta name=\"robots\" content=\"index, follow, max-snippet:-1, max-image-preview:large, max-video-preview:-1\" \/>\n<link rel=\"canonical\" href=\"https:\/\/www.cec.org\/fr\/sig-merci\/\" \/>\n<meta property=\"og:locale\" content=\"fr_FR\" \/>\n<meta property=\"og:type\" content=\"article\" \/>\n<meta property=\"og:title\" content=\"Merci\" \/>\n<meta property=\"og:description\" content=\"Merci de votre inscription aux mises \u00e0 jour des donn\u00e9es SIG Nous vous enverrons un avis lorsque de nouveaux ensembles de donn\u00e9es, de nouvelles couches\" \/>\n<meta property=\"og:url\" content=\"https:\/\/www.cec.org\/fr\/sig-merci\/\" \/>\n<meta property=\"og:site_name\" content=\"Commission de coop\u00e9ration environnementale\" \/>\n<meta property=\"article:publisher\" content=\"https:\/\/www.facebook.com\/CECconnect\" \/>\n<meta property=\"article:modified_time\" content=\"2024-07-11T17:35:00+00:00\" \/>\n<meta property=\"og:image\" content=\"https:\/\/www.cec.org\/wp-content\/uploads\/cec-cover2023.webp\" \/>\n\t<meta property=\"og:image:width\" content=\"1200\" \/>\n\t<meta property=\"og:image:height\" content=\"630\" \/>\n\t<meta property=\"og:image:type\" content=\"image\/webp\" \/>\n<meta name=\"twitter:card\" content=\"summary_large_image\" \/>\n<meta name=\"twitter:site\" content=\"@CECweb\" \/>\n<script type=\"application\/ld+json\" class=\"yoast-schema-graph\">{\"@context\":\"https:\\\/\\\/schema.org\",\"@graph\":[{\"@type\":\"WebPage\",\"@id\":\"https:\\\/\\\/www.cec.org\\\/fr\\\/sig-merci\\\/\",\"url\":\"https:\\\/\\\/www.cec.org\\\/fr\\\/sig-merci\\\/\",\"name\":\"Merci\",\"isPartOf\":{\"@id\":\"https:\\\/\\\/www.cec.org\\\/fr\\\/#website\"},\"datePublished\":\"2020-10-26T17:30:56+00:00\",\"dateModified\":\"2024-07-11T17:35:00+00:00\",\"description\":\"Merci de votre inscription aux mises \u00e0 jour des donn\u00e9es SIG Nous vous enverrons un avis lorsque de nouveaux ensembles de donn\u00e9es, de nouvelles couches\",\"breadcrumb\":{\"@id\":\"https:\\\/\\\/www.cec.org\\\/fr\\\/sig-merci\\\/#breadcrumb\"},\"inLanguage\":\"fr-FR\",\"potentialAction\":[{\"@type\":\"ReadAction\",\"target\":[\"https:\\\/\\\/www.cec.org\\\/fr\\\/sig-merci\\\/\"]}]},{\"@type\":\"BreadcrumbList\",\"@id\":\"https:\\\/\\\/www.cec.org\\\/fr\\\/sig-merci\\\/#breadcrumb\",\"itemListElement\":[{\"@type\":\"ListItem\",\"position\":1,\"name\":\"Accueil\",\"item\":\"https:\\\/\\\/www.cec.org\\\/fr\\\/\"},{\"@type\":\"ListItem\",\"position\":2,\"name\":\"Merci\"}]},{\"@type\":\"WebSite\",\"@id\":\"https:\\\/\\\/www.cec.org\\\/fr\\\/#website\",\"url\":\"https:\\\/\\\/www.cec.org\\\/fr\\\/\",\"name\":\"Commission for Environmental Cooperation\",\"description\":\"Three countries working together to protect our shared environment\",\"alternateName\":\"CEC - CCA -CCE\",\"potentialAction\":[{\"@type\":\"SearchAction\",\"target\":{\"@type\":\"EntryPoint\",\"urlTemplate\":\"https:\\\/\\\/www.cec.org\\\/fr\\\/?s={search_term_string}\"},\"query-input\":{\"@type\":\"PropertyValueSpecification\",\"valueRequired\":true,\"valueName\":\"search_term_string\"}}],\"inLanguage\":\"fr-FR\"}]}<\/script>\n<!-- \/ Yoast SEO Premium plugin. -->","yoast_head_json":{"title":"Merci","description":"Merci de votre inscription aux mises \u00e0 jour des donn\u00e9es SIG Nous vous enverrons un avis lorsque de nouveaux ensembles de donn\u00e9es, de nouvelles couches","robots":{"index":"index","follow":"follow","max-snippet":"max-snippet:-1","max-image-preview":"max-image-preview:large","max-video-preview":"max-video-preview:-1"},"canonical":"https:\/\/www.cec.org\/fr\/sig-merci\/","og_locale":"fr_FR","og_type":"article","og_title":"Merci","og_description":"Merci de votre inscription aux mises \u00e0 jour des donn\u00e9es SIG Nous vous enverrons un avis lorsque de nouveaux ensembles de donn\u00e9es, de nouvelles couches","og_url":"https:\/\/www.cec.org\/fr\/sig-merci\/","og_site_name":"Commission de coop\u00e9ration environnementale","article_publisher":"https:\/\/www.facebook.com\/CECconnect","article_modified_time":"2024-07-11T17:35:00+00:00","og_image":[{"width":1200,"height":630,"url":"https:\/\/www.cec.org\/wp-content\/uploads\/cec-cover2023.webp","type":"image\/webp"}],"twitter_card":"summary_large_image","twitter_site":"@CECweb","schema":{"@context":"https:\/\/schema.org","@graph":[{"@type":"WebPage","@id":"https:\/\/www.cec.org\/fr\/sig-merci\/","url":"https:\/\/www.cec.org\/fr\/sig-merci\/","name":"Merci","isPartOf":{"@id":"https:\/\/www.cec.org\/fr\/#website"},"datePublished":"2020-10-26T17:30:56+00:00","dateModified":"2024-07-11T17:35:00+00:00","description":"Merci de votre inscription aux mises \u00e0 jour des donn\u00e9es SIG Nous vous enverrons un avis lorsque de nouveaux ensembles de donn\u00e9es, de nouvelles couches","breadcrumb":{"@id":"https:\/\/www.cec.org\/fr\/sig-merci\/#breadcrumb"},"inLanguage":"fr-FR","potentialAction":[{"@type":"ReadAction","target":["https:\/\/www.cec.org\/fr\/sig-merci\/"]}]},{"@type":"BreadcrumbList","@id":"https:\/\/www.cec.org\/fr\/sig-merci\/#breadcrumb","itemListElement":[{"@type":"ListItem","position":1,"name":"Accueil","item":"https:\/\/www.cec.org\/fr\/"},{"@type":"ListItem","position":2,"name":"Merci"}]},{"@type":"WebSite","@id":"https:\/\/www.cec.org\/fr\/#website","url":"https:\/\/www.cec.org\/fr\/","name":"Commission for Environmental Cooperation","description":"Three countries working together to protect our shared environment","alternateName":"CEC - CCA -CCE","potentialAction":[{"@type":"SearchAction","target":{"@type":"EntryPoint","urlTemplate":"https:\/\/www.cec.org\/fr\/?s={search_term_string}"},"query-input":{"@type":"PropertyValueSpecification","valueRequired":true,"valueName":"search_term_string"}}],"inLanguage":"fr-FR"}]}},"_links":{"self":[{"href":"https:\/\/www.cec.org\/fr\/wp-json\/wp\/v2\/pages\/32890","targetHints":{"allow":["GET"]}}],"collection":[{"href":"https:\/\/www.cec.org\/fr\/wp-json\/wp\/v2\/pages"}],"about":[{"href":"https:\/\/www.cec.org\/fr\/wp-json\/wp\/v2\/types\/page"}],"author":[{"embeddable":true,"href":"https:\/\/www.cec.org\/fr\/wp-json\/wp\/v2\/users\/1"}],"replies":[{"embeddable":true,"href":"https:\/\/www.cec.org\/fr\/wp-json\/wp\/v2\/comments?post=32890"}],"version-history":[{"count":1,"href":"https:\/\/www.cec.org\/fr\/wp-json\/wp\/v2\/pages\/32890\/revisions"}],"predecessor-version":[{"id":43887,"href":"https:\/\/www.cec.org\/fr\/wp-json\/wp\/v2\/pages\/32890\/revisions\/43887"}],"wp:attachment":[{"href":"https:\/\/www.cec.org\/fr\/wp-json\/wp\/v2\/media?parent=32890"}],"curies":[{"name":"wp","href":"https:\/\/api.w.org\/{rel}","templated":true}]}}