{"id":28900,"date":"2019-11-20T12:34:36","date_gmt":"2019-11-20T17:34:36","guid":{"rendered":"http:\/\/www.cec.org\/atlas-environnemental-de-lamerique-du-nord\/"},"modified":"2025-10-17T12:54:43","modified_gmt":"2025-10-17T16:54:43","slug":"atlas-environnemental-de-lamerique-du-nord","status":"publish","type":"page","link":"https:\/\/www.cec.org\/fr\/atlas-environnemental-de-lamerique-du-nord\/","title":{"rendered":"Atlas environnemental de l&rsquo;Am\u00e9rique du Nord"},"content":{"rendered":"","protected":false},"excerpt":{"rendered":"","protected":false},"author":1,"featured_media":53880,"parent":0,"menu_order":0,"comment_status":"closed","ping_status":"closed","template":"page-atlas.php","meta":{"_acf_changed":false,"footnotes":""},"class_list":["post-28900","page","type-page","status-publish","has-post-thumbnail","hentry"],"acf":[],"yoast_head":"<!-- This site is optimized with the Yoast SEO Premium plugin v27.4 (Yoast SEO v27.4) - https:\/\/yoast.com\/product\/yoast-seo-premium-wordpress\/ -->\n<title>Atlas environnemental de l&#039;Am\u00e9rique du Nord - CCE<\/title>\n<meta name=\"description\" content=\"L\u2019Atlas environnemental de l\u2019Am\u00e9rique du Nord combine des donn\u00e9es g\u00e9ospatiales harmonis\u00e9es du Canada, du Mexique et des \u00c9tats-Unis.\" \/>\n<meta name=\"robots\" content=\"index, follow, max-snippet:-1, max-image-preview:large, max-video-preview:-1\" \/>\n<link rel=\"canonical\" href=\"https:\/\/www.cec.org\/fr\/atlas-environnemental-de-lamerique-du-nord\/\" \/>\n<meta property=\"og:locale\" content=\"fr_FR\" \/>\n<meta property=\"og:type\" content=\"article\" \/>\n<meta property=\"og:title\" content=\"Atlas environnemental de l&#039;Am\u00e9rique du Nord\" \/>\n<meta property=\"og:url\" content=\"https:\/\/www.cec.org\/fr\/atlas-environnemental-de-lamerique-du-nord\/\" \/>\n<meta property=\"og:site_name\" content=\"Commission de coop\u00e9ration environnementale\" \/>\n<meta property=\"article:publisher\" content=\"https:\/\/www.facebook.com\/CECconnect\" \/>\n<meta property=\"article:modified_time\" content=\"2025-10-17T16:54:43+00:00\" \/>\n<meta property=\"og:image\" content=\"https:\/\/www.cec.org\/wp-content\/uploads\/AtlasMap-sq.png\" \/>\n\t<meta property=\"og:image:width\" content=\"900\" \/>\n\t<meta property=\"og:image:height\" content=\"960\" \/>\n\t<meta property=\"og:image:type\" content=\"image\/png\" \/>\n<meta name=\"twitter:card\" content=\"summary_large_image\" \/>\n<meta name=\"twitter:site\" content=\"@CECweb\" \/>\n<script type=\"application\/ld+json\" class=\"yoast-schema-graph\">{\"@context\":\"https:\\\/\\\/schema.org\",\"@graph\":[{\"@type\":\"WebPage\",\"@id\":\"https:\\\/\\\/www.cec.org\\\/fr\\\/atlas-environnemental-de-lamerique-du-nord\\\/\",\"url\":\"https:\\\/\\\/www.cec.org\\\/fr\\\/atlas-environnemental-de-lamerique-du-nord\\\/\",\"name\":\"Atlas environnemental de l'Am\u00e9rique du Nord - CCE\",\"isPartOf\":{\"@id\":\"https:\\\/\\\/www.cec.org\\\/fr\\\/#website\"},\"primaryImageOfPage\":{\"@id\":\"https:\\\/\\\/www.cec.org\\\/fr\\\/atlas-environnemental-de-lamerique-du-nord\\\/#primaryimage\"},\"image\":{\"@id\":\"https:\\\/\\\/www.cec.org\\\/fr\\\/atlas-environnemental-de-lamerique-du-nord\\\/#primaryimage\"},\"thumbnailUrl\":\"https:\\\/\\\/www.cec.org\\\/wp-content\\\/uploads\\\/AtlasMap-sq.png\",\"datePublished\":\"2019-11-20T17:34:36+00:00\",\"dateModified\":\"2025-10-17T16:54:43+00:00\",\"description\":\"L\u2019Atlas environnemental de l\u2019Am\u00e9rique du Nord combine des donn\u00e9es g\u00e9ospatiales harmonis\u00e9es du Canada, du Mexique et des \u00c9tats-Unis.\",\"breadcrumb\":{\"@id\":\"https:\\\/\\\/www.cec.org\\\/fr\\\/atlas-environnemental-de-lamerique-du-nord\\\/#breadcrumb\"},\"inLanguage\":\"fr-FR\",\"potentialAction\":[{\"@type\":\"ReadAction\",\"target\":[\"https:\\\/\\\/www.cec.org\\\/fr\\\/atlas-environnemental-de-lamerique-du-nord\\\/\"]}]},{\"@type\":\"ImageObject\",\"inLanguage\":\"fr-FR\",\"@id\":\"https:\\\/\\\/www.cec.org\\\/fr\\\/atlas-environnemental-de-lamerique-du-nord\\\/#primaryimage\",\"url\":\"https:\\\/\\\/www.cec.org\\\/wp-content\\\/uploads\\\/AtlasMap-sq.png\",\"contentUrl\":\"https:\\\/\\\/www.cec.org\\\/wp-content\\\/uploads\\\/AtlasMap-sq.png\",\"width\":900,\"height\":960,\"caption\":\"Atlas\"},{\"@type\":\"BreadcrumbList\",\"@id\":\"https:\\\/\\\/www.cec.org\\\/fr\\\/atlas-environnemental-de-lamerique-du-nord\\\/#breadcrumb\",\"itemListElement\":[{\"@type\":\"ListItem\",\"position\":1,\"name\":\"Accueil\",\"item\":\"https:\\\/\\\/www.cec.org\\\/fr\\\/\"},{\"@type\":\"ListItem\",\"position\":2,\"name\":\"Atlas environnemental de l&#8217;Am\u00e9rique du Nord\"}]},{\"@type\":\"WebSite\",\"@id\":\"https:\\\/\\\/www.cec.org\\\/fr\\\/#website\",\"url\":\"https:\\\/\\\/www.cec.org\\\/fr\\\/\",\"name\":\"Commission for Environmental Cooperation\",\"description\":\"Three countries working together to protect our shared environment\",\"alternateName\":\"CEC - CCA -CCE\",\"potentialAction\":[{\"@type\":\"SearchAction\",\"target\":{\"@type\":\"EntryPoint\",\"urlTemplate\":\"https:\\\/\\\/www.cec.org\\\/fr\\\/?s={search_term_string}\"},\"query-input\":{\"@type\":\"PropertyValueSpecification\",\"valueRequired\":true,\"valueName\":\"search_term_string\"}}],\"inLanguage\":\"fr-FR\"}]}<\/script>\n<!-- \/ Yoast SEO Premium plugin. -->","yoast_head_json":{"title":"Atlas environnemental de l'Am\u00e9rique du Nord - CCE","description":"L\u2019Atlas environnemental de l\u2019Am\u00e9rique du Nord combine des donn\u00e9es g\u00e9ospatiales harmonis\u00e9es du Canada, du Mexique et des \u00c9tats-Unis.","robots":{"index":"index","follow":"follow","max-snippet":"max-snippet:-1","max-image-preview":"max-image-preview:large","max-video-preview":"max-video-preview:-1"},"canonical":"https:\/\/www.cec.org\/fr\/atlas-environnemental-de-lamerique-du-nord\/","og_locale":"fr_FR","og_type":"article","og_title":"Atlas environnemental de l'Am\u00e9rique du Nord","og_url":"https:\/\/www.cec.org\/fr\/atlas-environnemental-de-lamerique-du-nord\/","og_site_name":"Commission de coop\u00e9ration environnementale","article_publisher":"https:\/\/www.facebook.com\/CECconnect","article_modified_time":"2025-10-17T16:54:43+00:00","og_image":[{"width":900,"height":960,"url":"https:\/\/www.cec.org\/wp-content\/uploads\/AtlasMap-sq.png","type":"image\/png"}],"twitter_card":"summary_large_image","twitter_site":"@CECweb","schema":{"@context":"https:\/\/schema.org","@graph":[{"@type":"WebPage","@id":"https:\/\/www.cec.org\/fr\/atlas-environnemental-de-lamerique-du-nord\/","url":"https:\/\/www.cec.org\/fr\/atlas-environnemental-de-lamerique-du-nord\/","name":"Atlas environnemental de l'Am\u00e9rique du Nord - CCE","isPartOf":{"@id":"https:\/\/www.cec.org\/fr\/#website"},"primaryImageOfPage":{"@id":"https:\/\/www.cec.org\/fr\/atlas-environnemental-de-lamerique-du-nord\/#primaryimage"},"image":{"@id":"https:\/\/www.cec.org\/fr\/atlas-environnemental-de-lamerique-du-nord\/#primaryimage"},"thumbnailUrl":"https:\/\/www.cec.org\/wp-content\/uploads\/AtlasMap-sq.png","datePublished":"2019-11-20T17:34:36+00:00","dateModified":"2025-10-17T16:54:43+00:00","description":"L\u2019Atlas environnemental de l\u2019Am\u00e9rique du Nord combine des donn\u00e9es g\u00e9ospatiales harmonis\u00e9es du Canada, du Mexique et des \u00c9tats-Unis.","breadcrumb":{"@id":"https:\/\/www.cec.org\/fr\/atlas-environnemental-de-lamerique-du-nord\/#breadcrumb"},"inLanguage":"fr-FR","potentialAction":[{"@type":"ReadAction","target":["https:\/\/www.cec.org\/fr\/atlas-environnemental-de-lamerique-du-nord\/"]}]},{"@type":"ImageObject","inLanguage":"fr-FR","@id":"https:\/\/www.cec.org\/fr\/atlas-environnemental-de-lamerique-du-nord\/#primaryimage","url":"https:\/\/www.cec.org\/wp-content\/uploads\/AtlasMap-sq.png","contentUrl":"https:\/\/www.cec.org\/wp-content\/uploads\/AtlasMap-sq.png","width":900,"height":960,"caption":"Atlas"},{"@type":"BreadcrumbList","@id":"https:\/\/www.cec.org\/fr\/atlas-environnemental-de-lamerique-du-nord\/#breadcrumb","itemListElement":[{"@type":"ListItem","position":1,"name":"Accueil","item":"https:\/\/www.cec.org\/fr\/"},{"@type":"ListItem","position":2,"name":"Atlas environnemental de l&#8217;Am\u00e9rique du Nord"}]},{"@type":"WebSite","@id":"https:\/\/www.cec.org\/fr\/#website","url":"https:\/\/www.cec.org\/fr\/","name":"Commission for Environmental Cooperation","description":"Three countries working together to protect our shared environment","alternateName":"CEC - CCA -CCE","potentialAction":[{"@type":"SearchAction","target":{"@type":"EntryPoint","urlTemplate":"https:\/\/www.cec.org\/fr\/?s={search_term_string}"},"query-input":{"@type":"PropertyValueSpecification","valueRequired":true,"valueName":"search_term_string"}}],"inLanguage":"fr-FR"}]}},"_links":{"self":[{"href":"https:\/\/www.cec.org\/fr\/wp-json\/wp\/v2\/pages\/28900","targetHints":{"allow":["GET"]}}],"collection":[{"href":"https:\/\/www.cec.org\/fr\/wp-json\/wp\/v2\/pages"}],"about":[{"href":"https:\/\/www.cec.org\/fr\/wp-json\/wp\/v2\/types\/page"}],"author":[{"embeddable":true,"href":"https:\/\/www.cec.org\/fr\/wp-json\/wp\/v2\/users\/1"}],"replies":[{"embeddable":true,"href":"https:\/\/www.cec.org\/fr\/wp-json\/wp\/v2\/comments?post=28900"}],"version-history":[{"count":1,"href":"https:\/\/www.cec.org\/fr\/wp-json\/wp\/v2\/pages\/28900\/revisions"}],"predecessor-version":[{"id":36381,"href":"https:\/\/www.cec.org\/fr\/wp-json\/wp\/v2\/pages\/28900\/revisions\/36381"}],"wp:featuredmedia":[{"embeddable":true,"href":"https:\/\/www.cec.org\/fr\/wp-json\/wp\/v2\/media\/53880"}],"wp:attachment":[{"href":"https:\/\/www.cec.org\/fr\/wp-json\/wp\/v2\/media?parent=28900"}],"curies":[{"name":"wp","href":"https:\/\/api.w.org\/{rel}","templated":true}]}}