{"id":28891,"date":"2019-11-29T15:33:01","date_gmt":"2019-11-29T20:33:01","guid":{"rendered":"http:\/\/www.cec.org\/registre-des-communications\/"},"modified":"2024-07-11T13:34:42","modified_gmt":"2024-07-11T17:34:42","slug":"registre-des-communications","status":"publish","type":"page","link":"https:\/\/www.cec.org\/fr\/communications\/registre-des-communications\/","title":{"rendered":"Registre des communications"},"content":{"rendered":"<p>Il est possible de faire le suivi d'une communication sur les questions d'application et d'obtenir de l'information \u00e0 son sujet en consultant le Registre des communications. La Commission utilise \u00e9galement un outil de suivi de la conformit\u00e9 pour informer le public de l'\u00e9ch\u00e9ancier du processus de communications.<\/p>\n","protected":false},"excerpt":{"rendered":"<p>Il est possible de faire le suivi d&rsquo;une communication sur les questions d&rsquo;application et d&rsquo;obtenir de l&rsquo;information \u00e0 son sujet en consultant le Registre des communications. La Commission utilise \u00e9galement un outil de suivi de la conformit\u00e9 pour informer le public de l&rsquo;\u00e9ch\u00e9ancier du processus de communications.<\/p>\n","protected":false},"author":1,"featured_media":0,"parent":28896,"menu_order":0,"comment_status":"closed","ping_status":"closed","template":"page-registry-of-submissions.php","meta":{"_acf_changed":false,"footnotes":""},"class_list":["post-28891","page","type-page","status-publish","hentry"],"acf":[],"yoast_head":"<!-- This site is optimized with the Yoast SEO Premium plugin v27.4 (Yoast SEO v27.4) - https:\/\/yoast.com\/product\/yoast-seo-premium-wordpress\/ -->\n<title>Registre des communications - CCE<\/title>\n<meta name=\"description\" content=\"Il est possible de faire le suivi d&#039;une communication sur les questions d&#039;application et d&#039;obtenir de l&#039;information \u00e0 son sujet en consultant le Registre des communications.\" \/>\n<meta name=\"robots\" content=\"index, follow, max-snippet:-1, max-image-preview:large, max-video-preview:-1\" \/>\n<link rel=\"canonical\" href=\"https:\/\/www.cec.org\/fr\/communications\/registre-des-communications\/\" \/>\n<meta property=\"og:locale\" content=\"fr_FR\" \/>\n<meta property=\"og:type\" content=\"article\" \/>\n<meta property=\"og:title\" content=\"Registre des communications\" \/>\n<meta property=\"og:description\" content=\"Il est possible de faire le suivi d&#039;une communication sur les questions d&#039;application et d&#039;obtenir de l&#039;information \u00e0 son sujet en consultant le Registre\" \/>\n<meta property=\"og:url\" content=\"https:\/\/www.cec.org\/fr\/communications\/registre-des-communications\/\" \/>\n<meta property=\"og:site_name\" content=\"Commission de coop\u00e9ration environnementale\" \/>\n<meta property=\"article:publisher\" content=\"https:\/\/www.facebook.com\/CECconnect\" \/>\n<meta property=\"article:modified_time\" content=\"2024-07-11T17:34:42+00:00\" \/>\n<meta property=\"og:image\" content=\"https:\/\/www.cec.org\/wp-content\/uploads\/cec-cover2023.webp\" \/>\n\t<meta property=\"og:image:width\" content=\"1200\" \/>\n\t<meta property=\"og:image:height\" content=\"630\" \/>\n\t<meta property=\"og:image:type\" content=\"image\/webp\" \/>\n<meta name=\"twitter:card\" content=\"summary_large_image\" \/>\n<meta name=\"twitter:site\" content=\"@CECweb\" \/>\n<script type=\"application\/ld+json\" class=\"yoast-schema-graph\">{\"@context\":\"https:\\\/\\\/schema.org\",\"@graph\":[{\"@type\":\"WebPage\",\"@id\":\"https:\\\/\\\/www.cec.org\\\/fr\\\/communications\\\/registre-des-communications\\\/\",\"url\":\"https:\\\/\\\/www.cec.org\\\/fr\\\/communications\\\/registre-des-communications\\\/\",\"name\":\"Registre des communications - CCE\",\"isPartOf\":{\"@id\":\"https:\\\/\\\/www.cec.org\\\/fr\\\/#website\"},\"datePublished\":\"2019-11-29T20:33:01+00:00\",\"dateModified\":\"2024-07-11T17:34:42+00:00\",\"description\":\"Il est possible de faire le suivi d'une communication sur les questions d'application et d'obtenir de l'information \u00e0 son sujet en consultant le Registre des communications.\",\"breadcrumb\":{\"@id\":\"https:\\\/\\\/www.cec.org\\\/fr\\\/communications\\\/registre-des-communications\\\/#breadcrumb\"},\"inLanguage\":\"fr-FR\",\"potentialAction\":[{\"@type\":\"ReadAction\",\"target\":[\"https:\\\/\\\/www.cec.org\\\/fr\\\/communications\\\/registre-des-communications\\\/\"]}]},{\"@type\":\"BreadcrumbList\",\"@id\":\"https:\\\/\\\/www.cec.org\\\/fr\\\/communications\\\/registre-des-communications\\\/#breadcrumb\",\"itemListElement\":[{\"@type\":\"ListItem\",\"position\":1,\"name\":\"Accueil\",\"item\":\"https:\\\/\\\/www.cec.org\\\/fr\\\/\"},{\"@type\":\"ListItem\",\"position\":2,\"name\":\"Communications sur les questions d&rsquo;application\",\"item\":\"https:\\\/\\\/www.cec.org\\\/fr\\\/communications\\\/\"},{\"@type\":\"ListItem\",\"position\":3,\"name\":\"Registre des communications\"}]},{\"@type\":\"WebSite\",\"@id\":\"https:\\\/\\\/www.cec.org\\\/fr\\\/#website\",\"url\":\"https:\\\/\\\/www.cec.org\\\/fr\\\/\",\"name\":\"Commission for Environmental Cooperation\",\"description\":\"Three countries working together to protect our shared environment\",\"alternateName\":\"CEC - CCA -CCE\",\"potentialAction\":[{\"@type\":\"SearchAction\",\"target\":{\"@type\":\"EntryPoint\",\"urlTemplate\":\"https:\\\/\\\/www.cec.org\\\/fr\\\/?s={search_term_string}\"},\"query-input\":{\"@type\":\"PropertyValueSpecification\",\"valueRequired\":true,\"valueName\":\"search_term_string\"}}],\"inLanguage\":\"fr-FR\"}]}<\/script>\n<!-- \/ Yoast SEO Premium plugin. -->","yoast_head_json":{"title":"Registre des communications - CCE","description":"Il est possible de faire le suivi d'une communication sur les questions d'application et d'obtenir de l'information \u00e0 son sujet en consultant le Registre des communications.","robots":{"index":"index","follow":"follow","max-snippet":"max-snippet:-1","max-image-preview":"max-image-preview:large","max-video-preview":"max-video-preview:-1"},"canonical":"https:\/\/www.cec.org\/fr\/communications\/registre-des-communications\/","og_locale":"fr_FR","og_type":"article","og_title":"Registre des communications","og_description":"Il est possible de faire le suivi d'une communication sur les questions d'application et d'obtenir de l'information \u00e0 son sujet en consultant le Registre","og_url":"https:\/\/www.cec.org\/fr\/communications\/registre-des-communications\/","og_site_name":"Commission de coop\u00e9ration environnementale","article_publisher":"https:\/\/www.facebook.com\/CECconnect","article_modified_time":"2024-07-11T17:34:42+00:00","og_image":[{"width":1200,"height":630,"url":"https:\/\/www.cec.org\/wp-content\/uploads\/cec-cover2023.webp","type":"image\/webp"}],"twitter_card":"summary_large_image","twitter_site":"@CECweb","schema":{"@context":"https:\/\/schema.org","@graph":[{"@type":"WebPage","@id":"https:\/\/www.cec.org\/fr\/communications\/registre-des-communications\/","url":"https:\/\/www.cec.org\/fr\/communications\/registre-des-communications\/","name":"Registre des communications - CCE","isPartOf":{"@id":"https:\/\/www.cec.org\/fr\/#website"},"datePublished":"2019-11-29T20:33:01+00:00","dateModified":"2024-07-11T17:34:42+00:00","description":"Il est possible de faire le suivi d'une communication sur les questions d'application et d'obtenir de l'information \u00e0 son sujet en consultant le Registre des communications.","breadcrumb":{"@id":"https:\/\/www.cec.org\/fr\/communications\/registre-des-communications\/#breadcrumb"},"inLanguage":"fr-FR","potentialAction":[{"@type":"ReadAction","target":["https:\/\/www.cec.org\/fr\/communications\/registre-des-communications\/"]}]},{"@type":"BreadcrumbList","@id":"https:\/\/www.cec.org\/fr\/communications\/registre-des-communications\/#breadcrumb","itemListElement":[{"@type":"ListItem","position":1,"name":"Accueil","item":"https:\/\/www.cec.org\/fr\/"},{"@type":"ListItem","position":2,"name":"Communications sur les questions d&rsquo;application","item":"https:\/\/www.cec.org\/fr\/communications\/"},{"@type":"ListItem","position":3,"name":"Registre des communications"}]},{"@type":"WebSite","@id":"https:\/\/www.cec.org\/fr\/#website","url":"https:\/\/www.cec.org\/fr\/","name":"Commission for Environmental Cooperation","description":"Three countries working together to protect our shared environment","alternateName":"CEC - CCA -CCE","potentialAction":[{"@type":"SearchAction","target":{"@type":"EntryPoint","urlTemplate":"https:\/\/www.cec.org\/fr\/?s={search_term_string}"},"query-input":{"@type":"PropertyValueSpecification","valueRequired":true,"valueName":"search_term_string"}}],"inLanguage":"fr-FR"}]}},"_links":{"self":[{"href":"https:\/\/www.cec.org\/fr\/wp-json\/wp\/v2\/pages\/28891","targetHints":{"allow":["GET"]}}],"collection":[{"href":"https:\/\/www.cec.org\/fr\/wp-json\/wp\/v2\/pages"}],"about":[{"href":"https:\/\/www.cec.org\/fr\/wp-json\/wp\/v2\/types\/page"}],"author":[{"embeddable":true,"href":"https:\/\/www.cec.org\/fr\/wp-json\/wp\/v2\/users\/1"}],"replies":[{"embeddable":true,"href":"https:\/\/www.cec.org\/fr\/wp-json\/wp\/v2\/comments?post=28891"}],"version-history":[{"count":1,"href":"https:\/\/www.cec.org\/fr\/wp-json\/wp\/v2\/pages\/28891\/revisions"}],"predecessor-version":[{"id":43878,"href":"https:\/\/www.cec.org\/fr\/wp-json\/wp\/v2\/pages\/28891\/revisions\/43878"}],"up":[{"embeddable":true,"href":"https:\/\/www.cec.org\/fr\/wp-json\/wp\/v2\/pages\/28896"}],"wp:attachment":[{"href":"https:\/\/www.cec.org\/fr\/wp-json\/wp\/v2\/media?parent=28891"}],"curies":[{"name":"wp","href":"https:\/\/api.w.org\/{rel}","templated":true}]}}