{"id":28887,"date":"2020-02-18T16:28:34","date_gmt":"2020-02-18T21:28:34","guid":{"rendered":"http:\/\/www.cec.org\/outil-de-suivi-de-conformite-des-communications\/"},"modified":"2024-07-11T13:34:41","modified_gmt":"2024-07-11T17:34:41","slug":"outil-de-suivi-de-conformite-des-communications","status":"publish","type":"page","link":"https:\/\/www.cec.org\/fr\/communications\/outil-de-suivi-de-conformite-des-communications\/","title":{"rendered":"Outil de suivi de conformit\u00e9 des communications"},"content":{"rendered":"<p>Cet outil vise \u00e0 offrir au public une ressource permettant de faire le suivi de la conformit\u00e9 avec les d\u00e9lais du processus de communication sur les questions d'application (SEM selon son acronyme anglais), \u00e9tablis en vertu de l\u2019<a href=\"\/fr\/qui-sommes-nous\/accord-nord-americain-de-cooperation-dans-le-domaine-de-lenvironnement\/\" target=\"_blank\" rel=\"noopener noreferrer\">\u00a0Accord nord-am\u00e9ricain de coop\u00e9ration dans le domaine de l\u2019environnement<\/a>\u00a0et des\u00a0<a href=\"http:\/\/www3.cec.org\/islandora\/fr\/item\/10838-guidelines-submissions-enforcement-matters-under-articles-14-and-15-north\" target=\"_blank\" rel=\"noopener noreferrer\">Lignes directrices relatives aux communications sur les questions d\u2019application<\/a> et les articles 24.27 et 24.28 du chapitre de l\u2019Accord Canada-\u00c9tats-Unis-Mexique ( l\u2019ACEUM) intitul\u00e9 Environnement.<\/p>\n","protected":false},"excerpt":{"rendered":"<p>Cet outil vise \u00e0 offrir au public une ressource permettant de faire le suivi de la conformit\u00e9 avec les d\u00e9lais du processus de communication sur les questions d&rsquo;application (SEM selon son acronyme anglais), \u00e9tablis en vertu de l\u2019\u00a0Accord nord-am\u00e9ricain de coop\u00e9ration dans le domaine de l\u2019environnement\u00a0et des\u00a0Lignes directrices relatives aux communications sur les questions d\u2019application [&hellip;]<\/p>\n","protected":false},"author":1,"featured_media":0,"parent":28896,"menu_order":0,"comment_status":"closed","ping_status":"closed","template":"page-sem-tracker.php","meta":{"_acf_changed":false,"footnotes":""},"class_list":["post-28887","page","type-page","status-publish","hentry"],"acf":[],"yoast_head":"<!-- This site is optimized with the Yoast SEO Premium plugin v27.0 (Yoast SEO v27.0) - https:\/\/yoast.com\/product\/yoast-seo-premium-wordpress\/ -->\n<title>Outil de suivi de conformit\u00e9 des communications<\/title>\n<meta name=\"description\" content=\"Cet outil vise \u00e0 offrir au public une ressource permettant de faire le suivi de la conformit\u00e9 avec les d\u00e9lais du processus de communication sur les questions d&#039;application...\" \/>\n<meta name=\"robots\" content=\"index, follow, max-snippet:-1, max-image-preview:large, max-video-preview:-1\" \/>\n<link rel=\"canonical\" href=\"https:\/\/www.cec.org\/fr\/communications\/outil-de-suivi-de-conformite-des-communications\/\" \/>\n<meta property=\"og:locale\" content=\"fr_FR\" \/>\n<meta property=\"og:type\" content=\"article\" \/>\n<meta property=\"og:title\" content=\"Outil de suivi de conformit\u00e9 des communications\" \/>\n<meta property=\"og:description\" content=\"Cet outil vise \u00e0 offrir au public une ressource permettant de faire le suivi de la conformit\u00e9 avec les d\u00e9lais du processus de communication sur les\" \/>\n<meta property=\"og:url\" content=\"https:\/\/www.cec.org\/fr\/communications\/outil-de-suivi-de-conformite-des-communications\/\" \/>\n<meta property=\"og:site_name\" content=\"Commission de coop\u00e9ration environnementale\" \/>\n<meta property=\"article:publisher\" content=\"https:\/\/www.facebook.com\/CECconnect\" \/>\n<meta property=\"article:modified_time\" content=\"2024-07-11T17:34:41+00:00\" \/>\n<meta property=\"og:image\" content=\"https:\/\/www.cec.org\/wp-content\/uploads\/cec-cover2023.webp\" \/>\n\t<meta property=\"og:image:width\" content=\"1200\" \/>\n\t<meta property=\"og:image:height\" content=\"630\" \/>\n\t<meta property=\"og:image:type\" content=\"image\/webp\" \/>\n<meta name=\"twitter:card\" content=\"summary_large_image\" \/>\n<meta name=\"twitter:site\" content=\"@CECweb\" \/>\n<script type=\"application\/ld+json\" class=\"yoast-schema-graph\">{\"@context\":\"https:\/\/schema.org\",\"@graph\":[{\"@type\":\"WebPage\",\"@id\":\"https:\/\/www.cec.org\/fr\/communications\/outil-de-suivi-de-conformite-des-communications\/\",\"url\":\"https:\/\/www.cec.org\/fr\/communications\/outil-de-suivi-de-conformite-des-communications\/\",\"name\":\"Outil de suivi de conformit\u00e9 des communications\",\"isPartOf\":{\"@id\":\"https:\/\/www.cec.org\/fr\/#website\"},\"datePublished\":\"2020-02-18T21:28:34+00:00\",\"dateModified\":\"2024-07-11T17:34:41+00:00\",\"description\":\"Cet outil vise \u00e0 offrir au public une ressource permettant de faire le suivi de la conformit\u00e9 avec les d\u00e9lais du processus de communication sur les questions d'application...\",\"breadcrumb\":{\"@id\":\"https:\/\/www.cec.org\/fr\/communications\/outil-de-suivi-de-conformite-des-communications\/#breadcrumb\"},\"inLanguage\":\"fr-FR\",\"potentialAction\":[{\"@type\":\"ReadAction\",\"target\":[\"https:\/\/www.cec.org\/fr\/communications\/outil-de-suivi-de-conformite-des-communications\/\"]}]},{\"@type\":\"BreadcrumbList\",\"@id\":\"https:\/\/www.cec.org\/fr\/communications\/outil-de-suivi-de-conformite-des-communications\/#breadcrumb\",\"itemListElement\":[{\"@type\":\"ListItem\",\"position\":1,\"name\":\"Accueil\",\"item\":\"https:\/\/www.cec.org\/fr\/\"},{\"@type\":\"ListItem\",\"position\":2,\"name\":\"Communications sur les questions d&rsquo;application\",\"item\":\"https:\/\/www.cec.org\/fr\/communications\/\"},{\"@type\":\"ListItem\",\"position\":3,\"name\":\"Outil de suivi de conformit\u00e9 des communications\"}]},{\"@type\":\"WebSite\",\"@id\":\"https:\/\/www.cec.org\/fr\/#website\",\"url\":\"https:\/\/www.cec.org\/fr\/\",\"name\":\"Commission for Environmental Cooperation\",\"description\":\"Three countries working together to protect our shared environment\",\"alternateName\":\"CEC - CCA -CCE\",\"potentialAction\":[{\"@type\":\"SearchAction\",\"target\":{\"@type\":\"EntryPoint\",\"urlTemplate\":\"https:\/\/www.cec.org\/fr\/?s={search_term_string}\"},\"query-input\":{\"@type\":\"PropertyValueSpecification\",\"valueRequired\":true,\"valueName\":\"search_term_string\"}}],\"inLanguage\":\"fr-FR\"}]}<\/script>\n<!-- \/ Yoast SEO Premium plugin. -->","yoast_head_json":{"title":"Outil de suivi de conformit\u00e9 des communications","description":"Cet outil vise \u00e0 offrir au public une ressource permettant de faire le suivi de la conformit\u00e9 avec les d\u00e9lais du processus de communication sur les questions d'application...","robots":{"index":"index","follow":"follow","max-snippet":"max-snippet:-1","max-image-preview":"max-image-preview:large","max-video-preview":"max-video-preview:-1"},"canonical":"https:\/\/www.cec.org\/fr\/communications\/outil-de-suivi-de-conformite-des-communications\/","og_locale":"fr_FR","og_type":"article","og_title":"Outil de suivi de conformit\u00e9 des communications","og_description":"Cet outil vise \u00e0 offrir au public une ressource permettant de faire le suivi de la conformit\u00e9 avec les d\u00e9lais du processus de communication sur les","og_url":"https:\/\/www.cec.org\/fr\/communications\/outil-de-suivi-de-conformite-des-communications\/","og_site_name":"Commission de coop\u00e9ration environnementale","article_publisher":"https:\/\/www.facebook.com\/CECconnect","article_modified_time":"2024-07-11T17:34:41+00:00","og_image":[{"width":1200,"height":630,"url":"https:\/\/www.cec.org\/wp-content\/uploads\/cec-cover2023.webp","type":"image\/webp"}],"twitter_card":"summary_large_image","twitter_site":"@CECweb","schema":{"@context":"https:\/\/schema.org","@graph":[{"@type":"WebPage","@id":"https:\/\/www.cec.org\/fr\/communications\/outil-de-suivi-de-conformite-des-communications\/","url":"https:\/\/www.cec.org\/fr\/communications\/outil-de-suivi-de-conformite-des-communications\/","name":"Outil de suivi de conformit\u00e9 des communications","isPartOf":{"@id":"https:\/\/www.cec.org\/fr\/#website"},"datePublished":"2020-02-18T21:28:34+00:00","dateModified":"2024-07-11T17:34:41+00:00","description":"Cet outil vise \u00e0 offrir au public une ressource permettant de faire le suivi de la conformit\u00e9 avec les d\u00e9lais du processus de communication sur les questions d'application...","breadcrumb":{"@id":"https:\/\/www.cec.org\/fr\/communications\/outil-de-suivi-de-conformite-des-communications\/#breadcrumb"},"inLanguage":"fr-FR","potentialAction":[{"@type":"ReadAction","target":["https:\/\/www.cec.org\/fr\/communications\/outil-de-suivi-de-conformite-des-communications\/"]}]},{"@type":"BreadcrumbList","@id":"https:\/\/www.cec.org\/fr\/communications\/outil-de-suivi-de-conformite-des-communications\/#breadcrumb","itemListElement":[{"@type":"ListItem","position":1,"name":"Accueil","item":"https:\/\/www.cec.org\/fr\/"},{"@type":"ListItem","position":2,"name":"Communications sur les questions d&rsquo;application","item":"https:\/\/www.cec.org\/fr\/communications\/"},{"@type":"ListItem","position":3,"name":"Outil de suivi de conformit\u00e9 des communications"}]},{"@type":"WebSite","@id":"https:\/\/www.cec.org\/fr\/#website","url":"https:\/\/www.cec.org\/fr\/","name":"Commission for Environmental Cooperation","description":"Three countries working together to protect our shared environment","alternateName":"CEC - CCA -CCE","potentialAction":[{"@type":"SearchAction","target":{"@type":"EntryPoint","urlTemplate":"https:\/\/www.cec.org\/fr\/?s={search_term_string}"},"query-input":{"@type":"PropertyValueSpecification","valueRequired":true,"valueName":"search_term_string"}}],"inLanguage":"fr-FR"}]}},"_links":{"self":[{"href":"https:\/\/www.cec.org\/fr\/wp-json\/wp\/v2\/pages\/28887","targetHints":{"allow":["GET"]}}],"collection":[{"href":"https:\/\/www.cec.org\/fr\/wp-json\/wp\/v2\/pages"}],"about":[{"href":"https:\/\/www.cec.org\/fr\/wp-json\/wp\/v2\/types\/page"}],"author":[{"embeddable":true,"href":"https:\/\/www.cec.org\/fr\/wp-json\/wp\/v2\/users\/1"}],"replies":[{"embeddable":true,"href":"https:\/\/www.cec.org\/fr\/wp-json\/wp\/v2\/comments?post=28887"}],"version-history":[{"count":2,"href":"https:\/\/www.cec.org\/fr\/wp-json\/wp\/v2\/pages\/28887\/revisions"}],"predecessor-version":[{"id":51164,"href":"https:\/\/www.cec.org\/fr\/wp-json\/wp\/v2\/pages\/28887\/revisions\/51164"}],"up":[{"embeddable":true,"href":"https:\/\/www.cec.org\/fr\/wp-json\/wp\/v2\/pages\/28896"}],"wp:attachment":[{"href":"https:\/\/www.cec.org\/fr\/wp-json\/wp\/v2\/media?parent=28887"}],"curies":[{"name":"wp","href":"https:\/\/api.w.org\/{rel}","templated":true}]}}