{"id":28878,"date":"2019-08-21T14:31:03","date_gmt":"2019-08-21T18:31:03","guid":{"rendered":"http:\/\/www.cec.org\/politique-de-chainage\/"},"modified":"2024-07-11T13:35:02","modified_gmt":"2024-07-11T17:35:02","slug":"politique-de-chainage","status":"publish","type":"page","link":"https:\/\/www.cec.org\/fr\/politique-de-chainage\/","title":{"rendered":"Politique de cha\u00eenage"},"content":{"rendered":"&#13;\n<p>La CCE n'\u00e9tablit des liens qu'aupr\u00e8s des organismes avec lesquels elle a \u00e9tabli des relations de confiance.<\/p>&#13;\n&#13;\n<p>La CCE n'est pas responsable du contenu de tout site li\u00e9 ou de tout lien contenant un site li\u00e9 ou de toute modification ou mise \u00e0 jour apport\u00e9e \u00e0 ces sites. L'inclusion de tout lien n'implique en aucune fa\u00e7on l'approbation du site par la CCE ou les Parties, ou de l'information et des services fournis par ce site. La CCE ne peut garantir la confidentialit\u00e9 et la s\u00e9curit\u00e9 des informations que vous fournissez aux sites li\u00e9s.<\/p>&#13;\n","protected":false},"excerpt":{"rendered":"<p>&#13; La CCE n&rsquo;\u00e9tablit des liens qu&rsquo;aupr\u00e8s des organismes avec lesquels elle a \u00e9tabli des relations de confiance. &#13; &#13; La CCE n&rsquo;est pas responsable du contenu de tout site li\u00e9 ou de tout lien contenant un site li\u00e9 ou de toute modification ou mise \u00e0 jour apport\u00e9e \u00e0 ces sites. L&rsquo;inclusion de tout lien [&hellip;]<\/p>\n","protected":false},"author":1,"featured_media":52762,"parent":0,"menu_order":0,"comment_status":"closed","ping_status":"closed","template":"","meta":{"_acf_changed":false,"footnotes":""},"class_list":["post-28878","page","type-page","status-publish","has-post-thumbnail","hentry"],"acf":[],"yoast_head":"<!-- This site is optimized with the Yoast SEO Premium plugin v27.4 (Yoast SEO v27.4) - https:\/\/yoast.com\/product\/yoast-seo-premium-wordpress\/ -->\n<title>Politique de cha\u00eenage<\/title>\n<meta name=\"description\" content=\"&#013; La CCE n&#039;\u00e9tablit des liens qu&#039;aupr\u00e8s des organismes avec lesquels elle a \u00e9tabli des relations de confiance.&#013; &#013; La CCE n&#039;est pas responsable\" \/>\n<meta name=\"robots\" content=\"index, follow, max-snippet:-1, max-image-preview:large, max-video-preview:-1\" \/>\n<link rel=\"canonical\" href=\"https:\/\/www.cec.org\/fr\/politique-de-chainage\/\" \/>\n<meta property=\"og:locale\" content=\"fr_FR\" \/>\n<meta property=\"og:type\" content=\"article\" \/>\n<meta property=\"og:title\" content=\"Politique de cha\u00eenage\" \/>\n<meta property=\"og:description\" content=\"&#013; La CCE n&#039;\u00e9tablit des liens qu&#039;aupr\u00e8s des organismes avec lesquels elle a \u00e9tabli des relations de confiance.&#013; &#013; La CCE n&#039;est pas responsable\" \/>\n<meta property=\"og:url\" content=\"https:\/\/www.cec.org\/fr\/politique-de-chainage\/\" \/>\n<meta property=\"og:site_name\" content=\"Commission de coop\u00e9ration environnementale\" \/>\n<meta property=\"article:publisher\" content=\"https:\/\/www.facebook.com\/CECconnect\" \/>\n<meta property=\"article:modified_time\" content=\"2024-07-11T17:35:02+00:00\" \/>\n<meta property=\"og:image\" content=\"https:\/\/www.cec.org\/wp-content\/uploads\/cec-cover2023.webp\" \/>\n\t<meta property=\"og:image:width\" content=\"1200\" \/>\n\t<meta property=\"og:image:height\" content=\"630\" \/>\n\t<meta property=\"og:image:type\" content=\"image\/webp\" \/>\n<meta name=\"twitter:card\" content=\"summary_large_image\" \/>\n<meta name=\"twitter:site\" content=\"@CECweb\" \/>\n<script type=\"application\/ld+json\" class=\"yoast-schema-graph\">{\"@context\":\"https:\\\/\\\/schema.org\",\"@graph\":[{\"@type\":\"WebPage\",\"@id\":\"https:\\\/\\\/www.cec.org\\\/fr\\\/politique-de-chainage\\\/\",\"url\":\"https:\\\/\\\/www.cec.org\\\/fr\\\/politique-de-chainage\\\/\",\"name\":\"Politique de cha\u00eenage\",\"isPartOf\":{\"@id\":\"https:\\\/\\\/www.cec.org\\\/fr\\\/#website\"},\"primaryImageOfPage\":{\"@id\":\"https:\\\/\\\/www.cec.org\\\/fr\\\/politique-de-chainage\\\/#primaryimage\"},\"image\":{\"@id\":\"https:\\\/\\\/www.cec.org\\\/fr\\\/politique-de-chainage\\\/#primaryimage\"},\"thumbnailUrl\":\"https:\\\/\\\/www.cec.org\\\/wp-content\\\/uploads\\\/cec-cover2023.webp\",\"datePublished\":\"2019-08-21T18:31:03+00:00\",\"dateModified\":\"2024-07-11T17:35:02+00:00\",\"description\":\"&#13; La CCE n'\u00e9tablit des liens qu'aupr\u00e8s des organismes avec lesquels elle a \u00e9tabli des relations de confiance.&#13; &#13; La CCE n'est pas responsable\",\"breadcrumb\":{\"@id\":\"https:\\\/\\\/www.cec.org\\\/fr\\\/politique-de-chainage\\\/#breadcrumb\"},\"inLanguage\":\"fr-FR\",\"potentialAction\":[{\"@type\":\"ReadAction\",\"target\":[\"https:\\\/\\\/www.cec.org\\\/fr\\\/politique-de-chainage\\\/\"]}]},{\"@type\":\"ImageObject\",\"inLanguage\":\"fr-FR\",\"@id\":\"https:\\\/\\\/www.cec.org\\\/fr\\\/politique-de-chainage\\\/#primaryimage\",\"url\":\"https:\\\/\\\/www.cec.org\\\/wp-content\\\/uploads\\\/cec-cover2023.webp\",\"contentUrl\":\"https:\\\/\\\/www.cec.org\\\/wp-content\\\/uploads\\\/cec-cover2023.webp\",\"width\":1200,\"height\":630,\"caption\":\"cec cover 2023\"},{\"@type\":\"BreadcrumbList\",\"@id\":\"https:\\\/\\\/www.cec.org\\\/fr\\\/politique-de-chainage\\\/#breadcrumb\",\"itemListElement\":[{\"@type\":\"ListItem\",\"position\":1,\"name\":\"Accueil\",\"item\":\"https:\\\/\\\/www.cec.org\\\/fr\\\/\"},{\"@type\":\"ListItem\",\"position\":2,\"name\":\"Politique de cha\u00eenage\"}]},{\"@type\":\"WebSite\",\"@id\":\"https:\\\/\\\/www.cec.org\\\/fr\\\/#website\",\"url\":\"https:\\\/\\\/www.cec.org\\\/fr\\\/\",\"name\":\"Commission for Environmental Cooperation\",\"description\":\"Three countries working together to protect our shared environment\",\"alternateName\":\"CEC - CCA -CCE\",\"potentialAction\":[{\"@type\":\"SearchAction\",\"target\":{\"@type\":\"EntryPoint\",\"urlTemplate\":\"https:\\\/\\\/www.cec.org\\\/fr\\\/?s={search_term_string}\"},\"query-input\":{\"@type\":\"PropertyValueSpecification\",\"valueRequired\":true,\"valueName\":\"search_term_string\"}}],\"inLanguage\":\"fr-FR\"}]}<\/script>\n<!-- \/ Yoast SEO Premium plugin. -->","yoast_head_json":{"title":"Politique de cha\u00eenage","description":"&#13; La CCE n'\u00e9tablit des liens qu'aupr\u00e8s des organismes avec lesquels elle a \u00e9tabli des relations de confiance.&#13; &#13; La CCE n'est pas responsable","robots":{"index":"index","follow":"follow","max-snippet":"max-snippet:-1","max-image-preview":"max-image-preview:large","max-video-preview":"max-video-preview:-1"},"canonical":"https:\/\/www.cec.org\/fr\/politique-de-chainage\/","og_locale":"fr_FR","og_type":"article","og_title":"Politique de cha\u00eenage","og_description":"&#13; La CCE n'\u00e9tablit des liens qu'aupr\u00e8s des organismes avec lesquels elle a \u00e9tabli des relations de confiance.&#13; &#13; La CCE n'est pas responsable","og_url":"https:\/\/www.cec.org\/fr\/politique-de-chainage\/","og_site_name":"Commission de coop\u00e9ration environnementale","article_publisher":"https:\/\/www.facebook.com\/CECconnect","article_modified_time":"2024-07-11T17:35:02+00:00","og_image":[{"width":1200,"height":630,"url":"https:\/\/www.cec.org\/wp-content\/uploads\/cec-cover2023.webp","type":"image\/webp"}],"twitter_card":"summary_large_image","twitter_site":"@CECweb","schema":{"@context":"https:\/\/schema.org","@graph":[{"@type":"WebPage","@id":"https:\/\/www.cec.org\/fr\/politique-de-chainage\/","url":"https:\/\/www.cec.org\/fr\/politique-de-chainage\/","name":"Politique de cha\u00eenage","isPartOf":{"@id":"https:\/\/www.cec.org\/fr\/#website"},"primaryImageOfPage":{"@id":"https:\/\/www.cec.org\/fr\/politique-de-chainage\/#primaryimage"},"image":{"@id":"https:\/\/www.cec.org\/fr\/politique-de-chainage\/#primaryimage"},"thumbnailUrl":"https:\/\/www.cec.org\/wp-content\/uploads\/cec-cover2023.webp","datePublished":"2019-08-21T18:31:03+00:00","dateModified":"2024-07-11T17:35:02+00:00","description":"&#13; La CCE n'\u00e9tablit des liens qu'aupr\u00e8s des organismes avec lesquels elle a \u00e9tabli des relations de confiance.&#13; &#13; La CCE n'est pas responsable","breadcrumb":{"@id":"https:\/\/www.cec.org\/fr\/politique-de-chainage\/#breadcrumb"},"inLanguage":"fr-FR","potentialAction":[{"@type":"ReadAction","target":["https:\/\/www.cec.org\/fr\/politique-de-chainage\/"]}]},{"@type":"ImageObject","inLanguage":"fr-FR","@id":"https:\/\/www.cec.org\/fr\/politique-de-chainage\/#primaryimage","url":"https:\/\/www.cec.org\/wp-content\/uploads\/cec-cover2023.webp","contentUrl":"https:\/\/www.cec.org\/wp-content\/uploads\/cec-cover2023.webp","width":1200,"height":630,"caption":"cec cover 2023"},{"@type":"BreadcrumbList","@id":"https:\/\/www.cec.org\/fr\/politique-de-chainage\/#breadcrumb","itemListElement":[{"@type":"ListItem","position":1,"name":"Accueil","item":"https:\/\/www.cec.org\/fr\/"},{"@type":"ListItem","position":2,"name":"Politique de cha\u00eenage"}]},{"@type":"WebSite","@id":"https:\/\/www.cec.org\/fr\/#website","url":"https:\/\/www.cec.org\/fr\/","name":"Commission for Environmental Cooperation","description":"Three countries working together to protect our shared environment","alternateName":"CEC - CCA -CCE","potentialAction":[{"@type":"SearchAction","target":{"@type":"EntryPoint","urlTemplate":"https:\/\/www.cec.org\/fr\/?s={search_term_string}"},"query-input":{"@type":"PropertyValueSpecification","valueRequired":true,"valueName":"search_term_string"}}],"inLanguage":"fr-FR"}]}},"_links":{"self":[{"href":"https:\/\/www.cec.org\/fr\/wp-json\/wp\/v2\/pages\/28878","targetHints":{"allow":["GET"]}}],"collection":[{"href":"https:\/\/www.cec.org\/fr\/wp-json\/wp\/v2\/pages"}],"about":[{"href":"https:\/\/www.cec.org\/fr\/wp-json\/wp\/v2\/types\/page"}],"author":[{"embeddable":true,"href":"https:\/\/www.cec.org\/fr\/wp-json\/wp\/v2\/users\/1"}],"replies":[{"embeddable":true,"href":"https:\/\/www.cec.org\/fr\/wp-json\/wp\/v2\/comments?post=28878"}],"version-history":[{"count":1,"href":"https:\/\/www.cec.org\/fr\/wp-json\/wp\/v2\/pages\/28878\/revisions"}],"predecessor-version":[{"id":43889,"href":"https:\/\/www.cec.org\/fr\/wp-json\/wp\/v2\/pages\/28878\/revisions\/43889"}],"wp:featuredmedia":[{"embeddable":true,"href":"https:\/\/www.cec.org\/fr\/wp-json\/wp\/v2\/media\/52762"}],"wp:attachment":[{"href":"https:\/\/www.cec.org\/fr\/wp-json\/wp\/v2\/media?parent=28878"}],"curies":[{"name":"wp","href":"https:\/\/api.w.org\/{rel}","templated":true}]}}