{"id":28873,"date":"2019-09-21T16:54:50","date_gmt":"2019-09-21T20:54:50","guid":{"rendered":"http:\/\/www.cec.org\/qui-sommes-nous\/groupe-de-specialistes-sur-les-connaissances-ecologiques-traditionnelles\/"},"modified":"2026-03-23T18:03:50","modified_gmt":"2026-03-23T22:03:50","slug":"groupe-de-specialistes-sur-les-connaissances-ecologiques-traditionnelles","status":"publish","type":"page","link":"https:\/\/www.cec.org\/fr\/qui-sommes-nous\/groupe-de-specialistes-sur-les-connaissances-ecologiques-traditionnelles\/","title":{"rendered":"Groupe de sp\u00e9cialistes sur les connaissances \u00e9cologiques traditionnelles"},"content":{"rendered":"<p>La collaboration avec des sp\u00e9cialistes nord-am\u00e9ricains des pratiques \u00e9cologiques traditionnelles a \u00e9t\u00e9 tr\u00e8s utile \u00e0 nos travaux. Jumel\u00e9es \u00e0 la science, ces connaissances nous aident \u00e0 mieux comprendre les processus \u00e9cologiques et \u00e0 am\u00e9liorer l'environnement.<\/p>\n<p>Cette initiative reconna\u00eet la n\u00e9cessit\u00e9 de pr\u00e9server les connaissances et les pratiques traditionnelles des communaut\u00e9s autochtones et locales pour faire face aux effets des changements climatiques. Ces connaissances contribuent \u00e9galement \u00e0 la conservation et \u00e0 l'utilisation durable des ressources naturelles et \u00e0 la protection de la diversit\u00e9 biologique.<\/p>\n<p>Le Groupe de sp\u00e9cialistes des CET est le premier du genre \u00e0 contribuer aux travaux d'une organisation internationale comme la n\u00f4tre. La mise sur pied du Groupe d\u00e9coule d'un engagement pris par le Conseil lors sa session 2014 \u00e0 Yellowknife. Le Groupe a pour objectif de travailler efficacement avec les collectivit\u00e9s locales et autochtones de l'Am\u00e9rique du Nord pour am\u00e9liorer nos connaissances \u00e9cologiques et nous aider \u00e0 prendre de meilleures d\u00e9cisions pour l'environnement.<\/p>\n","protected":false},"excerpt":{"rendered":"<p>La collaboration avec des sp\u00e9cialistes nord-am\u00e9ricains des pratiques \u00e9cologiques traditionnelles a \u00e9t\u00e9 tr\u00e8s utile \u00e0 nos travaux. Jumel\u00e9es \u00e0 la science, ces connaissances nous aident \u00e0 mieux comprendre les processus \u00e9cologiques et \u00e0 am\u00e9liorer l&rsquo;environnement. Cette initiative reconna\u00eet la n\u00e9cessit\u00e9 de pr\u00e9server les connaissances et les pratiques traditionnelles des communaut\u00e9s autochtones et locales pour faire [&hellip;]<\/p>\n","protected":false},"author":1,"featured_media":0,"parent":28357,"menu_order":0,"comment_status":"closed","ping_status":"closed","template":"page-tek.php","meta":{"_acf_changed":false,"footnotes":""},"class_list":["post-28873","page","type-page","status-publish","hentry"],"acf":[],"yoast_head":"<!-- This site is optimized with the Yoast SEO Premium plugin v27.4 (Yoast SEO v27.4) - https:\/\/yoast.com\/product\/yoast-seo-premium-wordpress\/ -->\n<title>Groupe de sp\u00e9cialistes sur les connaissances \u00e9cologiques traditionnelles - CEC<\/title>\n<meta name=\"description\" content=\"Int\u00e9grer les connaissances \u00e9cologiques traditionnelles pour prot\u00e9ger et conserver plus efficacement notre environnement commun\" \/>\n<meta name=\"robots\" content=\"index, follow, max-snippet:-1, max-image-preview:large, max-video-preview:-1\" \/>\n<link rel=\"canonical\" href=\"https:\/\/www.cec.org\/fr\/qui-sommes-nous\/groupe-de-specialistes-sur-les-connaissances-ecologiques-traditionnelles\/\" \/>\n<meta property=\"og:locale\" content=\"fr_FR\" \/>\n<meta property=\"og:type\" content=\"article\" \/>\n<meta property=\"og:title\" content=\"Groupe de sp\u00e9cialistes sur les connaissances \u00e9cologiques traditionnelles\" \/>\n<meta property=\"og:description\" content=\"La collaboration avec des sp\u00e9cialistes nord-am\u00e9ricains des pratiques \u00e9cologiques traditionnelles a \u00e9t\u00e9 tr\u00e8s utile \u00e0 nos travaux. Jumel\u00e9es \u00e0 la science,\" \/>\n<meta property=\"og:url\" content=\"https:\/\/www.cec.org\/fr\/qui-sommes-nous\/groupe-de-specialistes-sur-les-connaissances-ecologiques-traditionnelles\/\" \/>\n<meta property=\"og:site_name\" content=\"Commission de coop\u00e9ration environnementale\" \/>\n<meta property=\"article:publisher\" content=\"https:\/\/www.facebook.com\/CECconnect\" \/>\n<meta property=\"article:modified_time\" content=\"2026-03-23T22:03:50+00:00\" \/>\n<meta property=\"og:image\" content=\"https:\/\/www.cec.org\/wp-content\/uploads\/cec-cover2023.webp\" \/>\n\t<meta property=\"og:image:width\" content=\"1200\" \/>\n\t<meta property=\"og:image:height\" content=\"630\" \/>\n\t<meta property=\"og:image:type\" content=\"image\/webp\" \/>\n<meta name=\"twitter:card\" content=\"summary_large_image\" \/>\n<meta name=\"twitter:site\" content=\"@CECweb\" \/>\n<script type=\"application\/ld+json\" class=\"yoast-schema-graph\">{\"@context\":\"https:\\\/\\\/schema.org\",\"@graph\":[{\"@type\":\"WebPage\",\"@id\":\"https:\\\/\\\/www.cec.org\\\/fr\\\/qui-sommes-nous\\\/groupe-de-specialistes-sur-les-connaissances-ecologiques-traditionnelles\\\/\",\"url\":\"https:\\\/\\\/www.cec.org\\\/fr\\\/qui-sommes-nous\\\/groupe-de-specialistes-sur-les-connaissances-ecologiques-traditionnelles\\\/\",\"name\":\"Groupe de sp\u00e9cialistes sur les connaissances \u00e9cologiques traditionnelles - CEC\",\"isPartOf\":{\"@id\":\"https:\\\/\\\/www.cec.org\\\/fr\\\/#website\"},\"datePublished\":\"2019-09-21T20:54:50+00:00\",\"dateModified\":\"2026-03-23T22:03:50+00:00\",\"description\":\"Int\u00e9grer les connaissances \u00e9cologiques traditionnelles pour prot\u00e9ger et conserver plus efficacement notre environnement commun\",\"breadcrumb\":{\"@id\":\"https:\\\/\\\/www.cec.org\\\/fr\\\/qui-sommes-nous\\\/groupe-de-specialistes-sur-les-connaissances-ecologiques-traditionnelles\\\/#breadcrumb\"},\"inLanguage\":\"fr-FR\",\"potentialAction\":[{\"@type\":\"ReadAction\",\"target\":[\"https:\\\/\\\/www.cec.org\\\/fr\\\/qui-sommes-nous\\\/groupe-de-specialistes-sur-les-connaissances-ecologiques-traditionnelles\\\/\"]}]},{\"@type\":\"BreadcrumbList\",\"@id\":\"https:\\\/\\\/www.cec.org\\\/fr\\\/qui-sommes-nous\\\/groupe-de-specialistes-sur-les-connaissances-ecologiques-traditionnelles\\\/#breadcrumb\",\"itemListElement\":[{\"@type\":\"ListItem\",\"position\":1,\"name\":\"Accueil\",\"item\":\"https:\\\/\\\/www.cec.org\\\/fr\\\/\"},{\"@type\":\"ListItem\",\"position\":2,\"name\":\"Qui sommes-nous?\",\"item\":\"https:\\\/\\\/www.cec.org\\\/fr\\\/about\\\/\"},{\"@type\":\"ListItem\",\"position\":3,\"name\":\"Groupe de sp\u00e9cialistes sur les connaissances \u00e9cologiques traditionnelles\"}]},{\"@type\":\"WebSite\",\"@id\":\"https:\\\/\\\/www.cec.org\\\/fr\\\/#website\",\"url\":\"https:\\\/\\\/www.cec.org\\\/fr\\\/\",\"name\":\"Commission for Environmental Cooperation\",\"description\":\"Three countries working together to protect our shared environment\",\"alternateName\":\"CEC - CCA -CCE\",\"potentialAction\":[{\"@type\":\"SearchAction\",\"target\":{\"@type\":\"EntryPoint\",\"urlTemplate\":\"https:\\\/\\\/www.cec.org\\\/fr\\\/?s={search_term_string}\"},\"query-input\":{\"@type\":\"PropertyValueSpecification\",\"valueRequired\":true,\"valueName\":\"search_term_string\"}}],\"inLanguage\":\"fr-FR\"}]}<\/script>\n<!-- \/ Yoast SEO Premium plugin. -->","yoast_head_json":{"title":"Groupe de sp\u00e9cialistes sur les connaissances \u00e9cologiques traditionnelles - CEC","description":"Int\u00e9grer les connaissances \u00e9cologiques traditionnelles pour prot\u00e9ger et conserver plus efficacement notre environnement commun","robots":{"index":"index","follow":"follow","max-snippet":"max-snippet:-1","max-image-preview":"max-image-preview:large","max-video-preview":"max-video-preview:-1"},"canonical":"https:\/\/www.cec.org\/fr\/qui-sommes-nous\/groupe-de-specialistes-sur-les-connaissances-ecologiques-traditionnelles\/","og_locale":"fr_FR","og_type":"article","og_title":"Groupe de sp\u00e9cialistes sur les connaissances \u00e9cologiques traditionnelles","og_description":"La collaboration avec des sp\u00e9cialistes nord-am\u00e9ricains des pratiques \u00e9cologiques traditionnelles a \u00e9t\u00e9 tr\u00e8s utile \u00e0 nos travaux. Jumel\u00e9es \u00e0 la science,","og_url":"https:\/\/www.cec.org\/fr\/qui-sommes-nous\/groupe-de-specialistes-sur-les-connaissances-ecologiques-traditionnelles\/","og_site_name":"Commission de coop\u00e9ration environnementale","article_publisher":"https:\/\/www.facebook.com\/CECconnect","article_modified_time":"2026-03-23T22:03:50+00:00","og_image":[{"width":1200,"height":630,"url":"https:\/\/www.cec.org\/wp-content\/uploads\/cec-cover2023.webp","type":"image\/webp"}],"twitter_card":"summary_large_image","twitter_site":"@CECweb","schema":{"@context":"https:\/\/schema.org","@graph":[{"@type":"WebPage","@id":"https:\/\/www.cec.org\/fr\/qui-sommes-nous\/groupe-de-specialistes-sur-les-connaissances-ecologiques-traditionnelles\/","url":"https:\/\/www.cec.org\/fr\/qui-sommes-nous\/groupe-de-specialistes-sur-les-connaissances-ecologiques-traditionnelles\/","name":"Groupe de sp\u00e9cialistes sur les connaissances \u00e9cologiques traditionnelles - CEC","isPartOf":{"@id":"https:\/\/www.cec.org\/fr\/#website"},"datePublished":"2019-09-21T20:54:50+00:00","dateModified":"2026-03-23T22:03:50+00:00","description":"Int\u00e9grer les connaissances \u00e9cologiques traditionnelles pour prot\u00e9ger et conserver plus efficacement notre environnement commun","breadcrumb":{"@id":"https:\/\/www.cec.org\/fr\/qui-sommes-nous\/groupe-de-specialistes-sur-les-connaissances-ecologiques-traditionnelles\/#breadcrumb"},"inLanguage":"fr-FR","potentialAction":[{"@type":"ReadAction","target":["https:\/\/www.cec.org\/fr\/qui-sommes-nous\/groupe-de-specialistes-sur-les-connaissances-ecologiques-traditionnelles\/"]}]},{"@type":"BreadcrumbList","@id":"https:\/\/www.cec.org\/fr\/qui-sommes-nous\/groupe-de-specialistes-sur-les-connaissances-ecologiques-traditionnelles\/#breadcrumb","itemListElement":[{"@type":"ListItem","position":1,"name":"Accueil","item":"https:\/\/www.cec.org\/fr\/"},{"@type":"ListItem","position":2,"name":"Qui sommes-nous?","item":"https:\/\/www.cec.org\/fr\/about\/"},{"@type":"ListItem","position":3,"name":"Groupe de sp\u00e9cialistes sur les connaissances \u00e9cologiques traditionnelles"}]},{"@type":"WebSite","@id":"https:\/\/www.cec.org\/fr\/#website","url":"https:\/\/www.cec.org\/fr\/","name":"Commission for Environmental Cooperation","description":"Three countries working together to protect our shared environment","alternateName":"CEC - CCA -CCE","potentialAction":[{"@type":"SearchAction","target":{"@type":"EntryPoint","urlTemplate":"https:\/\/www.cec.org\/fr\/?s={search_term_string}"},"query-input":{"@type":"PropertyValueSpecification","valueRequired":true,"valueName":"search_term_string"}}],"inLanguage":"fr-FR"}]}},"_links":{"self":[{"href":"https:\/\/www.cec.org\/fr\/wp-json\/wp\/v2\/pages\/28873","targetHints":{"allow":["GET"]}}],"collection":[{"href":"https:\/\/www.cec.org\/fr\/wp-json\/wp\/v2\/pages"}],"about":[{"href":"https:\/\/www.cec.org\/fr\/wp-json\/wp\/v2\/types\/page"}],"author":[{"embeddable":true,"href":"https:\/\/www.cec.org\/fr\/wp-json\/wp\/v2\/users\/1"}],"replies":[{"embeddable":true,"href":"https:\/\/www.cec.org\/fr\/wp-json\/wp\/v2\/comments?post=28873"}],"version-history":[{"count":1,"href":"https:\/\/www.cec.org\/fr\/wp-json\/wp\/v2\/pages\/28873\/revisions"}],"predecessor-version":[{"id":38791,"href":"https:\/\/www.cec.org\/fr\/wp-json\/wp\/v2\/pages\/28873\/revisions\/38791"}],"up":[{"embeddable":true,"href":"https:\/\/www.cec.org\/fr\/wp-json\/wp\/v2\/pages\/28357"}],"wp:attachment":[{"href":"https:\/\/www.cec.org\/fr\/wp-json\/wp\/v2\/media?parent=28873"}],"curies":[{"name":"wp","href":"https:\/\/api.w.org\/{rel}","templated":true}]}}