{"id":28869,"date":"2019-10-30T12:20:14","date_gmt":"2019-10-30T16:20:14","guid":{"rendered":"http:\/\/www.cec.org\/qui-sommes-nous\/le-secretariat\/"},"modified":"2024-07-11T13:35:16","modified_gmt":"2024-07-11T17:35:16","slug":"le-secretariat","status":"publish","type":"page","link":"https:\/\/www.cec.org\/fr\/qui-sommes-nous\/le-secretariat\/","title":{"rendered":"Le Secr\u00e9tariat"},"content":{"rendered":"<p>Le Secr\u00e9tariat est dirig\u00e9 par un directeur ex\u00e9cutif et ses activit\u00e9s sont men\u00e9es par des professionnels du Canada, du Mexique et des \u00c9tats-Unis. Chaque ann\u00e9e, le Secr\u00e9tariat soumet le programme des travaux et le budget de la Commission \u00e0 l'approbation du Conseil. Le Secr\u00e9tariat doit \u00e9galement examiner les communications d\u00e9pos\u00e9es par des organisations non gouvernementales et des particuliers au sujet de l'omission d'une Partie d'assurer l'application efficace de ses lois de l'environnement.<\/p>\n","protected":false},"excerpt":{"rendered":"<p>Le Secr\u00e9tariat est dirig\u00e9 par un directeur ex\u00e9cutif et ses activit\u00e9s sont men\u00e9es par des professionnels du Canada, du Mexique et des \u00c9tats-Unis. Chaque ann\u00e9e, le Secr\u00e9tariat soumet le programme des travaux et le budget de la Commission \u00e0 l&rsquo;approbation du Conseil. Le Secr\u00e9tariat doit \u00e9galement examiner les communications d\u00e9pos\u00e9es par des organisations non gouvernementales [&hellip;]<\/p>\n","protected":false},"author":1,"featured_media":0,"parent":28357,"menu_order":0,"comment_status":"closed","ping_status":"closed","template":"page-secretariat.php","meta":{"_acf_changed":false,"footnotes":""},"class_list":["post-28869","page","type-page","status-publish","hentry"],"acf":[],"yoast_head":"<!-- This site is optimized with the Yoast SEO Premium plugin v27.0 (Yoast SEO v27.0) - https:\/\/yoast.com\/product\/yoast-seo-premium-wordpress\/ -->\n<title>Le Secr\u00e9tariat &#8211; Commission de coop\u00e9ration environnementale<\/title>\n<meta name=\"description\" content=\"The Secretariat is headed by an Executive Director and its activities are carried out by professional staff from Canada, Mexico and the United States.\" \/>\n<meta name=\"robots\" content=\"index, follow, max-snippet:-1, max-image-preview:large, max-video-preview:-1\" \/>\n<link rel=\"canonical\" href=\"https:\/\/www.cec.org\/fr\/qui-sommes-nous\/le-secretariat\/\" \/>\n<meta property=\"og:locale\" content=\"fr_FR\" \/>\n<meta property=\"og:type\" content=\"article\" \/>\n<meta property=\"og:title\" content=\"Le Secr\u00e9tariat\" \/>\n<meta property=\"og:description\" content=\"Le Secr\u00e9tariat est dirig\u00e9 par un directeur ex\u00e9cutif et ses activit\u00e9s sont men\u00e9es par des professionnels du Canada, du Mexique et des \u00c9tats-Unis. Chaque\" \/>\n<meta property=\"og:url\" content=\"https:\/\/www.cec.org\/fr\/qui-sommes-nous\/le-secretariat\/\" \/>\n<meta property=\"og:site_name\" content=\"Commission de coop\u00e9ration environnementale\" \/>\n<meta property=\"article:publisher\" content=\"https:\/\/www.facebook.com\/CECconnect\" \/>\n<meta property=\"article:modified_time\" content=\"2024-07-11T17:35:16+00:00\" \/>\n<meta property=\"og:image\" content=\"https:\/\/www.cec.org\/wp-content\/uploads\/cec-cover2023.webp\" \/>\n\t<meta property=\"og:image:width\" content=\"1200\" \/>\n\t<meta property=\"og:image:height\" content=\"630\" \/>\n\t<meta property=\"og:image:type\" content=\"image\/webp\" \/>\n<meta name=\"twitter:card\" content=\"summary_large_image\" \/>\n<meta name=\"twitter:site\" content=\"@CECweb\" \/>\n<script type=\"application\/ld+json\" class=\"yoast-schema-graph\">{\"@context\":\"https:\/\/schema.org\",\"@graph\":[{\"@type\":\"WebPage\",\"@id\":\"https:\/\/www.cec.org\/fr\/qui-sommes-nous\/le-secretariat\/\",\"url\":\"https:\/\/www.cec.org\/fr\/qui-sommes-nous\/le-secretariat\/\",\"name\":\"Le Secr\u00e9tariat &#8211; Commission de coop\u00e9ration environnementale\",\"isPartOf\":{\"@id\":\"https:\/\/www.cec.org\/fr\/#website\"},\"datePublished\":\"2019-10-30T16:20:14+00:00\",\"dateModified\":\"2024-07-11T17:35:16+00:00\",\"description\":\"The Secretariat is headed by an Executive Director and its activities are carried out by professional staff from Canada, Mexico and the United States.\",\"breadcrumb\":{\"@id\":\"https:\/\/www.cec.org\/fr\/qui-sommes-nous\/le-secretariat\/#breadcrumb\"},\"inLanguage\":\"fr-FR\",\"potentialAction\":[{\"@type\":\"ReadAction\",\"target\":[\"https:\/\/www.cec.org\/fr\/qui-sommes-nous\/le-secretariat\/\"]}]},{\"@type\":\"BreadcrumbList\",\"@id\":\"https:\/\/www.cec.org\/fr\/qui-sommes-nous\/le-secretariat\/#breadcrumb\",\"itemListElement\":[{\"@type\":\"ListItem\",\"position\":1,\"name\":\"Accueil\",\"item\":\"https:\/\/www.cec.org\/fr\/\"},{\"@type\":\"ListItem\",\"position\":2,\"name\":\"Qui sommes-nous?\",\"item\":\"https:\/\/www.cec.org\/fr\/about\/\"},{\"@type\":\"ListItem\",\"position\":3,\"name\":\"Le Secr\u00e9tariat\"}]},{\"@type\":\"WebSite\",\"@id\":\"https:\/\/www.cec.org\/fr\/#website\",\"url\":\"https:\/\/www.cec.org\/fr\/\",\"name\":\"Commission for Environmental Cooperation\",\"description\":\"Three countries working together to protect our shared environment\",\"alternateName\":\"CEC - CCA -CCE\",\"potentialAction\":[{\"@type\":\"SearchAction\",\"target\":{\"@type\":\"EntryPoint\",\"urlTemplate\":\"https:\/\/www.cec.org\/fr\/?s={search_term_string}\"},\"query-input\":{\"@type\":\"PropertyValueSpecification\",\"valueRequired\":true,\"valueName\":\"search_term_string\"}}],\"inLanguage\":\"fr-FR\"}]}<\/script>\n<!-- \/ Yoast SEO Premium plugin. -->","yoast_head_json":{"title":"Le Secr\u00e9tariat &#8211; Commission de coop\u00e9ration environnementale","description":"The Secretariat is headed by an Executive Director and its activities are carried out by professional staff from Canada, Mexico and the United States.","robots":{"index":"index","follow":"follow","max-snippet":"max-snippet:-1","max-image-preview":"max-image-preview:large","max-video-preview":"max-video-preview:-1"},"canonical":"https:\/\/www.cec.org\/fr\/qui-sommes-nous\/le-secretariat\/","og_locale":"fr_FR","og_type":"article","og_title":"Le Secr\u00e9tariat","og_description":"Le Secr\u00e9tariat est dirig\u00e9 par un directeur ex\u00e9cutif et ses activit\u00e9s sont men\u00e9es par des professionnels du Canada, du Mexique et des \u00c9tats-Unis. Chaque","og_url":"https:\/\/www.cec.org\/fr\/qui-sommes-nous\/le-secretariat\/","og_site_name":"Commission de coop\u00e9ration environnementale","article_publisher":"https:\/\/www.facebook.com\/CECconnect","article_modified_time":"2024-07-11T17:35:16+00:00","og_image":[{"width":1200,"height":630,"url":"https:\/\/www.cec.org\/wp-content\/uploads\/cec-cover2023.webp","type":"image\/webp"}],"twitter_card":"summary_large_image","twitter_site":"@CECweb","schema":{"@context":"https:\/\/schema.org","@graph":[{"@type":"WebPage","@id":"https:\/\/www.cec.org\/fr\/qui-sommes-nous\/le-secretariat\/","url":"https:\/\/www.cec.org\/fr\/qui-sommes-nous\/le-secretariat\/","name":"Le Secr\u00e9tariat &#8211; Commission de coop\u00e9ration environnementale","isPartOf":{"@id":"https:\/\/www.cec.org\/fr\/#website"},"datePublished":"2019-10-30T16:20:14+00:00","dateModified":"2024-07-11T17:35:16+00:00","description":"The Secretariat is headed by an Executive Director and its activities are carried out by professional staff from Canada, Mexico and the United States.","breadcrumb":{"@id":"https:\/\/www.cec.org\/fr\/qui-sommes-nous\/le-secretariat\/#breadcrumb"},"inLanguage":"fr-FR","potentialAction":[{"@type":"ReadAction","target":["https:\/\/www.cec.org\/fr\/qui-sommes-nous\/le-secretariat\/"]}]},{"@type":"BreadcrumbList","@id":"https:\/\/www.cec.org\/fr\/qui-sommes-nous\/le-secretariat\/#breadcrumb","itemListElement":[{"@type":"ListItem","position":1,"name":"Accueil","item":"https:\/\/www.cec.org\/fr\/"},{"@type":"ListItem","position":2,"name":"Qui sommes-nous?","item":"https:\/\/www.cec.org\/fr\/about\/"},{"@type":"ListItem","position":3,"name":"Le Secr\u00e9tariat"}]},{"@type":"WebSite","@id":"https:\/\/www.cec.org\/fr\/#website","url":"https:\/\/www.cec.org\/fr\/","name":"Commission for Environmental Cooperation","description":"Three countries working together to protect our shared environment","alternateName":"CEC - CCA -CCE","potentialAction":[{"@type":"SearchAction","target":{"@type":"EntryPoint","urlTemplate":"https:\/\/www.cec.org\/fr\/?s={search_term_string}"},"query-input":{"@type":"PropertyValueSpecification","valueRequired":true,"valueName":"search_term_string"}}],"inLanguage":"fr-FR"}]}},"_links":{"self":[{"href":"https:\/\/www.cec.org\/fr\/wp-json\/wp\/v2\/pages\/28869","targetHints":{"allow":["GET"]}}],"collection":[{"href":"https:\/\/www.cec.org\/fr\/wp-json\/wp\/v2\/pages"}],"about":[{"href":"https:\/\/www.cec.org\/fr\/wp-json\/wp\/v2\/types\/page"}],"author":[{"embeddable":true,"href":"https:\/\/www.cec.org\/fr\/wp-json\/wp\/v2\/users\/1"}],"replies":[{"embeddable":true,"href":"https:\/\/www.cec.org\/fr\/wp-json\/wp\/v2\/comments?post=28869"}],"version-history":[{"count":2,"href":"https:\/\/www.cec.org\/fr\/wp-json\/wp\/v2\/pages\/28869\/revisions"}],"predecessor-version":[{"id":46904,"href":"https:\/\/www.cec.org\/fr\/wp-json\/wp\/v2\/pages\/28869\/revisions\/46904"}],"up":[{"embeddable":true,"href":"https:\/\/www.cec.org\/fr\/wp-json\/wp\/v2\/pages\/28357"}],"wp:attachment":[{"href":"https:\/\/www.cec.org\/fr\/wp-json\/wp\/v2\/media?parent=28869"}],"curies":[{"name":"wp","href":"https:\/\/api.w.org\/{rel}","templated":true}]}}