{"id":28866,"date":"2019-11-26T17:00:23","date_gmt":"2019-11-26T22:00:23","guid":{"rendered":"http:\/\/www.cec.org\/qui-sommes-nous\/our-impact\/"},"modified":"2026-01-22T13:36:27","modified_gmt":"2026-01-22T18:36:27","slug":"our-impact","status":"publish","type":"page","link":"https:\/\/www.cec.org\/fr\/qui-sommes-nous\/our-impact\/","title":{"rendered":"Notre impact"},"content":{"rendered":"<p>D\u00e9couvrez les travaux de la Commission de coop\u00e9ration environnementale\u00a0(CCE) et les r\u00e9sultats tangibles qu\u2019ils ont eus au fil des ans sur les plans environnemental et social, partout en Am\u00e9rique du Nord. La CCE a publi\u00e9 des \u00e9tudes scientifiques qui ont influenc\u00e9 les normes et les politiques environnementales au Canada, au Mexique et aux \u00c9tats-Unis. Elle a \u00e9galement \u00e9labor\u00e9 des strat\u00e9gies trinationales de conservation, mis sur pied des programmes de subventions communautaires et men\u00e9 des projets de cartographie g\u00e9ospatiale, entre autres. La pr\u00e9sente page vise les responsables des politiques, les sp\u00e9cialistes en mati\u00e8re de conservation ou les chercheur\u00b7euses, ou simplement celles et ceux que la coop\u00e9ration environnementale en Am\u00e9rique du Nord int\u00e9resse. Elle offre un aper\u00e7u complet non seulement des r\u00e9alisations de la CCE, mais aussi de la mani\u00e8re dont ces travaux se sont d\u00e9roul\u00e9s et de leur raison d\u2019\u00eatre.<\/p>\n","protected":false},"excerpt":{"rendered":"<p>D\u00e9couvrez les travaux de la Commission de coop\u00e9ration environnementale\u00a0(CCE) et les r\u00e9sultats tangibles qu\u2019ils ont eus au fil des ans sur les plans environnemental et social, partout en Am\u00e9rique du Nord. La CCE a publi\u00e9 des \u00e9tudes scientifiques qui ont influenc\u00e9 les normes et les politiques environnementales au Canada, au Mexique et aux \u00c9tats-Unis. Elle [&hellip;]<\/p>\n","protected":false},"author":1,"featured_media":0,"parent":28357,"menu_order":0,"comment_status":"closed","ping_status":"closed","template":"archive-accomplishments.php","meta":{"_acf_changed":false,"footnotes":""},"class_list":["post-28866","page","type-page","status-publish","hentry"],"acf":[],"yoast_head":"<!-- This site is optimized with the Yoast SEO Premium plugin v27.0 (Yoast SEO v27.0) - https:\/\/yoast.com\/product\/yoast-seo-premium-wordpress\/ -->\n<title>Notre impact<\/title>\n<meta name=\"description\" content=\"Voyez nos jalons et d\u00e9couvrez l&#039;impact des travaux de la Commission depuis sa cr\u00e9ation en 1994\" \/>\n<meta name=\"robots\" content=\"index, follow, max-snippet:-1, max-image-preview:large, max-video-preview:-1\" \/>\n<link rel=\"canonical\" href=\"https:\/\/www.cec.org\/fr\/qui-sommes-nous\/our-impact\/\" \/>\n<meta property=\"og:locale\" content=\"fr_FR\" \/>\n<meta property=\"og:type\" content=\"article\" \/>\n<meta property=\"og:title\" content=\"Notre impact\" \/>\n<meta property=\"og:description\" content=\"D\u00e9couvrez les travaux de la Commission de coop\u00e9ration environnementale\u00a0(CCE) et les r\u00e9sultats tangibles qu\u2019ils ont eus au fil des ans sur les plans\" \/>\n<meta property=\"og:url\" content=\"https:\/\/www.cec.org\/fr\/qui-sommes-nous\/our-impact\/\" \/>\n<meta property=\"og:site_name\" content=\"Commission de coop\u00e9ration environnementale\" \/>\n<meta property=\"article:publisher\" content=\"https:\/\/www.facebook.com\/CECconnect\" \/>\n<meta property=\"article:modified_time\" content=\"2026-01-22T18:36:27+00:00\" \/>\n<meta property=\"og:image\" content=\"https:\/\/www.cec.org\/wp-content\/uploads\/cec-cover2023.webp\" \/>\n\t<meta property=\"og:image:width\" content=\"1200\" \/>\n\t<meta property=\"og:image:height\" content=\"630\" \/>\n\t<meta property=\"og:image:type\" content=\"image\/webp\" \/>\n<meta name=\"twitter:card\" content=\"summary_large_image\" \/>\n<meta name=\"twitter:site\" content=\"@CECweb\" \/>\n<script type=\"application\/ld+json\" class=\"yoast-schema-graph\">{\"@context\":\"https:\/\/schema.org\",\"@graph\":[{\"@type\":\"WebPage\",\"@id\":\"https:\/\/www.cec.org\/fr\/qui-sommes-nous\/our-impact\/\",\"url\":\"https:\/\/www.cec.org\/fr\/qui-sommes-nous\/our-impact\/\",\"name\":\"Notre impact\",\"isPartOf\":{\"@id\":\"https:\/\/www.cec.org\/fr\/#website\"},\"datePublished\":\"2019-11-26T22:00:23+00:00\",\"dateModified\":\"2026-01-22T18:36:27+00:00\",\"description\":\"Voyez nos jalons et d\u00e9couvrez l'impact des travaux de la Commission depuis sa cr\u00e9ation en 1994\",\"breadcrumb\":{\"@id\":\"https:\/\/www.cec.org\/fr\/qui-sommes-nous\/our-impact\/#breadcrumb\"},\"inLanguage\":\"fr-FR\",\"potentialAction\":[{\"@type\":\"ReadAction\",\"target\":[\"https:\/\/www.cec.org\/fr\/qui-sommes-nous\/our-impact\/\"]}]},{\"@type\":\"BreadcrumbList\",\"@id\":\"https:\/\/www.cec.org\/fr\/qui-sommes-nous\/our-impact\/#breadcrumb\",\"itemListElement\":[{\"@type\":\"ListItem\",\"position\":1,\"name\":\"Accueil\",\"item\":\"https:\/\/www.cec.org\/fr\/\"},{\"@type\":\"ListItem\",\"position\":2,\"name\":\"Qui sommes-nous?\",\"item\":\"https:\/\/www.cec.org\/fr\/about\/\"},{\"@type\":\"ListItem\",\"position\":3,\"name\":\"Notre impact\"}]},{\"@type\":\"WebSite\",\"@id\":\"https:\/\/www.cec.org\/fr\/#website\",\"url\":\"https:\/\/www.cec.org\/fr\/\",\"name\":\"Commission for Environmental Cooperation\",\"description\":\"Three countries working together to protect our shared environment\",\"alternateName\":\"CEC - CCA -CCE\",\"potentialAction\":[{\"@type\":\"SearchAction\",\"target\":{\"@type\":\"EntryPoint\",\"urlTemplate\":\"https:\/\/www.cec.org\/fr\/?s={search_term_string}\"},\"query-input\":{\"@type\":\"PropertyValueSpecification\",\"valueRequired\":true,\"valueName\":\"search_term_string\"}}],\"inLanguage\":\"fr-FR\"}]}<\/script>\n<!-- \/ Yoast SEO Premium plugin. -->","yoast_head_json":{"title":"Notre impact","description":"Voyez nos jalons et d\u00e9couvrez l'impact des travaux de la Commission depuis sa cr\u00e9ation en 1994","robots":{"index":"index","follow":"follow","max-snippet":"max-snippet:-1","max-image-preview":"max-image-preview:large","max-video-preview":"max-video-preview:-1"},"canonical":"https:\/\/www.cec.org\/fr\/qui-sommes-nous\/our-impact\/","og_locale":"fr_FR","og_type":"article","og_title":"Notre impact","og_description":"D\u00e9couvrez les travaux de la Commission de coop\u00e9ration environnementale\u00a0(CCE) et les r\u00e9sultats tangibles qu\u2019ils ont eus au fil des ans sur les plans","og_url":"https:\/\/www.cec.org\/fr\/qui-sommes-nous\/our-impact\/","og_site_name":"Commission de coop\u00e9ration environnementale","article_publisher":"https:\/\/www.facebook.com\/CECconnect","article_modified_time":"2026-01-22T18:36:27+00:00","og_image":[{"width":1200,"height":630,"url":"https:\/\/www.cec.org\/wp-content\/uploads\/cec-cover2023.webp","type":"image\/webp"}],"twitter_card":"summary_large_image","twitter_site":"@CECweb","schema":{"@context":"https:\/\/schema.org","@graph":[{"@type":"WebPage","@id":"https:\/\/www.cec.org\/fr\/qui-sommes-nous\/our-impact\/","url":"https:\/\/www.cec.org\/fr\/qui-sommes-nous\/our-impact\/","name":"Notre impact","isPartOf":{"@id":"https:\/\/www.cec.org\/fr\/#website"},"datePublished":"2019-11-26T22:00:23+00:00","dateModified":"2026-01-22T18:36:27+00:00","description":"Voyez nos jalons et d\u00e9couvrez l'impact des travaux de la Commission depuis sa cr\u00e9ation en 1994","breadcrumb":{"@id":"https:\/\/www.cec.org\/fr\/qui-sommes-nous\/our-impact\/#breadcrumb"},"inLanguage":"fr-FR","potentialAction":[{"@type":"ReadAction","target":["https:\/\/www.cec.org\/fr\/qui-sommes-nous\/our-impact\/"]}]},{"@type":"BreadcrumbList","@id":"https:\/\/www.cec.org\/fr\/qui-sommes-nous\/our-impact\/#breadcrumb","itemListElement":[{"@type":"ListItem","position":1,"name":"Accueil","item":"https:\/\/www.cec.org\/fr\/"},{"@type":"ListItem","position":2,"name":"Qui sommes-nous?","item":"https:\/\/www.cec.org\/fr\/about\/"},{"@type":"ListItem","position":3,"name":"Notre impact"}]},{"@type":"WebSite","@id":"https:\/\/www.cec.org\/fr\/#website","url":"https:\/\/www.cec.org\/fr\/","name":"Commission for Environmental Cooperation","description":"Three countries working together to protect our shared environment","alternateName":"CEC - CCA -CCE","potentialAction":[{"@type":"SearchAction","target":{"@type":"EntryPoint","urlTemplate":"https:\/\/www.cec.org\/fr\/?s={search_term_string}"},"query-input":{"@type":"PropertyValueSpecification","valueRequired":true,"valueName":"search_term_string"}}],"inLanguage":"fr-FR"}]}},"_links":{"self":[{"href":"https:\/\/www.cec.org\/fr\/wp-json\/wp\/v2\/pages\/28866","targetHints":{"allow":["GET"]}}],"collection":[{"href":"https:\/\/www.cec.org\/fr\/wp-json\/wp\/v2\/pages"}],"about":[{"href":"https:\/\/www.cec.org\/fr\/wp-json\/wp\/v2\/types\/page"}],"author":[{"embeddable":true,"href":"https:\/\/www.cec.org\/fr\/wp-json\/wp\/v2\/users\/1"}],"replies":[{"embeddable":true,"href":"https:\/\/www.cec.org\/fr\/wp-json\/wp\/v2\/comments?post=28866"}],"version-history":[{"count":11,"href":"https:\/\/www.cec.org\/fr\/wp-json\/wp\/v2\/pages\/28866\/revisions"}],"predecessor-version":[{"id":61432,"href":"https:\/\/www.cec.org\/fr\/wp-json\/wp\/v2\/pages\/28866\/revisions\/61432"}],"up":[{"embeddable":true,"href":"https:\/\/www.cec.org\/fr\/wp-json\/wp\/v2\/pages\/28357"}],"wp:attachment":[{"href":"https:\/\/www.cec.org\/fr\/wp-json\/wp\/v2\/media?parent=28866"}],"curies":[{"name":"wp","href":"https:\/\/api.w.org\/{rel}","templated":true}]}}