{"id":28864,"date":"2019-09-24T14:50:13","date_gmt":"2019-09-24T18:50:13","guid":{"rendered":"http:\/\/www.cec.org\/qui-sommes-nous\/partenariat-nord-americain-pour-laction-communautaire-en-environnement\/"},"modified":"2025-12-12T14:11:24","modified_gmt":"2025-12-12T19:11:24","slug":"partenariat-nord-americain-pour-laction-communautaire-en-environnement","status":"publish","type":"page","link":"https:\/\/www.cec.org\/fr\/subventions\/partenariat-nord-americain-pour-laction-communautaire-en-environnement\/","title":{"rendered":"Partenariat nord-am\u00e9ricain pour l\u2019action communautaire en environnement"},"content":{"rendered":"<p>Depuis 2010, le programme de subventions du PNAACE est au c\u0153ur d\u2019activit\u00e9s de collaboration portant sur les enjeux environnementaux pressants en Am\u00e9rique du Nord. Il favorise le d\u00e9veloppement durable et encourage la coop\u00e9ration transfrontali\u00e8re.<\/p>\n<p>La CCE a cr\u00e9\u00e9 le PNAACE pour promouvoir une responsabilit\u00e9 et une intendance partag\u00e9es de l\u2019environnement gr\u00e2ce \u00e0 la participation et \u00e0 la collaboration de communaut\u00e9s locales et autochtones, d\u2019organisations non gouvernementales enregistr\u00e9es et des milieux universitaires au Canada, au Mexique et aux \u00c9tats-Unis.<\/p>\n<p>Par l\u2019interm\u00e9diaire du PNAACE, la CCE a soutenu 100\u00a0projets qui ont permis d\u2019\u00e9tablir des partenariats \u00e0 long terme pour am\u00e9liorer les conditions environnementales dans les communaut\u00e9s et appuyer les priorit\u00e9s locales. Cette ann\u00e9e, nous soulignons et c\u00e9l\u00e9brons ces 100\u00a0histoires uniques et inspirantes!<\/p>\n","protected":false},"excerpt":{"rendered":"<p>Depuis 2010, le programme de subventions du PNAACE est au c\u0153ur d\u2019activit\u00e9s de collaboration portant sur les enjeux environnementaux pressants en Am\u00e9rique du Nord. Il favorise le d\u00e9veloppement durable et encourage la coop\u00e9ration transfrontali\u00e8re. La CCE a cr\u00e9\u00e9 le PNAACE pour promouvoir une responsabilit\u00e9 et une intendance partag\u00e9es de l\u2019environnement gr\u00e2ce \u00e0 la participation et [&hellip;]<\/p>\n","protected":false},"author":1,"featured_media":61129,"parent":46588,"menu_order":0,"comment_status":"closed","ping_status":"closed","template":"page-napeca.php","meta":{"_acf_changed":false,"footnotes":""},"class_list":["post-28864","page","type-page","status-publish","has-post-thumbnail","hentry"],"acf":[],"yoast_head":"<!-- This site is optimized with the Yoast SEO Premium plugin v27.4 (Yoast SEO v27.4) - https:\/\/yoast.com\/product\/yoast-seo-premium-wordpress\/ -->\n<title>Partenariat nord-am\u00e9ricain pour l\u2019action communautaire en environnement<\/title>\n<meta name=\"description\" content=\"La CCE a instaur\u00e9 ce programme de subventions en 2021 afin de financer des projets qui ciblent les collectivit\u00e9s mal desservies...\" \/>\n<meta name=\"robots\" content=\"index, follow, max-snippet:-1, max-image-preview:large, max-video-preview:-1\" \/>\n<link rel=\"canonical\" href=\"https:\/\/www.cec.org\/fr\/subventions\/partenariat-nord-americain-pour-laction-communautaire-en-environnement\/\" \/>\n<meta property=\"og:locale\" content=\"fr_FR\" \/>\n<meta property=\"og:type\" content=\"article\" \/>\n<meta property=\"og:title\" content=\"Partenariat nord-am\u00e9ricain pour l\u2019action communautaire en environnement\" \/>\n<meta property=\"og:description\" content=\"Depuis 2010, le programme de subventions du PNAACE est au c\u0153ur d\u2019activit\u00e9s de collaboration portant sur les enjeux environnementaux pressants en Am\u00e9rique\" \/>\n<meta property=\"og:url\" content=\"https:\/\/www.cec.org\/fr\/subventions\/partenariat-nord-americain-pour-laction-communautaire-en-environnement\/\" \/>\n<meta property=\"og:site_name\" content=\"Commission de coop\u00e9ration environnementale\" \/>\n<meta property=\"article:publisher\" content=\"https:\/\/www.facebook.com\/CECconnect\" \/>\n<meta property=\"article:modified_time\" content=\"2025-12-12T19:11:24+00:00\" \/>\n<meta property=\"og:image\" content=\"https:\/\/www.cec.org\/wp-content\/uploads\/CEC_NAPECA-Graphic-A2-1200x684-EN.png\" \/>\n\t<meta property=\"og:image:width\" content=\"1200\" \/>\n\t<meta property=\"og:image:height\" content=\"684\" \/>\n\t<meta property=\"og:image:type\" content=\"image\/png\" \/>\n<meta name=\"twitter:card\" content=\"summary_large_image\" \/>\n<meta name=\"twitter:site\" content=\"@CECweb\" \/>\n<script type=\"application\/ld+json\" class=\"yoast-schema-graph\">{\"@context\":\"https:\\\/\\\/schema.org\",\"@graph\":[{\"@type\":\"WebPage\",\"@id\":\"https:\\\/\\\/www.cec.org\\\/fr\\\/subventions\\\/partenariat-nord-americain-pour-laction-communautaire-en-environnement\\\/\",\"url\":\"https:\\\/\\\/www.cec.org\\\/fr\\\/subventions\\\/partenariat-nord-americain-pour-laction-communautaire-en-environnement\\\/\",\"name\":\"Partenariat nord-am\u00e9ricain pour l\u2019action communautaire en environnement\",\"isPartOf\":{\"@id\":\"https:\\\/\\\/www.cec.org\\\/fr\\\/#website\"},\"primaryImageOfPage\":{\"@id\":\"https:\\\/\\\/www.cec.org\\\/fr\\\/subventions\\\/partenariat-nord-americain-pour-laction-communautaire-en-environnement\\\/#primaryimage\"},\"image\":{\"@id\":\"https:\\\/\\\/www.cec.org\\\/fr\\\/subventions\\\/partenariat-nord-americain-pour-laction-communautaire-en-environnement\\\/#primaryimage\"},\"thumbnailUrl\":\"https:\\\/\\\/www.cec.org\\\/wp-content\\\/uploads\\\/CEC_NAPECA-Graphic-A2-1200x684-EN.png\",\"datePublished\":\"2019-09-24T18:50:13+00:00\",\"dateModified\":\"2025-12-12T19:11:24+00:00\",\"description\":\"La CCE a instaur\u00e9 ce programme de subventions en 2021 afin de financer des projets qui ciblent les collectivit\u00e9s mal desservies...\",\"breadcrumb\":{\"@id\":\"https:\\\/\\\/www.cec.org\\\/fr\\\/subventions\\\/partenariat-nord-americain-pour-laction-communautaire-en-environnement\\\/#breadcrumb\"},\"inLanguage\":\"fr-FR\",\"potentialAction\":[{\"@type\":\"ReadAction\",\"target\":[\"https:\\\/\\\/www.cec.org\\\/fr\\\/subventions\\\/partenariat-nord-americain-pour-laction-communautaire-en-environnement\\\/\"]}]},{\"@type\":\"ImageObject\",\"inLanguage\":\"fr-FR\",\"@id\":\"https:\\\/\\\/www.cec.org\\\/fr\\\/subventions\\\/partenariat-nord-americain-pour-laction-communautaire-en-environnement\\\/#primaryimage\",\"url\":\"https:\\\/\\\/www.cec.org\\\/wp-content\\\/uploads\\\/CEC_NAPECA-Graphic-A2-1200x684-EN.png\",\"contentUrl\":\"https:\\\/\\\/www.cec.org\\\/wp-content\\\/uploads\\\/CEC_NAPECA-Graphic-A2-1200x684-EN.png\",\"width\":1200,\"height\":684},{\"@type\":\"BreadcrumbList\",\"@id\":\"https:\\\/\\\/www.cec.org\\\/fr\\\/subventions\\\/partenariat-nord-americain-pour-laction-communautaire-en-environnement\\\/#breadcrumb\",\"itemListElement\":[{\"@type\":\"ListItem\",\"position\":1,\"name\":\"Accueil\",\"item\":\"https:\\\/\\\/www.cec.org\\\/fr\\\/\"},{\"@type\":\"ListItem\",\"position\":2,\"name\":\"Subventions\",\"item\":\"https:\\\/\\\/www.cec.org\\\/fr\\\/subventions\\\/\"},{\"@type\":\"ListItem\",\"position\":3,\"name\":\"Partenariat nord-am\u00e9ricain pour l\u2019action communautaire en environnement\"}]},{\"@type\":\"WebSite\",\"@id\":\"https:\\\/\\\/www.cec.org\\\/fr\\\/#website\",\"url\":\"https:\\\/\\\/www.cec.org\\\/fr\\\/\",\"name\":\"Commission for Environmental Cooperation\",\"description\":\"Three countries working together to protect our shared environment\",\"alternateName\":\"CEC - CCA -CCE\",\"potentialAction\":[{\"@type\":\"SearchAction\",\"target\":{\"@type\":\"EntryPoint\",\"urlTemplate\":\"https:\\\/\\\/www.cec.org\\\/fr\\\/?s={search_term_string}\"},\"query-input\":{\"@type\":\"PropertyValueSpecification\",\"valueRequired\":true,\"valueName\":\"search_term_string\"}}],\"inLanguage\":\"fr-FR\"}]}<\/script>\n<!-- \/ Yoast SEO Premium plugin. -->","yoast_head_json":{"title":"Partenariat nord-am\u00e9ricain pour l\u2019action communautaire en environnement","description":"La CCE a instaur\u00e9 ce programme de subventions en 2021 afin de financer des projets qui ciblent les collectivit\u00e9s mal desservies...","robots":{"index":"index","follow":"follow","max-snippet":"max-snippet:-1","max-image-preview":"max-image-preview:large","max-video-preview":"max-video-preview:-1"},"canonical":"https:\/\/www.cec.org\/fr\/subventions\/partenariat-nord-americain-pour-laction-communautaire-en-environnement\/","og_locale":"fr_FR","og_type":"article","og_title":"Partenariat nord-am\u00e9ricain pour l\u2019action communautaire en environnement","og_description":"Depuis 2010, le programme de subventions du PNAACE est au c\u0153ur d\u2019activit\u00e9s de collaboration portant sur les enjeux environnementaux pressants en Am\u00e9rique","og_url":"https:\/\/www.cec.org\/fr\/subventions\/partenariat-nord-americain-pour-laction-communautaire-en-environnement\/","og_site_name":"Commission de coop\u00e9ration environnementale","article_publisher":"https:\/\/www.facebook.com\/CECconnect","article_modified_time":"2025-12-12T19:11:24+00:00","og_image":[{"width":1200,"height":684,"url":"https:\/\/www.cec.org\/wp-content\/uploads\/CEC_NAPECA-Graphic-A2-1200x684-EN.png","type":"image\/png"}],"twitter_card":"summary_large_image","twitter_site":"@CECweb","schema":{"@context":"https:\/\/schema.org","@graph":[{"@type":"WebPage","@id":"https:\/\/www.cec.org\/fr\/subventions\/partenariat-nord-americain-pour-laction-communautaire-en-environnement\/","url":"https:\/\/www.cec.org\/fr\/subventions\/partenariat-nord-americain-pour-laction-communautaire-en-environnement\/","name":"Partenariat nord-am\u00e9ricain pour l\u2019action communautaire en environnement","isPartOf":{"@id":"https:\/\/www.cec.org\/fr\/#website"},"primaryImageOfPage":{"@id":"https:\/\/www.cec.org\/fr\/subventions\/partenariat-nord-americain-pour-laction-communautaire-en-environnement\/#primaryimage"},"image":{"@id":"https:\/\/www.cec.org\/fr\/subventions\/partenariat-nord-americain-pour-laction-communautaire-en-environnement\/#primaryimage"},"thumbnailUrl":"https:\/\/www.cec.org\/wp-content\/uploads\/CEC_NAPECA-Graphic-A2-1200x684-EN.png","datePublished":"2019-09-24T18:50:13+00:00","dateModified":"2025-12-12T19:11:24+00:00","description":"La CCE a instaur\u00e9 ce programme de subventions en 2021 afin de financer des projets qui ciblent les collectivit\u00e9s mal desservies...","breadcrumb":{"@id":"https:\/\/www.cec.org\/fr\/subventions\/partenariat-nord-americain-pour-laction-communautaire-en-environnement\/#breadcrumb"},"inLanguage":"fr-FR","potentialAction":[{"@type":"ReadAction","target":["https:\/\/www.cec.org\/fr\/subventions\/partenariat-nord-americain-pour-laction-communautaire-en-environnement\/"]}]},{"@type":"ImageObject","inLanguage":"fr-FR","@id":"https:\/\/www.cec.org\/fr\/subventions\/partenariat-nord-americain-pour-laction-communautaire-en-environnement\/#primaryimage","url":"https:\/\/www.cec.org\/wp-content\/uploads\/CEC_NAPECA-Graphic-A2-1200x684-EN.png","contentUrl":"https:\/\/www.cec.org\/wp-content\/uploads\/CEC_NAPECA-Graphic-A2-1200x684-EN.png","width":1200,"height":684},{"@type":"BreadcrumbList","@id":"https:\/\/www.cec.org\/fr\/subventions\/partenariat-nord-americain-pour-laction-communautaire-en-environnement\/#breadcrumb","itemListElement":[{"@type":"ListItem","position":1,"name":"Accueil","item":"https:\/\/www.cec.org\/fr\/"},{"@type":"ListItem","position":2,"name":"Subventions","item":"https:\/\/www.cec.org\/fr\/subventions\/"},{"@type":"ListItem","position":3,"name":"Partenariat nord-am\u00e9ricain pour l\u2019action communautaire en environnement"}]},{"@type":"WebSite","@id":"https:\/\/www.cec.org\/fr\/#website","url":"https:\/\/www.cec.org\/fr\/","name":"Commission for Environmental Cooperation","description":"Three countries working together to protect our shared environment","alternateName":"CEC - CCA -CCE","potentialAction":[{"@type":"SearchAction","target":{"@type":"EntryPoint","urlTemplate":"https:\/\/www.cec.org\/fr\/?s={search_term_string}"},"query-input":{"@type":"PropertyValueSpecification","valueRequired":true,"valueName":"search_term_string"}}],"inLanguage":"fr-FR"}]}},"_links":{"self":[{"href":"https:\/\/www.cec.org\/fr\/wp-json\/wp\/v2\/pages\/28864","targetHints":{"allow":["GET"]}}],"collection":[{"href":"https:\/\/www.cec.org\/fr\/wp-json\/wp\/v2\/pages"}],"about":[{"href":"https:\/\/www.cec.org\/fr\/wp-json\/wp\/v2\/types\/page"}],"author":[{"embeddable":true,"href":"https:\/\/www.cec.org\/fr\/wp-json\/wp\/v2\/users\/1"}],"replies":[{"embeddable":true,"href":"https:\/\/www.cec.org\/fr\/wp-json\/wp\/v2\/comments?post=28864"}],"version-history":[{"count":15,"href":"https:\/\/www.cec.org\/fr\/wp-json\/wp\/v2\/pages\/28864\/revisions"}],"predecessor-version":[{"id":61132,"href":"https:\/\/www.cec.org\/fr\/wp-json\/wp\/v2\/pages\/28864\/revisions\/61132"}],"up":[{"embeddable":true,"href":"https:\/\/www.cec.org\/fr\/wp-json\/wp\/v2\/pages\/46588"}],"wp:featuredmedia":[{"embeddable":true,"href":"https:\/\/www.cec.org\/fr\/wp-json\/wp\/v2\/media\/61129"}],"wp:attachment":[{"href":"https:\/\/www.cec.org\/fr\/wp-json\/wp\/v2\/media?parent=28864"}],"curies":[{"name":"wp","href":"https:\/\/api.w.org\/{rel}","templated":true}]}}