{"id":28860,"date":"2019-10-15T10:30:52","date_gmt":"2019-10-15T14:30:52","guid":{"rendered":"http:\/\/www.cec.org\/qui-sommes-nous\/comite-consultatif-public-mixte\/"},"modified":"2025-10-26T16:55:05","modified_gmt":"2025-10-26T20:55:05","slug":"comite-consultatif-public-mixte","status":"publish","type":"page","link":"https:\/\/www.cec.org\/fr\/qui-sommes-nous\/comite-consultatif-public-mixte\/","title":{"rendered":"Comit\u00e9 consultatif public mixte"},"content":{"rendered":"<p>Le Comit\u00e9 consultatif public mixte est compos\u00e9 de neuf citoyens, soit trois de chaque pays (Canada, Mexique, \u00c9tats-Unis). Ensemble, ils formulent des avis au Conseil sur une grande diversit\u00e9 de questions environnementales entrant dans le champ d'application de l'Accord de coop\u00e9ration dans le domaine de l'environnement.<\/p>\n","protected":false},"excerpt":{"rendered":"<p>Le Comit\u00e9 consultatif public mixte est compos\u00e9 de neuf citoyens, soit trois de chaque pays (Canada, Mexique, \u00c9tats-Unis). Ensemble, ils formulent des avis au Conseil sur une grande diversit\u00e9 de questions environnementales entrant dans le champ d&rsquo;application de l&rsquo;Accord de coop\u00e9ration dans le domaine de l&rsquo;environnement.<\/p>\n","protected":false},"author":1,"featured_media":57658,"parent":28357,"menu_order":0,"comment_status":"closed","ping_status":"closed","template":"page-jpac.php","meta":{"_acf_changed":false,"footnotes":""},"class_list":["post-28860","page","type-page","status-publish","has-post-thumbnail","hentry"],"acf":[],"yoast_head":"<!-- This site is optimized with the Yoast SEO Premium plugin v27.0 (Yoast SEO v27.0) - https:\/\/yoast.com\/product\/yoast-seo-premium-wordpress\/ -->\n<title>Comit\u00e9 consultatif public mixte (CCPM)<\/title>\n<meta name=\"description\" content=\"Le Comit\u00e9 consultatif public mixte est compos\u00e9 de quinze citoyens. Ensemble, ils formulent des avis au Conseil sur questions environnementales.\" \/>\n<meta name=\"robots\" content=\"index, follow, max-snippet:-1, max-image-preview:large, max-video-preview:-1\" \/>\n<link rel=\"canonical\" href=\"https:\/\/www.cec.org\/fr\/qui-sommes-nous\/comite-consultatif-public-mixte\/\" \/>\n<meta property=\"og:locale\" content=\"fr_FR\" \/>\n<meta property=\"og:type\" content=\"article\" \/>\n<meta property=\"og:title\" content=\"Comit\u00e9 consultatif public mixte\" \/>\n<meta property=\"og:description\" content=\"Le Comit\u00e9 consultatif public mixte est compos\u00e9 de neuf citoyens, soit trois de chaque pays (Canada, Mexique, \u00c9tats-Unis). Ensemble, ils formulent des avis\" \/>\n<meta property=\"og:url\" content=\"https:\/\/www.cec.org\/fr\/qui-sommes-nous\/comite-consultatif-public-mixte\/\" \/>\n<meta property=\"og:site_name\" content=\"Commission de coop\u00e9ration environnementale\" \/>\n<meta property=\"article:publisher\" content=\"https:\/\/www.facebook.com\/CECconnect\" \/>\n<meta property=\"article:modified_time\" content=\"2025-10-26T20:55:05+00:00\" \/>\n<meta property=\"og:image\" content=\"https:\/\/www.cec.org\/wp-content\/uploads\/jpac.webp\" \/>\n\t<meta property=\"og:image:width\" content=\"1200\" \/>\n\t<meta property=\"og:image:height\" content=\"684\" \/>\n\t<meta property=\"og:image:type\" content=\"image\/webp\" \/>\n<meta name=\"twitter:card\" content=\"summary_large_image\" \/>\n<meta name=\"twitter:site\" content=\"@CECweb\" \/>\n<script type=\"application\/ld+json\" class=\"yoast-schema-graph\">{\"@context\":\"https:\/\/schema.org\",\"@graph\":[{\"@type\":\"WebPage\",\"@id\":\"https:\/\/www.cec.org\/fr\/qui-sommes-nous\/comite-consultatif-public-mixte\/\",\"url\":\"https:\/\/www.cec.org\/fr\/qui-sommes-nous\/comite-consultatif-public-mixte\/\",\"name\":\"Comit\u00e9 consultatif public mixte (CCPM)\",\"isPartOf\":{\"@id\":\"https:\/\/www.cec.org\/fr\/#website\"},\"primaryImageOfPage\":{\"@id\":\"https:\/\/www.cec.org\/fr\/qui-sommes-nous\/comite-consultatif-public-mixte\/#primaryimage\"},\"image\":{\"@id\":\"https:\/\/www.cec.org\/fr\/qui-sommes-nous\/comite-consultatif-public-mixte\/#primaryimage\"},\"thumbnailUrl\":\"https:\/\/www.cec.org\/wp-content\/uploads\/jpac.webp\",\"datePublished\":\"2019-10-15T14:30:52+00:00\",\"dateModified\":\"2025-10-26T20:55:05+00:00\",\"description\":\"Le Comit\u00e9 consultatif public mixte est compos\u00e9 de quinze citoyens. Ensemble, ils formulent des avis au Conseil sur questions environnementales.\",\"breadcrumb\":{\"@id\":\"https:\/\/www.cec.org\/fr\/qui-sommes-nous\/comite-consultatif-public-mixte\/#breadcrumb\"},\"inLanguage\":\"fr-FR\",\"potentialAction\":[{\"@type\":\"ReadAction\",\"target\":[\"https:\/\/www.cec.org\/fr\/qui-sommes-nous\/comite-consultatif-public-mixte\/\"]}]},{\"@type\":\"ImageObject\",\"inLanguage\":\"fr-FR\",\"@id\":\"https:\/\/www.cec.org\/fr\/qui-sommes-nous\/comite-consultatif-public-mixte\/#primaryimage\",\"url\":\"https:\/\/www.cec.org\/wp-content\/uploads\/jpac.webp\",\"contentUrl\":\"https:\/\/www.cec.org\/wp-content\/uploads\/jpac.webp\",\"width\":1200,\"height\":684,\"caption\":\"Speakers presenting findings before the Joint Public Advisory Committee\"},{\"@type\":\"BreadcrumbList\",\"@id\":\"https:\/\/www.cec.org\/fr\/qui-sommes-nous\/comite-consultatif-public-mixte\/#breadcrumb\",\"itemListElement\":[{\"@type\":\"ListItem\",\"position\":1,\"name\":\"Accueil\",\"item\":\"https:\/\/www.cec.org\/fr\/\"},{\"@type\":\"ListItem\",\"position\":2,\"name\":\"Qui sommes-nous?\",\"item\":\"https:\/\/www.cec.org\/fr\/about\/\"},{\"@type\":\"ListItem\",\"position\":3,\"name\":\"Comit\u00e9 consultatif public mixte\"}]},{\"@type\":\"WebSite\",\"@id\":\"https:\/\/www.cec.org\/fr\/#website\",\"url\":\"https:\/\/www.cec.org\/fr\/\",\"name\":\"Commission for Environmental Cooperation\",\"description\":\"Three countries working together to protect our shared environment\",\"alternateName\":\"CEC - CCA -CCE\",\"potentialAction\":[{\"@type\":\"SearchAction\",\"target\":{\"@type\":\"EntryPoint\",\"urlTemplate\":\"https:\/\/www.cec.org\/fr\/?s={search_term_string}\"},\"query-input\":{\"@type\":\"PropertyValueSpecification\",\"valueRequired\":true,\"valueName\":\"search_term_string\"}}],\"inLanguage\":\"fr-FR\"}]}<\/script>\n<!-- \/ Yoast SEO Premium plugin. -->","yoast_head_json":{"title":"Comit\u00e9 consultatif public mixte (CCPM)","description":"Le Comit\u00e9 consultatif public mixte est compos\u00e9 de quinze citoyens. Ensemble, ils formulent des avis au Conseil sur questions environnementales.","robots":{"index":"index","follow":"follow","max-snippet":"max-snippet:-1","max-image-preview":"max-image-preview:large","max-video-preview":"max-video-preview:-1"},"canonical":"https:\/\/www.cec.org\/fr\/qui-sommes-nous\/comite-consultatif-public-mixte\/","og_locale":"fr_FR","og_type":"article","og_title":"Comit\u00e9 consultatif public mixte","og_description":"Le Comit\u00e9 consultatif public mixte est compos\u00e9 de neuf citoyens, soit trois de chaque pays (Canada, Mexique, \u00c9tats-Unis). Ensemble, ils formulent des avis","og_url":"https:\/\/www.cec.org\/fr\/qui-sommes-nous\/comite-consultatif-public-mixte\/","og_site_name":"Commission de coop\u00e9ration environnementale","article_publisher":"https:\/\/www.facebook.com\/CECconnect","article_modified_time":"2025-10-26T20:55:05+00:00","og_image":[{"width":1200,"height":684,"url":"https:\/\/www.cec.org\/wp-content\/uploads\/jpac.webp","type":"image\/webp"}],"twitter_card":"summary_large_image","twitter_site":"@CECweb","schema":{"@context":"https:\/\/schema.org","@graph":[{"@type":"WebPage","@id":"https:\/\/www.cec.org\/fr\/qui-sommes-nous\/comite-consultatif-public-mixte\/","url":"https:\/\/www.cec.org\/fr\/qui-sommes-nous\/comite-consultatif-public-mixte\/","name":"Comit\u00e9 consultatif public mixte (CCPM)","isPartOf":{"@id":"https:\/\/www.cec.org\/fr\/#website"},"primaryImageOfPage":{"@id":"https:\/\/www.cec.org\/fr\/qui-sommes-nous\/comite-consultatif-public-mixte\/#primaryimage"},"image":{"@id":"https:\/\/www.cec.org\/fr\/qui-sommes-nous\/comite-consultatif-public-mixte\/#primaryimage"},"thumbnailUrl":"https:\/\/www.cec.org\/wp-content\/uploads\/jpac.webp","datePublished":"2019-10-15T14:30:52+00:00","dateModified":"2025-10-26T20:55:05+00:00","description":"Le Comit\u00e9 consultatif public mixte est compos\u00e9 de quinze citoyens. Ensemble, ils formulent des avis au Conseil sur questions environnementales.","breadcrumb":{"@id":"https:\/\/www.cec.org\/fr\/qui-sommes-nous\/comite-consultatif-public-mixte\/#breadcrumb"},"inLanguage":"fr-FR","potentialAction":[{"@type":"ReadAction","target":["https:\/\/www.cec.org\/fr\/qui-sommes-nous\/comite-consultatif-public-mixte\/"]}]},{"@type":"ImageObject","inLanguage":"fr-FR","@id":"https:\/\/www.cec.org\/fr\/qui-sommes-nous\/comite-consultatif-public-mixte\/#primaryimage","url":"https:\/\/www.cec.org\/wp-content\/uploads\/jpac.webp","contentUrl":"https:\/\/www.cec.org\/wp-content\/uploads\/jpac.webp","width":1200,"height":684,"caption":"Speakers presenting findings before the Joint Public Advisory Committee"},{"@type":"BreadcrumbList","@id":"https:\/\/www.cec.org\/fr\/qui-sommes-nous\/comite-consultatif-public-mixte\/#breadcrumb","itemListElement":[{"@type":"ListItem","position":1,"name":"Accueil","item":"https:\/\/www.cec.org\/fr\/"},{"@type":"ListItem","position":2,"name":"Qui sommes-nous?","item":"https:\/\/www.cec.org\/fr\/about\/"},{"@type":"ListItem","position":3,"name":"Comit\u00e9 consultatif public mixte"}]},{"@type":"WebSite","@id":"https:\/\/www.cec.org\/fr\/#website","url":"https:\/\/www.cec.org\/fr\/","name":"Commission for Environmental Cooperation","description":"Three countries working together to protect our shared environment","alternateName":"CEC - CCA -CCE","potentialAction":[{"@type":"SearchAction","target":{"@type":"EntryPoint","urlTemplate":"https:\/\/www.cec.org\/fr\/?s={search_term_string}"},"query-input":{"@type":"PropertyValueSpecification","valueRequired":true,"valueName":"search_term_string"}}],"inLanguage":"fr-FR"}]}},"_links":{"self":[{"href":"https:\/\/www.cec.org\/fr\/wp-json\/wp\/v2\/pages\/28860","targetHints":{"allow":["GET"]}}],"collection":[{"href":"https:\/\/www.cec.org\/fr\/wp-json\/wp\/v2\/pages"}],"about":[{"href":"https:\/\/www.cec.org\/fr\/wp-json\/wp\/v2\/types\/page"}],"author":[{"embeddable":true,"href":"https:\/\/www.cec.org\/fr\/wp-json\/wp\/v2\/users\/1"}],"replies":[{"embeddable":true,"href":"https:\/\/www.cec.org\/fr\/wp-json\/wp\/v2\/comments?post=28860"}],"version-history":[{"count":4,"href":"https:\/\/www.cec.org\/fr\/wp-json\/wp\/v2\/pages\/28860\/revisions"}],"predecessor-version":[{"id":48809,"href":"https:\/\/www.cec.org\/fr\/wp-json\/wp\/v2\/pages\/28860\/revisions\/48809"}],"up":[{"embeddable":true,"href":"https:\/\/www.cec.org\/fr\/wp-json\/wp\/v2\/pages\/28357"}],"wp:featuredmedia":[{"embeddable":true,"href":"https:\/\/www.cec.org\/fr\/wp-json\/wp\/v2\/media\/57658"}],"wp:attachment":[{"href":"https:\/\/www.cec.org\/fr\/wp-json\/wp\/v2\/media?parent=28860"}],"curies":[{"name":"wp","href":"https:\/\/api.w.org\/{rel}","templated":true}]}}