{"id":28500,"date":"2019-11-29T16:05:38","date_gmt":"2019-11-29T21:05:38","guid":{"rendered":"http:\/\/www.cec.org\/qui-sommes-nous\/initiatives-pour-les-jeunes\/"},"modified":"2024-07-11T13:34:47","modified_gmt":"2024-07-11T17:34:47","slug":"defi-innovation-jeunesse","status":"publish","type":"page","link":"https:\/\/www.cec.org\/fr\/sujets\/engagement-jeunesse\/defi-innovation-jeunesse\/","title":{"rendered":"D\u00e9fi innovation jeunesse"},"content":{"rendered":"<p>De 2017 \u00e0 2023, la CCE a organis\u00e9 le D\u00e9fi innovation jeunesse, concours qui invitait les jeunes du Canada, du Mexique et des \u00c9tats-Unis \u00e0 pr\u00e9senter leurs id\u00e9es et solutions novatrices pour am\u00e9liorer tant l\u2019environnement que l\u2019\u00e9conomie de l\u2019Am\u00e9rique du Nord.<br \/>\n<!--Depuis 2017, la Commission organise chaque ann\u00e9e le D\u00e9fi innovation jeunesse, qui invite les jeunes du Canada, du Mexique et des \u00c9tats-Unis \u00e0 soumettre leurs id\u00e9es et solutions novatrices pour am\u00e9liorer l'environnement et l'\u00e9conomie de l'Am\u00e9rique du Nord.--><\/p>\n","protected":false},"excerpt":{"rendered":"<p>De 2017 \u00e0 2023, la CCE a organis\u00e9 le D\u00e9fi innovation jeunesse, concours qui invitait les jeunes du Canada, du Mexique et des \u00c9tats-Unis \u00e0 pr\u00e9senter leurs id\u00e9es et solutions novatrices pour am\u00e9liorer tant l\u2019environnement que l\u2019\u00e9conomie de l\u2019Am\u00e9rique du Nord.<\/p>\n","protected":false},"author":1,"featured_media":46813,"parent":48991,"menu_order":0,"comment_status":"closed","ping_status":"closed","template":"page-yic.php","meta":{"_acf_changed":false,"footnotes":""},"class_list":["post-28500","page","type-page","status-publish","has-post-thumbnail","hentry"],"acf":[],"yoast_head":"<!-- This site is optimized with the Yoast SEO Premium plugin v27.0 (Yoast SEO v27.0) - https:\/\/yoast.com\/product\/yoast-seo-premium-wordpress\/ -->\n<title>Initiatives pour les jeunes<\/title>\n<meta name=\"description\" content=\"Nos initiatives pour les jeunes encouragent les dirigeants de demain \u00e0 utiliser leurs connaissances et leur cr\u00e9ativit\u00e9 pour trouver des solutions aux d\u00e9fis environnementaux\" \/>\n<meta name=\"robots\" content=\"index, follow, max-snippet:-1, max-image-preview:large, max-video-preview:-1\" \/>\n<link rel=\"canonical\" href=\"https:\/\/www.cec.org\/fr\/sujets\/engagement-jeunesse\/defi-innovation-jeunesse\/\" \/>\n<meta property=\"og:locale\" content=\"fr_FR\" \/>\n<meta property=\"og:type\" content=\"article\" \/>\n<meta property=\"og:title\" content=\"D\u00e9fi innovation jeunesse\" \/>\n<meta property=\"og:description\" content=\"De 2017 \u00e0 2023, la CCE a organis\u00e9 le D\u00e9fi innovation jeunesse, concours qui invitait les jeunes du Canada, du Mexique et des \u00c9tats-Unis \u00e0 pr\u00e9senter leurs\" \/>\n<meta property=\"og:url\" content=\"https:\/\/www.cec.org\/fr\/sujets\/engagement-jeunesse\/defi-innovation-jeunesse\/\" \/>\n<meta property=\"og:site_name\" content=\"Commission de coop\u00e9ration environnementale\" \/>\n<meta property=\"article:publisher\" content=\"https:\/\/www.facebook.com\/CECconnect\" \/>\n<meta property=\"article:modified_time\" content=\"2024-07-11T17:34:47+00:00\" \/>\n<meta property=\"og:image\" content=\"https:\/\/www.cec.org\/wp-content\/uploads\/yic-thumbnail-3.jpg\" \/>\n\t<meta property=\"og:image:width\" content=\"600\" \/>\n\t<meta property=\"og:image:height\" content=\"342\" \/>\n\t<meta property=\"og:image:type\" content=\"image\/jpeg\" \/>\n<meta name=\"twitter:card\" content=\"summary_large_image\" \/>\n<meta name=\"twitter:site\" content=\"@CECweb\" \/>\n<script type=\"application\/ld+json\" class=\"yoast-schema-graph\">{\"@context\":\"https:\/\/schema.org\",\"@graph\":[{\"@type\":\"WebPage\",\"@id\":\"https:\/\/www.cec.org\/fr\/sujets\/engagement-jeunesse\/defi-innovation-jeunesse\/\",\"url\":\"https:\/\/www.cec.org\/fr\/sujets\/engagement-jeunesse\/defi-innovation-jeunesse\/\",\"name\":\"Initiatives pour les jeunes\",\"isPartOf\":{\"@id\":\"https:\/\/www.cec.org\/fr\/#website\"},\"primaryImageOfPage\":{\"@id\":\"https:\/\/www.cec.org\/fr\/sujets\/engagement-jeunesse\/defi-innovation-jeunesse\/#primaryimage\"},\"image\":{\"@id\":\"https:\/\/www.cec.org\/fr\/sujets\/engagement-jeunesse\/defi-innovation-jeunesse\/#primaryimage\"},\"thumbnailUrl\":\"https:\/\/www.cec.org\/wp-content\/uploads\/yic-thumbnail-3.jpg\",\"datePublished\":\"2019-11-29T21:05:38+00:00\",\"dateModified\":\"2024-07-11T17:34:47+00:00\",\"description\":\"Nos initiatives pour les jeunes encouragent les dirigeants de demain \u00e0 utiliser leurs connaissances et leur cr\u00e9ativit\u00e9 pour trouver des solutions aux d\u00e9fis environnementaux\",\"breadcrumb\":{\"@id\":\"https:\/\/www.cec.org\/fr\/sujets\/engagement-jeunesse\/defi-innovation-jeunesse\/#breadcrumb\"},\"inLanguage\":\"fr-FR\",\"potentialAction\":[{\"@type\":\"ReadAction\",\"target\":[\"https:\/\/www.cec.org\/fr\/sujets\/engagement-jeunesse\/defi-innovation-jeunesse\/\"]}]},{\"@type\":\"ImageObject\",\"inLanguage\":\"fr-FR\",\"@id\":\"https:\/\/www.cec.org\/fr\/sujets\/engagement-jeunesse\/defi-innovation-jeunesse\/#primaryimage\",\"url\":\"https:\/\/www.cec.org\/wp-content\/uploads\/yic-thumbnail-3.jpg\",\"contentUrl\":\"https:\/\/www.cec.org\/wp-content\/uploads\/yic-thumbnail-3.jpg\",\"width\":600,\"height\":342,\"caption\":\"D\u00e9fi innovation jeunesse\"},{\"@type\":\"BreadcrumbList\",\"@id\":\"https:\/\/www.cec.org\/fr\/sujets\/engagement-jeunesse\/defi-innovation-jeunesse\/#breadcrumb\",\"itemListElement\":[{\"@type\":\"ListItem\",\"position\":1,\"name\":\"Accueil\",\"item\":\"https:\/\/www.cec.org\/fr\/\"},{\"@type\":\"ListItem\",\"position\":2,\"name\":\"Sujets\",\"item\":\"https:\/\/www.cec.org\/fr\/sujets\/\"},{\"@type\":\"ListItem\",\"position\":3,\"name\":\"Engagement jeunesse\",\"item\":\"https:\/\/www.cec.org\/fr\/topics\/youth-engagement\/\"},{\"@type\":\"ListItem\",\"position\":4,\"name\":\"D\u00e9fi innovation jeunesse\"}]},{\"@type\":\"WebSite\",\"@id\":\"https:\/\/www.cec.org\/fr\/#website\",\"url\":\"https:\/\/www.cec.org\/fr\/\",\"name\":\"Commission for Environmental Cooperation\",\"description\":\"Three countries working together to protect our shared environment\",\"alternateName\":\"CEC - CCA -CCE\",\"potentialAction\":[{\"@type\":\"SearchAction\",\"target\":{\"@type\":\"EntryPoint\",\"urlTemplate\":\"https:\/\/www.cec.org\/fr\/?s={search_term_string}\"},\"query-input\":{\"@type\":\"PropertyValueSpecification\",\"valueRequired\":true,\"valueName\":\"search_term_string\"}}],\"inLanguage\":\"fr-FR\"}]}<\/script>\n<!-- \/ Yoast SEO Premium plugin. -->","yoast_head_json":{"title":"Initiatives pour les jeunes","description":"Nos initiatives pour les jeunes encouragent les dirigeants de demain \u00e0 utiliser leurs connaissances et leur cr\u00e9ativit\u00e9 pour trouver des solutions aux d\u00e9fis environnementaux","robots":{"index":"index","follow":"follow","max-snippet":"max-snippet:-1","max-image-preview":"max-image-preview:large","max-video-preview":"max-video-preview:-1"},"canonical":"https:\/\/www.cec.org\/fr\/sujets\/engagement-jeunesse\/defi-innovation-jeunesse\/","og_locale":"fr_FR","og_type":"article","og_title":"D\u00e9fi innovation jeunesse","og_description":"De 2017 \u00e0 2023, la CCE a organis\u00e9 le D\u00e9fi innovation jeunesse, concours qui invitait les jeunes du Canada, du Mexique et des \u00c9tats-Unis \u00e0 pr\u00e9senter leurs","og_url":"https:\/\/www.cec.org\/fr\/sujets\/engagement-jeunesse\/defi-innovation-jeunesse\/","og_site_name":"Commission de coop\u00e9ration environnementale","article_publisher":"https:\/\/www.facebook.com\/CECconnect","article_modified_time":"2024-07-11T17:34:47+00:00","og_image":[{"width":600,"height":342,"url":"https:\/\/www.cec.org\/wp-content\/uploads\/yic-thumbnail-3.jpg","type":"image\/jpeg"}],"twitter_card":"summary_large_image","twitter_site":"@CECweb","schema":{"@context":"https:\/\/schema.org","@graph":[{"@type":"WebPage","@id":"https:\/\/www.cec.org\/fr\/sujets\/engagement-jeunesse\/defi-innovation-jeunesse\/","url":"https:\/\/www.cec.org\/fr\/sujets\/engagement-jeunesse\/defi-innovation-jeunesse\/","name":"Initiatives pour les jeunes","isPartOf":{"@id":"https:\/\/www.cec.org\/fr\/#website"},"primaryImageOfPage":{"@id":"https:\/\/www.cec.org\/fr\/sujets\/engagement-jeunesse\/defi-innovation-jeunesse\/#primaryimage"},"image":{"@id":"https:\/\/www.cec.org\/fr\/sujets\/engagement-jeunesse\/defi-innovation-jeunesse\/#primaryimage"},"thumbnailUrl":"https:\/\/www.cec.org\/wp-content\/uploads\/yic-thumbnail-3.jpg","datePublished":"2019-11-29T21:05:38+00:00","dateModified":"2024-07-11T17:34:47+00:00","description":"Nos initiatives pour les jeunes encouragent les dirigeants de demain \u00e0 utiliser leurs connaissances et leur cr\u00e9ativit\u00e9 pour trouver des solutions aux d\u00e9fis environnementaux","breadcrumb":{"@id":"https:\/\/www.cec.org\/fr\/sujets\/engagement-jeunesse\/defi-innovation-jeunesse\/#breadcrumb"},"inLanguage":"fr-FR","potentialAction":[{"@type":"ReadAction","target":["https:\/\/www.cec.org\/fr\/sujets\/engagement-jeunesse\/defi-innovation-jeunesse\/"]}]},{"@type":"ImageObject","inLanguage":"fr-FR","@id":"https:\/\/www.cec.org\/fr\/sujets\/engagement-jeunesse\/defi-innovation-jeunesse\/#primaryimage","url":"https:\/\/www.cec.org\/wp-content\/uploads\/yic-thumbnail-3.jpg","contentUrl":"https:\/\/www.cec.org\/wp-content\/uploads\/yic-thumbnail-3.jpg","width":600,"height":342,"caption":"D\u00e9fi innovation jeunesse"},{"@type":"BreadcrumbList","@id":"https:\/\/www.cec.org\/fr\/sujets\/engagement-jeunesse\/defi-innovation-jeunesse\/#breadcrumb","itemListElement":[{"@type":"ListItem","position":1,"name":"Accueil","item":"https:\/\/www.cec.org\/fr\/"},{"@type":"ListItem","position":2,"name":"Sujets","item":"https:\/\/www.cec.org\/fr\/sujets\/"},{"@type":"ListItem","position":3,"name":"Engagement jeunesse","item":"https:\/\/www.cec.org\/fr\/topics\/youth-engagement\/"},{"@type":"ListItem","position":4,"name":"D\u00e9fi innovation jeunesse"}]},{"@type":"WebSite","@id":"https:\/\/www.cec.org\/fr\/#website","url":"https:\/\/www.cec.org\/fr\/","name":"Commission for Environmental Cooperation","description":"Three countries working together to protect our shared environment","alternateName":"CEC - CCA -CCE","potentialAction":[{"@type":"SearchAction","target":{"@type":"EntryPoint","urlTemplate":"https:\/\/www.cec.org\/fr\/?s={search_term_string}"},"query-input":{"@type":"PropertyValueSpecification","valueRequired":true,"valueName":"search_term_string"}}],"inLanguage":"fr-FR"}]}},"_links":{"self":[{"href":"https:\/\/www.cec.org\/fr\/wp-json\/wp\/v2\/pages\/28500","targetHints":{"allow":["GET"]}}],"collection":[{"href":"https:\/\/www.cec.org\/fr\/wp-json\/wp\/v2\/pages"}],"about":[{"href":"https:\/\/www.cec.org\/fr\/wp-json\/wp\/v2\/types\/page"}],"author":[{"embeddable":true,"href":"https:\/\/www.cec.org\/fr\/wp-json\/wp\/v2\/users\/1"}],"replies":[{"embeddable":true,"href":"https:\/\/www.cec.org\/fr\/wp-json\/wp\/v2\/comments?post=28500"}],"version-history":[{"count":3,"href":"https:\/\/www.cec.org\/fr\/wp-json\/wp\/v2\/pages\/28500\/revisions"}],"predecessor-version":[{"id":54367,"href":"https:\/\/www.cec.org\/fr\/wp-json\/wp\/v2\/pages\/28500\/revisions\/54367"}],"up":[{"embeddable":true,"href":"https:\/\/www.cec.org\/fr\/wp-json\/wp\/v2\/pages\/48991"}],"wp:featuredmedia":[{"embeddable":true,"href":"https:\/\/www.cec.org\/fr\/wp-json\/wp\/v2\/media\/46813"}],"wp:attachment":[{"href":"https:\/\/www.cec.org\/fr\/wp-json\/wp\/v2\/media?parent=28500"}],"curies":[{"name":"wp","href":"https:\/\/api.w.org\/{rel}","templated":true}]}}