{"id":27582,"date":"2019-08-21T14:30:31","date_gmt":"2019-08-21T18:30:31","guid":{"rendered":"http:\/\/www.cec.org\/politique-de-confidentialite\/"},"modified":"2024-07-11T13:35:03","modified_gmt":"2024-07-11T17:35:03","slug":"politique-de-confidentialite","status":"publish","type":"page","link":"https:\/\/www.cec.org\/fr\/politique-de-confidentialite\/","title":{"rendered":"Politique de confidentialit\u00e9"},"content":{"rendered":"&#13;\n<p>La CCE s'engage \u00e0 prot\u00e9ger la confidentialit\u00e9 des personnes qui visitent et utilisent le site et adh\u00e8re \u00e0 la politique de confidentialit\u00e9 expos\u00e9e ci-apr\u00e8s.<\/p>&#13;\n<p><strong>Renseignements personnels<\/strong><\/p>\n<ul>\n<li>Le site Web de la CCE ne saisit pas automatiquement de renseignements personnels vous concernant express\u00e9ment, comme votre nom, votre num\u00e9ro de t\u00e9l\u00e9phone ou votre adresse \u00e9lectronique. Nous n'obtenons des renseignements de ce type que lorsque vous nous les fournissez en nous envoyant un courriel ou en envoyant un expos\u00e9 ou une pr\u00e9sentation (publique) \u00e0 la CCE.<\/li>\n<\/ul>\n<p><strong>Liste de diffusion de la CCE<\/strong><\/p>\n<ul>\n<li>Les adresses \u00e9lectroniques ne sont pas partag\u00e9es avec des tiers. Les demandes de d\u00e9sinscription entra\u00eenent la suppression de l'adresse \u00e9lectronique et les informations qui y sont associ\u00e9es de la base de donn\u00e9es de la liste de diffusion.<\/li>\n<\/ul>\n<p><strong>Web Logs<\/strong><\/p>\n<ul>\n<li>Notre logiciel d'analyse et nos serveurs permettent de collecter des informations et ainsi suivre et rapporter le comportement des utilisateurs. Cette cueillette de renseignements n'a pas pour objet d'identifier les utilisateurs en particulier, mais de suivre les tendances g\u00e9n\u00e9rales des modes d'utilisation de notre site.<\/li>\n<\/ul>\n<p><strong>Utilisation de t\u00e9moins (cookies)<\/strong><\/p>\n<ul>\n<li>Le site Web de la CCE utilise des t\u00e9moins pour aider les utilisateurs \u00e0 transf\u00e9rer des informations vers diff\u00e9rentes parties du site, en sauvegardant par exemple certains param\u00e8tres de configuration tels que la langue de l'utilisateur. Avec ces t\u00e9moins, nous ne recueillons ni ne conservons aucun renseignement identificatoire.<\/li>\n<\/ul>\n","protected":false},"excerpt":{"rendered":"<p>&#13; La CCE s&rsquo;engage \u00e0 prot\u00e9ger la confidentialit\u00e9 des personnes qui visitent et utilisent le site et adh\u00e8re \u00e0 la politique de confidentialit\u00e9 expos\u00e9e ci-apr\u00e8s. &#13; Renseignements personnels Le site Web de la CCE ne saisit pas automatiquement de renseignements personnels vous concernant express\u00e9ment, comme votre nom, votre num\u00e9ro de t\u00e9l\u00e9phone ou votre adresse \u00e9lectronique. [&hellip;]<\/p>\n","protected":false},"author":1,"featured_media":0,"parent":0,"menu_order":0,"comment_status":"closed","ping_status":"closed","template":"","meta":{"_acf_changed":false,"footnotes":""},"class_list":["post-27582","page","type-page","status-publish","hentry"],"acf":[],"yoast_head":"<!-- This site is optimized with the Yoast SEO Premium plugin v27.0 (Yoast SEO v27.0) - https:\/\/yoast.com\/product\/yoast-seo-premium-wordpress\/ -->\n<title>Politique de confidentialit\u00e9<\/title>\n<meta name=\"description\" content=\"&#013; La CCE s&#039;engage \u00e0 prot\u00e9ger la confidentialit\u00e9 des personnes qui visitent et utilisent le site et adh\u00e8re \u00e0 la politique de confidentialit\u00e9 expos\u00e9e\" \/>\n<meta name=\"robots\" content=\"index, follow, max-snippet:-1, max-image-preview:large, max-video-preview:-1\" \/>\n<link rel=\"canonical\" href=\"https:\/\/www.cec.org\/fr\/politique-de-confidentialite\/\" \/>\n<meta property=\"og:locale\" content=\"fr_FR\" \/>\n<meta property=\"og:type\" content=\"article\" \/>\n<meta property=\"og:title\" content=\"Politique de confidentialit\u00e9\" \/>\n<meta property=\"og:description\" content=\"&#013; La CCE s&#039;engage \u00e0 prot\u00e9ger la confidentialit\u00e9 des personnes qui visitent et utilisent le site et adh\u00e8re \u00e0 la politique de confidentialit\u00e9 expos\u00e9e\" \/>\n<meta property=\"og:url\" content=\"https:\/\/www.cec.org\/fr\/politique-de-confidentialite\/\" \/>\n<meta property=\"og:site_name\" content=\"Commission de coop\u00e9ration environnementale\" \/>\n<meta property=\"article:publisher\" content=\"https:\/\/www.facebook.com\/CECconnect\" \/>\n<meta property=\"article:modified_time\" content=\"2024-07-11T17:35:03+00:00\" \/>\n<meta property=\"og:image\" content=\"https:\/\/www.cec.org\/wp-content\/uploads\/cec-cover2023.webp\" \/>\n\t<meta property=\"og:image:width\" content=\"1200\" \/>\n\t<meta property=\"og:image:height\" content=\"630\" \/>\n\t<meta property=\"og:image:type\" content=\"image\/webp\" \/>\n<meta name=\"twitter:card\" content=\"summary_large_image\" \/>\n<meta name=\"twitter:site\" content=\"@CECweb\" \/>\n<script type=\"application\/ld+json\" class=\"yoast-schema-graph\">{\"@context\":\"https:\/\/schema.org\",\"@graph\":[{\"@type\":\"WebPage\",\"@id\":\"https:\/\/www.cec.org\/fr\/politique-de-confidentialite\/\",\"url\":\"https:\/\/www.cec.org\/fr\/politique-de-confidentialite\/\",\"name\":\"Politique de confidentialit\u00e9\",\"isPartOf\":{\"@id\":\"https:\/\/www.cec.org\/fr\/#website\"},\"datePublished\":\"2019-08-21T18:30:31+00:00\",\"dateModified\":\"2024-07-11T17:35:03+00:00\",\"description\":\"&#13; La CCE s'engage \u00e0 prot\u00e9ger la confidentialit\u00e9 des personnes qui visitent et utilisent le site et adh\u00e8re \u00e0 la politique de confidentialit\u00e9 expos\u00e9e\",\"breadcrumb\":{\"@id\":\"https:\/\/www.cec.org\/fr\/politique-de-confidentialite\/#breadcrumb\"},\"inLanguage\":\"fr-FR\",\"potentialAction\":[{\"@type\":\"ReadAction\",\"target\":[\"https:\/\/www.cec.org\/fr\/politique-de-confidentialite\/\"]}]},{\"@type\":\"BreadcrumbList\",\"@id\":\"https:\/\/www.cec.org\/fr\/politique-de-confidentialite\/#breadcrumb\",\"itemListElement\":[{\"@type\":\"ListItem\",\"position\":1,\"name\":\"Accueil\",\"item\":\"https:\/\/www.cec.org\/fr\/\"},{\"@type\":\"ListItem\",\"position\":2,\"name\":\"Politique de confidentialit\u00e9\"}]},{\"@type\":\"WebSite\",\"@id\":\"https:\/\/www.cec.org\/fr\/#website\",\"url\":\"https:\/\/www.cec.org\/fr\/\",\"name\":\"Commission for Environmental Cooperation\",\"description\":\"Three countries working together to protect our shared environment\",\"alternateName\":\"CEC - CCA -CCE\",\"potentialAction\":[{\"@type\":\"SearchAction\",\"target\":{\"@type\":\"EntryPoint\",\"urlTemplate\":\"https:\/\/www.cec.org\/fr\/?s={search_term_string}\"},\"query-input\":{\"@type\":\"PropertyValueSpecification\",\"valueRequired\":true,\"valueName\":\"search_term_string\"}}],\"inLanguage\":\"fr-FR\"}]}<\/script>\n<!-- \/ Yoast SEO Premium plugin. -->","yoast_head_json":{"title":"Politique de confidentialit\u00e9","description":"&#13; La CCE s'engage \u00e0 prot\u00e9ger la confidentialit\u00e9 des personnes qui visitent et utilisent le site et adh\u00e8re \u00e0 la politique de confidentialit\u00e9 expos\u00e9e","robots":{"index":"index","follow":"follow","max-snippet":"max-snippet:-1","max-image-preview":"max-image-preview:large","max-video-preview":"max-video-preview:-1"},"canonical":"https:\/\/www.cec.org\/fr\/politique-de-confidentialite\/","og_locale":"fr_FR","og_type":"article","og_title":"Politique de confidentialit\u00e9","og_description":"&#13; La CCE s'engage \u00e0 prot\u00e9ger la confidentialit\u00e9 des personnes qui visitent et utilisent le site et adh\u00e8re \u00e0 la politique de confidentialit\u00e9 expos\u00e9e","og_url":"https:\/\/www.cec.org\/fr\/politique-de-confidentialite\/","og_site_name":"Commission de coop\u00e9ration environnementale","article_publisher":"https:\/\/www.facebook.com\/CECconnect","article_modified_time":"2024-07-11T17:35:03+00:00","og_image":[{"width":1200,"height":630,"url":"https:\/\/www.cec.org\/wp-content\/uploads\/cec-cover2023.webp","type":"image\/webp"}],"twitter_card":"summary_large_image","twitter_site":"@CECweb","schema":{"@context":"https:\/\/schema.org","@graph":[{"@type":"WebPage","@id":"https:\/\/www.cec.org\/fr\/politique-de-confidentialite\/","url":"https:\/\/www.cec.org\/fr\/politique-de-confidentialite\/","name":"Politique de confidentialit\u00e9","isPartOf":{"@id":"https:\/\/www.cec.org\/fr\/#website"},"datePublished":"2019-08-21T18:30:31+00:00","dateModified":"2024-07-11T17:35:03+00:00","description":"&#13; La CCE s'engage \u00e0 prot\u00e9ger la confidentialit\u00e9 des personnes qui visitent et utilisent le site et adh\u00e8re \u00e0 la politique de confidentialit\u00e9 expos\u00e9e","breadcrumb":{"@id":"https:\/\/www.cec.org\/fr\/politique-de-confidentialite\/#breadcrumb"},"inLanguage":"fr-FR","potentialAction":[{"@type":"ReadAction","target":["https:\/\/www.cec.org\/fr\/politique-de-confidentialite\/"]}]},{"@type":"BreadcrumbList","@id":"https:\/\/www.cec.org\/fr\/politique-de-confidentialite\/#breadcrumb","itemListElement":[{"@type":"ListItem","position":1,"name":"Accueil","item":"https:\/\/www.cec.org\/fr\/"},{"@type":"ListItem","position":2,"name":"Politique de confidentialit\u00e9"}]},{"@type":"WebSite","@id":"https:\/\/www.cec.org\/fr\/#website","url":"https:\/\/www.cec.org\/fr\/","name":"Commission for Environmental Cooperation","description":"Three countries working together to protect our shared environment","alternateName":"CEC - CCA -CCE","potentialAction":[{"@type":"SearchAction","target":{"@type":"EntryPoint","urlTemplate":"https:\/\/www.cec.org\/fr\/?s={search_term_string}"},"query-input":{"@type":"PropertyValueSpecification","valueRequired":true,"valueName":"search_term_string"}}],"inLanguage":"fr-FR"}]}},"_links":{"self":[{"href":"https:\/\/www.cec.org\/fr\/wp-json\/wp\/v2\/pages\/27582","targetHints":{"allow":["GET"]}}],"collection":[{"href":"https:\/\/www.cec.org\/fr\/wp-json\/wp\/v2\/pages"}],"about":[{"href":"https:\/\/www.cec.org\/fr\/wp-json\/wp\/v2\/types\/page"}],"author":[{"embeddable":true,"href":"https:\/\/www.cec.org\/fr\/wp-json\/wp\/v2\/users\/1"}],"replies":[{"embeddable":true,"href":"https:\/\/www.cec.org\/fr\/wp-json\/wp\/v2\/comments?post=27582"}],"version-history":[{"count":1,"href":"https:\/\/www.cec.org\/fr\/wp-json\/wp\/v2\/pages\/27582\/revisions"}],"predecessor-version":[{"id":43890,"href":"https:\/\/www.cec.org\/fr\/wp-json\/wp\/v2\/pages\/27582\/revisions\/43890"}],"wp:attachment":[{"href":"https:\/\/www.cec.org\/fr\/wp-json\/wp\/v2\/media?parent=27582"}],"curies":[{"name":"wp","href":"https:\/\/api.w.org\/{rel}","templated":true}]}}