{"id":27573,"date":"2020-01-31T19:05:48","date_gmt":"2020-02-01T00:05:48","guid":{"rendered":"http:\/\/www.cec.org\/consultations-publiques\/"},"modified":"2024-07-11T13:35:13","modified_gmt":"2024-07-11T17:35:13","slug":"consultations-publiques","status":"publish","type":"page","link":"https:\/\/www.cec.org\/fr\/qui-sommes-nous\/consultations-publiques\/","title":{"rendered":"Consultations publiques"},"content":{"rendered":"<p>Le CCPM invite r\u00e9guli\u00e8rement les membres du public \u00e0 faire part de leurs points de vue et commentaires sur des priorit\u00e9s environnementales communes \u00e0 l'occasion de r\u00e9unions et de tribunes publiques.<\/p>\n","protected":false},"excerpt":{"rendered":"<p>Le CCPM invite r\u00e9guli\u00e8rement les membres du public \u00e0 faire part de leurs points de vue et commentaires sur des priorit\u00e9s environnementales communes \u00e0 l&rsquo;occasion de r\u00e9unions et de tribunes publiques.<\/p>\n","protected":false},"author":1,"featured_media":46807,"parent":28357,"menu_order":0,"comment_status":"closed","ping_status":"closed","template":"page-consultations.php","meta":{"_acf_changed":false,"footnotes":""},"class_list":["post-27573","page","type-page","status-publish","has-post-thumbnail","hentry"],"acf":[],"yoast_head":"<!-- This site is optimized with the Yoast SEO Premium plugin v27.0 (Yoast SEO v27.0) - https:\/\/yoast.com\/product\/yoast-seo-premium-wordpress\/ -->\n<title>Consultations publiques &#8211; Commission de coop\u00e9ration environnementale<\/title>\n<meta name=\"description\" content=\"\u00c0 l\u2019occasion, le public est invit\u00e9 \u00e0 r\u00e9pondre aux demandes de commentaires portant sur l\u2019ensemble des programmes de la CCE, ou sur d\u2019autres sujets li\u00e9s \u00e0 la mise en \u0153uvre de l\u2019ACE.\" \/>\n<meta name=\"robots\" content=\"index, follow, max-snippet:-1, max-image-preview:large, max-video-preview:-1\" \/>\n<link rel=\"canonical\" href=\"https:\/\/www.cec.org\/fr\/qui-sommes-nous\/consultations-publiques\/\" \/>\n<meta property=\"og:locale\" content=\"fr_FR\" \/>\n<meta property=\"og:type\" content=\"article\" \/>\n<meta property=\"og:title\" content=\"Consultations publiques\" \/>\n<meta property=\"og:description\" content=\"Le CCPM invite r\u00e9guli\u00e8rement les membres du public \u00e0 faire part de leurs points de vue et commentaires sur des priorit\u00e9s environnementales communes \u00e0\" \/>\n<meta property=\"og:url\" content=\"https:\/\/www.cec.org\/fr\/qui-sommes-nous\/consultations-publiques\/\" \/>\n<meta property=\"og:site_name\" content=\"Commission de coop\u00e9ration environnementale\" \/>\n<meta property=\"article:publisher\" content=\"https:\/\/www.facebook.com\/CECconnect\" \/>\n<meta property=\"article:modified_time\" content=\"2024-07-11T17:35:13+00:00\" \/>\n<meta property=\"og:image\" content=\"https:\/\/www.cec.org\/wp-content\/uploads\/public-consultations-thumbnail2.jpg\" \/>\n\t<meta property=\"og:image:width\" content=\"600\" \/>\n\t<meta property=\"og:image:height\" content=\"342\" \/>\n\t<meta property=\"og:image:type\" content=\"image\/jpeg\" \/>\n<meta name=\"twitter:card\" content=\"summary_large_image\" \/>\n<meta name=\"twitter:site\" content=\"@CECweb\" \/>\n<script type=\"application\/ld+json\" class=\"yoast-schema-graph\">{\"@context\":\"https:\/\/schema.org\",\"@graph\":[{\"@type\":\"WebPage\",\"@id\":\"https:\/\/www.cec.org\/fr\/qui-sommes-nous\/consultations-publiques\/\",\"url\":\"https:\/\/www.cec.org\/fr\/qui-sommes-nous\/consultations-publiques\/\",\"name\":\"Consultations publiques &#8211; Commission de coop\u00e9ration environnementale\",\"isPartOf\":{\"@id\":\"https:\/\/www.cec.org\/fr\/#website\"},\"primaryImageOfPage\":{\"@id\":\"https:\/\/www.cec.org\/fr\/qui-sommes-nous\/consultations-publiques\/#primaryimage\"},\"image\":{\"@id\":\"https:\/\/www.cec.org\/fr\/qui-sommes-nous\/consultations-publiques\/#primaryimage\"},\"thumbnailUrl\":\"https:\/\/www.cec.org\/wp-content\/uploads\/public-consultations-thumbnail2.jpg\",\"datePublished\":\"2020-02-01T00:05:48+00:00\",\"dateModified\":\"2024-07-11T17:35:13+00:00\",\"description\":\"\u00c0 l\u2019occasion, le public est invit\u00e9 \u00e0 r\u00e9pondre aux demandes de commentaires portant sur l\u2019ensemble des programmes de la CCE, ou sur d\u2019autres sujets li\u00e9s \u00e0 la mise en \u0153uvre de l\u2019ACE.\",\"breadcrumb\":{\"@id\":\"https:\/\/www.cec.org\/fr\/qui-sommes-nous\/consultations-publiques\/#breadcrumb\"},\"inLanguage\":\"fr-FR\",\"potentialAction\":[{\"@type\":\"ReadAction\",\"target\":[\"https:\/\/www.cec.org\/fr\/qui-sommes-nous\/consultations-publiques\/\"]}]},{\"@type\":\"ImageObject\",\"inLanguage\":\"fr-FR\",\"@id\":\"https:\/\/www.cec.org\/fr\/qui-sommes-nous\/consultations-publiques\/#primaryimage\",\"url\":\"https:\/\/www.cec.org\/wp-content\/uploads\/public-consultations-thumbnail2.jpg\",\"contentUrl\":\"https:\/\/www.cec.org\/wp-content\/uploads\/public-consultations-thumbnail2.jpg\",\"width\":600,\"height\":342,\"caption\":\"demandes de commentaires du CCPM\"},{\"@type\":\"BreadcrumbList\",\"@id\":\"https:\/\/www.cec.org\/fr\/qui-sommes-nous\/consultations-publiques\/#breadcrumb\",\"itemListElement\":[{\"@type\":\"ListItem\",\"position\":1,\"name\":\"Accueil\",\"item\":\"https:\/\/www.cec.org\/fr\/\"},{\"@type\":\"ListItem\",\"position\":2,\"name\":\"Qui sommes-nous?\",\"item\":\"https:\/\/www.cec.org\/fr\/about\/\"},{\"@type\":\"ListItem\",\"position\":3,\"name\":\"Consultations publiques\"}]},{\"@type\":\"WebSite\",\"@id\":\"https:\/\/www.cec.org\/fr\/#website\",\"url\":\"https:\/\/www.cec.org\/fr\/\",\"name\":\"Commission for Environmental Cooperation\",\"description\":\"Three countries working together to protect our shared environment\",\"alternateName\":\"CEC - CCA -CCE\",\"potentialAction\":[{\"@type\":\"SearchAction\",\"target\":{\"@type\":\"EntryPoint\",\"urlTemplate\":\"https:\/\/www.cec.org\/fr\/?s={search_term_string}\"},\"query-input\":{\"@type\":\"PropertyValueSpecification\",\"valueRequired\":true,\"valueName\":\"search_term_string\"}}],\"inLanguage\":\"fr-FR\"}]}<\/script>\n<!-- \/ Yoast SEO Premium plugin. -->","yoast_head_json":{"title":"Consultations publiques &#8211; Commission de coop\u00e9ration environnementale","description":"\u00c0 l\u2019occasion, le public est invit\u00e9 \u00e0 r\u00e9pondre aux demandes de commentaires portant sur l\u2019ensemble des programmes de la CCE, ou sur d\u2019autres sujets li\u00e9s \u00e0 la mise en \u0153uvre de l\u2019ACE.","robots":{"index":"index","follow":"follow","max-snippet":"max-snippet:-1","max-image-preview":"max-image-preview:large","max-video-preview":"max-video-preview:-1"},"canonical":"https:\/\/www.cec.org\/fr\/qui-sommes-nous\/consultations-publiques\/","og_locale":"fr_FR","og_type":"article","og_title":"Consultations publiques","og_description":"Le CCPM invite r\u00e9guli\u00e8rement les membres du public \u00e0 faire part de leurs points de vue et commentaires sur des priorit\u00e9s environnementales communes \u00e0","og_url":"https:\/\/www.cec.org\/fr\/qui-sommes-nous\/consultations-publiques\/","og_site_name":"Commission de coop\u00e9ration environnementale","article_publisher":"https:\/\/www.facebook.com\/CECconnect","article_modified_time":"2024-07-11T17:35:13+00:00","og_image":[{"width":600,"height":342,"url":"https:\/\/www.cec.org\/wp-content\/uploads\/public-consultations-thumbnail2.jpg","type":"image\/jpeg"}],"twitter_card":"summary_large_image","twitter_site":"@CECweb","schema":{"@context":"https:\/\/schema.org","@graph":[{"@type":"WebPage","@id":"https:\/\/www.cec.org\/fr\/qui-sommes-nous\/consultations-publiques\/","url":"https:\/\/www.cec.org\/fr\/qui-sommes-nous\/consultations-publiques\/","name":"Consultations publiques &#8211; Commission de coop\u00e9ration environnementale","isPartOf":{"@id":"https:\/\/www.cec.org\/fr\/#website"},"primaryImageOfPage":{"@id":"https:\/\/www.cec.org\/fr\/qui-sommes-nous\/consultations-publiques\/#primaryimage"},"image":{"@id":"https:\/\/www.cec.org\/fr\/qui-sommes-nous\/consultations-publiques\/#primaryimage"},"thumbnailUrl":"https:\/\/www.cec.org\/wp-content\/uploads\/public-consultations-thumbnail2.jpg","datePublished":"2020-02-01T00:05:48+00:00","dateModified":"2024-07-11T17:35:13+00:00","description":"\u00c0 l\u2019occasion, le public est invit\u00e9 \u00e0 r\u00e9pondre aux demandes de commentaires portant sur l\u2019ensemble des programmes de la CCE, ou sur d\u2019autres sujets li\u00e9s \u00e0 la mise en \u0153uvre de l\u2019ACE.","breadcrumb":{"@id":"https:\/\/www.cec.org\/fr\/qui-sommes-nous\/consultations-publiques\/#breadcrumb"},"inLanguage":"fr-FR","potentialAction":[{"@type":"ReadAction","target":["https:\/\/www.cec.org\/fr\/qui-sommes-nous\/consultations-publiques\/"]}]},{"@type":"ImageObject","inLanguage":"fr-FR","@id":"https:\/\/www.cec.org\/fr\/qui-sommes-nous\/consultations-publiques\/#primaryimage","url":"https:\/\/www.cec.org\/wp-content\/uploads\/public-consultations-thumbnail2.jpg","contentUrl":"https:\/\/www.cec.org\/wp-content\/uploads\/public-consultations-thumbnail2.jpg","width":600,"height":342,"caption":"demandes de commentaires du CCPM"},{"@type":"BreadcrumbList","@id":"https:\/\/www.cec.org\/fr\/qui-sommes-nous\/consultations-publiques\/#breadcrumb","itemListElement":[{"@type":"ListItem","position":1,"name":"Accueil","item":"https:\/\/www.cec.org\/fr\/"},{"@type":"ListItem","position":2,"name":"Qui sommes-nous?","item":"https:\/\/www.cec.org\/fr\/about\/"},{"@type":"ListItem","position":3,"name":"Consultations publiques"}]},{"@type":"WebSite","@id":"https:\/\/www.cec.org\/fr\/#website","url":"https:\/\/www.cec.org\/fr\/","name":"Commission for Environmental Cooperation","description":"Three countries working together to protect our shared environment","alternateName":"CEC - CCA -CCE","potentialAction":[{"@type":"SearchAction","target":{"@type":"EntryPoint","urlTemplate":"https:\/\/www.cec.org\/fr\/?s={search_term_string}"},"query-input":{"@type":"PropertyValueSpecification","valueRequired":true,"valueName":"search_term_string"}}],"inLanguage":"fr-FR"}]}},"_links":{"self":[{"href":"https:\/\/www.cec.org\/fr\/wp-json\/wp\/v2\/pages\/27573","targetHints":{"allow":["GET"]}}],"collection":[{"href":"https:\/\/www.cec.org\/fr\/wp-json\/wp\/v2\/pages"}],"about":[{"href":"https:\/\/www.cec.org\/fr\/wp-json\/wp\/v2\/types\/page"}],"author":[{"embeddable":true,"href":"https:\/\/www.cec.org\/fr\/wp-json\/wp\/v2\/users\/1"}],"replies":[{"embeddable":true,"href":"https:\/\/www.cec.org\/fr\/wp-json\/wp\/v2\/comments?post=27573"}],"version-history":[{"count":2,"href":"https:\/\/www.cec.org\/fr\/wp-json\/wp\/v2\/pages\/27573\/revisions"}],"predecessor-version":[{"id":46556,"href":"https:\/\/www.cec.org\/fr\/wp-json\/wp\/v2\/pages\/27573\/revisions\/46556"}],"up":[{"embeddable":true,"href":"https:\/\/www.cec.org\/fr\/wp-json\/wp\/v2\/pages\/28357"}],"wp:featuredmedia":[{"embeddable":true,"href":"https:\/\/www.cec.org\/fr\/wp-json\/wp\/v2\/media\/46807"}],"wp:attachment":[{"href":"https:\/\/www.cec.org\/fr\/wp-json\/wp\/v2\/media?parent=27573"}],"curies":[{"name":"wp","href":"https:\/\/api.w.org\/{rel}","templated":true}]}}