{"id":27371,"date":"2020-01-27T21:28:01","date_gmt":"2020-01-28T02:28:01","guid":{"rendered":"http:\/\/www.cec.org\/programmer-nord-americain-de-gestion-de-lenergie-dans-les-chaines-dapprovisionnement\/"},"modified":"2025-02-14T12:54:02","modified_gmt":"2025-02-14T17:54:02","slug":"programmer-nord-americain-de-gestion-de-lenergie-dans-les-chaines-dapprovisionnement","status":"publish","type":"page","link":"https:\/\/www.cec.org\/fr\/programmer-nord-americain-de-gestion-de-lenergie-dans-les-chaines-dapprovisionnement\/","title":{"rendered":"Programmer nord-am\u00e9ricain de gestion de l&rsquo;\u00e9nergie dans les cha\u00eenes d&rsquo;approvisionnement"},"content":{"rendered":"<h3><strong>Objectifs du programme<\/strong><\/h3>\n<p>Ce programme offre une formation, des outils et des ressources aux FEO et \u00e0 leurs fournisseurs\u00a0<strong>pour la mise en \u0153uvre des syst\u00e8mes de gestion \u00e9nerg\u00e9tiques conformes \u00e0 la norme ISO 50001<\/strong>. Il va renforcer l\u2019expertise interne et cr\u00e9er un mod\u00e8le de formation qui pourra \u00eatre reproduit de fa\u00e7on durable \u00e0 l\u2019\u00e9chelle de la cha\u00eene d\u2019approvisionnement des FEO.<\/p>\n<p><strong>Pour les FEO<\/strong><\/p>\n<ul>\n<li>Acqu\u00e9rir des connaissances et une expertise \u00e0 propos de la mise en \u0153uvre de la norme ISO 50001.<\/li>\n<li>Am\u00e9liorer la productivit\u00e9 \u00e9nerg\u00e9tique dans l\u2019ensemble de leur cha\u00eene d\u2019approvisionnement.<\/li>\n<li>Obtenir les outils et les ressources n\u00e9cessaires \u00e0 la mise en \u0153uvre de la norme ISO 50001 avec davantage de fournisseurs \u00e0 l\u2019avenir.<\/li>\n<\/ul>\n<p><strong>Pour les fournisseurs<\/strong><\/p>\n<ul>\n<li>Apprendre comment mettre en \u0153uvre la norme ISO 50001 en vue de r\u00e9duire leurs co\u00fbts \u00e9nerg\u00e9tiques et de poss\u00e9der plus d\u2019expertise sur les syst\u00e8mes de gestion \u00e9nerg\u00e9tiques dans les usines.<\/li>\n<\/ul>\n<h3><strong>Aper\u00e7u de la formation<\/strong><\/h3>\n<p><strong>Dur\u00e9e\u00a0:\u00a0<\/strong>12 mois<\/p>\n<p><strong>Nombre total d\u2019heures de formation\u00a0:\u00a0<\/strong>64<\/p>\n<p><strong>Co\u00fbt\u00a0:<\/strong>\u00a07\u00a0500 $US par installation (n\u2019inclut pas les frais de d\u00e9placement).\u00a0Les entreprises peuvent obtenir du financement de la part des agences nationales sur l\u2019\u00e9nergie et de la CCE. Contactez-nous pour en savoir plus.<\/p>\n<p><strong>Phase 1\u00a0: Pr\u00e9paration<\/strong><\/p>\n<ul>\n<li>20 heures<\/li>\n<li>Inclut un cours pr\u00e9paratoire et une visite d\u2019usine d\u2019une journ\u00e9e et demie par le formateur, qui fera une \u00e9valuation des lacunes.<\/li>\n<\/ul>\n<p><strong>Phase 2 : Mise en \u0153uvre de la norme ISO 50001<\/strong><\/p>\n<ul>\n<li>44 heures + dossier\u00a0<em>Navigator<\/em><\/li>\n<li>Inclut\u00a0: s\u00e9ance de formation en classe, webinaires mensuels en groupe, appels individuels d\u2019encadrement mensuels et utilisation de l\u2019outil en ligne\u00a0<em>50001 Ready Navigator<\/em>\u00a0(au rythme des participants)<\/li>\n<\/ul>\n<p><strong>Phase 3 : R\u00e9capitulatif<\/strong><\/p>\n<ul>\n<li>Inclut un webinaire r\u00e9capitulatif et la reconnaissance\u00a0<em>50001 Ready<\/em><\/li>\n<\/ul>\n<p><strong>Facultatif<\/strong><\/p>\n<ul>\n<li>Examen de l\u2019\u00e9tat de pr\u00e9paration pr\u00e9alablement \u00e0 la certification (environ 7\u00a0000 $US).<\/li>\n<li><a href=\"https:\/\/pe.gatech.edu\/courses\/online-preparation-for-certified-practitioner-energy-management-systems-cp-enms\">Cours en ligne<\/a>\u00a0de formation destin\u00e9 aux sp\u00e9cialistes certifi\u00e9s des syst\u00e8mes de gestion \u00e9nerg\u00e9tique (CP EnMS), offert \u00e0 prix r\u00e9duit. On peut passer l\u2019examen de certification des CP EnMS, moyennant un co\u00fbt additionnel.<\/li>\n<\/ul>\n<p><strong>Outils et ressources<\/strong><\/p>\n<ul>\n<li><a href=\"https:\/\/navigator.lbl.gov\/\">Outil 50001 Ready Navigator<\/a>\u00a0: D\u00e9couvrez le processus de mise en \u0153uvre d\u2019un syst\u00e8me de gestion \u00e9nerg\u00e9tique, faites le suivi de vos progr\u00e8s et collaborez avec l\u2019\u00e9quipe. Disponible en anglais, en fran\u00e7ais et en espagnol.<\/li>\n<li><a href=\"https:\/\/enpi.industrialenergytools.com\/\">Outil EnPI Lite<\/a>\u00a0: Outil compl\u00e9mentaire de gestion du rendement \u00e9nerg\u00e9tique des installations, qui permet d\u2019\u00e9tablir des valeurs de base et des indicateurs de rendement \u00e9nerg\u00e9tique, et de faire le suivi des \u00e9conomies et des progr\u00e8s r\u00e9alis\u00e9s.<\/li>\n<li><a href=\"https:\/\/energy.gov\/eere\/amo\/downloads\/energy-footprint-tool\">Outil de calcul de l'empreinte \u00e9nerg\u00e9tique<\/a>\u00a0: Il fait le suivi de la consommation d\u2019\u00e9nergie et d\u00e9termine les usages \u00e9nerg\u00e9tiques significatifs.<\/li>\n<li>Acc\u00e8s \u00e0 plus de 100 ressources connexes.<\/li>\n<\/ul>\n<p>Vous trouverez\u00a0<a href=\"..\/files\/documents\/iso\/cec_iso_program_description_fr.pdf\"><strong>ici<\/strong><\/a>\u00a0une description d\u00e9taill\u00e9e de la formation.<\/p>\n<h3><strong>Objectifs du programme<\/strong><\/h3>\n<p><strong>Pour les FEO<\/strong><\/p>\n<ul>\n<li>Un mod\u00e8le reproductible \u00e0 l\u2019\u00e9chelle des cha\u00eenes d\u2019approvisionnement, adapt\u00e9 aux FEO et \u00e0 leurs fournisseurs<\/li>\n<li>Capacit\u00e9 accrue pour les FEO, gr\u00e2ce \u00e0 leurs sp\u00e9cialistes (internes et externes) de la gestion \u00e9nerg\u00e9tique, \u00e0 continuer d\u2019offrir le programme de formation et \u00e0 mettre en \u0153uvre la norme ISO 50001 dans leur cha\u00eene d\u2019approvisionnement tout en mobilisant les intervenants \u00e0 long terme<\/li>\n<li>Nombre accru de sp\u00e9cialistes de la gestion \u00e9nerg\u00e9tique disponibles (ainsi que d\u2019outils et de ressources) pour poursuivre la mise en \u0153uvre de la norme ISO 50001 \u00e0 l\u2019\u00e9chelle de la cha\u00eene d\u2019approvisionnement<\/li>\n<li>Davantage de coordination et de communication entre les FEO et les fournisseurs, \u00e0 l\u2019appui d\u2019efforts constants ax\u00e9s sur l\u2019efficacit\u00e9 \u00e9nerg\u00e9tique qui pourraient faciliter l\u2019atteinte d\u2019objectifs de durabilit\u00e9 \u00e0 long terme<\/li>\n<li>\u00c9conomies d\u2019\u00e9nergie et r\u00e9duction des \u00e9missions de carbone de cat\u00e9gorie 3 (<em>Scope 3<\/em>) dans la cha\u00eene d\u2019approvisionnement, qui pourraient \u00eatre d\u00e9clar\u00e9es aux syst\u00e8mes mondiaux (p. ex., Global Reporting Initiative, Carbon Disclosure Project et Dow Jones Sustainability Index)<\/li>\n<\/ul>\n<p><strong>Pour les fournisseurs<\/strong><\/p>\n<ul>\n<li>Formation et outils offerts aux gestionnaires et aux \u00e9quipes responsables de l\u2019\u00e9nergie de chaque installation pour mettre en \u0153uvre efficacement la norme ISO 50001 et r\u00e9aliser des \u00e9conomies sur le co\u00fbt de l\u2019\u00e9nergie<\/li>\n<li>Davantage de coordination et de communication entre les FEO et les fournisseurs, \u00e0 l\u2019appui d\u2019efforts constants ax\u00e9s sur l\u2019efficacit\u00e9 \u00e9nerg\u00e9tique qui pourraient faciliter l\u2019atteinte d\u2019objectifs de durabilit\u00e9 \u00e0 long terme<\/li>\n<li>R\u00e9duction mesurable des \u00e9missions de carbone, qui pourrait \u00eatre d\u00e9clar\u00e9e aux syst\u00e8mes mondiaux (p. ex., Global Reporting Initiative, Carbon Disclosure Project et Dow Jones Sustainability Index)<\/li>\n<\/ul>\n<h3><strong>Processus de candidature<\/strong><\/h3>\n<p>Les FEO int\u00e9ress\u00e9s doivent s\u2019adresser \u00e0 leurs fournisseurs pour constituer une cohorte de formation. Vous trouverez ci-apr\u00e8s la description des \u00e9tapes de la candidature et,\u00a0<a href=\"..\/files\/documents\/iso\/cec_iso_diagram_training_model_fr.pdf\"><strong>ici<\/strong><\/a>, un diagramme du mod\u00e8le de formation propos\u00e9.<\/p>\n<p>N\u2019h\u00e9sitez pas \u00e0 contacter la CCE si vous avez des questions sur le processus de candidature.<\/p>\n<p><strong>\u00c9TAPE 1\u00a0: Le FEO met sur pied une \u00e9quipe de coordination compos\u00e9e d\u2019un coordonnateur strat\u00e9gique et d\u2019un coordonnateur technique<\/strong><\/p>\n<p>L\u2019\u00e9quipe de coordination a pour r\u00f4le principal de recruter les installations des fournisseurs et du FEO, de commenter les progr\u00e8s r\u00e9alis\u00e9s durant la formation, et d\u2019acqu\u00e9rir une expertise de la norme ISO 50001 et de la partager (ainsi que les r\u00e9sultats obtenus) avec tous les FEO et la cha\u00eene d\u2019approvisionnement.<\/p>\n<p><strong>Coordonnateur strat\u00e9gique<\/strong><\/p>\n<p>Qualifications<\/p>\n<ul>\n<li>Membre de l\u2019\u00e9quipe charg\u00e9e de la gestion \u00e9nerg\u00e9tique au sein de l\u2019entreprise du FEO.<\/li>\n<li>Participe au programme de l\u2019entreprise du FEO sur la durabilit\u00e9 et aux travaux de l\u2019\u00e9quipe responsable.<\/li>\n<li>Participe aux travaux de l\u2019\u00e9quipe du FEO charg\u00e9e de la gestion de la cha\u00eene d\u2019approvisionnement, ou assure la liaison avec elle.<\/li>\n<\/ul>\n<p>Responsabilit\u00e9s<\/p>\n<ul>\n<li>Recrute 6 \u00e0 12 installations participantes, dont au moins la moiti\u00e9 appartiennent aux fournisseurs. La cohorte doit \u00eatre trinationale, c'est-\u00e0-dire qu'elle doit comprendre au moins une installation dans chacun des trois pays (Canada, Mexique et \u00c9tats-Unis).<\/li>\n<li>Remplit le formulaire de candidature au programme et participe \u00e0 l\u2019entrevue de recrutement.<\/li>\n<li>Participe \u00e0 une s\u00e9ance de formation en classe avec les employ\u00e9s des installations.<\/li>\n<li>Participe aux appels avec les formateurs et la CCE en vue de discuter des progr\u00e8s et de faire des recommandations visant \u00e0 am\u00e9liorer les outils et les ressources, et de d\u00e9signer d\u2019autres sp\u00e9cialistes internes ou externes qui s\u2019associeront \u00e0 cet effort.<\/li>\n<li>Diffuse les r\u00e9sultats dans les installations du FEO et dans l\u2019ensemble de la cha\u00eene d\u2019approvisionnement.<\/li>\n<\/ul>\n<p><strong>Coordonnateur technique<\/strong><\/p>\n<p>Qualifications<\/p>\n<ul>\n<li>Sp\u00e9cialiste chevronn\u00e9 de la gestion \u00e9nerg\u00e9tique pr\u00eat \u00e0 offrir un soutien technique\/de coordination au FEO et \u00e0 ses fournisseurs afin d\u2019ex\u00e9cuter le programme et de reproduire la formation \u00e0 l\u2019avenir.<\/li>\n<\/ul>\n<p>Responsabilit\u00e9s<\/p>\n<ul>\n<li>Appuie le recrutement des installations et des co-formateurs.<\/li>\n<li>Participe \u00e0 l\u2019entrevue de recrutement.<\/li>\n<li>Participe \u00e0 une s\u00e9ance de formation en classe avec les employ\u00e9s des installations.<\/li>\n<li>Suit en ligne le cours CP EnMS.<\/li>\n<li>Aide \u00e0 faire le suivi des progr\u00e8s r\u00e9alis\u00e9s par les fournisseurs, et fournit r\u00e9troaction et soutien aux formateurs.<\/li>\n<li>Participe aux appels avec les formateurs et la CCE en vue de discuter des progr\u00e8s et de faire des recommandations sur la fa\u00e7on d\u2019am\u00e9liorer les ressources de gestion \u00e9nerg\u00e9tique destin\u00e9es \u00e0 sa cha\u00eene d\u2019approvisionnement.<\/li>\n<li>Diffuse les r\u00e9sultats dans les installations du FEO et dans l\u2019ensemble de la cha\u00eene d\u2019approvisionnement.<\/li>\n<\/ul>\n<p><strong>\u00c9TAPE 2 : L\u2019\u00e9quipe de coordination recrute les installations du FEO et des fournisseurs<\/strong><\/p>\n<p>Le personnel des installations inscrites recevra la formation en groupe et individuellement. Voir la description de la formation\u00a0<a href=\"..\/files\/documents\/iso\/cec_iso_program_description_fr.pdf\">ici<\/a>.<\/p>\n<p>R\u00f4les et responsabilit\u00e9s de chaque installation\u00a0:<\/p>\n<ul>\n<li>S\u2019engager \u00e0 mener \u00e0 bien le programme de formation et obtenir la reconnaissance\u00a0<em>50001 Ready.<\/em><\/li>\n<li>Mettre sur pied une \u00e9quipe responsable de l\u2019\u00e9nergie compos\u00e9e de deux employ\u00e9s ou plus charg\u00e9s de mener \u00e0 bien le programme, et lui accorder le temps et les ressources n\u00e9cessaires pour suivre la formation, y compris la formation en classe de2,5 jours.<\/li>\n<li>Participer \u00e0 une s\u00e9ance de formation en classe (en groupe) avec les autres fournisseurs.<\/li>\n<li>Faire part des progr\u00e8s r\u00e9alis\u00e9s \u00e0 l\u2019\u00e9quipe de formateurs et au coordonnateur technique, au besoin.<\/li>\n<li>S\u2019engager \u00e0 payer 7\u00a0500 $US pour la formation*.<\/li>\n<\/ul>\n<p>*On peut obtenir un financement pour les installations par le biais des programmes \u00e9nerg\u00e9tiques nationaux.<\/p>\n<p><strong>\u00c9TAPE 3 : Le FEO remplit le formulaire de candidature<\/strong><\/p>\n<p>Le coordonnateur strat\u00e9gique du FEO remplit le formulaire de candidature pour sa cohorte d\u2019installations.\u00a0<a href=\"https:\/\/www.cec.org\/fr\/programmer-nord-americain-de-gestion-de-lenergie-dans-les-chaines-dapprovisionnement\/\">Ce formulaire est accessible ici<\/a>. La CCE fera un suivi aupr\u00e8s de chaque demandeur.<\/p>\n<h3><strong>Crit\u00e8res de s\u00e9lection<\/strong><\/h3>\n<p>Il s\u2019agit d\u2019un processus comp\u00e9titif. Les candidats seront s\u00e9lectionn\u00e9s en fonction de la pertinence de leur candidature pour chacun des crit\u00e8res \u00e9nonc\u00e9s ci-apr\u00e8s.<\/p>\n<p><strong>Expertise et capacit\u00e9s relatives \u00e0 la norme ISO 50001<\/strong><\/p>\n<ul>\n<li>Nombre d\u2019installations du FEO certifi\u00e9es ISO 50001<\/li>\n<li>Capacit\u00e9s et expertise actuelles relativement \u00e0 la norme ISO 50001 (p. ex., nombres de sp\u00e9cialistes d\u2019ISO 50001, disponibilit\u00e9 des outils et des ressources, et pratiques exemplaires de gestion \u00e9nerg\u00e9tique)<\/li>\n<li>Volont\u00e9 de faire participer des sp\u00e9cialistes internes et externes d\u2019ISO 50001 au programme et \u00e0 de futures initiatives de gestion \u00e9nerg\u00e9tique<\/li>\n<\/ul>\n<p><strong>Cha\u00eene d\u2019approvisionnement<\/strong><\/p>\n<ul>\n<li>Soutien du programme par les responsables de la cha\u00eene d\u2019approvisionnement du FEO et fa\u00e7on dont ils tirent parti des activit\u00e9s en cours<\/li>\n<li>Caract\u00e9ristiques globales de la cha\u00eene d\u2019approvisionnement nord-am\u00e9ricaine (p. ex., emplacement des fournisseurs, nombre d\u2019installations par fournisseur)<\/li>\n<li>Strat\u00e9gie globale de votre cha\u00eene d\u2019approvisionnement ax\u00e9e sur la durabilit\u00e9 et ses objectifs \u00e0 long terme<\/li>\n<li>Relation entre le FEO et ses fournisseurs, y compris dans le cadre d\u2019initiatives en cours<\/li>\n<li>Volont\u00e9 des fournisseurs de communiquer au coordonnateur technique les progr\u00e8s r\u00e9alis\u00e9s durant la formation<\/li>\n<li>Int\u00e9r\u00eat du FEO \u00e0 assumer une partie des frais de formation de ses fournisseurs<\/li>\n<\/ul>\n<p><strong>Impact et int\u00e9r\u00eat \u00e0 long terme<\/strong><\/p>\n<ul>\n<li>Impacts attendus du programme et d\u2019une adoption de la norme ISO 50001 sur la consommation d\u2019\u00e9nergie et l\u2019empreinte carbone de la cha\u00eene d\u2019approvisionnement<\/li>\n<li>Int\u00e9r\u00eat du FEO et des fournisseurs \u00e0 reproduire la formation<\/li>\n<\/ul>\n<h3><strong>\u00c0 propos de nos travaux pass\u00e9s et des partenariats ax\u00e9s sur la gestion \u00e9nerg\u00e9tique<\/strong><\/h3>\n<p>En 2017, 18 \u00e9tablissements de 9\u00a0entreprises ont termin\u00e9 Programme pilote nord-am\u00e9ricain de gestion de l\u2019\u00e9nergie. D\u00e9couvrez les participants et leurs accomplissements en <a href=\"https:\/\/www.cec.org\/fr\/programme-pilote-nord-americain-de-gestion-de-lenergie\/\">cliquant\u00a0ici<\/a>.<\/p>\n<h3><strong>Qu\u2019est-ce que la norme ISO 50001?<\/strong><\/h3>\n<p>La norme ISO 50001 \u00e9tablit un syst\u00e8me \u00e9prouv\u00e9 et reconnu mondialement pour la gestion, la mesure et l\u2019am\u00e9lioration continue du rendement \u00e9nerg\u00e9tique. Elle est bas\u00e9e sur le mod\u00e8le de gestion de l\u2019am\u00e9lioration continue \u00ab\u00a0Planifier, faire, v\u00e9rifier, agir\u00a0\u00bb, \u00e9galement utilis\u00e9 par d\u2019autres normes internationales, dont ISO 9001 et ISO 14001. Pour en savoir plus sur la norme ISO 50001, cliquez sur ce\u00a0<a href=\"https:\/\/www.iso.org\/iso-50001-energy-management.html\">lien<\/a>.<\/p>\n<p>De plus en plus d\u2019entreprises ayant des installations partout dans le monde adoptent la norme ISO 50001 pour r\u00e9aliser des \u00e9conomies substantielles, am\u00e9liorer leur image et faire conna\u00eetre leur engagement \u00e0 l\u2019\u00e9gard du d\u00e9veloppement durable. Pour en savoir plus sur les entreprises nord-am\u00e9ricaines qui ont obtenu la certification ISO 50001 et ont am\u00e9lior\u00e9 de fa\u00e7on remarquable leur rendement \u00e9nerg\u00e9tique, lisez ces\u00a0<a href=\"https:\/\/www.energy.gov\/eere\/amo\/business-case-iso-50001-and-sep\">\u00e9tudes de cas<\/a>\u00a0(en anglais).<\/p>\n<h3><strong>Partenaires du programme<\/strong><\/h3>\n<p>Le Programme nord-am\u00e9ricain de gestion de l\u2019\u00e9nergie dans les cha\u00eenes d'approvisionnement est un partenariat entre la\u00a0<a href=\"https:\/\/www.gob.mx\/conuee\"><em>Comisi\u00f3n Nacional para el Uso Eficiente de la Energ\u00eda<\/em><\/a>\u00a0(Commission nationale pour l\u2019efficacit\u00e9 \u00e9nerg\u00e9tique),\u00a0<a href=\"https:\/\/natural-resources.canada.ca\/energy-efficiency\/industry-energy-efficiency\/canadian-industry-energy-conservation\">Ressources naturelles Canada<\/a>\u00a0et l\u2019<a href=\"http:\/\/energy.gov\/eere\/amo\/superior-energy-performance\"><em>US Department of Energy<\/em><\/a>\u00a0(D\u00e9partement de l\u2019\u00e9nergie des \u00c9tats-Unis).<\/p>\n","protected":false},"excerpt":{"rendered":"<p>Objectifs du programme Ce programme offre une formation, des outils et des ressources aux FEO et \u00e0 leurs fournisseurs\u00a0pour la mise en \u0153uvre des syst\u00e8mes de gestion \u00e9nerg\u00e9tiques conformes \u00e0 la norme ISO 50001. Il va renforcer l\u2019expertise interne et cr\u00e9er un mod\u00e8le de formation qui pourra \u00eatre reproduit de fa\u00e7on durable \u00e0 l\u2019\u00e9chelle de [&hellip;]<\/p>\n","protected":false},"author":1,"featured_media":0,"parent":0,"menu_order":0,"comment_status":"closed","ping_status":"closed","template":"","meta":{"_acf_changed":false,"footnotes":""},"class_list":["post-27371","page","type-page","status-publish","hentry"],"acf":[],"yoast_head":"<!-- This site is optimized with the Yoast SEO Premium plugin v27.4 (Yoast SEO v27.4) - https:\/\/yoast.com\/product\/yoast-seo-premium-wordpress\/ -->\n<title>Programmer nord-am\u00e9ricain de gestion de l&#039;\u00e9nergie dans les cha\u00eenes d&#039;approvisionnement<\/title>\n<meta name=\"description\" content=\"Ce programme offre une formation, des outils et des ressources aux FEO et \u00e0 leurs fournisseurs\u00a0pour la mise en \u0153uvre...\" \/>\n<meta name=\"robots\" content=\"index, follow, max-snippet:-1, max-image-preview:large, max-video-preview:-1\" \/>\n<link rel=\"canonical\" href=\"https:\/\/www.cec.org\/fr\/programmer-nord-americain-de-gestion-de-lenergie-dans-les-chaines-dapprovisionnement\/\" \/>\n<meta property=\"og:locale\" content=\"fr_FR\" \/>\n<meta property=\"og:type\" content=\"article\" \/>\n<meta property=\"og:title\" content=\"Programmer nord-am\u00e9ricain de gestion de l&#039;\u00e9nergie dans les cha\u00eenes d&#039;approvisionnement\" \/>\n<meta property=\"og:description\" content=\"Objectifs du programme Ce programme offre une formation, des outils et des ressources aux FEO et \u00e0 leurs fournisseurs\u00a0pour la mise en \u0153uvre des syst\u00e8mes\" \/>\n<meta property=\"og:url\" content=\"https:\/\/www.cec.org\/fr\/programmer-nord-americain-de-gestion-de-lenergie-dans-les-chaines-dapprovisionnement\/\" \/>\n<meta property=\"og:site_name\" content=\"Commission de coop\u00e9ration environnementale\" \/>\n<meta property=\"article:publisher\" content=\"https:\/\/www.facebook.com\/CECconnect\" \/>\n<meta property=\"article:modified_time\" content=\"2025-02-14T17:54:02+00:00\" \/>\n<meta property=\"og:image\" content=\"https:\/\/www.cec.org\/wp-content\/uploads\/cec-cover2023.webp\" \/>\n\t<meta property=\"og:image:width\" content=\"1200\" \/>\n\t<meta property=\"og:image:height\" content=\"630\" \/>\n\t<meta property=\"og:image:type\" content=\"image\/webp\" \/>\n<meta name=\"twitter:card\" content=\"summary_large_image\" \/>\n<meta name=\"twitter:site\" content=\"@CECweb\" \/>\n<script type=\"application\/ld+json\" class=\"yoast-schema-graph\">{\"@context\":\"https:\\\/\\\/schema.org\",\"@graph\":[{\"@type\":\"WebPage\",\"@id\":\"https:\\\/\\\/www.cec.org\\\/fr\\\/programmer-nord-americain-de-gestion-de-lenergie-dans-les-chaines-dapprovisionnement\\\/\",\"url\":\"https:\\\/\\\/www.cec.org\\\/fr\\\/programmer-nord-americain-de-gestion-de-lenergie-dans-les-chaines-dapprovisionnement\\\/\",\"name\":\"Programmer nord-am\u00e9ricain de gestion de l'\u00e9nergie dans les cha\u00eenes d'approvisionnement\",\"isPartOf\":{\"@id\":\"https:\\\/\\\/www.cec.org\\\/fr\\\/#website\"},\"datePublished\":\"2020-01-28T02:28:01+00:00\",\"dateModified\":\"2025-02-14T17:54:02+00:00\",\"description\":\"Ce programme offre une formation, des outils et des ressources aux FEO et \u00e0 leurs fournisseurs\u00a0pour la mise en \u0153uvre...\",\"breadcrumb\":{\"@id\":\"https:\\\/\\\/www.cec.org\\\/fr\\\/programmer-nord-americain-de-gestion-de-lenergie-dans-les-chaines-dapprovisionnement\\\/#breadcrumb\"},\"inLanguage\":\"fr-FR\",\"potentialAction\":[{\"@type\":\"ReadAction\",\"target\":[\"https:\\\/\\\/www.cec.org\\\/fr\\\/programmer-nord-americain-de-gestion-de-lenergie-dans-les-chaines-dapprovisionnement\\\/\"]}]},{\"@type\":\"BreadcrumbList\",\"@id\":\"https:\\\/\\\/www.cec.org\\\/fr\\\/programmer-nord-americain-de-gestion-de-lenergie-dans-les-chaines-dapprovisionnement\\\/#breadcrumb\",\"itemListElement\":[{\"@type\":\"ListItem\",\"position\":1,\"name\":\"Accueil\",\"item\":\"https:\\\/\\\/www.cec.org\\\/fr\\\/\"},{\"@type\":\"ListItem\",\"position\":2,\"name\":\"Programmer nord-am\u00e9ricain de gestion de l&rsquo;\u00e9nergie dans les cha\u00eenes d&rsquo;approvisionnement\"}]},{\"@type\":\"WebSite\",\"@id\":\"https:\\\/\\\/www.cec.org\\\/fr\\\/#website\",\"url\":\"https:\\\/\\\/www.cec.org\\\/fr\\\/\",\"name\":\"Commission for Environmental Cooperation\",\"description\":\"Three countries working together to protect our shared environment\",\"alternateName\":\"CEC - CCA -CCE\",\"potentialAction\":[{\"@type\":\"SearchAction\",\"target\":{\"@type\":\"EntryPoint\",\"urlTemplate\":\"https:\\\/\\\/www.cec.org\\\/fr\\\/?s={search_term_string}\"},\"query-input\":{\"@type\":\"PropertyValueSpecification\",\"valueRequired\":true,\"valueName\":\"search_term_string\"}}],\"inLanguage\":\"fr-FR\"}]}<\/script>\n<!-- \/ Yoast SEO Premium plugin. -->","yoast_head_json":{"title":"Programmer nord-am\u00e9ricain de gestion de l'\u00e9nergie dans les cha\u00eenes d'approvisionnement","description":"Ce programme offre une formation, des outils et des ressources aux FEO et \u00e0 leurs fournisseurs\u00a0pour la mise en \u0153uvre...","robots":{"index":"index","follow":"follow","max-snippet":"max-snippet:-1","max-image-preview":"max-image-preview:large","max-video-preview":"max-video-preview:-1"},"canonical":"https:\/\/www.cec.org\/fr\/programmer-nord-americain-de-gestion-de-lenergie-dans-les-chaines-dapprovisionnement\/","og_locale":"fr_FR","og_type":"article","og_title":"Programmer nord-am\u00e9ricain de gestion de l'\u00e9nergie dans les cha\u00eenes d'approvisionnement","og_description":"Objectifs du programme Ce programme offre une formation, des outils et des ressources aux FEO et \u00e0 leurs fournisseurs\u00a0pour la mise en \u0153uvre des syst\u00e8mes","og_url":"https:\/\/www.cec.org\/fr\/programmer-nord-americain-de-gestion-de-lenergie-dans-les-chaines-dapprovisionnement\/","og_site_name":"Commission de coop\u00e9ration environnementale","article_publisher":"https:\/\/www.facebook.com\/CECconnect","article_modified_time":"2025-02-14T17:54:02+00:00","og_image":[{"width":1200,"height":630,"url":"https:\/\/www.cec.org\/wp-content\/uploads\/cec-cover2023.webp","type":"image\/webp"}],"twitter_card":"summary_large_image","twitter_site":"@CECweb","schema":{"@context":"https:\/\/schema.org","@graph":[{"@type":"WebPage","@id":"https:\/\/www.cec.org\/fr\/programmer-nord-americain-de-gestion-de-lenergie-dans-les-chaines-dapprovisionnement\/","url":"https:\/\/www.cec.org\/fr\/programmer-nord-americain-de-gestion-de-lenergie-dans-les-chaines-dapprovisionnement\/","name":"Programmer nord-am\u00e9ricain de gestion de l'\u00e9nergie dans les cha\u00eenes d'approvisionnement","isPartOf":{"@id":"https:\/\/www.cec.org\/fr\/#website"},"datePublished":"2020-01-28T02:28:01+00:00","dateModified":"2025-02-14T17:54:02+00:00","description":"Ce programme offre une formation, des outils et des ressources aux FEO et \u00e0 leurs fournisseurs\u00a0pour la mise en \u0153uvre...","breadcrumb":{"@id":"https:\/\/www.cec.org\/fr\/programmer-nord-americain-de-gestion-de-lenergie-dans-les-chaines-dapprovisionnement\/#breadcrumb"},"inLanguage":"fr-FR","potentialAction":[{"@type":"ReadAction","target":["https:\/\/www.cec.org\/fr\/programmer-nord-americain-de-gestion-de-lenergie-dans-les-chaines-dapprovisionnement\/"]}]},{"@type":"BreadcrumbList","@id":"https:\/\/www.cec.org\/fr\/programmer-nord-americain-de-gestion-de-lenergie-dans-les-chaines-dapprovisionnement\/#breadcrumb","itemListElement":[{"@type":"ListItem","position":1,"name":"Accueil","item":"https:\/\/www.cec.org\/fr\/"},{"@type":"ListItem","position":2,"name":"Programmer nord-am\u00e9ricain de gestion de l&rsquo;\u00e9nergie dans les cha\u00eenes d&rsquo;approvisionnement"}]},{"@type":"WebSite","@id":"https:\/\/www.cec.org\/fr\/#website","url":"https:\/\/www.cec.org\/fr\/","name":"Commission for Environmental Cooperation","description":"Three countries working together to protect our shared environment","alternateName":"CEC - CCA -CCE","potentialAction":[{"@type":"SearchAction","target":{"@type":"EntryPoint","urlTemplate":"https:\/\/www.cec.org\/fr\/?s={search_term_string}"},"query-input":{"@type":"PropertyValueSpecification","valueRequired":true,"valueName":"search_term_string"}}],"inLanguage":"fr-FR"}]}},"_links":{"self":[{"href":"https:\/\/www.cec.org\/fr\/wp-json\/wp\/v2\/pages\/27371","targetHints":{"allow":["GET"]}}],"collection":[{"href":"https:\/\/www.cec.org\/fr\/wp-json\/wp\/v2\/pages"}],"about":[{"href":"https:\/\/www.cec.org\/fr\/wp-json\/wp\/v2\/types\/page"}],"author":[{"embeddable":true,"href":"https:\/\/www.cec.org\/fr\/wp-json\/wp\/v2\/users\/1"}],"replies":[{"embeddable":true,"href":"https:\/\/www.cec.org\/fr\/wp-json\/wp\/v2\/comments?post=27371"}],"version-history":[{"count":5,"href":"https:\/\/www.cec.org\/fr\/wp-json\/wp\/v2\/pages\/27371\/revisions"}],"predecessor-version":[{"id":57742,"href":"https:\/\/www.cec.org\/fr\/wp-json\/wp\/v2\/pages\/27371\/revisions\/57742"}],"wp:attachment":[{"href":"https:\/\/www.cec.org\/fr\/wp-json\/wp\/v2\/media?parent=27371"}],"curies":[{"name":"wp","href":"https:\/\/api.w.org\/{rel}","templated":true}]}}