{"id":27358,"date":"2020-01-27T21:15:13","date_gmt":"2020-01-28T02:15:13","guid":{"rendered":"http:\/\/www.cec.org\/programme-pilote-nord-americain-de-gestion-de-lenergie\/"},"modified":"2024-07-11T13:35:07","modified_gmt":"2024-07-11T17:35:07","slug":"programme-pilote-nord-americain-de-gestion-de-lenergie","status":"publish","type":"page","link":"https:\/\/www.cec.org\/fr\/programme-pilote-nord-americain-de-gestion-de-lenergie\/","title":{"rendered":"Programme pilote nord-am\u00e9ricain de gestion de l\u2019\u00e9nergie"},"content":{"rendered":"<p>Le programme pilote nord-am\u00e9ricain de gestion de l\u2019\u00e9nergie 2016-2017 a pris fin en juin\u00a02017. En tout, 18 \u00e9tablissements industriels de 9 entreprises nord-am\u00e9ricaines ont re\u00e7u une formation \u00e9chelonn\u00e9e sur 18\u00a0mois et portant sur la norme ISO 50001 de gestion de l\u2019\u00e9nergie et le programme\u00a0<em>Superior Energy Performance<\/em>\u00ae (SEP, programme de rendement \u00e9nerg\u00e9tique sup\u00e9rieur).<\/p>\n<p><strong>R\u00e9sum\u00e9 de la formation<\/strong><\/p>\n<p>La CCE a cr\u00e9\u00e9 le programme de formation en collaboration avec des sp\u00e9cialistes de l\u2019<em>Enterprise Innovation Institute<\/em>\u00a0(Institut pour l\u2019innovation en entreprise) du\u00a0<em>Georgia Institute of Technology<\/em>\u00a0(Institut technologique de la G\u00e9orgie) et \u00ab\u00a0recrut\u00e9\u00a0\u00bb des \u00e9tablissements partout en Am\u00e9rique du Nord. Chaque \u00e9tablissement a d\u00e9sign\u00e9 un groupe d\u2019employ\u00e9s qui allaient suivre la formation tout au long du programme de 18\u00a0mois.<\/p>\n<p>La formation a \u00e9t\u00e9 donn\u00e9e entre les mois de mars\u00a02016 et juin\u00a02017 en phases align\u00e9es sur le cadre d\u2019am\u00e9lioration continue \u00ab\u00a0Planifier, faire, v\u00e9rifier, agir\u00a0\u00bb de la norme ISO 50001. Le programme de formation incluait les composantes suivantes\u00a0:<\/p>\n<ol>\n<li>Pr\u00e9paration\n<ul>\n<li>Cours en ligne d\u2019introduction \u00e0 la norme ISO 50001 et au SEP<\/li>\n<li>Pr\u00e9sentation du programme de formation, incluant les attentes et la logistique (webinaire)<\/li>\n<li>\u00c9valuation des lacunes<\/li>\n<li>D\u00e9monstration de la valeur commerciale \u00e0 la haute direction<\/li>\n<\/ul>\n<\/li>\n<li>Phase\u00a01 de la mise en \u0153uvre\u00a0: \u00ab\u00a0Planifier\u00a0\u00bb\n<ul>\n<li>3 jours de formation en classe<\/li>\n<li>Appels et webinaires d\u2019encadrement mensuels<\/li>\n<li>Suivi et rapports trimestriels<\/li>\n<\/ul>\n<\/li>\n<li>Phase II de la mise en \u0153uvre\u00a0: \u00ab\u00a0Faire\u00a0\u00bb\n<ul>\n<li>3 jours de formation en classe<\/li>\n<li>Appels et webinaires d\u2019encadrement mensuels<\/li>\n<li>Suivi et rapports trimestriels<\/li>\n<\/ul>\n<\/li>\n<li>Phase III de la mise en \u0153uvre\u00a0: \u00ab\u00a0V\u00e9rifier\u00a0\u00bb et \u00ab\u00a0Agir\u00a0\u00bb\n<ul>\n<li>3 jours de formation en classe<\/li>\n<li>Appels et webinaires d\u2019encadrement mensuels<\/li>\n<li>Suivi et rapports trimestriels<\/li>\n<\/ul>\n<\/li>\n<li>Phase IV de la mise en \u0153uvre\u00a0: \u00c9valuation\n<ul>\n<li>Formation \u00e0 distance adapt\u00e9e aux besoins (jusqu\u2019\u00e0 trois jours)<\/li>\n<li>R\u00e9vision des documents de certification<\/li>\n<\/ul>\n<\/li>\n<\/ol>\n<p><strong>Participants de la cohorte 2016\u20132017\u00a0:<\/strong><\/p>\n<p><img loading=\"lazy\" decoding=\"async\" class=\"alignnone wp-image-27353 size-full\" src=\"http:\/\/webdev2\/wp-content\/uploads\/2020\/01\/iso-map-outline-facilties.jpg\" alt=\"\" width=\"960\" height=\"960\" srcset=\"https:\/\/www.cec.org\/wp-content\/uploads\/2020\/01\/iso-map-outline-facilties.jpg 960w, https:\/\/www.cec.org\/wp-content\/uploads\/2020\/01\/iso-map-outline-facilties-300x300.jpg 300w, https:\/\/www.cec.org\/wp-content\/uploads\/2020\/01\/iso-map-outline-facilties-768x768.jpg 768w\" sizes=\"auto, (max-width: 960px) 100vw, 960px\" \/><\/p>\n<table border=\"0\" cellspacing=\"0\" cellpadding=\"0\">\n<tbody>\n<tr>\n<td valign=\"top\" width=\"30%\">\n<p class=\"rteright\"><strong>Entreprise<\/strong><\/p>\n<\/td>\n<td valign=\"top\"><strong>Emplacements<\/strong><\/td>\n<\/tr>\n<tr>\n<td>\n<p align=\"right\">(1) 3M<\/p>\n<\/td>\n<td>Brockville, Ontario, Canada<br \/>\nCottage Grove, Minnesota, \u00c9tats-Unis<br \/>\nSan Luis Potos\u00ed, San Luis Potos\u00ed, Mexique<\/td>\n<\/tr>\n<tr>\n<td>\n<p align=\"right\">(2) ArcelorMittal<\/p>\n<\/td>\n<td>Hamilton, Ontario, Canada<br \/>\nL\u00e1zaro C\u00e1rdenas, Michoac\u00e1n, Mexique<\/td>\n<\/tr>\n<tr>\n<td>\n<p align=\"right\">(3) BMW<\/p>\n<\/td>\n<td>Spartanburg, Caroline du Sud, \u00c9tats-Unis<\/td>\n<\/tr>\n<tr>\n<td>\n<p align=\"right\">(4) Cargill<\/p>\n<\/td>\n<td>Eddyville, Iowa, \u00c9tats-Unis<br \/>\nWayzata, Minnesota, \u00c9tats-Unis<\/td>\n<\/tr>\n<tr>\n<td>\n<p align=\"right\">(5) Cummins Inc.<\/p>\n<\/td>\n<td>Ciudad Ju\u00e1rez, Chihuahua, Mexique<br \/>\nSan Luis Potos\u00ed (Filtration), San Luis Potos\u00ed, Mexique<br \/>\nSan Luis Potos\u00ed (Pi\u00e8ces neuves et r\u00e9usin\u00e9es), San Luis Potos\u00ed, Mexique<\/td>\n<\/tr>\n<tr>\n<td>\n<p align=\"right\">(6) Ingersoll Rand<\/p>\n<\/td>\n<td>Monterrey, Nuevo Le\u00f3n, Mexique<\/td>\n<\/tr>\n<tr>\n<td>\n<p align=\"right\">(7) Intertape Polymer Group<\/p>\n<\/td>\n<td>Danville, Virginie, \u00c9tats-Unis<br \/>\nMarysville, Michigan, \u00c9tats-Unis<br \/>\nTruro, Nouvelle-\u00c9cosse, Canada<\/td>\n<\/tr>\n<tr>\n<td>\n<p align=\"right\">(8) New Gold<\/p>\n<\/td>\n<td>Brawley, Californie, \u00c9tats-Unis<\/td>\n<\/tr>\n<tr>\n<td>\n<p align=\"right\">(9) Titan America<\/p>\n<\/td>\n<td>Medley, Floride, \u00c9tats-Unis<br \/>\nRoanoke, Virginie, \u00c9tats-Unis<\/td>\n<\/tr>\n<\/tbody>\n<\/table>\n<p><strong>Reconnaissance lors d\u2019une tribune nord-am\u00e9ricaine<\/strong><\/p>\n<p>Le 9\u00a0mai\u00a02017, les participants ont pris part \u00e0 un d\u00e9bat avec d\u2019autres dirigeants d\u2019entreprise, des sp\u00e9cialistes de la gestion \u00e9nerg\u00e9tique et des repr\u00e9sentants de haut niveau des agences de l\u2019\u00e9nergie du Canada, du Mexique et des \u00c9tats-Unis, afin de discuter des initiatives et des possibilit\u00e9s d\u2019\u00e9conomies d\u2019\u00e9nergie dans les secteurs industriel et commercial en Am\u00e9rique du Nord gr\u00e2ce \u00e0 l\u2019acc\u00e9l\u00e9ration de la certification ISO 50001 et SEP. Le d\u00e9bat a eu lieu dans le cadre de l\u2019<em>EE Global Forum<\/em>\u00a0(forum mondial sur le rendement \u00e9nerg\u00e9tique) \u00e0 Washington, DC.<\/p>\n","protected":false},"excerpt":{"rendered":"<p>Le programme pilote nord-am\u00e9ricain de gestion de l\u2019\u00e9nergie 2016-2017 a pris fin en juin\u00a02017. En tout, 18 \u00e9tablissements industriels de 9 entreprises nord-am\u00e9ricaines ont re\u00e7u une formation \u00e9chelonn\u00e9e sur 18\u00a0mois et portant sur la norme ISO 50001 de gestion de l\u2019\u00e9nergie et le programme\u00a0Superior Energy Performance\u00ae (SEP, programme de rendement \u00e9nerg\u00e9tique sup\u00e9rieur). R\u00e9sum\u00e9 de la [&hellip;]<\/p>\n","protected":false},"author":1,"featured_media":0,"parent":0,"menu_order":0,"comment_status":"closed","ping_status":"closed","template":"","meta":{"_acf_changed":false,"footnotes":""},"class_list":["post-27358","page","type-page","status-publish","hentry"],"acf":[],"yoast_head":"<!-- This site is optimized with the Yoast SEO Premium plugin v27.0 (Yoast SEO v27.0) - https:\/\/yoast.com\/product\/yoast-seo-premium-wordpress\/ -->\n<title>Programme pilote nord-am\u00e9ricain de gestion de l\u2019\u00e9nergie<\/title>\n<meta name=\"description\" content=\"Le programme pilote nord-am\u00e9ricain de gestion de l\u2019\u00e9nergie 2016-2017 a pris fin en juin\u00a02017. En tout, 18 \u00e9tablissements industriels de 9 entreprises\" \/>\n<meta name=\"robots\" content=\"index, follow, max-snippet:-1, max-image-preview:large, max-video-preview:-1\" \/>\n<link rel=\"canonical\" href=\"https:\/\/www.cec.org\/fr\/programme-pilote-nord-americain-de-gestion-de-lenergie\/\" \/>\n<meta property=\"og:locale\" content=\"fr_FR\" \/>\n<meta property=\"og:type\" content=\"article\" \/>\n<meta property=\"og:title\" content=\"Programme pilote nord-am\u00e9ricain de gestion de l\u2019\u00e9nergie\" \/>\n<meta property=\"og:description\" content=\"Le programme pilote nord-am\u00e9ricain de gestion de l\u2019\u00e9nergie 2016-2017 a pris fin en juin\u00a02017. En tout, 18 \u00e9tablissements industriels de 9 entreprises\" \/>\n<meta property=\"og:url\" content=\"https:\/\/www.cec.org\/fr\/programme-pilote-nord-americain-de-gestion-de-lenergie\/\" \/>\n<meta property=\"og:site_name\" content=\"Commission de coop\u00e9ration environnementale\" \/>\n<meta property=\"article:publisher\" content=\"https:\/\/www.facebook.com\/CECconnect\" \/>\n<meta property=\"article:modified_time\" content=\"2024-07-11T17:35:07+00:00\" \/>\n<meta property=\"og:image\" content=\"http:\/\/webdev2\/wp-content\/uploads\/2020\/01\/iso-map-outline-facilties.jpg\" \/>\n<meta name=\"twitter:card\" content=\"summary_large_image\" \/>\n<meta name=\"twitter:site\" content=\"@CECweb\" \/>\n<script type=\"application\/ld+json\" class=\"yoast-schema-graph\">{\"@context\":\"https:\/\/schema.org\",\"@graph\":[{\"@type\":\"WebPage\",\"@id\":\"https:\/\/www.cec.org\/fr\/programme-pilote-nord-americain-de-gestion-de-lenergie\/\",\"url\":\"https:\/\/www.cec.org\/fr\/programme-pilote-nord-americain-de-gestion-de-lenergie\/\",\"name\":\"Programme pilote nord-am\u00e9ricain de gestion de l\u2019\u00e9nergie\",\"isPartOf\":{\"@id\":\"https:\/\/www.cec.org\/fr\/#website\"},\"primaryImageOfPage\":{\"@id\":\"https:\/\/www.cec.org\/fr\/programme-pilote-nord-americain-de-gestion-de-lenergie\/#primaryimage\"},\"image\":{\"@id\":\"https:\/\/www.cec.org\/fr\/programme-pilote-nord-americain-de-gestion-de-lenergie\/#primaryimage\"},\"thumbnailUrl\":\"http:\/\/webdev2\/wp-content\/uploads\/2020\/01\/iso-map-outline-facilties.jpg\",\"datePublished\":\"2020-01-28T02:15:13+00:00\",\"dateModified\":\"2024-07-11T17:35:07+00:00\",\"description\":\"Le programme pilote nord-am\u00e9ricain de gestion de l\u2019\u00e9nergie 2016-2017 a pris fin en juin\u00a02017. En tout, 18 \u00e9tablissements industriels de 9 entreprises\",\"breadcrumb\":{\"@id\":\"https:\/\/www.cec.org\/fr\/programme-pilote-nord-americain-de-gestion-de-lenergie\/#breadcrumb\"},\"inLanguage\":\"fr-FR\",\"potentialAction\":[{\"@type\":\"ReadAction\",\"target\":[\"https:\/\/www.cec.org\/fr\/programme-pilote-nord-americain-de-gestion-de-lenergie\/\"]}]},{\"@type\":\"ImageObject\",\"inLanguage\":\"fr-FR\",\"@id\":\"https:\/\/www.cec.org\/fr\/programme-pilote-nord-americain-de-gestion-de-lenergie\/#primaryimage\",\"url\":\"http:\/\/webdev2\/wp-content\/uploads\/2020\/01\/iso-map-outline-facilties.jpg\",\"contentUrl\":\"http:\/\/webdev2\/wp-content\/uploads\/2020\/01\/iso-map-outline-facilties.jpg\"},{\"@type\":\"BreadcrumbList\",\"@id\":\"https:\/\/www.cec.org\/fr\/programme-pilote-nord-americain-de-gestion-de-lenergie\/#breadcrumb\",\"itemListElement\":[{\"@type\":\"ListItem\",\"position\":1,\"name\":\"Accueil\",\"item\":\"https:\/\/www.cec.org\/fr\/\"},{\"@type\":\"ListItem\",\"position\":2,\"name\":\"Programme pilote nord-am\u00e9ricain de gestion de l\u2019\u00e9nergie\"}]},{\"@type\":\"WebSite\",\"@id\":\"https:\/\/www.cec.org\/fr\/#website\",\"url\":\"https:\/\/www.cec.org\/fr\/\",\"name\":\"Commission for Environmental Cooperation\",\"description\":\"Three countries working together to protect our shared environment\",\"alternateName\":\"CEC - CCA -CCE\",\"potentialAction\":[{\"@type\":\"SearchAction\",\"target\":{\"@type\":\"EntryPoint\",\"urlTemplate\":\"https:\/\/www.cec.org\/fr\/?s={search_term_string}\"},\"query-input\":{\"@type\":\"PropertyValueSpecification\",\"valueRequired\":true,\"valueName\":\"search_term_string\"}}],\"inLanguage\":\"fr-FR\"}]}<\/script>\n<!-- \/ Yoast SEO Premium plugin. -->","yoast_head_json":{"title":"Programme pilote nord-am\u00e9ricain de gestion de l\u2019\u00e9nergie","description":"Le programme pilote nord-am\u00e9ricain de gestion de l\u2019\u00e9nergie 2016-2017 a pris fin en juin\u00a02017. En tout, 18 \u00e9tablissements industriels de 9 entreprises","robots":{"index":"index","follow":"follow","max-snippet":"max-snippet:-1","max-image-preview":"max-image-preview:large","max-video-preview":"max-video-preview:-1"},"canonical":"https:\/\/www.cec.org\/fr\/programme-pilote-nord-americain-de-gestion-de-lenergie\/","og_locale":"fr_FR","og_type":"article","og_title":"Programme pilote nord-am\u00e9ricain de gestion de l\u2019\u00e9nergie","og_description":"Le programme pilote nord-am\u00e9ricain de gestion de l\u2019\u00e9nergie 2016-2017 a pris fin en juin\u00a02017. En tout, 18 \u00e9tablissements industriels de 9 entreprises","og_url":"https:\/\/www.cec.org\/fr\/programme-pilote-nord-americain-de-gestion-de-lenergie\/","og_site_name":"Commission de coop\u00e9ration environnementale","article_publisher":"https:\/\/www.facebook.com\/CECconnect","article_modified_time":"2024-07-11T17:35:07+00:00","og_image":[{"url":"http:\/\/webdev2\/wp-content\/uploads\/2020\/01\/iso-map-outline-facilties.jpg","type":"","width":"","height":""}],"twitter_card":"summary_large_image","twitter_site":"@CECweb","schema":{"@context":"https:\/\/schema.org","@graph":[{"@type":"WebPage","@id":"https:\/\/www.cec.org\/fr\/programme-pilote-nord-americain-de-gestion-de-lenergie\/","url":"https:\/\/www.cec.org\/fr\/programme-pilote-nord-americain-de-gestion-de-lenergie\/","name":"Programme pilote nord-am\u00e9ricain de gestion de l\u2019\u00e9nergie","isPartOf":{"@id":"https:\/\/www.cec.org\/fr\/#website"},"primaryImageOfPage":{"@id":"https:\/\/www.cec.org\/fr\/programme-pilote-nord-americain-de-gestion-de-lenergie\/#primaryimage"},"image":{"@id":"https:\/\/www.cec.org\/fr\/programme-pilote-nord-americain-de-gestion-de-lenergie\/#primaryimage"},"thumbnailUrl":"http:\/\/webdev2\/wp-content\/uploads\/2020\/01\/iso-map-outline-facilties.jpg","datePublished":"2020-01-28T02:15:13+00:00","dateModified":"2024-07-11T17:35:07+00:00","description":"Le programme pilote nord-am\u00e9ricain de gestion de l\u2019\u00e9nergie 2016-2017 a pris fin en juin\u00a02017. En tout, 18 \u00e9tablissements industriels de 9 entreprises","breadcrumb":{"@id":"https:\/\/www.cec.org\/fr\/programme-pilote-nord-americain-de-gestion-de-lenergie\/#breadcrumb"},"inLanguage":"fr-FR","potentialAction":[{"@type":"ReadAction","target":["https:\/\/www.cec.org\/fr\/programme-pilote-nord-americain-de-gestion-de-lenergie\/"]}]},{"@type":"ImageObject","inLanguage":"fr-FR","@id":"https:\/\/www.cec.org\/fr\/programme-pilote-nord-americain-de-gestion-de-lenergie\/#primaryimage","url":"http:\/\/webdev2\/wp-content\/uploads\/2020\/01\/iso-map-outline-facilties.jpg","contentUrl":"http:\/\/webdev2\/wp-content\/uploads\/2020\/01\/iso-map-outline-facilties.jpg"},{"@type":"BreadcrumbList","@id":"https:\/\/www.cec.org\/fr\/programme-pilote-nord-americain-de-gestion-de-lenergie\/#breadcrumb","itemListElement":[{"@type":"ListItem","position":1,"name":"Accueil","item":"https:\/\/www.cec.org\/fr\/"},{"@type":"ListItem","position":2,"name":"Programme pilote nord-am\u00e9ricain de gestion de l\u2019\u00e9nergie"}]},{"@type":"WebSite","@id":"https:\/\/www.cec.org\/fr\/#website","url":"https:\/\/www.cec.org\/fr\/","name":"Commission for Environmental Cooperation","description":"Three countries working together to protect our shared environment","alternateName":"CEC - CCA -CCE","potentialAction":[{"@type":"SearchAction","target":{"@type":"EntryPoint","urlTemplate":"https:\/\/www.cec.org\/fr\/?s={search_term_string}"},"query-input":{"@type":"PropertyValueSpecification","valueRequired":true,"valueName":"search_term_string"}}],"inLanguage":"fr-FR"}]}},"_links":{"self":[{"href":"https:\/\/www.cec.org\/fr\/wp-json\/wp\/v2\/pages\/27358","targetHints":{"allow":["GET"]}}],"collection":[{"href":"https:\/\/www.cec.org\/fr\/wp-json\/wp\/v2\/pages"}],"about":[{"href":"https:\/\/www.cec.org\/fr\/wp-json\/wp\/v2\/types\/page"}],"author":[{"embeddable":true,"href":"https:\/\/www.cec.org\/fr\/wp-json\/wp\/v2\/users\/1"}],"replies":[{"embeddable":true,"href":"https:\/\/www.cec.org\/fr\/wp-json\/wp\/v2\/comments?post=27358"}],"version-history":[{"count":1,"href":"https:\/\/www.cec.org\/fr\/wp-json\/wp\/v2\/pages\/27358\/revisions"}],"predecessor-version":[{"id":43891,"href":"https:\/\/www.cec.org\/fr\/wp-json\/wp\/v2\/pages\/27358\/revisions\/43891"}],"wp:attachment":[{"href":"https:\/\/www.cec.org\/fr\/wp-json\/wp\/v2\/media?parent=27358"}],"curies":[{"name":"wp","href":"https:\/\/api.w.org\/{rel}","templated":true}]}}