{"id":27003,"date":"2020-01-09T09:36:07","date_gmt":"2020-01-09T14:36:07","guid":{"rendered":"http:\/\/www.cec.org\/formation-sur-la-gestion-ecologiquement-rationnelle\/"},"modified":"2024-07-11T13:34:44","modified_gmt":"2024-07-11T17:34:44","slug":"formation-sur-la-gestion-ecologiquement-rationnelle","status":"publish","type":"page","link":"https:\/\/www.cec.org\/fr\/formation-sur-la-gestion-ecologiquement-rationnelle\/","title":{"rendered":"Formation sur la gestion \u00e9cologiquement rationnelle"},"content":{"rendered":"<p>La CCE a cr\u00e9\u00e9 un programme de formation sur les pratiques de gestion \u00e9cologiquement rationnelle (GER), afin d\u2019aider les petites et moyennes entreprises qui recyclent et reconditionnent des produits \u00e9lectroniques usag\u00e9s et en fin de vie utile en Am\u00e9rique du Nord \u00e0 cr\u00e9er et maintenir des emplois \u00ab verts \u00bb.<\/p>\n<p>On peut d\u00e9finir la GER comme l\u2019ensemble des mesures prises pour faire en sorte que les produits usag\u00e9s et\/ou en fin de vie et les d\u00e9chets soient g\u00e9r\u00e9s de mani\u00e8re \u00e0 prot\u00e9ger la sant\u00e9 humaine et l\u2019environnement. L\u2019adoption de mesures de GER apporte des avantages bien r\u00e9els\u00a0:<\/p>\n<ol>\n<li><strong>La GER peut cr\u00e9er des occasions d\u2019affaires<\/strong>\u00a0pour les entreprises \u2014 Les clients sont d\u00e9sormais plus nombreux \u00e0 exiger que les transformateurs de produits \u00e9lectroniques utilisent des m\u00e9thodes de GER. La GER peut donc constituer un avantage commercial.<\/li>\n<li><strong>La GER dans les \u00e9tablissements de reconditionnement ou de recyclage pourrait contribuer \u00e0 l\u2019augmentation des profits, du fait qu\u2019on r\u00e9cup\u00e8re une plus grande quantit\u00e9 de mati\u00e8res.\u00a0<\/strong>Avec des m\u00e9thodes de GER, on pourrait r\u00e9cup\u00e9rer des mati\u00e8res ayant une grande valeur \u00e9conomique\u2014par exemple, des m\u00e9taux pr\u00e9cieux comme l\u2019or, le nickel, le cuivre ou le palladium, et parfois m\u00eame des \u00e9l\u00e9ments de terres rares. La mise en \u0153uvre de m\u00e9thodes de GER permet d\u2019am\u00e9liorer l\u2019efficacit\u00e9 op\u00e9rationnelle, gr\u00e2ce \u00e0 l\u2019utilisation de nouveaux syst\u00e8mes et proc\u00e9d\u00e9s ax\u00e9s sur\u00a0<strong>la r\u00e9duction des d\u00e9chets, la r\u00e9utilisation et le recyclage<\/strong>.<\/li>\n<li><strong>La GER prot\u00e8ge la sant\u00e9 des travailleurs, les familles, les collectivit\u00e9s et l\u2019environnement<\/strong>. Les activit\u00e9s des \u00e9tablissements de transformation de produits \u00e9lectroniques us\u00e9es et en fin de vie peuvent avoir des impacts importants sur la sant\u00e9 des travailleurs, la collectivit\u00e9 et l\u2019environnement. La GER peut contribuer \u00e0 une am\u00e9lioration de la sant\u00e9 et de la s\u00e9curit\u00e9 des travailleurs, de m\u00eame qu\u2019\u00e0 la protection des collectivit\u00e9s locales et de l\u2019environnement. La GER suppose \u00e9galement le respect de la l\u00e9gislation sur la sant\u00e9 et la s\u00e9curit\u00e9 et sur la protection de l\u2019environnement.<\/li>\n<\/ol>\n<p>Pour acc\u00e9der \u00e0 la formation sur la GER, veuillez cliquer sur le lien suivant :<\/p>\n<table>\n<tbody>\n<tr>\n<th>Gestionnaires<\/th>\n<th>Employ\u00e9s et superviseurs<\/th>\n<\/tr>\n<tr>\n<td><a href=\"..\/..\/files\/documents\/ger\/managers_qa12_18_esm_overview_v1-f1.pdf\">Vue d&rsquo;ensemble de la formation<\/a><\/td>\n<td><a href=\"..\/..\/files\/documents\/ger\/qa12_18_esm_overview_v1-f1.pdf\">Vue d&rsquo;ensemble de la formation<\/a><\/td>\n<\/tr>\n<tr>\n<td><a href=\"..\/..\/files\/documents\/ger\/managers_qa12_18_esm_mod_1a_v1-f1.pdf\">Module 1a : Introduction \u00e0 la GER<\/a><\/td>\n<td><a href=\"..\/..\/files\/documents\/ger\/qa12_18_esm_mod_1b_v1-f1.pdf\">Module 1b : Introduction \u00e0 la GER<\/a><\/td>\n<\/tr>\n<tr>\n<td colspan=\"2\"><a href=\"..\/..\/files\/documents\/ger\/managers_qa12_18_esm_mod_2_v1-f1.pdf\">Module 2 : Engagement de la direction<\/a><\/td>\n<\/tr>\n<tr>\n<td><a href=\"..\/..\/files\/documents\/ger\/managers_qa12_18_esm_mod_3a_v1-f1.pdf\">Module 3a : \u00c9valuation des risques<\/a><\/td>\n<td><a href=\"..\/..\/files\/documents\/ger\/qa12_18_esm_mod_3b_v1-f1.pdf\">Module 3b : \u00c9valuation des risques<\/a><\/td>\n<\/tr>\n<tr>\n<td><a href=\"..\/..\/files\/documents\/ger\/managers_qa12_18_esm_mod_4a_v1-f1.pdf\">Module 4a : Pr\u00e9vention et r\u00e9duction des risques<\/a><\/td>\n<td><a href=\"..\/..\/files\/documents\/ger\/qa12_18_esm_mod_4b_v1-f1.pdf\">Module 4b : Pr\u00e9vention et r\u00e9duction des risques<\/a><\/td>\n<\/tr>\n<tr>\n<td colspan=\"2\"><a href=\"..\/..\/files\/documents\/ger\/managers_qa12_18_esm_mod_5_v1-f1.pdf\">Module 5 : Conformit\u00e9 \u00e0 la loi<\/a><\/td>\n<\/tr>\n<tr>\n<td><a href=\"..\/..\/files\/documents\/ger\/managers_qa12_18_esm_mod_6_v1-f1.pdf\">Module 6 : Tenue de dossiers et mesure du rendement<\/a><\/td>\n<td><a href=\"..\/..\/files\/documents\/ger\/qa12_18_esm_mod_6_v1-f1.pdf\">Module 6 : Tenue de dossiers et mesure du rendement<\/a><\/td>\n<\/tr>\n<tr>\n<td><a href=\"..\/..\/files\/documents\/ger\/managers_qa12_18_esm_mod_7a_v1-f2.pdf\">Module 7a : Auto\u00e9valuation de l&rsquo;apprentissage<\/a><\/td>\n<td><a href=\"..\/..\/files\/documents\/ger\/qa12_18_esm_mod_7b_v1-f1.pdf\">Module 7b : Auto\u00e9valuation de l&rsquo;apprentissage<\/a><\/td>\n<\/tr>\n<\/tbody>\n<\/table>\n","protected":false},"excerpt":{"rendered":"<p>La CCE a cr\u00e9\u00e9 un programme de formation sur les pratiques de gestion \u00e9cologiquement rationnelle (GER), afin d\u2019aider les petites et moyennes entreprises qui recyclent et reconditionnent des produits \u00e9lectroniques usag\u00e9s et en fin de vie utile en Am\u00e9rique du Nord \u00e0 cr\u00e9er et maintenir des emplois \u00ab verts \u00bb. On peut d\u00e9finir la GER [&hellip;]<\/p>\n","protected":false},"author":1,"featured_media":54067,"parent":0,"menu_order":0,"comment_status":"closed","ping_status":"closed","template":"","meta":{"_acf_changed":false,"footnotes":""},"class_list":["post-27003","page","type-page","status-publish","has-post-thumbnail","hentry"],"acf":[],"yoast_head":"<!-- This site is optimized with the Yoast SEO Premium plugin v27.0 (Yoast SEO v27.0) - https:\/\/yoast.com\/product\/yoast-seo-premium-wordpress\/ -->\n<title>Formation sur la gestion \u00e9cologiquement rationnelle<\/title>\n<meta name=\"description\" content=\"La CCE a cr\u00e9\u00e9 un programme de formation sur les pratiques de gestion \u00e9cologiquement rationnelle (GER), afin d\u2019aider les petites et moyennes entreprises\" \/>\n<meta name=\"robots\" content=\"index, follow, max-snippet:-1, max-image-preview:large, max-video-preview:-1\" \/>\n<link rel=\"canonical\" href=\"https:\/\/www.cec.org\/fr\/formation-sur-la-gestion-ecologiquement-rationnelle\/\" \/>\n<meta property=\"og:locale\" content=\"fr_FR\" \/>\n<meta property=\"og:type\" content=\"article\" \/>\n<meta property=\"og:title\" content=\"Formation sur la gestion \u00e9cologiquement rationnelle\" \/>\n<meta property=\"og:description\" content=\"La CCE a cr\u00e9\u00e9 un programme de formation sur les pratiques de gestion \u00e9cologiquement rationnelle (GER), afin d\u2019aider les petites et moyennes entreprises\" \/>\n<meta property=\"og:url\" content=\"https:\/\/www.cec.org\/fr\/formation-sur-la-gestion-ecologiquement-rationnelle\/\" \/>\n<meta property=\"og:site_name\" content=\"Commission de coop\u00e9ration environnementale\" \/>\n<meta property=\"article:publisher\" content=\"https:\/\/www.facebook.com\/CECconnect\" \/>\n<meta property=\"article:modified_time\" content=\"2024-07-11T17:34:44+00:00\" \/>\n<meta property=\"og:image\" content=\"https:\/\/www.cec.org\/wp-content\/uploads\/esm.webp\" \/>\n\t<meta property=\"og:image:width\" content=\"1200\" \/>\n\t<meta property=\"og:image:height\" content=\"684\" \/>\n\t<meta property=\"og:image:type\" content=\"image\/webp\" \/>\n<meta name=\"twitter:card\" content=\"summary_large_image\" \/>\n<meta name=\"twitter:site\" content=\"@CECweb\" \/>\n<script type=\"application\/ld+json\" class=\"yoast-schema-graph\">{\"@context\":\"https:\/\/schema.org\",\"@graph\":[{\"@type\":\"WebPage\",\"@id\":\"https:\/\/www.cec.org\/fr\/formation-sur-la-gestion-ecologiquement-rationnelle\/\",\"url\":\"https:\/\/www.cec.org\/fr\/formation-sur-la-gestion-ecologiquement-rationnelle\/\",\"name\":\"Formation sur la gestion \u00e9cologiquement rationnelle\",\"isPartOf\":{\"@id\":\"https:\/\/www.cec.org\/fr\/#website\"},\"primaryImageOfPage\":{\"@id\":\"https:\/\/www.cec.org\/fr\/formation-sur-la-gestion-ecologiquement-rationnelle\/#primaryimage\"},\"image\":{\"@id\":\"https:\/\/www.cec.org\/fr\/formation-sur-la-gestion-ecologiquement-rationnelle\/#primaryimage\"},\"thumbnailUrl\":\"https:\/\/www.cec.org\/wp-content\/uploads\/esm.webp\",\"datePublished\":\"2020-01-09T14:36:07+00:00\",\"dateModified\":\"2024-07-11T17:34:44+00:00\",\"description\":\"La CCE a cr\u00e9\u00e9 un programme de formation sur les pratiques de gestion \u00e9cologiquement rationnelle (GER), afin d\u2019aider les petites et moyennes entreprises\",\"breadcrumb\":{\"@id\":\"https:\/\/www.cec.org\/fr\/formation-sur-la-gestion-ecologiquement-rationnelle\/#breadcrumb\"},\"inLanguage\":\"fr-FR\",\"potentialAction\":[{\"@type\":\"ReadAction\",\"target\":[\"https:\/\/www.cec.org\/fr\/formation-sur-la-gestion-ecologiquement-rationnelle\/\"]}]},{\"@type\":\"ImageObject\",\"inLanguage\":\"fr-FR\",\"@id\":\"https:\/\/www.cec.org\/fr\/formation-sur-la-gestion-ecologiquement-rationnelle\/#primaryimage\",\"url\":\"https:\/\/www.cec.org\/wp-content\/uploads\/esm.webp\",\"contentUrl\":\"https:\/\/www.cec.org\/wp-content\/uploads\/esm.webp\",\"width\":1200,\"height\":684,\"caption\":\"ESM discarded electronic waste\"},{\"@type\":\"BreadcrumbList\",\"@id\":\"https:\/\/www.cec.org\/fr\/formation-sur-la-gestion-ecologiquement-rationnelle\/#breadcrumb\",\"itemListElement\":[{\"@type\":\"ListItem\",\"position\":1,\"name\":\"Accueil\",\"item\":\"https:\/\/www.cec.org\/fr\/\"},{\"@type\":\"ListItem\",\"position\":2,\"name\":\"Formation sur la gestion \u00e9cologiquement rationnelle\"}]},{\"@type\":\"WebSite\",\"@id\":\"https:\/\/www.cec.org\/fr\/#website\",\"url\":\"https:\/\/www.cec.org\/fr\/\",\"name\":\"Commission for Environmental Cooperation\",\"description\":\"Three countries working together to protect our shared environment\",\"alternateName\":\"CEC - CCA -CCE\",\"potentialAction\":[{\"@type\":\"SearchAction\",\"target\":{\"@type\":\"EntryPoint\",\"urlTemplate\":\"https:\/\/www.cec.org\/fr\/?s={search_term_string}\"},\"query-input\":{\"@type\":\"PropertyValueSpecification\",\"valueRequired\":true,\"valueName\":\"search_term_string\"}}],\"inLanguage\":\"fr-FR\"}]}<\/script>\n<!-- \/ Yoast SEO Premium plugin. -->","yoast_head_json":{"title":"Formation sur la gestion \u00e9cologiquement rationnelle","description":"La CCE a cr\u00e9\u00e9 un programme de formation sur les pratiques de gestion \u00e9cologiquement rationnelle (GER), afin d\u2019aider les petites et moyennes entreprises","robots":{"index":"index","follow":"follow","max-snippet":"max-snippet:-1","max-image-preview":"max-image-preview:large","max-video-preview":"max-video-preview:-1"},"canonical":"https:\/\/www.cec.org\/fr\/formation-sur-la-gestion-ecologiquement-rationnelle\/","og_locale":"fr_FR","og_type":"article","og_title":"Formation sur la gestion \u00e9cologiquement rationnelle","og_description":"La CCE a cr\u00e9\u00e9 un programme de formation sur les pratiques de gestion \u00e9cologiquement rationnelle (GER), afin d\u2019aider les petites et moyennes entreprises","og_url":"https:\/\/www.cec.org\/fr\/formation-sur-la-gestion-ecologiquement-rationnelle\/","og_site_name":"Commission de coop\u00e9ration environnementale","article_publisher":"https:\/\/www.facebook.com\/CECconnect","article_modified_time":"2024-07-11T17:34:44+00:00","og_image":[{"width":1200,"height":684,"url":"https:\/\/www.cec.org\/wp-content\/uploads\/esm.webp","type":"image\/webp"}],"twitter_card":"summary_large_image","twitter_site":"@CECweb","schema":{"@context":"https:\/\/schema.org","@graph":[{"@type":"WebPage","@id":"https:\/\/www.cec.org\/fr\/formation-sur-la-gestion-ecologiquement-rationnelle\/","url":"https:\/\/www.cec.org\/fr\/formation-sur-la-gestion-ecologiquement-rationnelle\/","name":"Formation sur la gestion \u00e9cologiquement rationnelle","isPartOf":{"@id":"https:\/\/www.cec.org\/fr\/#website"},"primaryImageOfPage":{"@id":"https:\/\/www.cec.org\/fr\/formation-sur-la-gestion-ecologiquement-rationnelle\/#primaryimage"},"image":{"@id":"https:\/\/www.cec.org\/fr\/formation-sur-la-gestion-ecologiquement-rationnelle\/#primaryimage"},"thumbnailUrl":"https:\/\/www.cec.org\/wp-content\/uploads\/esm.webp","datePublished":"2020-01-09T14:36:07+00:00","dateModified":"2024-07-11T17:34:44+00:00","description":"La CCE a cr\u00e9\u00e9 un programme de formation sur les pratiques de gestion \u00e9cologiquement rationnelle (GER), afin d\u2019aider les petites et moyennes entreprises","breadcrumb":{"@id":"https:\/\/www.cec.org\/fr\/formation-sur-la-gestion-ecologiquement-rationnelle\/#breadcrumb"},"inLanguage":"fr-FR","potentialAction":[{"@type":"ReadAction","target":["https:\/\/www.cec.org\/fr\/formation-sur-la-gestion-ecologiquement-rationnelle\/"]}]},{"@type":"ImageObject","inLanguage":"fr-FR","@id":"https:\/\/www.cec.org\/fr\/formation-sur-la-gestion-ecologiquement-rationnelle\/#primaryimage","url":"https:\/\/www.cec.org\/wp-content\/uploads\/esm.webp","contentUrl":"https:\/\/www.cec.org\/wp-content\/uploads\/esm.webp","width":1200,"height":684,"caption":"ESM discarded electronic waste"},{"@type":"BreadcrumbList","@id":"https:\/\/www.cec.org\/fr\/formation-sur-la-gestion-ecologiquement-rationnelle\/#breadcrumb","itemListElement":[{"@type":"ListItem","position":1,"name":"Accueil","item":"https:\/\/www.cec.org\/fr\/"},{"@type":"ListItem","position":2,"name":"Formation sur la gestion \u00e9cologiquement rationnelle"}]},{"@type":"WebSite","@id":"https:\/\/www.cec.org\/fr\/#website","url":"https:\/\/www.cec.org\/fr\/","name":"Commission for Environmental Cooperation","description":"Three countries working together to protect our shared environment","alternateName":"CEC - CCA -CCE","potentialAction":[{"@type":"SearchAction","target":{"@type":"EntryPoint","urlTemplate":"https:\/\/www.cec.org\/fr\/?s={search_term_string}"},"query-input":{"@type":"PropertyValueSpecification","valueRequired":true,"valueName":"search_term_string"}}],"inLanguage":"fr-FR"}]}},"_links":{"self":[{"href":"https:\/\/www.cec.org\/fr\/wp-json\/wp\/v2\/pages\/27003","targetHints":{"allow":["GET"]}}],"collection":[{"href":"https:\/\/www.cec.org\/fr\/wp-json\/wp\/v2\/pages"}],"about":[{"href":"https:\/\/www.cec.org\/fr\/wp-json\/wp\/v2\/types\/page"}],"author":[{"embeddable":true,"href":"https:\/\/www.cec.org\/fr\/wp-json\/wp\/v2\/users\/1"}],"replies":[{"embeddable":true,"href":"https:\/\/www.cec.org\/fr\/wp-json\/wp\/v2\/comments?post=27003"}],"version-history":[{"count":1,"href":"https:\/\/www.cec.org\/fr\/wp-json\/wp\/v2\/pages\/27003\/revisions"}],"predecessor-version":[{"id":43880,"href":"https:\/\/www.cec.org\/fr\/wp-json\/wp\/v2\/pages\/27003\/revisions\/43880"}],"wp:featuredmedia":[{"embeddable":true,"href":"https:\/\/www.cec.org\/fr\/wp-json\/wp\/v2\/media\/54067"}],"wp:attachment":[{"href":"https:\/\/www.cec.org\/fr\/wp-json\/wp\/v2\/media?parent=27003"}],"curies":[{"name":"wp","href":"https:\/\/api.w.org\/{rel}","templated":true}]}}