{"id":978,"date":"2019-02-13T10:54:20","date_gmt":"2019-02-13T15:54:20","guid":{"rendered":"http:\/\/www.cec.org\/flwy\/?page_id=978"},"modified":"2021-06-02T07:49:21","modified_gmt":"2021-06-02T11:49:21","slug":"sinscrire","status":"publish","type":"page","link":"https:\/\/www.cec.org\/flwy\/fr\/sinscrire\/","title":{"rendered":"S\u2019inscrire"},"content":{"rendered":"<div class=\"pageitem\">\n<h3>Qui peut participer?<\/h3>\n<p>Il peut s\u2019agir de ta classe ou de toute ton \u00e9cole, de ton groupe de scouts, d\u2019un club environnemental, d\u2019une \u00e9quipe de sport ou d\u2019un groupe d\u2019amis. Ensemble, trouvez des fa\u00e7ons d\u2019agir contre le gaspillage alimentaire. Y a-t-il d\u2019autres \u00e9quipes, groupes ou \u00e9coles \u00e0 qui tu aimerais lancer un d\u00e9fi? Invite-les \u00e0 s\u2019inscrire! Les jeunes \u00e2g\u00e9s de moins de 18\u00a0ans doivent demander \u00e0 un adulte au sein de leur \u00e9quipe de soutenir leurs actions et de remplir le formulaire d\u2019inscription.<\/p>\n<h3>S\u2019inscrire!<\/h3>\n<p>En t\u2019inscrivant ou en inscrivant ton groupe, tu d\u00e9clares publiquement que tu t\u2019engages \u00e0 r\u00e9duire le gaspillage alimentaire. Tu peux ainsi accumuler des points et des badges, lancer des d\u00e9fis \u00e0 d\u2019autres groupes, et partager des photos et des r\u00e9cits de toutes tes activit\u00e9s sur notre page <em>Joins-toi au mouvement jeunesse<\/em>. Utilise ton nom d\u2019utilisateur et ton mot de passe pour ouvrir une session dans la page d\u2019accueil et, lorsque tu es pr\u00eat(e), tu peux t\u00e9l\u00e9charger tes photos et tes r\u00e9cits. Choisis un nom d\u2019utilisateur et un mot de passe facile \u00e0 m\u00e9moriser pour les membres de ton groupe.<\/p>\n<h3>Accumule des badges!<\/h3>\n<p>Obtiens une reconnaissance pour chacune de tes actions! En t\u00e9l\u00e9chargeant une photo ou une description de tes actions sur la page de ton profil, tu pourras amasser des points qui te permettront d\u2019<a href=\"\/flwy\/fr\/joins-toi-au-mouvement-jeunesse\/\">obtenir des badges<\/a>. Pour t\u2019inscrire, clique sur l\u2019onglet JOINS-TOI AU MOUVEMENT JEUNESSE. Inscris-toi individuellement ou avec des amis, ta classe, ton \u00e9cole, un club ou un organisme pour documenter tes actions, lancer des d\u00e9fis et accumuler des badges H\u00e9ros de la lutte au gaspillage!<\/p>\n<\/div>\n<div class=\"pageitem registered\">\n\n<div class=\"um um-register um-80\">\n\t<div class=\"um-form\" data-mode=\"register\">\n\t\t<form method=\"post\" action=\"\">\n\t\t\t<div class=\"um-row _um_row_1 \" style=\"margin: 0 0 30px 0;\"><div class=\"um-col-1\"><div  id=\"um_field_80_user_login\" class=\"um-field um-field-text  um-field-user_login um-field-text um-field-type_text\" data-key=\"user_login\"><div class=\"um-field-label\"><label for=\"user_login-80\">Identifiant<span class=\"um-req\" title=\"Obligatoire\">*<\/span><\/label><div class=\"um-clear\"><\/div><\/div><div class=\"um-field-area\"><input  autocomplete=\"off\" class=\"um-form-field valid \" type=\"text\" name=\"user_login-80\" id=\"user_login-80\" value=\"\" placeholder=\"\" data-validate=\"unique_username\" data-key=\"user_login\"  aria-invalid=\"false\" \/>\n\n\t\t\t\t\t\t<\/div><\/div><div  id=\"um_field_80_first_name\" class=\"um-field um-field-text  um-field-first_name um-field-text um-field-type_text\" data-key=\"first_name\"><div class=\"um-field-label\"><label for=\"first_name-80\">Pr\u00e9nom :<span class=\"um-req\" title=\"Obligatoire\">*<\/span><\/label><div class=\"um-clear\"><\/div><\/div><div class=\"um-field-area\"><input  autocomplete=\"off\" class=\"um-form-field valid \" type=\"text\" name=\"first_name-80\" id=\"first_name-80\" value=\"\" placeholder=\"\" data-validate=\"english\" data-key=\"first_name\"  aria-invalid=\"false\" \/>\n\n\t\t\t\t\t\t<\/div><\/div><div  id=\"um_field_80_last_name\" class=\"um-field um-field-text  um-field-last_name um-field-text um-field-type_text\" data-key=\"last_name\"><div class=\"um-field-label\"><label for=\"last_name-80\">Nom de famille<span class=\"um-req\" title=\"Obligatoire\">*<\/span><\/label><div class=\"um-clear\"><\/div><\/div><div class=\"um-field-area\"><input  autocomplete=\"off\" class=\"um-form-field valid \" type=\"text\" name=\"last_name-80\" id=\"last_name-80\" value=\"\" placeholder=\"\" data-validate=\"english\" data-key=\"last_name\"  aria-invalid=\"false\" \/>\n\n\t\t\t\t\t\t<\/div><\/div><div  id=\"um_field_80_user_email\" class=\"um-field um-field-text  um-field-user_email um-field-text um-field-type_text\" data-key=\"user_email\"><div class=\"um-field-label\"><label for=\"user_email-80\">Adresse de courriel<span class=\"um-req\" title=\"Obligatoire\">*<\/span><\/label><div class=\"um-clear\"><\/div><\/div><div class=\"um-field-area\"><input  autocomplete=\"off\" class=\"um-form-field valid \" type=\"text\" name=\"user_email-80\" id=\"user_email-80\" value=\"\" placeholder=\"\" data-validate=\"unique_email\" data-key=\"user_email\"  aria-invalid=\"false\" \/>\n\n\t\t\t\t\t\t<\/div><\/div><div  id=\"um_field_80_user_password\" class=\"um-field um-field-password  um-field-user_password um-field-password um-field-type_password\" data-key=\"user_password\"><div class=\"um-field-label\"><label for=\"user_password-80\">Mot de passe<span class=\"um-req\" title=\"Obligatoire\">*<\/span><\/label><div class=\"um-clear\"><\/div><\/div><div class=\"um-field-area\"><input class=\"um-form-field valid \" type=\"password\" name=\"user_password-80\" id=\"user_password-80\" value=\"\" placeholder=\"\" data-validate=\"\" data-key=\"user_password\"  aria-invalid=\"false\" \/>\n\n\t\t\t\t\t\t\t<\/div><\/div><div  id=\"um_field_80_confirm_user_password\" class=\"um-field um-field-password  um-field-user_password um-field-password um-field-type_password\" data-key=\"confirm_user_password\"><div class=\"um-field-label\"><label for=\"confirm_user_password-80\">Confirmer le Mot de passe<span class=\"um-req\" title=\"Obligatoire\">*<\/span><\/label><div class=\"um-clear\"><\/div><\/div><div class=\"um-field-area\"><input class=\"um-form-field valid \" type=\"password\" name=\"confirm_user_password-80\" id=\"confirm_user_password-80\" value=\"\" placeholder=\"Confirmer le Mot de passe\" data-validate=\"\" data-key=\"confirm_user_password\"  aria-invalid=\"false\" \/><\/div><\/div><div  id=\"um_field_80_permission\" class=\"um-field um-field-checkbox  um-field-permission um-field-checkbox um-field-type_checkbox\" data-key=\"permission\"  aria-invalid=\"false\" ><div class=\"um-field-area\"><label class=\"um-field-checkbox  um-field-half \"><input   type=\"checkbox\" name=\"permission[]\" value=\"I am over 18 or have an adult guide on my team\"  \/><span class=\"um-field-checkbox-state\"><i class=\"um-icon-android-checkbox-outline-blank\"><\/i><\/span><span class=\"um-field-checkbox-option\">J\u2019ai plus de 18 ans ou un adulte supervise mon \u00e9quipe<\/span><\/label><label class=\"um-field-checkbox  um-field-half  right \"><input   type=\"checkbox\" name=\"permission[]\" value=\"My group organization has agreed to register to take action with the Food Matters Action Kit\"  \/><span class=\"um-field-checkbox-state\"><i class=\"um-icon-android-checkbox-outline-blank\"><\/i><\/span><span class=\"um-field-checkbox-option\">L\u2019organisme de mon groupe a accept\u00e9 de s\u2019inscrire et d\u2019utiliser la Trousse d\u2019action anti-gaspillage alimentaire<\/span><\/label><div class=\"um-clear\"><\/div><div class=\"um-clear\"><\/div><\/div><\/div><\/div><\/div>\t<input type=\"hidden\" name=\"form_id\" id=\"form_id_80\" value=\"80\" \/>\n\t\t<p class=\"um_request_name\">\n\t\t<label for=\"um_request_80\">Only fill in if you are not human<\/label>\n\t\t<input type=\"hidden\" name=\"um_request\" id=\"um_request_80\" class=\"input\" value=\"\" size=\"25\" autocomplete=\"off\" \/>\n\t<\/p>\n\t<input type=\"hidden\" id=\"_wpnonce\" name=\"_wpnonce\" value=\"3592352bc6\" \/><input type=\"hidden\" name=\"_wp_http_referer\" value=\"\/flwy\/fr\/wp-json\/wp\/v2\/pages\/978\" \/>\n<div class=\"um-field\">\n\t<div class=\"g-recaptcha\" id=\"um-80\" data-type=\"image\" data-size=\"normal\" data-theme=\"light\" data-sitekey=\"6Ldb-cQaAAAAAPES67EUXwwGwGo_tXj8yd8gZpqd\"><\/div>\n<\/div>\n\n\n<script type=\"text\/javascript\">\n\t\n\t\tvar onloadCallback = function () {\n\t\t\tjQuery('.g-recaptcha').each( function (i) {\n\t\t\t\tgrecaptcha.render( jQuery(this).attr('id'), {\n\t\t\t\t\t'sitekey': jQuery(this).attr('data-sitekey'),\n\t\t\t\t\t'theme': jQuery(this).attr('data-theme')\n\t\t\t\t});\n\t\t\t});\n\t\t};\n\n\t\tfunction um_recaptcha_refresh() {\n\t\t\tjQuery('.g-recaptcha').html('');\n\t\t\tgrecaptcha.reset();\n\t\t\tonloadCallback();\n\t\t}\n\n\t<\/script>\n\n\t<div class=\"um-col-alt\">\n\n\t\t\n\t\t\t<div class=\"um-center\">\n\t\t\t\t<input type=\"submit\" value=\"S\u2019inscrire\" class=\"um-button\" id=\"um-submit-btn\" \/>\n\t\t\t<\/div>\n\n\t\t\n\t\t<div class=\"um-clear\"><\/div>\n\n\t<\/div>\n\n\t\t\t<\/form>\n\t<\/div>\n<\/div>\n<style>\n\t\t\t.um-80.um {\n\t\t\tmax-width: 450px;\n\t\t}\n\t\t<\/style>\n\n<div class=\"um um-80\">\n<p style=\"text-align: center;\">D\u00e9j\u00e0 membre? <a href=\"login\">Ouvrir une session<\/a>!<\/p>\n<\/div>\n<\/div>\n","protected":false},"excerpt":{"rendered":"<p>Qui peut participer? Il peut s\u2019agir de ta classe ou de toute ton \u00e9cole, de ton groupe de scouts, d\u2019un club environnemental, d\u2019une \u00e9quipe de sport ou d\u2019un groupe d\u2019amis. Ensemble, trouvez des fa\u00e7ons d\u2019agir contre le gaspillage alimentaire. Y a-t-il d\u2019autres \u00e9quipes, groupes ou \u00e9coles \u00e0 qui tu aimerais lancer un d\u00e9fi? Invite-les \u00e0 [&hellip;]<\/p>\n","protected":false},"author":1,"featured_media":0,"parent":0,"menu_order":0,"comment_status":"closed","ping_status":"closed","template":"page-register.php","meta":{"_acf_changed":false,"footnotes":""},"class_list":["post-978","page","type-page","status-publish","hentry"],"acf":[],"_links":{"self":[{"href":"https:\/\/www.cec.org\/flwy\/fr\/wp-json\/wp\/v2\/pages\/978","targetHints":{"allow":["GET"]}}],"collection":[{"href":"https:\/\/www.cec.org\/flwy\/fr\/wp-json\/wp\/v2\/pages"}],"about":[{"href":"https:\/\/www.cec.org\/flwy\/fr\/wp-json\/wp\/v2\/types\/page"}],"author":[{"embeddable":true,"href":"https:\/\/www.cec.org\/flwy\/fr\/wp-json\/wp\/v2\/users\/1"}],"replies":[{"embeddable":true,"href":"https:\/\/www.cec.org\/flwy\/fr\/wp-json\/wp\/v2\/comments?post=978"}],"version-history":[{"count":9,"href":"https:\/\/www.cec.org\/flwy\/fr\/wp-json\/wp\/v2\/pages\/978\/revisions"}],"predecessor-version":[{"id":5089,"href":"https:\/\/www.cec.org\/flwy\/fr\/wp-json\/wp\/v2\/pages\/978\/revisions\/5089"}],"wp:attachment":[{"href":"https:\/\/www.cec.org\/flwy\/fr\/wp-json\/wp\/v2\/media?parent=978"}],"curies":[{"name":"wp","href":"https:\/\/api.w.org\/{rel}","templated":true}]}}