{"id":967,"date":"2018-11-02T21:02:38","date_gmt":"2018-11-03T01:02:38","guid":{"rendered":"http:\/\/www.cec.org\/flwy\/?page_id=967"},"modified":"2023-01-24T10:48:53","modified_gmt":"2023-01-24T15:48:53","slug":"guide-dactivites","status":"publish","type":"page","link":"https:\/\/www.cec.org\/flwy\/fr\/guide-dactivites\/","title":{"rendered":"Guide d\u2019activit\u00e9s"},"content":{"rendered":"<p>Si vous organisez des activit\u00e9s au sein de votre collectivit\u00e9, que vous \u00eates un enseignant ou un professionnel travaillant avec des enfants et des jeunes afin de mieux les sensibiliser \u00e0 la perte et au gaspillage d\u2019aliments, voici des exemples de ressources qui vous aideront dans cette voie.<\/p>\n<p>Aidez-nous \u00e0 partager la Trousse d\u2019action anti-gaspillage alimentaire, en faisant circuler notre page promotionnelle. Il vous suffit de la t\u00e9l\u00e9charger et de l\u2019imprimer. Nous avons aussi une pr\u00e9sentation PowerPoint, que vous pourrez utiliser si vous voulez faire conna\u00eetre la Trousse dans votre collectivit\u00e9.<\/p>\n","protected":false},"excerpt":{"rendered":"<p>Si vous organisez des activit\u00e9s au sein de votre collectivit\u00e9, que vous \u00eates un enseignant ou un professionnel travaillant avec des enfants et des jeunes afin de mieux les sensibiliser \u00e0 la perte et au gaspillage d\u2019aliments, voici des exemples de ressources qui vous aideront dans cette voie. Aidez-nous \u00e0 partager la Trousse d\u2019action anti-gaspillage [&hellip;]<\/p>\n","protected":false},"author":1,"featured_media":1166,"parent":0,"menu_order":0,"comment_status":"closed","ping_status":"closed","template":"page-activityguide.php","meta":{"_acf_changed":false,"footnotes":""},"class_list":["post-967","page","type-page","status-publish","has-post-thumbnail","hentry"],"acf":[],"_links":{"self":[{"href":"https:\/\/www.cec.org\/flwy\/fr\/wp-json\/wp\/v2\/pages\/967","targetHints":{"allow":["GET"]}}],"collection":[{"href":"https:\/\/www.cec.org\/flwy\/fr\/wp-json\/wp\/v2\/pages"}],"about":[{"href":"https:\/\/www.cec.org\/flwy\/fr\/wp-json\/wp\/v2\/types\/page"}],"author":[{"embeddable":true,"href":"https:\/\/www.cec.org\/flwy\/fr\/wp-json\/wp\/v2\/users\/1"}],"replies":[{"embeddable":true,"href":"https:\/\/www.cec.org\/flwy\/fr\/wp-json\/wp\/v2\/comments?post=967"}],"version-history":[{"count":2,"href":"https:\/\/www.cec.org\/flwy\/fr\/wp-json\/wp\/v2\/pages\/967\/revisions"}],"predecessor-version":[{"id":4729,"href":"https:\/\/www.cec.org\/flwy\/fr\/wp-json\/wp\/v2\/pages\/967\/revisions\/4729"}],"wp:featuredmedia":[{"embeddable":true,"href":"https:\/\/www.cec.org\/flwy\/fr\/wp-json\/wp\/v2\/media\/1166"}],"wp:attachment":[{"href":"https:\/\/www.cec.org\/flwy\/fr\/wp-json\/wp\/v2\/media?parent=967"}],"curies":[{"name":"wp","href":"https:\/\/api.w.org\/{rel}","templated":true}]}}