{"id":966,"date":"2018-11-21T16:34:38","date_gmt":"2018-11-21T21:34:38","guid":{"rendered":"http:\/\/www.cec.org\/flwy\/?page_id=966"},"modified":"2023-03-27T13:50:21","modified_gmt":"2023-03-27T17:50:21","slug":"partenaires","status":"publish","type":"page","link":"https:\/\/www.cec.org\/flwy\/fr\/partenaires\/","title":{"rendered":"Partenaires"},"content":{"rendered":"<p>Les jeunes et enfants de partout en Am\u00e9rique du Nord prennent des mesures pour pr\u00e9venir le gaspillage des aliments et ainsi contribuer \u00e0 la lutte contre les changements climatiques. Gr\u00e2ce \u00e0 l\u2019ensemble de nos partenaires dans la r\u00e9gion, notre campagne \u00ab R\u00e9duisons la montagne de d\u00e9chets alimentaires \u00bb a rejoint beaucoup d\u2019\u00e9coles et de communaut\u00e9s. Jetez un coup d\u2019\u0153il \u00e0 ces organisations incroyables et leurs initiatives pour vous pr\u00e9parez vous aussi \u00e0 agir!<\/p>\n","protected":false},"excerpt":{"rendered":"<p>Les jeunes et enfants de partout en Am\u00e9rique du Nord prennent des mesures pour pr\u00e9venir le gaspillage des aliments et ainsi contribuer \u00e0 la lutte contre les changements climatiques. Gr\u00e2ce \u00e0 l\u2019ensemble de nos partenaires dans la r\u00e9gion, notre campagne \u00ab R\u00e9duisons la montagne de d\u00e9chets alimentaires \u00bb a rejoint beaucoup d\u2019\u00e9coles et de communaut\u00e9s. [&hellip;]<\/p>\n","protected":false},"author":1,"featured_media":0,"parent":0,"menu_order":0,"comment_status":"closed","ping_status":"closed","template":"page-partners.php","meta":{"_acf_changed":false,"footnotes":""},"class_list":["post-966","page","type-page","status-publish","hentry"],"acf":[],"_links":{"self":[{"href":"https:\/\/www.cec.org\/flwy\/fr\/wp-json\/wp\/v2\/pages\/966","targetHints":{"allow":["GET"]}}],"collection":[{"href":"https:\/\/www.cec.org\/flwy\/fr\/wp-json\/wp\/v2\/pages"}],"about":[{"href":"https:\/\/www.cec.org\/flwy\/fr\/wp-json\/wp\/v2\/types\/page"}],"author":[{"embeddable":true,"href":"https:\/\/www.cec.org\/flwy\/fr\/wp-json\/wp\/v2\/users\/1"}],"replies":[{"embeddable":true,"href":"https:\/\/www.cec.org\/flwy\/fr\/wp-json\/wp\/v2\/comments?post=966"}],"version-history":[{"count":16,"href":"https:\/\/www.cec.org\/flwy\/fr\/wp-json\/wp\/v2\/pages\/966\/revisions"}],"predecessor-version":[{"id":5496,"href":"https:\/\/www.cec.org\/flwy\/fr\/wp-json\/wp\/v2\/pages\/966\/revisions\/5496"}],"wp:attachment":[{"href":"https:\/\/www.cec.org\/flwy\/fr\/wp-json\/wp\/v2\/media?parent=966"}],"curies":[{"name":"wp","href":"https:\/\/api.w.org\/{rel}","templated":true}]}}