{"id":965,"date":"2019-02-13T10:50:06","date_gmt":"2019-02-13T15:50:06","guid":{"rendered":"http:\/\/www.cec.org\/flwy\/?page_id=965"},"modified":"2019-04-09T14:41:45","modified_gmt":"2019-04-09T19:41:45","slug":"le-gaspillage-alimentaire-lenvironnement-et-les-changements-climatiques","status":"publish","type":"page","link":"https:\/\/www.cec.org\/flwy\/fr\/le-gaspillage-alimentaire-lenvironnement-et-les-changements-climatiques\/","title":{"rendered":"Le gaspillage alimentaire, l\u2019environnement et les changements climatiques"},"content":{"rendered":"<p>La lutte contre les changements climatiques et la protection de l\u2019environnement sont deux des plus grands d\u00e9fis de notre \u00e9poque, et le gaspillage alimentaire repr\u00e9sente un facteur important dans les deux cas.<\/p>\n<p>Tu te demandes peut-\u00eatre\u00a0comment \u00e7a se fait.<\/p>\n<p>La nourriture qui se retrouve dans les lieux d\u2019enfouissement produit du m\u00e9thane, un gaz \u00e0 effet de serre 25\u00a0fois plus puissant que le dioxyde de carbone. En fait, si le gaspillage alimentaire \u00e9tait consid\u00e9r\u00e9 comme un pays, il serait le troisi\u00e8me plus grand \u00e9metteur mondial de gaz \u00e0 effet de serre.<\/p>\n<p>Mais ce n\u2019est pas tout. Lorsque nous gaspillons des aliments, nous gaspillons \u00e9galement la terre, l\u2019eau, l\u2019\u00e9nergie et d\u2019autres ressources qui ont servi \u00e0 les produire, ce qui a des cons\u00e9quences sur la biodiversit\u00e9 (la diversit\u00e9 de la vie sur Terre) et pollue notre environnement.<\/p>\n<p class=\"btn-success\"><a href=\"\/flwy\/wp-content\/themes\/flwy-theme\/documents\/chart-fr.pdf\">T\u00e9l\u00e9charger<\/a><\/p>\n<p><img loading=\"lazy\" decoding=\"async\" class=\"alignnone size-full wp-image-1531\" src=\"http:\/\/www.cec.org\/flwy\/wp-content\/uploads\/2019\/04\/chart-fr-1.png\" alt=\"\" width=\"1128\" height=\"1382\" srcset=\"https:\/\/www.cec.org\/flwy\/wp-content\/uploads\/2019\/04\/chart-fr-1.png 1128w, https:\/\/www.cec.org\/flwy\/wp-content\/uploads\/2019\/04\/chart-fr-1-245x300.png 245w, https:\/\/www.cec.org\/flwy\/wp-content\/uploads\/2019\/04\/chart-fr-1-768x941.png 768w, https:\/\/www.cec.org\/flwy\/wp-content\/uploads\/2019\/04\/chart-fr-1-836x1024.png 836w\" sizes=\"auto, (max-width: 1128px) 100vw, 1128px\" \/><\/p>\n","protected":false},"excerpt":{"rendered":"<p>La lutte contre les changements climatiques et la protection de l\u2019environnement sont deux des plus grands d\u00e9fis de notre \u00e9poque, et le gaspillage alimentaire repr\u00e9sente un facteur important dans les deux cas. Tu te demandes peut-\u00eatre\u00a0comment \u00e7a se fait. La nourriture qui se retrouve dans les lieux d\u2019enfouissement produit du m\u00e9thane, un gaz \u00e0 effet [&hellip;]<\/p>\n","protected":false},"author":1,"featured_media":1163,"parent":0,"menu_order":0,"comment_status":"closed","ping_status":"closed","template":"","meta":{"_acf_changed":false,"footnotes":""},"class_list":["post-965","page","type-page","status-publish","has-post-thumbnail","hentry"],"acf":[],"_links":{"self":[{"href":"https:\/\/www.cec.org\/flwy\/fr\/wp-json\/wp\/v2\/pages\/965","targetHints":{"allow":["GET"]}}],"collection":[{"href":"https:\/\/www.cec.org\/flwy\/fr\/wp-json\/wp\/v2\/pages"}],"about":[{"href":"https:\/\/www.cec.org\/flwy\/fr\/wp-json\/wp\/v2\/types\/page"}],"author":[{"embeddable":true,"href":"https:\/\/www.cec.org\/flwy\/fr\/wp-json\/wp\/v2\/users\/1"}],"replies":[{"embeddable":true,"href":"https:\/\/www.cec.org\/flwy\/fr\/wp-json\/wp\/v2\/comments?post=965"}],"version-history":[{"count":0,"href":"https:\/\/www.cec.org\/flwy\/fr\/wp-json\/wp\/v2\/pages\/965\/revisions"}],"wp:featuredmedia":[{"embeddable":true,"href":"https:\/\/www.cec.org\/flwy\/fr\/wp-json\/wp\/v2\/media\/1163"}],"wp:attachment":[{"href":"https:\/\/www.cec.org\/flwy\/fr\/wp-json\/wp\/v2\/media?parent=965"}],"curies":[{"name":"wp","href":"https:\/\/api.w.org\/{rel}","templated":true}]}}