{"id":964,"date":"2019-02-13T10:49:51","date_gmt":"2019-02-13T15:49:51","guid":{"rendered":"http:\/\/www.cec.org\/flwy\/?page_id=964"},"modified":"2021-11-15T15:22:29","modified_gmt":"2021-11-15T20:22:29","slug":"a-propos-de-la-trousse-daction","status":"publish","type":"page","link":"https:\/\/www.cec.org\/flwy\/fr\/a-propos-de-la-trousse-daction\/","title":{"rendered":"Trousse d\u2019action"},"content":{"rendered":"<p>La <a href=\"http:\/\/www.cec.org\/files\/documents\/publications\/11817-food-matters-action-kit-inspiring-youth-across-north-america-prevent-food-waste-fr.pdf\"><strong>Trousse d\u2019action anti-gaspillage alimentaire<\/strong><\/a> propose plus de 70 activit\u00e9s visant \u00e0 encourager les jeunes \u00e0 pr\u00e9venir le gaspillage d\u2019aliments. On peut choisir une activit\u00e9 ou une s\u00e9rie d\u2019activit\u00e9s dans un ordre qui convient aux th\u00e8mes d\u2019apprentissage de la classe ou de l\u2019organisme. La trousse comporte deux sections : une pour les enfants (de 5 \u00e0 13 ans) et une pour les jeunes (de 14 \u00e0 25 ans), et les activit\u00e9s sont regroup\u00e9es par th\u00e8me. De nombreuses activit\u00e9s conviennent aux deux groupes d\u2019\u00e2ge, alors n\u2019h\u00e9site pas \u00e0 explorer toute la trousse!!<\/p>\n<p class=\"centered\"><a class=\"btn-default\" href=\"http:\/\/www.cec.org\/files\/documents\/publications\/11817-food-matters-action-kit-inspiring-youth-across-north-america-prevent-food-waste-fr.pdf\" data-gtm-event=\"download\" data-gtm-eventaction=\"download a PDF\">T\u00e9l\u00e9charger la Trousse d\u2019action<\/a><\/p>\n","protected":false},"excerpt":{"rendered":"<p>La Trousse d\u2019action anti-gaspillage alimentaire propose plus de 70 activit\u00e9s visant \u00e0 encourager les jeunes \u00e0 pr\u00e9venir le gaspillage d\u2019aliments. On peut choisir une activit\u00e9 ou une s\u00e9rie d\u2019activit\u00e9s dans un ordre qui convient aux th\u00e8mes d\u2019apprentissage de la classe ou de l\u2019organisme. La trousse comporte deux sections : une pour les enfants (de 5 [&hellip;]<\/p>\n","protected":false},"author":1,"featured_media":1172,"parent":0,"menu_order":0,"comment_status":"closed","ping_status":"closed","template":"page-actionkit.php","meta":{"_acf_changed":false,"footnotes":""},"class_list":["post-964","page","type-page","status-publish","has-post-thumbnail","hentry"],"acf":[],"_links":{"self":[{"href":"https:\/\/www.cec.org\/flwy\/fr\/wp-json\/wp\/v2\/pages\/964","targetHints":{"allow":["GET"]}}],"collection":[{"href":"https:\/\/www.cec.org\/flwy\/fr\/wp-json\/wp\/v2\/pages"}],"about":[{"href":"https:\/\/www.cec.org\/flwy\/fr\/wp-json\/wp\/v2\/types\/page"}],"author":[{"embeddable":true,"href":"https:\/\/www.cec.org\/flwy\/fr\/wp-json\/wp\/v2\/users\/1"}],"replies":[{"embeddable":true,"href":"https:\/\/www.cec.org\/flwy\/fr\/wp-json\/wp\/v2\/comments?post=964"}],"version-history":[{"count":6,"href":"https:\/\/www.cec.org\/flwy\/fr\/wp-json\/wp\/v2\/pages\/964\/revisions"}],"predecessor-version":[{"id":5307,"href":"https:\/\/www.cec.org\/flwy\/fr\/wp-json\/wp\/v2\/pages\/964\/revisions\/5307"}],"wp:featuredmedia":[{"embeddable":true,"href":"https:\/\/www.cec.org\/flwy\/fr\/wp-json\/wp\/v2\/media\/1172"}],"wp:attachment":[{"href":"https:\/\/www.cec.org\/flwy\/fr\/wp-json\/wp\/v2\/media?parent=964"}],"curies":[{"name":"wp","href":"https:\/\/api.w.org\/{rel}","templated":true}]}}