{"id":913,"date":"2019-02-12T14:43:58","date_gmt":"2019-02-12T19:43:58","guid":{"rendered":"http:\/\/www.cec.org\/flwy\/?page_id=913"},"modified":"2021-06-02T07:48:26","modified_gmt":"2021-06-02T11:48:26","slug":"registrarse","status":"publish","type":"page","link":"https:\/\/www.cec.org\/flwy\/es\/registrarse\/","title":{"rendered":"Registrarse"},"content":{"rendered":"<div class=\"pageitem\">\n<h3>\u00bfQui\u00e9n puede participar?<\/h3>\n<p>Pueden ser tus compa\u00f1eros de clase o la escuela completa, el grupo Scout al que perteneces, un club ambientalista, un equipo deportivo o cualquier grupo de amigos. Unan sus fuerzas e ideen formas de emprender acciones que contribuyan a prevenir el desperdicio de alimentos. \u00bfHay otros equipos, grupos o escuelas a quienes quisieras desafiar? \u00a1P\u00eddeles que tambi\u00e9n se registren! Los j\u00f3venes menores de 18 a\u00f1os de edad deber\u00e1n tener a un adulto en su equipo para que respalde sus acciones y complete el registro.<\/p>\n<h3>\u00a1Reg\u00edstrate!<\/h3>\n<p>Al registrarse, t\u00fa o tu organizaci\u00f3n declaran p\u00fablicamente su compromiso de reducir el desperdicio de alimentos. En nuestra p\u00e1gina \u2018\u00danete al movimiento juvenil\u2019, podr\u00e1s ganar puntos y fabulosas insignias o distintivos, desafiar a otros grupos, compartir fotograf\u00edas y platicarnos qu\u00e9 acciones llevas a cabo. Cuando est\u00e9s listo para subir fotograf\u00edas e historias sobre tus acciones, usa el nombre de usuario y contrase\u00f1a elegidos para iniciar sesi\u00f3n desde nuestra p\u00e1gina principal. Elige opciones que tu organizaci\u00f3n pueda recordar f\u00e1cilmente.<\/p>\n<h3>\u00a1G\u00e1nate insignias o distintivos!<\/h3>\n<p>\u00a1Recibe un reconocimiento por cada acci\u00f3n que lleves a cabo! Junta puntos para <a href=\"..\/es\/unete-al-movimiento-juvenil\/\">ganarte insignias o distintivos<\/a>: en tu p\u00e1gina de perfil s\u00f3lo tienes que subir una foto o enviar una descripci\u00f3n de las acciones que llevas a cabo. Reg\u00edstrate en forma individual, o bien con un grupo de amigos, tu sal\u00f3n de clases, escuela, club u organizaci\u00f3n, para documentar acciones, desafiar a otros y ganarte fabulosas insignias o distintivos intercambiables como \u2018H\u00e9roe contra el Desperdicio de Alimentos\u2019.\u00a0Una vez obtenidas las cinco diferentes insignias, podr\u00e1s ganarte el codiciado distintivo de \u2018Maestro contra el Desperdicio de Alimentos\u2019. Convi\u00e9rtelas en calcoman\u00edas o botones, o interc\u00e1mbialas a trav\u00e9s de las redes sociales.<\/p>\n<\/div>\n<div class=\"pageitem registered\">\n\n<div class=\"um um-register um-80\">\n\t<div class=\"um-form\" data-mode=\"register\">\n\t\t<form method=\"post\" action=\"\">\n\t\t\t<div class=\"um-row _um_row_1 \" style=\"margin: 0 0 30px 0;\"><div class=\"um-col-1\"><div  id=\"um_field_80_user_login\" class=\"um-field um-field-text  um-field-user_login um-field-text um-field-type_text\" data-key=\"user_login\"><div class=\"um-field-label\"><label for=\"user_login-80\">Nombre de usuario<span class=\"um-req\" title=\"Obligatorio\">*<\/span><\/label><div class=\"um-clear\"><\/div><\/div><div class=\"um-field-area\"><input  autocomplete=\"off\" class=\"um-form-field valid \" type=\"text\" name=\"user_login-80\" id=\"user_login-80\" value=\"\" placeholder=\"\" data-validate=\"unique_username\" data-key=\"user_login\"  aria-invalid=\"false\" \/>\n\n\t\t\t\t\t\t<\/div><\/div><div  id=\"um_field_80_first_name\" class=\"um-field um-field-text  um-field-first_name um-field-text um-field-type_text\" data-key=\"first_name\"><div class=\"um-field-label\"><label for=\"first_name-80\">Nombre<span class=\"um-req\" title=\"Obligatorio\">*<\/span><\/label><div class=\"um-clear\"><\/div><\/div><div class=\"um-field-area\"><input  autocomplete=\"off\" class=\"um-form-field valid \" type=\"text\" name=\"first_name-80\" id=\"first_name-80\" value=\"\" placeholder=\"\" data-validate=\"english\" data-key=\"first_name\"  aria-invalid=\"false\" \/>\n\n\t\t\t\t\t\t<\/div><\/div><div  id=\"um_field_80_last_name\" class=\"um-field um-field-text  um-field-last_name um-field-text um-field-type_text\" data-key=\"last_name\"><div class=\"um-field-label\"><label for=\"last_name-80\">Apellidos<span class=\"um-req\" title=\"Obligatorio\">*<\/span><\/label><div class=\"um-clear\"><\/div><\/div><div class=\"um-field-area\"><input  autocomplete=\"off\" class=\"um-form-field valid \" type=\"text\" name=\"last_name-80\" id=\"last_name-80\" value=\"\" placeholder=\"\" data-validate=\"english\" data-key=\"last_name\"  aria-invalid=\"false\" \/>\n\n\t\t\t\t\t\t<\/div><\/div><div  id=\"um_field_80_user_email\" class=\"um-field um-field-text  um-field-user_email um-field-text um-field-type_text\" data-key=\"user_email\"><div class=\"um-field-label\"><label for=\"user_email-80\">Direcci\u00f3n de correo electr\u00f3nico<span class=\"um-req\" title=\"Obligatorio\">*<\/span><\/label><div class=\"um-clear\"><\/div><\/div><div class=\"um-field-area\"><input  autocomplete=\"off\" class=\"um-form-field valid \" type=\"text\" name=\"user_email-80\" id=\"user_email-80\" value=\"\" placeholder=\"\" data-validate=\"unique_email\" data-key=\"user_email\"  aria-invalid=\"false\" \/>\n\n\t\t\t\t\t\t<\/div><\/div><div  id=\"um_field_80_user_password\" class=\"um-field um-field-password  um-field-user_password um-field-password um-field-type_password\" data-key=\"user_password\"><div class=\"um-field-label\"><label for=\"user_password-80\">Contrase\u00f1a<span class=\"um-req\" title=\"Obligatorio\">*<\/span><\/label><div class=\"um-clear\"><\/div><\/div><div class=\"um-field-area\"><input class=\"um-form-field valid \" type=\"password\" name=\"user_password-80\" id=\"user_password-80\" value=\"\" placeholder=\"\" data-validate=\"\" data-key=\"user_password\"  aria-invalid=\"false\" \/>\n\n\t\t\t\t\t\t\t<\/div><\/div><div  id=\"um_field_80_confirm_user_password\" class=\"um-field um-field-password  um-field-user_password um-field-password um-field-type_password\" data-key=\"confirm_user_password\"><div class=\"um-field-label\"><label for=\"confirm_user_password-80\">Confirmar Contrase\u00f1a<span class=\"um-req\" title=\"Obligatorio\">*<\/span><\/label><div class=\"um-clear\"><\/div><\/div><div class=\"um-field-area\"><input class=\"um-form-field valid \" type=\"password\" name=\"confirm_user_password-80\" id=\"confirm_user_password-80\" value=\"\" placeholder=\"Confirmar Contrase\u00f1a\" data-validate=\"\" data-key=\"confirm_user_password\"  aria-invalid=\"false\" \/><\/div><\/div><div  id=\"um_field_80_permission\" class=\"um-field um-field-checkbox  um-field-permission um-field-checkbox um-field-type_checkbox\" data-key=\"permission\"  aria-invalid=\"false\" ><div class=\"um-field-area\"><label class=\"um-field-checkbox  um-field-half \"><input   type=\"checkbox\" name=\"permission[]\" value=\"I am over 18 or have an adult guide on my team\"  \/><span class=\"um-field-checkbox-state\"><i class=\"um-icon-android-checkbox-outline-blank\"><\/i><\/span><span class=\"um-field-checkbox-option\">Soy mayor de 18 a\u00f1os de edad o hay un adulto gu\u00eda en mi equipo<\/span><\/label><label class=\"um-field-checkbox  um-field-half  right \"><input   type=\"checkbox\" name=\"permission[]\" value=\"My group organization has agreed to register to take action with the Food Matters Action Kit\"  \/><span class=\"um-field-checkbox-state\"><i class=\"um-icon-android-checkbox-outline-blank\"><\/i><\/span><span class=\"um-field-checkbox-option\">Mi organizaci\u00f3n grupal ha convenido en registrarse para emprender acciones con el kit de acci\u00f3n Los alimentos importan<\/span><\/label><div class=\"um-clear\"><\/div><div class=\"um-clear\"><\/div><\/div><\/div><\/div><\/div>\t<input type=\"hidden\" name=\"form_id\" id=\"form_id_80\" value=\"80\" \/>\n\t\t<p class=\"um_request_name\">\n\t\t<label for=\"um_request_80\">Only fill in if you are not human<\/label>\n\t\t<input type=\"hidden\" name=\"um_request\" id=\"um_request_80\" class=\"input\" value=\"\" size=\"25\" autocomplete=\"off\" \/>\n\t<\/p>\n\t<input type=\"hidden\" id=\"_wpnonce\" name=\"_wpnonce\" value=\"3592352bc6\" \/><input type=\"hidden\" name=\"_wp_http_referer\" value=\"\/flwy\/es\/wp-json\/wp\/v2\/pages\/913\" \/>\n<div class=\"um-field\">\n\t<div class=\"g-recaptcha\" id=\"um-80\" data-type=\"image\" data-size=\"normal\" data-theme=\"light\" data-sitekey=\"6Ldb-cQaAAAAAPES67EUXwwGwGo_tXj8yd8gZpqd\"><\/div>\n<\/div>\n\n\n<script type=\"text\/javascript\">\n\t\n\t\tvar onloadCallback = function () {\n\t\t\tjQuery('.g-recaptcha').each( function (i) {\n\t\t\t\tgrecaptcha.render( jQuery(this).attr('id'), {\n\t\t\t\t\t'sitekey': jQuery(this).attr('data-sitekey'),\n\t\t\t\t\t'theme': jQuery(this).attr('data-theme')\n\t\t\t\t});\n\t\t\t});\n\t\t};\n\n\t\tfunction um_recaptcha_refresh() {\n\t\t\tjQuery('.g-recaptcha').html('');\n\t\t\tgrecaptcha.reset();\n\t\t\tonloadCallback();\n\t\t}\n\n\t<\/script>\n\n\t<div class=\"um-col-alt\">\n\n\t\t\n\t\t\t<div class=\"um-center\">\n\t\t\t\t<input type=\"submit\" value=\"Registrarse\" class=\"um-button\" id=\"um-submit-btn\" \/>\n\t\t\t<\/div>\n\n\t\t\n\t\t<div class=\"um-clear\"><\/div>\n\n\t<\/div>\n\n\t\t\t<\/form>\n\t<\/div>\n<\/div>\n<style>\n\t\t\t.um-80.um {\n\t\t\tmax-width: 450px;\n\t\t}\n\t\t<\/style>\n\n<div class=\"um um-80\">\n<p style=\"text-align: center;\">\u00bfYa eres miembro? <a href=\"login\">Iniciar sesi\u00f3n<\/a>!<\/p>\n<\/div>\n<\/div>\n","protected":false},"excerpt":{"rendered":"<p>\u00bfQui\u00e9n puede participar? Pueden ser tus compa\u00f1eros de clase o la escuela completa, el grupo Scout al que perteneces, un club ambientalista, un equipo deportivo o cualquier grupo de amigos. Unan sus fuerzas e ideen formas de emprender acciones que contribuyan a prevenir el desperdicio de alimentos. \u00bfHay otros equipos, grupos o escuelas a quienes [&hellip;]<\/p>\n","protected":false},"author":1,"featured_media":0,"parent":0,"menu_order":0,"comment_status":"closed","ping_status":"closed","template":"page-register.php","meta":{"_acf_changed":false,"footnotes":""},"class_list":["post-913","page","type-page","status-publish","hentry"],"acf":[],"_links":{"self":[{"href":"https:\/\/www.cec.org\/flwy\/es\/wp-json\/wp\/v2\/pages\/913","targetHints":{"allow":["GET"]}}],"collection":[{"href":"https:\/\/www.cec.org\/flwy\/es\/wp-json\/wp\/v2\/pages"}],"about":[{"href":"https:\/\/www.cec.org\/flwy\/es\/wp-json\/wp\/v2\/types\/page"}],"author":[{"embeddable":true,"href":"https:\/\/www.cec.org\/flwy\/es\/wp-json\/wp\/v2\/users\/1"}],"replies":[{"embeddable":true,"href":"https:\/\/www.cec.org\/flwy\/es\/wp-json\/wp\/v2\/comments?post=913"}],"version-history":[{"count":11,"href":"https:\/\/www.cec.org\/flwy\/es\/wp-json\/wp\/v2\/pages\/913\/revisions"}],"predecessor-version":[{"id":5088,"href":"https:\/\/www.cec.org\/flwy\/es\/wp-json\/wp\/v2\/pages\/913\/revisions\/5088"}],"wp:attachment":[{"href":"https:\/\/www.cec.org\/flwy\/es\/wp-json\/wp\/v2\/media?parent=913"}],"curies":[{"name":"wp","href":"https:\/\/api.w.org\/{rel}","templated":true}]}}