{"id":885,"date":"2018-11-02T21:02:29","date_gmt":"2018-11-03T01:02:29","guid":{"rendered":"http:\/\/www.cec.org\/flwy\/?page_id=885"},"modified":"2023-05-26T11:40:04","modified_gmt":"2023-05-26T15:40:04","slug":"unete-al-movimiento-juvenil","status":"publish","type":"page","link":"https:\/\/www.cec.org\/flwy\/es\/unete-al-movimiento-juvenil\/","title":{"rendered":"H\u00e9roes juveniles"},"content":{"rendered":"<p>H\u00e9roes juveniles en contra del desperdicio de alimentos: desde el Yuk\u00f3n hasta Yucat\u00e1n, pasando por Yosemite<\/p>\n","protected":false},"excerpt":{"rendered":"<p>H\u00e9roes juveniles en contra del desperdicio de alimentos: desde el Yuk\u00f3n hasta Yucat\u00e1n, pasando por Yosemite<\/p>\n","protected":false},"author":1,"featured_media":0,"parent":0,"menu_order":0,"comment_status":"closed","ping_status":"closed","template":"page-join-the-youth-movement.php","meta":{"_acf_changed":false,"footnotes":""},"class_list":["post-885","page","type-page","status-publish","hentry"],"acf":[],"_links":{"self":[{"href":"https:\/\/www.cec.org\/flwy\/es\/wp-json\/wp\/v2\/pages\/885","targetHints":{"allow":["GET"]}}],"collection":[{"href":"https:\/\/www.cec.org\/flwy\/es\/wp-json\/wp\/v2\/pages"}],"about":[{"href":"https:\/\/www.cec.org\/flwy\/es\/wp-json\/wp\/v2\/types\/page"}],"author":[{"embeddable":true,"href":"https:\/\/www.cec.org\/flwy\/es\/wp-json\/wp\/v2\/users\/1"}],"replies":[{"embeddable":true,"href":"https:\/\/www.cec.org\/flwy\/es\/wp-json\/wp\/v2\/comments?post=885"}],"version-history":[{"count":2,"href":"https:\/\/www.cec.org\/flwy\/es\/wp-json\/wp\/v2\/pages\/885\/revisions"}],"predecessor-version":[{"id":5601,"href":"https:\/\/www.cec.org\/flwy\/es\/wp-json\/wp\/v2\/pages\/885\/revisions\/5601"}],"wp:attachment":[{"href":"https:\/\/www.cec.org\/flwy\/es\/wp-json\/wp\/v2\/media?parent=885"}],"curies":[{"name":"wp","href":"https:\/\/api.w.org\/{rel}","templated":true}]}}