{"id":884,"date":"2018-11-02T21:02:38","date_gmt":"2018-11-03T01:02:38","guid":{"rendered":"http:\/\/www.cec.org\/flwy\/?page_id=884"},"modified":"2023-01-24T10:47:39","modified_gmt":"2023-01-24T15:47:39","slug":"guia-de-actividades","status":"publish","type":"page","link":"https:\/\/www.cec.org\/flwy\/es\/guia-de-actividades\/","title":{"rendered":"Gu\u00eda de actividades"},"content":{"rendered":"<p>Si organiza actividades en su comunidad, es un educador, o un profesional que trabaja con ni\u00f1os y j\u00f3venes con el fin de sensibilizarles sobre la p\u00e9rdida y el desperdicio de alimentos, aqu\u00ed puede encontrar algunos medios que le ayudar\u00e1n en su tarea.<\/p>\n<p>Ay\u00fadenos a promover el Kit de Acci\u00f3n \u201cLos alimentos importan\u201d haciendo circular nuestro folleto. Es f\u00e1cil, simplemente se puede descargar e imprimir. Tambi\u00e9n tenemos una presentaci\u00f3n PowerPoint que podr\u00e1 utilizar si quiere hacer conocer el Kit en su comunidad.<\/p>\n","protected":false},"excerpt":{"rendered":"<p>Si organiza actividades en su comunidad, es un educador, o un profesional que trabaja con ni\u00f1os y j\u00f3venes con el fin de sensibilizarles sobre la p\u00e9rdida y el desperdicio de alimentos, aqu\u00ed puede encontrar algunos medios que le ayudar\u00e1n en su tarea. Ay\u00fadenos a promover el Kit de Acci\u00f3n \u201cLos alimentos importan\u201d haciendo circular nuestro [&hellip;]<\/p>\n","protected":false},"author":1,"featured_media":1167,"parent":0,"menu_order":0,"comment_status":"closed","ping_status":"closed","template":"page-activityguide.php","meta":{"_acf_changed":false,"footnotes":""},"class_list":["post-884","page","type-page","status-publish","has-post-thumbnail","hentry"],"acf":[],"_links":{"self":[{"href":"https:\/\/www.cec.org\/flwy\/es\/wp-json\/wp\/v2\/pages\/884","targetHints":{"allow":["GET"]}}],"collection":[{"href":"https:\/\/www.cec.org\/flwy\/es\/wp-json\/wp\/v2\/pages"}],"about":[{"href":"https:\/\/www.cec.org\/flwy\/es\/wp-json\/wp\/v2\/types\/page"}],"author":[{"embeddable":true,"href":"https:\/\/www.cec.org\/flwy\/es\/wp-json\/wp\/v2\/users\/1"}],"replies":[{"embeddable":true,"href":"https:\/\/www.cec.org\/flwy\/es\/wp-json\/wp\/v2\/comments?post=884"}],"version-history":[{"count":2,"href":"https:\/\/www.cec.org\/flwy\/es\/wp-json\/wp\/v2\/pages\/884\/revisions"}],"predecessor-version":[{"id":4727,"href":"https:\/\/www.cec.org\/flwy\/es\/wp-json\/wp\/v2\/pages\/884\/revisions\/4727"}],"wp:featuredmedia":[{"embeddable":true,"href":"https:\/\/www.cec.org\/flwy\/es\/wp-json\/wp\/v2\/media\/1167"}],"wp:attachment":[{"href":"https:\/\/www.cec.org\/flwy\/es\/wp-json\/wp\/v2\/media?parent=884"}],"curies":[{"name":"wp","href":"https:\/\/api.w.org\/{rel}","templated":true}]}}