{"id":883,"date":"2018-11-21T16:34:38","date_gmt":"2018-11-21T21:34:38","guid":{"rendered":"http:\/\/www.cec.org\/flwy\/?page_id=883"},"modified":"2023-03-27T13:50:53","modified_gmt":"2023-03-27T17:50:53","slug":"sociosycolaboradores","status":"publish","type":"page","link":"https:\/\/www.cec.org\/flwy\/es\/sociosycolaboradores\/","title":{"rendered":"Socios y colaboradores"},"content":{"rendered":"<p>Ni\u00f1os y j\u00f3venes de todos los rincones de Am\u00e9rica del Norte est\u00e1n emprendiendo acciones para prevenir el desperdicio de alimentos y, as\u00ed, ayudar al medio ambiente. Gracias a nuestros socios y colaboradores a lo largo y ancho de la regi\u00f3n, nuestra campa\u00f1a \u201c\u00a1Reduzcamos la Monta\u00f1a de alimentos desperdiciados\u201d ha llegado a muchas m\u00e1s escuelas y comunidades. Echa un vistazo a algunas de estas incre\u00edbles organizaciones y a sus iniciativas, mientras \u00a1te preparas para actuar t\u00fa tambi\u00e9n!<\/p>\n","protected":false},"excerpt":{"rendered":"<p>Ni\u00f1os y j\u00f3venes de todos los rincones de Am\u00e9rica del Norte est\u00e1n emprendiendo acciones para prevenir el desperdicio de alimentos y, as\u00ed, ayudar al medio ambiente. Gracias a nuestros socios y colaboradores a lo largo y ancho de la regi\u00f3n, nuestra campa\u00f1a \u201c\u00a1Reduzcamos la Monta\u00f1a de alimentos desperdiciados\u201d ha llegado a muchas m\u00e1s escuelas y [&hellip;]<\/p>\n","protected":false},"author":1,"featured_media":0,"parent":0,"menu_order":0,"comment_status":"closed","ping_status":"closed","template":"page-partners.php","meta":{"_acf_changed":false,"footnotes":""},"class_list":["post-883","page","type-page","status-publish","hentry"],"acf":[],"_links":{"self":[{"href":"https:\/\/www.cec.org\/flwy\/es\/wp-json\/wp\/v2\/pages\/883","targetHints":{"allow":["GET"]}}],"collection":[{"href":"https:\/\/www.cec.org\/flwy\/es\/wp-json\/wp\/v2\/pages"}],"about":[{"href":"https:\/\/www.cec.org\/flwy\/es\/wp-json\/wp\/v2\/types\/page"}],"author":[{"embeddable":true,"href":"https:\/\/www.cec.org\/flwy\/es\/wp-json\/wp\/v2\/users\/1"}],"replies":[{"embeddable":true,"href":"https:\/\/www.cec.org\/flwy\/es\/wp-json\/wp\/v2\/comments?post=883"}],"version-history":[{"count":21,"href":"https:\/\/www.cec.org\/flwy\/es\/wp-json\/wp\/v2\/pages\/883\/revisions"}],"predecessor-version":[{"id":5497,"href":"https:\/\/www.cec.org\/flwy\/es\/wp-json\/wp\/v2\/pages\/883\/revisions\/5497"}],"wp:attachment":[{"href":"https:\/\/www.cec.org\/flwy\/es\/wp-json\/wp\/v2\/media?parent=883"}],"curies":[{"name":"wp","href":"https:\/\/api.w.org\/{rel}","templated":true}]}}