{"id":882,"date":"2019-02-11T16:18:03","date_gmt":"2019-02-11T21:18:03","guid":{"rendered":"http:\/\/www.cec.org\/flwy\/?page_id=882"},"modified":"2019-04-18T13:42:06","modified_gmt":"2019-04-18T18:42:06","slug":"desperdicio-de-alimentos-medio-ambiente-y-cambio-climatico","status":"publish","type":"page","link":"https:\/\/www.cec.org\/flwy\/es\/desperdicio-de-alimentos-medio-ambiente-y-cambio-climatico\/","title":{"rendered":"Desperdicio de alimentos, <br>medio ambiente y <br>cambio clim\u00e1tico"},"content":{"rendered":"<p>Frenar el cambio clim\u00e1tico y proteger el medio ambiente son dos de los mayores desaf\u00edos de nuestros tiempos, y el desperdicio de alimentos contribuye en gran medida a ambas problem\u00e1ticas.<\/p>\n<p>\u00bfTanto as\u00ed?, te preguntar\u00e1s.<\/p>\n<p>Cuando terminan depositados en un relleno sanitario, los alimentos generan metano, gas de efecto invernadero 25 veces m\u00e1s potente que el di\u00f3xido de carbono. De hecho, si los alimentos desechados en todo el mundo se sumaran y midieran como si se tratara de un pa\u00eds, \u00e9ste ocupar\u00eda el tercer lugar en emisiones de gases de efecto invernadero.<\/p>\n<p>Pero eso no es todo. Cuando tiramos comida estamos tambi\u00e9n desperdiciando la tierra, el agua, la energ\u00eda y otros recursos invertidos en su producci\u00f3n, lo cual tiene un enorme impacto en la biodiversidad \u2014la variedad de organismos vivos en la tierra\u2014 y contamina nuestro medio ambiente.<\/p>\n<p class=\"btn-success\"><a href=\"\/flwy\/wp-content\/themes\/flwy-theme\/documents\/chart-es.pdf\">Descargar<\/a><\/p>\n<p><img loading=\"lazy\" decoding=\"async\" class=\"alignnone size-full wp-image-1529\" src=\"http:\/\/www.cec.org\/flwy\/wp-content\/uploads\/2019\/04\/chart-es-1.png\" alt=\"\" width=\"1082\" height=\"1394\" srcset=\"https:\/\/www.cec.org\/flwy\/wp-content\/uploads\/2019\/04\/chart-es-1.png 1082w, https:\/\/www.cec.org\/flwy\/wp-content\/uploads\/2019\/04\/chart-es-1-233x300.png 233w, https:\/\/www.cec.org\/flwy\/wp-content\/uploads\/2019\/04\/chart-es-1-768x989.png 768w, https:\/\/www.cec.org\/flwy\/wp-content\/uploads\/2019\/04\/chart-es-1-795x1024.png 795w\" sizes=\"auto, (max-width: 1082px) 100vw, 1082px\" \/><\/p>\n","protected":false},"excerpt":{"rendered":"<p>Frenar el cambio clim\u00e1tico y proteger el medio ambiente son dos de los mayores desaf\u00edos de nuestros tiempos, y el desperdicio de alimentos contribuye en gran medida a ambas problem\u00e1ticas. \u00bfTanto as\u00ed?, te preguntar\u00e1s. Cuando terminan depositados en un relleno sanitario, los alimentos generan metano, gas de efecto invernadero 25 veces m\u00e1s potente que el [&hellip;]<\/p>\n","protected":false},"author":1,"featured_media":1164,"parent":0,"menu_order":0,"comment_status":"closed","ping_status":"closed","template":"","meta":{"_acf_changed":false,"footnotes":""},"class_list":["post-882","page","type-page","status-publish","has-post-thumbnail","hentry"],"acf":[],"_links":{"self":[{"href":"https:\/\/www.cec.org\/flwy\/es\/wp-json\/wp\/v2\/pages\/882","targetHints":{"allow":["GET"]}}],"collection":[{"href":"https:\/\/www.cec.org\/flwy\/es\/wp-json\/wp\/v2\/pages"}],"about":[{"href":"https:\/\/www.cec.org\/flwy\/es\/wp-json\/wp\/v2\/types\/page"}],"author":[{"embeddable":true,"href":"https:\/\/www.cec.org\/flwy\/es\/wp-json\/wp\/v2\/users\/1"}],"replies":[{"embeddable":true,"href":"https:\/\/www.cec.org\/flwy\/es\/wp-json\/wp\/v2\/comments?post=882"}],"version-history":[{"count":0,"href":"https:\/\/www.cec.org\/flwy\/es\/wp-json\/wp\/v2\/pages\/882\/revisions"}],"wp:featuredmedia":[{"embeddable":true,"href":"https:\/\/www.cec.org\/flwy\/es\/wp-json\/wp\/v2\/media\/1164"}],"wp:attachment":[{"href":"https:\/\/www.cec.org\/flwy\/es\/wp-json\/wp\/v2\/media?parent=882"}],"curies":[{"name":"wp","href":"https:\/\/api.w.org\/{rel}","templated":true}]}}