{"id":880,"date":"2019-02-11T16:15:44","date_gmt":"2019-02-11T21:15:44","guid":{"rendered":"http:\/\/www.cec.org\/flwy\/?page_id=880"},"modified":"2021-11-15T15:22:08","modified_gmt":"2021-11-15T20:22:08","slug":"acerca-de-este-kit-de-accion","status":"publish","type":"page","link":"https:\/\/www.cec.org\/flwy\/es\/acerca-de-este-kit-de-accion\/","title":{"rendered":"Acerca de este kit de acci\u00f3n"},"content":{"rendered":"<p>El <a href=\"http:\/\/www.cec.org\/files\/documents\/publications\/11817-food-matters-action-kit-inspiring-youth-across-north-america-prevent-food-waste-es.pdf\"><strong>kit de acci\u00f3n \u2018Los alimentos importan\u2019<\/strong><\/a> contiene m\u00e1s de 70 actividades que invitan a los j\u00f3venes a ayudar a prevenir el desperdicio de alimentos. Las actividades pueden hacerse en forma individual o en serie, en el orden que se ajuste a los temas de aprendizaje de tu clase u organizaci\u00f3n. El kit se divide en dos conjuntos de actividades: para ni\u00f1os (de 5 a 13 a\u00f1os) y j\u00f3venes (de 14 a 25 a\u00f1os), organizadas por tema. Muchas de ellas pueden interesar tanto a ni\u00f1os como a j\u00f3venes, Gu\u00eda de actividades \u00a1as\u00ed que expl\u00f3ralas todas!<\/p>\n<p class=\"centered\"><a class=\"btn-default\" href=\"http:\/\/www.cec.org\/files\/documents\/publications\/11817-food-matters-action-kit-inspiring-youth-across-north-america-prevent-food-waste-es.pdf\" data-gtm-event=\"download\" data-gtm-eventaction=\"download a PDF\">Descargar el kit de acci\u00f3n<\/a><\/p>\n<p>&nbsp;<\/p>\n","protected":false},"excerpt":{"rendered":"<p>El kit de acci\u00f3n \u2018Los alimentos importan\u2019 contiene m\u00e1s de 70 actividades que invitan a los j\u00f3venes a ayudar a prevenir el desperdicio de alimentos. Las actividades pueden hacerse en forma individual o en serie, en el orden que se ajuste a los temas de aprendizaje de tu clase u organizaci\u00f3n. El kit se divide [&hellip;]<\/p>\n","protected":false},"author":1,"featured_media":1173,"parent":0,"menu_order":0,"comment_status":"closed","ping_status":"closed","template":"page-actionkit.php","meta":{"_acf_changed":false,"footnotes":""},"class_list":["post-880","page","type-page","status-publish","has-post-thumbnail","hentry"],"acf":[],"_links":{"self":[{"href":"https:\/\/www.cec.org\/flwy\/es\/wp-json\/wp\/v2\/pages\/880","targetHints":{"allow":["GET"]}}],"collection":[{"href":"https:\/\/www.cec.org\/flwy\/es\/wp-json\/wp\/v2\/pages"}],"about":[{"href":"https:\/\/www.cec.org\/flwy\/es\/wp-json\/wp\/v2\/types\/page"}],"author":[{"embeddable":true,"href":"https:\/\/www.cec.org\/flwy\/es\/wp-json\/wp\/v2\/users\/1"}],"replies":[{"embeddable":true,"href":"https:\/\/www.cec.org\/flwy\/es\/wp-json\/wp\/v2\/comments?post=880"}],"version-history":[{"count":7,"href":"https:\/\/www.cec.org\/flwy\/es\/wp-json\/wp\/v2\/pages\/880\/revisions"}],"predecessor-version":[{"id":5306,"href":"https:\/\/www.cec.org\/flwy\/es\/wp-json\/wp\/v2\/pages\/880\/revisions\/5306"}],"wp:featuredmedia":[{"embeddable":true,"href":"https:\/\/www.cec.org\/flwy\/es\/wp-json\/wp\/v2\/media\/1173"}],"wp:attachment":[{"href":"https:\/\/www.cec.org\/flwy\/es\/wp-json\/wp\/v2\/media?parent=880"}],"curies":[{"name":"wp","href":"https:\/\/api.w.org\/{rel}","templated":true}]}}