{"id":787,"date":"2019-03-04T10:57:48","date_gmt":"2019-03-04T15:57:48","guid":{"rendered":"http:\/\/www.cec.org\/flwm\/?page_id=787"},"modified":"2021-10-01T13:50:25","modified_gmt":"2021-10-01T17:50:25","slug":"outils-rapports","status":"publish","type":"page","link":"https:\/\/www.cec.org\/flwm\/fr\/outils-rapports\/","title":{"rendered":"Outils \/ Rapports"},"content":{"rendered":"","protected":false},"excerpt":{"rendered":"","protected":false},"author":1,"featured_media":437,"parent":0,"menu_order":0,"comment_status":"closed","ping_status":"closed","template":"page-reports.php","meta":{"_acf_changed":false,"footnotes":""},"class_list":["post-787","page","type-page","status-publish","has-post-thumbnail","hentry"],"acf":[],"yoast_head":"<!-- This site is optimized with the Yoast SEO plugin v27.0 - https:\/\/yoast.com\/product\/yoast-seo-wordpress\/ -->\n<title>Outils \/ Rapports - Pourquoi et comment mesurer la PGA<\/title>\n<meta name=\"robots\" content=\"index, follow, max-snippet:-1, max-image-preview:large, max-video-preview:-1\" \/>\n<link rel=\"canonical\" href=\"https:\/\/www.cec.org\/flwm\/fr\/outils-rapports\/\" \/>\n<meta property=\"og:locale\" content=\"fr_FR\" \/>\n<meta property=\"og:type\" content=\"article\" \/>\n<meta property=\"og:title\" content=\"Outils \/ Rapports - Pourquoi et comment mesurer la PGA\" \/>\n<meta property=\"og:url\" content=\"https:\/\/www.cec.org\/flwm\/fr\/outils-rapports\/\" \/>\n<meta property=\"og:site_name\" content=\"Pourquoi et comment mesurer la PGA\" \/>\n<meta property=\"article:publisher\" content=\"https:\/\/www.facebook.com\/CECconnect\" \/>\n<meta property=\"article:modified_time\" content=\"2021-10-01T17:50:25+00:00\" \/>\n<meta property=\"og:image\" content=\"https:\/\/www.cec.org\/flwm\/wp-content\/uploads\/2018\/12\/why-measure-food-loss-and-waste.jpg\" \/>\n\t<meta property=\"og:image:width\" content=\"1500\" \/>\n\t<meta property=\"og:image:height\" content=\"506\" \/>\n\t<meta property=\"og:image:type\" content=\"image\/jpeg\" \/>\n<meta name=\"twitter:card\" content=\"summary_large_image\" \/>\n<meta name=\"twitter:site\" content=\"@CECweb\" \/>\n<script type=\"application\/ld+json\" class=\"yoast-schema-graph\">{\"@context\":\"https:\/\/schema.org\",\"@graph\":[{\"@type\":\"WebPage\",\"@id\":\"https:\/\/www.cec.org\/flwm\/fr\/outils-rapports\/\",\"url\":\"https:\/\/www.cec.org\/flwm\/fr\/outils-rapports\/\",\"name\":\"Outils \/ Rapports - Pourquoi et comment mesurer la PGA\",\"isPartOf\":{\"@id\":\"https:\/\/www.cec.org\/flwm\/fr\/#website\"},\"primaryImageOfPage\":{\"@id\":\"https:\/\/www.cec.org\/flwm\/fr\/outils-rapports\/#primaryimage\"},\"image\":{\"@id\":\"https:\/\/www.cec.org\/flwm\/fr\/outils-rapports\/#primaryimage\"},\"thumbnailUrl\":\"https:\/\/www.cec.org\/flwm\/wp-content\/uploads\/2018\/12\/why-measure-food-loss-and-waste.jpg\",\"datePublished\":\"2019-03-04T15:57:48+00:00\",\"dateModified\":\"2021-10-01T17:50:25+00:00\",\"breadcrumb\":{\"@id\":\"https:\/\/www.cec.org\/flwm\/fr\/outils-rapports\/#breadcrumb\"},\"inLanguage\":\"fr-FR\",\"potentialAction\":[{\"@type\":\"ReadAction\",\"target\":[\"https:\/\/www.cec.org\/flwm\/fr\/outils-rapports\/\"]}]},{\"@type\":\"ImageObject\",\"inLanguage\":\"fr-FR\",\"@id\":\"https:\/\/www.cec.org\/flwm\/fr\/outils-rapports\/#primaryimage\",\"url\":\"https:\/\/www.cec.org\/flwm\/wp-content\/uploads\/2018\/12\/why-measure-food-loss-and-waste.jpg\",\"contentUrl\":\"https:\/\/www.cec.org\/flwm\/wp-content\/uploads\/2018\/12\/why-measure-food-loss-and-waste.jpg\",\"width\":1500,\"height\":506},{\"@type\":\"BreadcrumbList\",\"@id\":\"https:\/\/www.cec.org\/flwm\/fr\/outils-rapports\/#breadcrumb\",\"itemListElement\":[{\"@type\":\"ListItem\",\"position\":1,\"name\":\"Home\",\"item\":\"https:\/\/www.cec.org\/flwm\/fr\/\"},{\"@type\":\"ListItem\",\"position\":2,\"name\":\"Outils \/ Rapports\"}]},{\"@type\":\"WebSite\",\"@id\":\"https:\/\/www.cec.org\/flwm\/fr\/#website\",\"url\":\"https:\/\/www.cec.org\/flwm\/fr\/\",\"name\":\"Why and How to Measure Food Loss and Waste\",\"description\":\"Utilisez notre calculateur des co\u00fbts pour l\u2019entreprise afin d\u2019\u00e9valuer votre PGA, inspirez-vous des \u00e9tudes de cas relatives \u00e0 nos partenaires et passez \u00e0 l\u2019action!\",\"publisher\":{\"@id\":\"https:\/\/www.cec.org\/flwm\/fr\/#organization\"},\"potentialAction\":[{\"@type\":\"SearchAction\",\"target\":{\"@type\":\"EntryPoint\",\"urlTemplate\":\"https:\/\/www.cec.org\/flwm\/fr\/?s={search_term_string}\"},\"query-input\":{\"@type\":\"PropertyValueSpecification\",\"valueRequired\":true,\"valueName\":\"search_term_string\"}}],\"inLanguage\":\"fr-FR\"},{\"@type\":\"Organization\",\"@id\":\"https:\/\/www.cec.org\/flwm\/fr\/#organization\",\"name\":\"Commission for Environmental Cooperation\",\"url\":\"https:\/\/www.cec.org\/flwm\/fr\/\",\"logo\":{\"@type\":\"ImageObject\",\"inLanguage\":\"fr-FR\",\"@id\":\"https:\/\/www.cec.org\/flwm\/fr\/#\/schema\/logo\/image\/\",\"url\":\"http:\/\/www.cec.org\/flwm\/wp-content\/uploads\/2023\/08\/CEC-Logo-RGB.png\",\"contentUrl\":\"http:\/\/www.cec.org\/flwm\/wp-content\/uploads\/2023\/08\/CEC-Logo-RGB.png\",\"width\":490,\"height\":490,\"caption\":\"Commission for Environmental Cooperation\"},\"image\":{\"@id\":\"https:\/\/www.cec.org\/flwm\/fr\/#\/schema\/logo\/image\/\"},\"sameAs\":[\"https:\/\/www.facebook.com\/CECconnect\",\"https:\/\/x.com\/CECweb\",\"https:\/\/www.linkedin.com\/company\/commission-for-environmental-cooperation-of-north-america\/mycompany\/\",\"https:\/\/www.instagram.com\/cecnorthamerica\/\",\"https:\/\/cecweb.medium.com\/\",\"https:\/\/www.youtube.com\/user\/CECweb\"]}]}<\/script>\n<!-- \/ Yoast SEO plugin. -->","yoast_head_json":{"title":"Outils \/ Rapports - Pourquoi et comment mesurer la PGA","robots":{"index":"index","follow":"follow","max-snippet":"max-snippet:-1","max-image-preview":"max-image-preview:large","max-video-preview":"max-video-preview:-1"},"canonical":"https:\/\/www.cec.org\/flwm\/fr\/outils-rapports\/","og_locale":"fr_FR","og_type":"article","og_title":"Outils \/ Rapports - Pourquoi et comment mesurer la PGA","og_url":"https:\/\/www.cec.org\/flwm\/fr\/outils-rapports\/","og_site_name":"Pourquoi et comment mesurer la PGA","article_publisher":"https:\/\/www.facebook.com\/CECconnect","article_modified_time":"2021-10-01T17:50:25+00:00","og_image":[{"width":1500,"height":506,"url":"https:\/\/www.cec.org\/flwm\/wp-content\/uploads\/2018\/12\/why-measure-food-loss-and-waste.jpg","type":"image\/jpeg"}],"twitter_card":"summary_large_image","twitter_site":"@CECweb","schema":{"@context":"https:\/\/schema.org","@graph":[{"@type":"WebPage","@id":"https:\/\/www.cec.org\/flwm\/fr\/outils-rapports\/","url":"https:\/\/www.cec.org\/flwm\/fr\/outils-rapports\/","name":"Outils \/ Rapports - Pourquoi et comment mesurer la PGA","isPartOf":{"@id":"https:\/\/www.cec.org\/flwm\/fr\/#website"},"primaryImageOfPage":{"@id":"https:\/\/www.cec.org\/flwm\/fr\/outils-rapports\/#primaryimage"},"image":{"@id":"https:\/\/www.cec.org\/flwm\/fr\/outils-rapports\/#primaryimage"},"thumbnailUrl":"https:\/\/www.cec.org\/flwm\/wp-content\/uploads\/2018\/12\/why-measure-food-loss-and-waste.jpg","datePublished":"2019-03-04T15:57:48+00:00","dateModified":"2021-10-01T17:50:25+00:00","breadcrumb":{"@id":"https:\/\/www.cec.org\/flwm\/fr\/outils-rapports\/#breadcrumb"},"inLanguage":"fr-FR","potentialAction":[{"@type":"ReadAction","target":["https:\/\/www.cec.org\/flwm\/fr\/outils-rapports\/"]}]},{"@type":"ImageObject","inLanguage":"fr-FR","@id":"https:\/\/www.cec.org\/flwm\/fr\/outils-rapports\/#primaryimage","url":"https:\/\/www.cec.org\/flwm\/wp-content\/uploads\/2018\/12\/why-measure-food-loss-and-waste.jpg","contentUrl":"https:\/\/www.cec.org\/flwm\/wp-content\/uploads\/2018\/12\/why-measure-food-loss-and-waste.jpg","width":1500,"height":506},{"@type":"BreadcrumbList","@id":"https:\/\/www.cec.org\/flwm\/fr\/outils-rapports\/#breadcrumb","itemListElement":[{"@type":"ListItem","position":1,"name":"Home","item":"https:\/\/www.cec.org\/flwm\/fr\/"},{"@type":"ListItem","position":2,"name":"Outils \/ Rapports"}]},{"@type":"WebSite","@id":"https:\/\/www.cec.org\/flwm\/fr\/#website","url":"https:\/\/www.cec.org\/flwm\/fr\/","name":"Why and How to Measure Food Loss and Waste","description":"Utilisez notre calculateur des co\u00fbts pour l\u2019entreprise afin d\u2019\u00e9valuer votre PGA, inspirez-vous des \u00e9tudes de cas relatives \u00e0 nos partenaires et passez \u00e0 l\u2019action!","publisher":{"@id":"https:\/\/www.cec.org\/flwm\/fr\/#organization"},"potentialAction":[{"@type":"SearchAction","target":{"@type":"EntryPoint","urlTemplate":"https:\/\/www.cec.org\/flwm\/fr\/?s={search_term_string}"},"query-input":{"@type":"PropertyValueSpecification","valueRequired":true,"valueName":"search_term_string"}}],"inLanguage":"fr-FR"},{"@type":"Organization","@id":"https:\/\/www.cec.org\/flwm\/fr\/#organization","name":"Commission for Environmental Cooperation","url":"https:\/\/www.cec.org\/flwm\/fr\/","logo":{"@type":"ImageObject","inLanguage":"fr-FR","@id":"https:\/\/www.cec.org\/flwm\/fr\/#\/schema\/logo\/image\/","url":"http:\/\/www.cec.org\/flwm\/wp-content\/uploads\/2023\/08\/CEC-Logo-RGB.png","contentUrl":"http:\/\/www.cec.org\/flwm\/wp-content\/uploads\/2023\/08\/CEC-Logo-RGB.png","width":490,"height":490,"caption":"Commission for Environmental Cooperation"},"image":{"@id":"https:\/\/www.cec.org\/flwm\/fr\/#\/schema\/logo\/image\/"},"sameAs":["https:\/\/www.facebook.com\/CECconnect","https:\/\/x.com\/CECweb","https:\/\/www.linkedin.com\/company\/commission-for-environmental-cooperation-of-north-america\/mycompany\/","https:\/\/www.instagram.com\/cecnorthamerica\/","https:\/\/cecweb.medium.com\/","https:\/\/www.youtube.com\/user\/CECweb"]}]}},"_links":{"self":[{"href":"https:\/\/www.cec.org\/flwm\/fr\/wp-json\/wp\/v2\/pages\/787","targetHints":{"allow":["GET"]}}],"collection":[{"href":"https:\/\/www.cec.org\/flwm\/fr\/wp-json\/wp\/v2\/pages"}],"about":[{"href":"https:\/\/www.cec.org\/flwm\/fr\/wp-json\/wp\/v2\/types\/page"}],"author":[{"embeddable":true,"href":"https:\/\/www.cec.org\/flwm\/fr\/wp-json\/wp\/v2\/users\/1"}],"replies":[{"embeddable":true,"href":"https:\/\/www.cec.org\/flwm\/fr\/wp-json\/wp\/v2\/comments?post=787"}],"version-history":[{"count":1,"href":"https:\/\/www.cec.org\/flwm\/fr\/wp-json\/wp\/v2\/pages\/787\/revisions"}],"predecessor-version":[{"id":788,"href":"https:\/\/www.cec.org\/flwm\/fr\/wp-json\/wp\/v2\/pages\/787\/revisions\/788"}],"wp:featuredmedia":[{"embeddable":true,"href":"https:\/\/www.cec.org\/flwm\/fr\/wp-json\/wp\/v2\/media\/437"}],"wp:attachment":[{"href":"https:\/\/www.cec.org\/flwm\/fr\/wp-json\/wp\/v2\/media?parent=787"}],"curies":[{"name":"wp","href":"https:\/\/api.w.org\/{rel}","templated":true}]}}