{"id":1882,"date":"2023-05-12T10:08:31","date_gmt":"2023-05-12T14:08:31","guid":{"rendered":"http:\/\/www.cec.org\/flwm\/guide-pratique\/"},"modified":"2023-05-12T10:08:31","modified_gmt":"2023-05-12T14:08:31","slug":"guide-pratique","status":"publish","type":"page","link":"https:\/\/www.cec.org\/flwm\/fr\/guide-pratique\/","title":{"rendered":"Guide pratique"},"content":{"rendered":"<p>Ce guide explique les sept \u00e9tapes pour mesurer la perte et le gaspillage d\u2019aliments (PGA) dans votre entreprise, institution ou organisation. Utilisez notre liste de contr\u00f4le pour suivre vos progr\u00e8s et acc\u00e9der facilement \u00e0 la section la plus appropri\u00e9e.<\/p>\n","protected":false},"excerpt":{"rendered":"<p>Ce guide explique les sept \u00e9tapes pour mesurer la perte et le gaspillage d\u2019aliments (PGA) dans votre entreprise, institution ou organisation. Utilisez notre liste de contr\u00f4le pour suivre vos progr\u00e8s et acc\u00e9der facilement \u00e0 la section la plus appropri\u00e9e.<\/p>\n","protected":false},"author":1,"featured_media":0,"parent":0,"menu_order":0,"comment_status":"closed","ping_status":"closed","template":"page-practicalguide.php","meta":{"_acf_changed":false,"footnotes":""},"class_list":["post-1882","page","type-page","status-publish","hentry"],"acf":[],"yoast_head":"<!-- This site is optimized with the Yoast SEO plugin v27.0 - https:\/\/yoast.com\/product\/yoast-seo-wordpress\/ -->\n<title>Guide pratique - Pourquoi et comment mesurer la PGA<\/title>\n<meta name=\"robots\" content=\"index, follow, max-snippet:-1, max-image-preview:large, max-video-preview:-1\" \/>\n<link rel=\"canonical\" href=\"https:\/\/www.cec.org\/flwm\/fr\/guide-pratique\/\" \/>\n<meta property=\"og:locale\" content=\"fr_FR\" \/>\n<meta property=\"og:type\" content=\"article\" \/>\n<meta property=\"og:title\" content=\"Guide pratique - Pourquoi et comment mesurer la PGA\" \/>\n<meta property=\"og:description\" content=\"Ce guide explique les sept \u00e9tapes pour mesurer la perte et le gaspillage d\u2019aliments (PGA) dans votre entreprise, institution ou organisation. Utilisez notre liste de contr\u00f4le pour suivre vos progr\u00e8s et acc\u00e9der facilement \u00e0 la section la plus appropri\u00e9e.\" \/>\n<meta property=\"og:url\" content=\"https:\/\/www.cec.org\/flwm\/fr\/guide-pratique\/\" \/>\n<meta property=\"og:site_name\" content=\"Pourquoi et comment mesurer la PGA\" \/>\n<meta property=\"article:publisher\" content=\"https:\/\/www.facebook.com\/CECconnect\" \/>\n<meta property=\"og:image\" content=\"https:\/\/www.cec.org\/flwm\/wp-content\/uploads\/2023\/05\/prevention.webp\" \/>\n\t<meta property=\"og:image:width\" content=\"1900\" \/>\n\t<meta property=\"og:image:height\" content=\"1200\" \/>\n\t<meta property=\"og:image:type\" content=\"image\/webp\" \/>\n<meta name=\"twitter:card\" content=\"summary_large_image\" \/>\n<meta name=\"twitter:site\" content=\"@CECweb\" \/>\n<script type=\"application\/ld+json\" class=\"yoast-schema-graph\">{\"@context\":\"https:\/\/schema.org\",\"@graph\":[{\"@type\":\"WebPage\",\"@id\":\"https:\/\/www.cec.org\/flwm\/fr\/guide-pratique\/\",\"url\":\"https:\/\/www.cec.org\/flwm\/fr\/guide-pratique\/\",\"name\":\"Guide pratique - Pourquoi et comment mesurer la PGA\",\"isPartOf\":{\"@id\":\"https:\/\/www.cec.org\/flwm\/fr\/#website\"},\"datePublished\":\"2023-05-12T14:08:31+00:00\",\"breadcrumb\":{\"@id\":\"https:\/\/www.cec.org\/flwm\/fr\/guide-pratique\/#breadcrumb\"},\"inLanguage\":\"fr-FR\",\"potentialAction\":[{\"@type\":\"ReadAction\",\"target\":[\"https:\/\/www.cec.org\/flwm\/fr\/guide-pratique\/\"]}]},{\"@type\":\"BreadcrumbList\",\"@id\":\"https:\/\/www.cec.org\/flwm\/fr\/guide-pratique\/#breadcrumb\",\"itemListElement\":[{\"@type\":\"ListItem\",\"position\":1,\"name\":\"Home\",\"item\":\"https:\/\/www.cec.org\/flwm\/fr\/\"},{\"@type\":\"ListItem\",\"position\":2,\"name\":\"Guide pratique\"}]},{\"@type\":\"WebSite\",\"@id\":\"https:\/\/www.cec.org\/flwm\/fr\/#website\",\"url\":\"https:\/\/www.cec.org\/flwm\/fr\/\",\"name\":\"Why and How to Measure Food Loss and Waste\",\"description\":\"Utilisez notre calculateur des co\u00fbts pour l\u2019entreprise afin d\u2019\u00e9valuer votre PGA, inspirez-vous des \u00e9tudes de cas relatives \u00e0 nos partenaires et passez \u00e0 l\u2019action!\",\"publisher\":{\"@id\":\"https:\/\/www.cec.org\/flwm\/fr\/#organization\"},\"potentialAction\":[{\"@type\":\"SearchAction\",\"target\":{\"@type\":\"EntryPoint\",\"urlTemplate\":\"https:\/\/www.cec.org\/flwm\/fr\/?s={search_term_string}\"},\"query-input\":{\"@type\":\"PropertyValueSpecification\",\"valueRequired\":true,\"valueName\":\"search_term_string\"}}],\"inLanguage\":\"fr-FR\"},{\"@type\":\"Organization\",\"@id\":\"https:\/\/www.cec.org\/flwm\/fr\/#organization\",\"name\":\"Commission for Environmental Cooperation\",\"url\":\"https:\/\/www.cec.org\/flwm\/fr\/\",\"logo\":{\"@type\":\"ImageObject\",\"inLanguage\":\"fr-FR\",\"@id\":\"https:\/\/www.cec.org\/flwm\/fr\/#\/schema\/logo\/image\/\",\"url\":\"http:\/\/www.cec.org\/flwm\/wp-content\/uploads\/2023\/08\/CEC-Logo-RGB.png\",\"contentUrl\":\"http:\/\/www.cec.org\/flwm\/wp-content\/uploads\/2023\/08\/CEC-Logo-RGB.png\",\"width\":490,\"height\":490,\"caption\":\"Commission for Environmental Cooperation\"},\"image\":{\"@id\":\"https:\/\/www.cec.org\/flwm\/fr\/#\/schema\/logo\/image\/\"},\"sameAs\":[\"https:\/\/www.facebook.com\/CECconnect\",\"https:\/\/x.com\/CECweb\",\"https:\/\/www.linkedin.com\/company\/commission-for-environmental-cooperation-of-north-america\/mycompany\/\",\"https:\/\/www.instagram.com\/cecnorthamerica\/\",\"https:\/\/cecweb.medium.com\/\",\"https:\/\/www.youtube.com\/user\/CECweb\"]}]}<\/script>\n<!-- \/ Yoast SEO plugin. -->","yoast_head_json":{"title":"Guide pratique - Pourquoi et comment mesurer la PGA","robots":{"index":"index","follow":"follow","max-snippet":"max-snippet:-1","max-image-preview":"max-image-preview:large","max-video-preview":"max-video-preview:-1"},"canonical":"https:\/\/www.cec.org\/flwm\/fr\/guide-pratique\/","og_locale":"fr_FR","og_type":"article","og_title":"Guide pratique - Pourquoi et comment mesurer la PGA","og_description":"Ce guide explique les sept \u00e9tapes pour mesurer la perte et le gaspillage d\u2019aliments (PGA) dans votre entreprise, institution ou organisation. Utilisez notre liste de contr\u00f4le pour suivre vos progr\u00e8s et acc\u00e9der facilement \u00e0 la section la plus appropri\u00e9e.","og_url":"https:\/\/www.cec.org\/flwm\/fr\/guide-pratique\/","og_site_name":"Pourquoi et comment mesurer la PGA","article_publisher":"https:\/\/www.facebook.com\/CECconnect","og_image":[{"width":1900,"height":1200,"url":"https:\/\/www.cec.org\/flwm\/wp-content\/uploads\/2023\/05\/prevention.webp","type":"image\/webp"}],"twitter_card":"summary_large_image","twitter_site":"@CECweb","schema":{"@context":"https:\/\/schema.org","@graph":[{"@type":"WebPage","@id":"https:\/\/www.cec.org\/flwm\/fr\/guide-pratique\/","url":"https:\/\/www.cec.org\/flwm\/fr\/guide-pratique\/","name":"Guide pratique - Pourquoi et comment mesurer la PGA","isPartOf":{"@id":"https:\/\/www.cec.org\/flwm\/fr\/#website"},"datePublished":"2023-05-12T14:08:31+00:00","breadcrumb":{"@id":"https:\/\/www.cec.org\/flwm\/fr\/guide-pratique\/#breadcrumb"},"inLanguage":"fr-FR","potentialAction":[{"@type":"ReadAction","target":["https:\/\/www.cec.org\/flwm\/fr\/guide-pratique\/"]}]},{"@type":"BreadcrumbList","@id":"https:\/\/www.cec.org\/flwm\/fr\/guide-pratique\/#breadcrumb","itemListElement":[{"@type":"ListItem","position":1,"name":"Home","item":"https:\/\/www.cec.org\/flwm\/fr\/"},{"@type":"ListItem","position":2,"name":"Guide pratique"}]},{"@type":"WebSite","@id":"https:\/\/www.cec.org\/flwm\/fr\/#website","url":"https:\/\/www.cec.org\/flwm\/fr\/","name":"Why and How to Measure Food Loss and Waste","description":"Utilisez notre calculateur des co\u00fbts pour l\u2019entreprise afin d\u2019\u00e9valuer votre PGA, inspirez-vous des \u00e9tudes de cas relatives \u00e0 nos partenaires et passez \u00e0 l\u2019action!","publisher":{"@id":"https:\/\/www.cec.org\/flwm\/fr\/#organization"},"potentialAction":[{"@type":"SearchAction","target":{"@type":"EntryPoint","urlTemplate":"https:\/\/www.cec.org\/flwm\/fr\/?s={search_term_string}"},"query-input":{"@type":"PropertyValueSpecification","valueRequired":true,"valueName":"search_term_string"}}],"inLanguage":"fr-FR"},{"@type":"Organization","@id":"https:\/\/www.cec.org\/flwm\/fr\/#organization","name":"Commission for Environmental Cooperation","url":"https:\/\/www.cec.org\/flwm\/fr\/","logo":{"@type":"ImageObject","inLanguage":"fr-FR","@id":"https:\/\/www.cec.org\/flwm\/fr\/#\/schema\/logo\/image\/","url":"http:\/\/www.cec.org\/flwm\/wp-content\/uploads\/2023\/08\/CEC-Logo-RGB.png","contentUrl":"http:\/\/www.cec.org\/flwm\/wp-content\/uploads\/2023\/08\/CEC-Logo-RGB.png","width":490,"height":490,"caption":"Commission for Environmental Cooperation"},"image":{"@id":"https:\/\/www.cec.org\/flwm\/fr\/#\/schema\/logo\/image\/"},"sameAs":["https:\/\/www.facebook.com\/CECconnect","https:\/\/x.com\/CECweb","https:\/\/www.linkedin.com\/company\/commission-for-environmental-cooperation-of-north-america\/mycompany\/","https:\/\/www.instagram.com\/cecnorthamerica\/","https:\/\/cecweb.medium.com\/","https:\/\/www.youtube.com\/user\/CECweb"]}]}},"_links":{"self":[{"href":"https:\/\/www.cec.org\/flwm\/fr\/wp-json\/wp\/v2\/pages\/1882","targetHints":{"allow":["GET"]}}],"collection":[{"href":"https:\/\/www.cec.org\/flwm\/fr\/wp-json\/wp\/v2\/pages"}],"about":[{"href":"https:\/\/www.cec.org\/flwm\/fr\/wp-json\/wp\/v2\/types\/page"}],"author":[{"embeddable":true,"href":"https:\/\/www.cec.org\/flwm\/fr\/wp-json\/wp\/v2\/users\/1"}],"replies":[{"embeddable":true,"href":"https:\/\/www.cec.org\/flwm\/fr\/wp-json\/wp\/v2\/comments?post=1882"}],"version-history":[{"count":0,"href":"https:\/\/www.cec.org\/flwm\/fr\/wp-json\/wp\/v2\/pages\/1882\/revisions"}],"wp:attachment":[{"href":"https:\/\/www.cec.org\/flwm\/fr\/wp-json\/wp\/v2\/media?parent=1882"}],"curies":[{"name":"wp","href":"https:\/\/api.w.org\/{rel}","templated":true}]}}