{"id":1739,"date":"2021-10-01T14:19:18","date_gmt":"2021-10-01T18:19:18","guid":{"rendered":"http:\/\/www.cec.org\/flwm\/accueil-2\/"},"modified":"2026-03-16T16:11:11","modified_gmt":"2026-03-16T20:11:11","slug":"accueil-2","status":"publish","type":"page","link":"https:\/\/www.cec.org\/flwm\/fr\/","title":{"rendered":"Accueil"},"content":{"rendered":"<h2>Pourquoi et comment mesurer la perte et le gaspillage d\u2019aliments &#8211; Version 2.0<\/h2>\n<p><!--StartFragment --><\/p>\n<p class=\"pf0\"><span class=\"cf0\">Ce guide explique les sept \u00e9tapes pour mesurer la perte et le gaspillage d\u2019aliments (PGA) dans votre entreprise, institution ou organisation, et d\u00e9terminer comment vous pouvez commencer \u00e0 faire des \u00e9conomies.<br \/>\n<\/span><\/p>\n<p class=\"pf0\"><span class=\"cf1\">Le document des m\u00e9thodes contient de br\u00e8ves descriptions de plusieurs m\u00e9thodes pour mesurer les pertes et le gaspillage d\u2019aliments (PGA) en compl\u00e9ment au guide pratique.<\/span><\/p>\n<p class=\"pf0\"><span class=\"cf1\">Parcourez le <\/span><a class=\"cf1\" href=\"https:\/\/www.cec.org\/flwm\/fr\/guide-pratique\/\"><span class=\"cf1\">guide pratique et les m\u00e9thodes num\u00e9riquement<\/span><\/a><span class=\"cf1\"> ou t\u00e9l\u00e9chargez les fichiers\u00a0PDF ci-dessous\u00a0:<\/span><!--EndFragment --><\/p>\n","protected":false},"excerpt":{"rendered":"<p>Pourquoi et comment mesurer la perte et le gaspillage d\u2019aliments &#8211; Version 2.0 Ce guide explique les sept \u00e9tapes pour mesurer la perte et le gaspillage d\u2019aliments (PGA) dans votre entreprise, institution ou organisation, et d\u00e9terminer comment vous pouvez commencer \u00e0 faire des \u00e9conomies. Le document des m\u00e9thodes contient de br\u00e8ves descriptions de plusieurs m\u00e9thodes [&hellip;]<\/p>\n","protected":false},"author":1,"featured_media":1890,"parent":0,"menu_order":0,"comment_status":"closed","ping_status":"closed","template":"","meta":{"_acf_changed":false,"footnotes":""},"class_list":["post-1739","page","type-page","status-publish","has-post-thumbnail","hentry"],"acf":[],"yoast_head":"<!-- This site is optimized with the Yoast SEO plugin v27.0 - https:\/\/yoast.com\/product\/yoast-seo-wordpress\/ -->\n<title>Pourquoi et comment mesurer la PGA<\/title>\n<meta name=\"description\" content=\"Utilisez notre calculateur des co\u00fbts pour l\u2019entreprise afin d\u2019\u00e9valuer votre PGA, inspirez-vous des \u00e9tudes de cas relatives \u00e0 nos partenaires et passez \u00e0 l\u2019action!\" \/>\n<meta name=\"robots\" content=\"index, follow, max-snippet:-1, max-image-preview:large, max-video-preview:-1\" \/>\n<link rel=\"canonical\" href=\"https:\/\/www.cec.org\/flwm\/fr\/\" \/>\n<meta property=\"og:locale\" content=\"fr_FR\" \/>\n<meta property=\"og:type\" content=\"article\" \/>\n<meta property=\"og:title\" content=\"Pourquoi et comment mesurer la perte et le gaspillage d\u2019aliments\" \/>\n<meta property=\"og:description\" content=\"Ce guide explique les sept \u00e9tapes pour mesurer la perte et le gaspillage d\u2019aliments (PGA) dans votre entreprise, institution ou organisation, et d\u00e9terminer comment vous pouvez commencer \u00e0 faire des \u00e9conomies.\" \/>\n<meta property=\"og:url\" content=\"https:\/\/www.cec.org\/flwm\/fr\/\" \/>\n<meta property=\"og:site_name\" content=\"Pourquoi et comment mesurer la PGA\" \/>\n<meta property=\"article:publisher\" content=\"https:\/\/www.facebook.com\/CECconnect\" \/>\n<meta property=\"article:modified_time\" content=\"2026-03-16T20:11:11+00:00\" \/>\n<meta property=\"og:image\" content=\"https:\/\/www.cec.org\/flwm\/wp-content\/uploads\/2023\/05\/prevention.webp\" \/>\n\t<meta property=\"og:image:width\" content=\"1900\" \/>\n\t<meta property=\"og:image:height\" content=\"1200\" \/>\n\t<meta property=\"og:image:type\" content=\"image\/webp\" \/>\n<meta name=\"twitter:card\" content=\"summary_large_image\" \/>\n<meta name=\"twitter:title\" content=\"Pourquoi et comment mesurer la perte et le gaspillage d\u2019aliments\" \/>\n<meta name=\"twitter:description\" content=\"Ce guide explique les sept \u00e9tapes pour mesurer la perte et le gaspillage d\u2019aliments (PGA) dans votre entreprise, institution ou organisation, et d\u00e9terminer comment vous pouvez commencer \u00e0 faire des \u00e9conomies.\" \/>\n<meta name=\"twitter:image\" content=\"https:\/\/www.cec.org\/flwm\/wp-content\/uploads\/2023\/05\/prevention.webp\" \/>\n<meta name=\"twitter:site\" content=\"@CECweb\" \/>\n<meta name=\"twitter:label1\" content=\"Dur\u00e9e de lecture estim\u00e9e\" \/>\n\t<meta name=\"twitter:data1\" content=\"1 minute\" \/>\n<script type=\"application\/ld+json\" class=\"yoast-schema-graph\">{\"@context\":\"https:\/\/schema.org\",\"@graph\":[{\"@type\":\"WebPage\",\"@id\":\"https:\/\/www.cec.org\/flwm\/fr\/\",\"url\":\"https:\/\/www.cec.org\/flwm\/fr\/\",\"name\":\"Pourquoi et comment mesurer la PGA\",\"isPartOf\":{\"@id\":\"https:\/\/www.cec.org\/flwm\/fr\/#website\"},\"primaryImageOfPage\":{\"@id\":\"https:\/\/www.cec.org\/flwm\/fr\/#primaryimage\"},\"image\":{\"@id\":\"https:\/\/www.cec.org\/flwm\/fr\/#primaryimage\"},\"thumbnailUrl\":\"https:\/\/www.cec.org\/flwm\/wp-content\/uploads\/2023\/05\/prevention.webp\",\"datePublished\":\"2021-10-01T18:19:18+00:00\",\"dateModified\":\"2026-03-16T20:11:11+00:00\",\"description\":\"Utilisez notre calculateur des co\u00fbts pour l\u2019entreprise afin d\u2019\u00e9valuer votre PGA, inspirez-vous des \u00e9tudes de cas relatives \u00e0 nos partenaires et passez \u00e0 l\u2019action!\",\"breadcrumb\":{\"@id\":\"https:\/\/www.cec.org\/flwm\/fr\/#breadcrumb\"},\"inLanguage\":\"fr-FR\",\"potentialAction\":[{\"@type\":\"ReadAction\",\"target\":[\"https:\/\/www.cec.org\/flwm\/fr\/\"]}]},{\"@type\":\"ImageObject\",\"inLanguage\":\"fr-FR\",\"@id\":\"https:\/\/www.cec.org\/flwm\/fr\/#primaryimage\",\"url\":\"https:\/\/www.cec.org\/flwm\/wp-content\/uploads\/2023\/05\/prevention.webp\",\"contentUrl\":\"https:\/\/www.cec.org\/flwm\/wp-content\/uploads\/2023\/05\/prevention.webp\",\"width\":1900,\"height\":1200},{\"@type\":\"BreadcrumbList\",\"@id\":\"https:\/\/www.cec.org\/flwm\/fr\/#breadcrumb\",\"itemListElement\":[{\"@type\":\"ListItem\",\"position\":1,\"name\":\"Home\",\"item\":\"https:\/\/www.cec.org\/flwm\/fr\/\"},{\"@type\":\"ListItem\",\"position\":2,\"name\":\"Accueil\"}]},{\"@type\":\"WebSite\",\"@id\":\"https:\/\/www.cec.org\/flwm\/fr\/#website\",\"url\":\"https:\/\/www.cec.org\/flwm\/fr\/\",\"name\":\"Why and How to Measure Food Loss and Waste\",\"description\":\"Utilisez notre calculateur des co\u00fbts pour l\u2019entreprise afin d\u2019\u00e9valuer votre PGA, inspirez-vous des \u00e9tudes de cas relatives \u00e0 nos partenaires et passez \u00e0 l\u2019action!\",\"publisher\":{\"@id\":\"https:\/\/www.cec.org\/flwm\/fr\/#organization\"},\"potentialAction\":[{\"@type\":\"SearchAction\",\"target\":{\"@type\":\"EntryPoint\",\"urlTemplate\":\"https:\/\/www.cec.org\/flwm\/fr\/?s={search_term_string}\"},\"query-input\":{\"@type\":\"PropertyValueSpecification\",\"valueRequired\":true,\"valueName\":\"search_term_string\"}}],\"inLanguage\":\"fr-FR\"},{\"@type\":\"Organization\",\"@id\":\"https:\/\/www.cec.org\/flwm\/fr\/#organization\",\"name\":\"Commission for Environmental Cooperation\",\"url\":\"https:\/\/www.cec.org\/flwm\/fr\/\",\"logo\":{\"@type\":\"ImageObject\",\"inLanguage\":\"fr-FR\",\"@id\":\"https:\/\/www.cec.org\/flwm\/fr\/#\/schema\/logo\/image\/\",\"url\":\"http:\/\/www.cec.org\/flwm\/wp-content\/uploads\/2023\/08\/CEC-Logo-RGB.png\",\"contentUrl\":\"http:\/\/www.cec.org\/flwm\/wp-content\/uploads\/2023\/08\/CEC-Logo-RGB.png\",\"width\":490,\"height\":490,\"caption\":\"Commission for Environmental Cooperation\"},\"image\":{\"@id\":\"https:\/\/www.cec.org\/flwm\/fr\/#\/schema\/logo\/image\/\"},\"sameAs\":[\"https:\/\/www.facebook.com\/CECconnect\",\"https:\/\/x.com\/CECweb\",\"https:\/\/www.linkedin.com\/company\/commission-for-environmental-cooperation-of-north-america\/mycompany\/\",\"https:\/\/www.instagram.com\/cecnorthamerica\/\",\"https:\/\/cecweb.medium.com\/\",\"https:\/\/www.youtube.com\/user\/CECweb\"]}]}<\/script>\n<!-- \/ Yoast SEO plugin. -->","yoast_head_json":{"title":"Pourquoi et comment mesurer la PGA","description":"Utilisez notre calculateur des co\u00fbts pour l\u2019entreprise afin d\u2019\u00e9valuer votre PGA, inspirez-vous des \u00e9tudes de cas relatives \u00e0 nos partenaires et passez \u00e0 l\u2019action!","robots":{"index":"index","follow":"follow","max-snippet":"max-snippet:-1","max-image-preview":"max-image-preview:large","max-video-preview":"max-video-preview:-1"},"canonical":"https:\/\/www.cec.org\/flwm\/fr\/","og_locale":"fr_FR","og_type":"article","og_title":"Pourquoi et comment mesurer la perte et le gaspillage d\u2019aliments","og_description":"Ce guide explique les sept \u00e9tapes pour mesurer la perte et le gaspillage d\u2019aliments (PGA) dans votre entreprise, institution ou organisation, et d\u00e9terminer comment vous pouvez commencer \u00e0 faire des \u00e9conomies.","og_url":"https:\/\/www.cec.org\/flwm\/fr\/","og_site_name":"Pourquoi et comment mesurer la PGA","article_publisher":"https:\/\/www.facebook.com\/CECconnect","article_modified_time":"2026-03-16T20:11:11+00:00","og_image":[{"width":1900,"height":1200,"url":"https:\/\/www.cec.org\/flwm\/wp-content\/uploads\/2023\/05\/prevention.webp","type":"image\/webp"}],"twitter_card":"summary_large_image","twitter_title":"Pourquoi et comment mesurer la perte et le gaspillage d\u2019aliments","twitter_description":"Ce guide explique les sept \u00e9tapes pour mesurer la perte et le gaspillage d\u2019aliments (PGA) dans votre entreprise, institution ou organisation, et d\u00e9terminer comment vous pouvez commencer \u00e0 faire des \u00e9conomies.","twitter_image":"https:\/\/www.cec.org\/flwm\/wp-content\/uploads\/2023\/05\/prevention.webp","twitter_site":"@CECweb","twitter_misc":{"Dur\u00e9e de lecture estim\u00e9e":"1 minute"},"schema":{"@context":"https:\/\/schema.org","@graph":[{"@type":"WebPage","@id":"https:\/\/www.cec.org\/flwm\/fr\/","url":"https:\/\/www.cec.org\/flwm\/fr\/","name":"Pourquoi et comment mesurer la PGA","isPartOf":{"@id":"https:\/\/www.cec.org\/flwm\/fr\/#website"},"primaryImageOfPage":{"@id":"https:\/\/www.cec.org\/flwm\/fr\/#primaryimage"},"image":{"@id":"https:\/\/www.cec.org\/flwm\/fr\/#primaryimage"},"thumbnailUrl":"https:\/\/www.cec.org\/flwm\/wp-content\/uploads\/2023\/05\/prevention.webp","datePublished":"2021-10-01T18:19:18+00:00","dateModified":"2026-03-16T20:11:11+00:00","description":"Utilisez notre calculateur des co\u00fbts pour l\u2019entreprise afin d\u2019\u00e9valuer votre PGA, inspirez-vous des \u00e9tudes de cas relatives \u00e0 nos partenaires et passez \u00e0 l\u2019action!","breadcrumb":{"@id":"https:\/\/www.cec.org\/flwm\/fr\/#breadcrumb"},"inLanguage":"fr-FR","potentialAction":[{"@type":"ReadAction","target":["https:\/\/www.cec.org\/flwm\/fr\/"]}]},{"@type":"ImageObject","inLanguage":"fr-FR","@id":"https:\/\/www.cec.org\/flwm\/fr\/#primaryimage","url":"https:\/\/www.cec.org\/flwm\/wp-content\/uploads\/2023\/05\/prevention.webp","contentUrl":"https:\/\/www.cec.org\/flwm\/wp-content\/uploads\/2023\/05\/prevention.webp","width":1900,"height":1200},{"@type":"BreadcrumbList","@id":"https:\/\/www.cec.org\/flwm\/fr\/#breadcrumb","itemListElement":[{"@type":"ListItem","position":1,"name":"Home","item":"https:\/\/www.cec.org\/flwm\/fr\/"},{"@type":"ListItem","position":2,"name":"Accueil"}]},{"@type":"WebSite","@id":"https:\/\/www.cec.org\/flwm\/fr\/#website","url":"https:\/\/www.cec.org\/flwm\/fr\/","name":"Why and How to Measure Food Loss and Waste","description":"Utilisez notre calculateur des co\u00fbts pour l\u2019entreprise afin d\u2019\u00e9valuer votre PGA, inspirez-vous des \u00e9tudes de cas relatives \u00e0 nos partenaires et passez \u00e0 l\u2019action!","publisher":{"@id":"https:\/\/www.cec.org\/flwm\/fr\/#organization"},"potentialAction":[{"@type":"SearchAction","target":{"@type":"EntryPoint","urlTemplate":"https:\/\/www.cec.org\/flwm\/fr\/?s={search_term_string}"},"query-input":{"@type":"PropertyValueSpecification","valueRequired":true,"valueName":"search_term_string"}}],"inLanguage":"fr-FR"},{"@type":"Organization","@id":"https:\/\/www.cec.org\/flwm\/fr\/#organization","name":"Commission for Environmental Cooperation","url":"https:\/\/www.cec.org\/flwm\/fr\/","logo":{"@type":"ImageObject","inLanguage":"fr-FR","@id":"https:\/\/www.cec.org\/flwm\/fr\/#\/schema\/logo\/image\/","url":"http:\/\/www.cec.org\/flwm\/wp-content\/uploads\/2023\/08\/CEC-Logo-RGB.png","contentUrl":"http:\/\/www.cec.org\/flwm\/wp-content\/uploads\/2023\/08\/CEC-Logo-RGB.png","width":490,"height":490,"caption":"Commission for Environmental Cooperation"},"image":{"@id":"https:\/\/www.cec.org\/flwm\/fr\/#\/schema\/logo\/image\/"},"sameAs":["https:\/\/www.facebook.com\/CECconnect","https:\/\/x.com\/CECweb","https:\/\/www.linkedin.com\/company\/commission-for-environmental-cooperation-of-north-america\/mycompany\/","https:\/\/www.instagram.com\/cecnorthamerica\/","https:\/\/cecweb.medium.com\/","https:\/\/www.youtube.com\/user\/CECweb"]}]}},"_links":{"self":[{"href":"https:\/\/www.cec.org\/flwm\/fr\/wp-json\/wp\/v2\/pages\/1739","targetHints":{"allow":["GET"]}}],"collection":[{"href":"https:\/\/www.cec.org\/flwm\/fr\/wp-json\/wp\/v2\/pages"}],"about":[{"href":"https:\/\/www.cec.org\/flwm\/fr\/wp-json\/wp\/v2\/types\/page"}],"author":[{"embeddable":true,"href":"https:\/\/www.cec.org\/flwm\/fr\/wp-json\/wp\/v2\/users\/1"}],"replies":[{"embeddable":true,"href":"https:\/\/www.cec.org\/flwm\/fr\/wp-json\/wp\/v2\/comments?post=1739"}],"version-history":[{"count":9,"href":"https:\/\/www.cec.org\/flwm\/fr\/wp-json\/wp\/v2\/pages\/1739\/revisions"}],"predecessor-version":[{"id":2140,"href":"https:\/\/www.cec.org\/flwm\/fr\/wp-json\/wp\/v2\/pages\/1739\/revisions\/2140"}],"wp:featuredmedia":[{"embeddable":true,"href":"https:\/\/www.cec.org\/flwm\/fr\/wp-json\/wp\/v2\/media\/1890"}],"wp:attachment":[{"href":"https:\/\/www.cec.org\/flwm\/fr\/wp-json\/wp\/v2\/media?parent=1739"}],"curies":[{"name":"wp","href":"https:\/\/api.w.org\/{rel}","templated":true}]}}