{"id":642,"date":"2019-02-25T12:58:55","date_gmt":"2019-02-25T17:58:55","guid":{"rendered":"http:\/\/www.cec.org\/flwm\/?page_id=642"},"modified":"2023-05-15T17:07:42","modified_gmt":"2023-05-15T21:07:42","slug":"acerca-de","status":"publish","type":"page","link":"https:\/\/www.cec.org\/flwm\/es\/acerca-de\/","title":{"rendered":"Acerca de"},"content":{"rendered":"<h3>Versi\u00f3n 2.0<\/h3>\n<p>Preparada en 2020, la versi\u00f3n 2.0 de la presente gu\u00eda integra numerosas mejoras a la publicaci\u00f3n original, a partir de las observaciones y comentarios de participantes en pruebas piloto, as\u00ed como organizaciones, colaboradores expertos y ciudadanos consultados por los autores. Con estas mejoras se busca facilitar el uso de la gu\u00eda y permitir a los lectores encontrar y consultar espec\u00edficamente el material que les resulte de mayor utilidad. Adem\u00e1s, el sitio web www3.cec.org\/flwm\/es\/ de la CCA contiene numerosas herramientas nuevas y estudios de caso que facilitan a los usuarios la tarea de cuantificar los alimentos desperdiciados. Estos recursos ofrecen informaci\u00f3n y actividades con las cuales empresas, instituciones y otros interesados podr\u00e1n prevenir la PDA, recuperar alimentos y reciclar desechos alimentarios.<\/p>\n<h3>Introduction<\/h3>\n<p>A escala de Am\u00e9rica del Norte,1 empresas, instituciones y otros actores cobran cada vez mayor conciencia sobre los graves efectos de la p\u00e9rdida y el desperdicio de alimentos (PDA). Todos los productos alimenticios no consumidos suponen ciertamente un gran costo medioambiental y socioecon\u00f3mico; sin embargo, tambi\u00e9n entra\u00f1an una enorme oportunidad.<\/p>\n<p>Emprender acciones encaminadas a prevenir y reducir la PDA ofrece a toda empresa, instituci\u00f3n u otro tipo de organizaci\u00f3n un singular \u201cbeneficio triple\u201d: reducir los costos econ\u00f3micos en la medida en que se atienden ineficiencias operativas; respaldar iniciativas orientadas a combatir la inseguridad alimentaria en el \u00e1mbito comunitario, y mitigar los efectos negativos de los desechos alimentarios en el medio ambiente, disminuyendo con ello su huella de carbono.<\/p>\n<p>A fin de prevenir y reducir con \u00e9xito la p\u00e9rdida y el desperdicio de alimentos, es preciso, en primer lugar, que las industrias, organizaciones o actores interesados midan la cantidad de comida que se pierde o desperdicia al interior de su circunscripci\u00f3n. Dicha tarea de cuantificaci\u00f3n permite determinar el alcance del problema e identificar los puntos cr\u00edticos que deben atenderse con mayor premura, adem\u00e1s de facilitar el seguimiento de avances en el tiempo. En pocas palabras: <em>si se puede medir, se puede manejar<\/em>.<\/p>\n<p>Esta gu\u00eda pr\u00e1ctica lleva al lector a trav\u00e9s de los pasos conducentes a medir la p\u00e9rdida y el desperdicio de alimentos (PDA). Consid\u00e9rela una referencia r\u00e1pida para obtener orientaci\u00f3n y asistencia, y aproveche los enlaces que contiene, mismos que le brindar\u00e1n r\u00e1pido acceso al material de mayor inter\u00e9s.<\/p>\n<p>La siguiente lista de verificaci\u00f3n muestra los siete pasos a seguir para medir la p\u00e9rdida y el desperdicio de alimentos, con indicaci\u00f3n del m\u00f3dulo que le corresponde en la presente gu\u00eda. Se recomienda utilizarla para dar seguimiento al avance en el proceso de medici\u00f3n de la PDA y tambi\u00e9n a fin de consultar con mayor facilidad el m\u00f3dulo correspondiente. Los pasos 1 a 6 son los mismos para todos los usuarios; el paso 7, en cambio, corresponde a la metodolog\u00eda para medir la PDA y es espec\u00edfico a cada uno de los sectores involucrados en la cadena de abasto alimentaria.<\/p>\n<blockquote><p>Paso 1. Determine <em>por qu\u00e9<\/em> desea prevenir y reducir la p\u00e9rdida y el desperdicio de alimentos (PDA).<br \/>\n(M\u00f3dulo: \u2018\u00bfPor qu\u00e9 cuantificar la PDA?\u2019)<\/p>\n<p>Paso 2. Lleve a cabo un <em>an\u00e1lisis de viabilidad<\/em> de la prevenci\u00f3n y reducci\u00f3n de la PDA.<br \/>\n(M\u00f3dulo: \u201cJustificaci\u00f3n financiera \u2014y ambiental\u2014 de la cuantificaci\u00f3n, prevenci\u00f3n y reducci\u00f3n de la PDA\u2019)<\/p>\n<p>Paso 3. Prep\u00e1rese para el <em>cambio<\/em> asociado a medir, prevenir y reducir la PDA.<br \/>\n(M\u00f3dulo: \u2018Implementaci\u00f3n del cambio\u2019)<\/p>\n<p>Paso 4. Establezca su <em>propia definici\u00f3n<\/em> de la PDA.<br \/>\n(M\u00f3dulo: \u2018Definici\u00f3n del alcance\u2019)<\/p>\n<p>Paso 5. Determine las <em>causas<\/em> de la PDA en su caso e identifique soluciones.<br \/>\n(M\u00f3dulo: \u2018Identificaci\u00f3n de las causas fundamentales\u2019)<\/p>\n<p>Paso 6. Identifique <em>qu\u00e9 se va a cuantificar<\/em> para monitorear los avances con el paso del tiempo.<br \/>\n(M\u00f3dulo: \u2018Selecci\u00f3n de indicadores clave de desempe\u00f1o y determinaci\u00f3n de efectos de la PDA\u2019)<\/p>\n<p>Paso 7. Seleccione el <em>m\u00e9todo<\/em> para medir la p\u00e9rdida y el desperdicio de alimentos en funci\u00f3n del sector al que usted pertenece y ll\u00e9velo a la pr\u00e1ctica.<br \/>\n(M\u00f3dulo: \u2018Gu\u00eda espec\u00edfica por sector\u2019)<\/p><\/blockquote>\n","protected":false},"excerpt":{"rendered":"<p>Versi\u00f3n 2.0 Preparada en 2020, la versi\u00f3n 2.0 de la presente gu\u00eda integra numerosas mejoras a la publicaci\u00f3n original, a partir de las observaciones y comentarios de participantes en pruebas piloto, as\u00ed como organizaciones, colaboradores expertos y ciudadanos consultados por los autores. Con estas mejoras se busca facilitar el uso de la gu\u00eda y permitir [&hellip;]<\/p>\n","protected":false},"author":1,"featured_media":0,"parent":0,"menu_order":0,"comment_status":"closed","ping_status":"closed","template":"","meta":{"_acf_changed":false,"footnotes":""},"class_list":["post-642","page","type-page","status-publish","hentry"],"acf":[],"yoast_head":"<!-- This site is optimized with the Yoast SEO plugin v27.0 - https:\/\/yoast.com\/product\/yoast-seo-wordpress\/ -->\n<title>Acerca de - Por qu\u00e9 y c\u00f3mo cuantificar la PDA<\/title>\n<meta name=\"robots\" content=\"index, follow, max-snippet:-1, max-image-preview:large, max-video-preview:-1\" \/>\n<link rel=\"canonical\" href=\"https:\/\/www.cec.org\/flwm\/es\/acerca-de\/\" \/>\n<meta property=\"og:locale\" content=\"es_ES\" \/>\n<meta property=\"og:type\" content=\"article\" \/>\n<meta property=\"og:title\" content=\"Acerca de - Por qu\u00e9 y c\u00f3mo cuantificar la PDA\" \/>\n<meta property=\"og:description\" content=\"Versi\u00f3n 2.0 Preparada en 2020, la versi\u00f3n 2.0 de la presente gu\u00eda integra numerosas mejoras a la publicaci\u00f3n original, a partir de las observaciones y comentarios de participantes en pruebas piloto, as\u00ed como organizaciones, colaboradores expertos y ciudadanos consultados por los autores. Con estas mejoras se busca facilitar el uso de la gu\u00eda y permitir [&hellip;]\" \/>\n<meta property=\"og:url\" content=\"https:\/\/www.cec.org\/flwm\/es\/acerca-de\/\" \/>\n<meta property=\"og:site_name\" content=\"Por qu\u00e9 y c\u00f3mo cuantificar la PDA\" \/>\n<meta property=\"article:publisher\" content=\"https:\/\/www.facebook.com\/CECconnect\" \/>\n<meta property=\"article:modified_time\" content=\"2023-05-15T21:07:42+00:00\" \/>\n<meta property=\"og:image\" content=\"https:\/\/www.cec.org\/flwm\/wp-content\/uploads\/2023\/05\/prevention.webp\" \/>\n\t<meta property=\"og:image:width\" content=\"1900\" \/>\n\t<meta property=\"og:image:height\" content=\"1200\" \/>\n\t<meta property=\"og:image:type\" content=\"image\/webp\" \/>\n<meta name=\"twitter:card\" content=\"summary_large_image\" \/>\n<meta name=\"twitter:site\" content=\"@CECweb\" \/>\n<meta name=\"twitter:label1\" content=\"Tiempo de lectura\" \/>\n\t<meta name=\"twitter:data1\" content=\"4 minutos\" \/>\n<script type=\"application\/ld+json\" class=\"yoast-schema-graph\">{\"@context\":\"https:\/\/schema.org\",\"@graph\":[{\"@type\":\"WebPage\",\"@id\":\"https:\/\/www.cec.org\/flwm\/es\/acerca-de\/\",\"url\":\"https:\/\/www.cec.org\/flwm\/es\/acerca-de\/\",\"name\":\"Acerca de - Por qu\u00e9 y c\u00f3mo cuantificar la PDA\",\"isPartOf\":{\"@id\":\"https:\/\/www.cec.org\/flwm\/es\/#website\"},\"datePublished\":\"2019-02-25T17:58:55+00:00\",\"dateModified\":\"2023-05-15T21:07:42+00:00\",\"breadcrumb\":{\"@id\":\"https:\/\/www.cec.org\/flwm\/es\/acerca-de\/#breadcrumb\"},\"inLanguage\":\"es\",\"potentialAction\":[{\"@type\":\"ReadAction\",\"target\":[\"https:\/\/www.cec.org\/flwm\/es\/acerca-de\/\"]}]},{\"@type\":\"BreadcrumbList\",\"@id\":\"https:\/\/www.cec.org\/flwm\/es\/acerca-de\/#breadcrumb\",\"itemListElement\":[{\"@type\":\"ListItem\",\"position\":1,\"name\":\"Home\",\"item\":\"https:\/\/www.cec.org\/flwm\/es\/\"},{\"@type\":\"ListItem\",\"position\":2,\"name\":\"Acerca de\"}]},{\"@type\":\"WebSite\",\"@id\":\"https:\/\/www.cec.org\/flwm\/es\/#website\",\"url\":\"https:\/\/www.cec.org\/flwm\/es\/\",\"name\":\"Why and How to Measure Food Loss and Waste\",\"description\":\"Efficiency Through Prevention\",\"publisher\":{\"@id\":\"https:\/\/www.cec.org\/flwm\/es\/#organization\"},\"potentialAction\":[{\"@type\":\"SearchAction\",\"target\":{\"@type\":\"EntryPoint\",\"urlTemplate\":\"https:\/\/www.cec.org\/flwm\/es\/?s={search_term_string}\"},\"query-input\":{\"@type\":\"PropertyValueSpecification\",\"valueRequired\":true,\"valueName\":\"search_term_string\"}}],\"inLanguage\":\"es\"},{\"@type\":\"Organization\",\"@id\":\"https:\/\/www.cec.org\/flwm\/es\/#organization\",\"name\":\"Commission for Environmental Cooperation\",\"url\":\"https:\/\/www.cec.org\/flwm\/es\/\",\"logo\":{\"@type\":\"ImageObject\",\"inLanguage\":\"es\",\"@id\":\"https:\/\/www.cec.org\/flwm\/es\/#\/schema\/logo\/image\/\",\"url\":\"http:\/\/www.cec.org\/flwm\/wp-content\/uploads\/2023\/08\/CEC-Logo-RGB.png\",\"contentUrl\":\"http:\/\/www.cec.org\/flwm\/wp-content\/uploads\/2023\/08\/CEC-Logo-RGB.png\",\"width\":490,\"height\":490,\"caption\":\"Commission for Environmental Cooperation\"},\"image\":{\"@id\":\"https:\/\/www.cec.org\/flwm\/es\/#\/schema\/logo\/image\/\"},\"sameAs\":[\"https:\/\/www.facebook.com\/CECconnect\",\"https:\/\/x.com\/CECweb\",\"https:\/\/www.linkedin.com\/company\/commission-for-environmental-cooperation-of-north-america\/mycompany\/\",\"https:\/\/www.instagram.com\/cecnorthamerica\/\",\"https:\/\/cecweb.medium.com\/\",\"https:\/\/www.youtube.com\/user\/CECweb\"]}]}<\/script>\n<!-- \/ Yoast SEO plugin. -->","yoast_head_json":{"title":"Acerca de - Por qu\u00e9 y c\u00f3mo cuantificar la PDA","robots":{"index":"index","follow":"follow","max-snippet":"max-snippet:-1","max-image-preview":"max-image-preview:large","max-video-preview":"max-video-preview:-1"},"canonical":"https:\/\/www.cec.org\/flwm\/es\/acerca-de\/","og_locale":"es_ES","og_type":"article","og_title":"Acerca de - Por qu\u00e9 y c\u00f3mo cuantificar la PDA","og_description":"Versi\u00f3n 2.0 Preparada en 2020, la versi\u00f3n 2.0 de la presente gu\u00eda integra numerosas mejoras a la publicaci\u00f3n original, a partir de las observaciones y comentarios de participantes en pruebas piloto, as\u00ed como organizaciones, colaboradores expertos y ciudadanos consultados por los autores. Con estas mejoras se busca facilitar el uso de la gu\u00eda y permitir [&hellip;]","og_url":"https:\/\/www.cec.org\/flwm\/es\/acerca-de\/","og_site_name":"Por qu\u00e9 y c\u00f3mo cuantificar la PDA","article_publisher":"https:\/\/www.facebook.com\/CECconnect","article_modified_time":"2023-05-15T21:07:42+00:00","og_image":[{"width":1900,"height":1200,"url":"https:\/\/www.cec.org\/flwm\/wp-content\/uploads\/2023\/05\/prevention.webp","type":"image\/webp"}],"twitter_card":"summary_large_image","twitter_site":"@CECweb","twitter_misc":{"Tiempo de lectura":"4 minutos"},"schema":{"@context":"https:\/\/schema.org","@graph":[{"@type":"WebPage","@id":"https:\/\/www.cec.org\/flwm\/es\/acerca-de\/","url":"https:\/\/www.cec.org\/flwm\/es\/acerca-de\/","name":"Acerca de - Por qu\u00e9 y c\u00f3mo cuantificar la PDA","isPartOf":{"@id":"https:\/\/www.cec.org\/flwm\/es\/#website"},"datePublished":"2019-02-25T17:58:55+00:00","dateModified":"2023-05-15T21:07:42+00:00","breadcrumb":{"@id":"https:\/\/www.cec.org\/flwm\/es\/acerca-de\/#breadcrumb"},"inLanguage":"es","potentialAction":[{"@type":"ReadAction","target":["https:\/\/www.cec.org\/flwm\/es\/acerca-de\/"]}]},{"@type":"BreadcrumbList","@id":"https:\/\/www.cec.org\/flwm\/es\/acerca-de\/#breadcrumb","itemListElement":[{"@type":"ListItem","position":1,"name":"Home","item":"https:\/\/www.cec.org\/flwm\/es\/"},{"@type":"ListItem","position":2,"name":"Acerca de"}]},{"@type":"WebSite","@id":"https:\/\/www.cec.org\/flwm\/es\/#website","url":"https:\/\/www.cec.org\/flwm\/es\/","name":"Why and How to Measure Food Loss and Waste","description":"Efficiency Through Prevention","publisher":{"@id":"https:\/\/www.cec.org\/flwm\/es\/#organization"},"potentialAction":[{"@type":"SearchAction","target":{"@type":"EntryPoint","urlTemplate":"https:\/\/www.cec.org\/flwm\/es\/?s={search_term_string}"},"query-input":{"@type":"PropertyValueSpecification","valueRequired":true,"valueName":"search_term_string"}}],"inLanguage":"es"},{"@type":"Organization","@id":"https:\/\/www.cec.org\/flwm\/es\/#organization","name":"Commission for Environmental Cooperation","url":"https:\/\/www.cec.org\/flwm\/es\/","logo":{"@type":"ImageObject","inLanguage":"es","@id":"https:\/\/www.cec.org\/flwm\/es\/#\/schema\/logo\/image\/","url":"http:\/\/www.cec.org\/flwm\/wp-content\/uploads\/2023\/08\/CEC-Logo-RGB.png","contentUrl":"http:\/\/www.cec.org\/flwm\/wp-content\/uploads\/2023\/08\/CEC-Logo-RGB.png","width":490,"height":490,"caption":"Commission for Environmental Cooperation"},"image":{"@id":"https:\/\/www.cec.org\/flwm\/es\/#\/schema\/logo\/image\/"},"sameAs":["https:\/\/www.facebook.com\/CECconnect","https:\/\/x.com\/CECweb","https:\/\/www.linkedin.com\/company\/commission-for-environmental-cooperation-of-north-america\/mycompany\/","https:\/\/www.instagram.com\/cecnorthamerica\/","https:\/\/cecweb.medium.com\/","https:\/\/www.youtube.com\/user\/CECweb"]}]}},"_links":{"self":[{"href":"https:\/\/www.cec.org\/flwm\/es\/wp-json\/wp\/v2\/pages\/642","targetHints":{"allow":["GET"]}}],"collection":[{"href":"https:\/\/www.cec.org\/flwm\/es\/wp-json\/wp\/v2\/pages"}],"about":[{"href":"https:\/\/www.cec.org\/flwm\/es\/wp-json\/wp\/v2\/types\/page"}],"author":[{"embeddable":true,"href":"https:\/\/www.cec.org\/flwm\/es\/wp-json\/wp\/v2\/users\/1"}],"replies":[{"embeddable":true,"href":"https:\/\/www.cec.org\/flwm\/es\/wp-json\/wp\/v2\/comments?post=642"}],"version-history":[{"count":13,"href":"https:\/\/www.cec.org\/flwm\/es\/wp-json\/wp\/v2\/pages\/642\/revisions"}],"predecessor-version":[{"id":1959,"href":"https:\/\/www.cec.org\/flwm\/es\/wp-json\/wp\/v2\/pages\/642\/revisions\/1959"}],"wp:attachment":[{"href":"https:\/\/www.cec.org\/flwm\/es\/wp-json\/wp\/v2\/media?parent=642"}],"curies":[{"name":"wp","href":"https:\/\/api.w.org\/{rel}","templated":true}]}}