{"id":1738,"date":"2021-10-01T14:12:12","date_gmt":"2021-10-01T18:12:12","guid":{"rendered":"http:\/\/www.cec.org\/flwm\/inicio-2\/"},"modified":"2026-03-16T16:10:46","modified_gmt":"2026-03-16T20:10:46","slug":"inicio-2","status":"publish","type":"page","link":"https:\/\/www.cec.org\/flwm\/es\/","title":{"rendered":"Inicio"},"content":{"rendered":"<h2>Por qu\u00e9 y c\u00f3mo cuantificar la p\u00e9rdida y el desperdicio de alimentos &#8211; Versi\u00f3n 2.0<\/h2>\n<p><!--StartFragment --><\/p>\n<p class=\"pf0\"><span class=\"cf0\">Esta gu\u00eda le acompa\u00f1ar\u00e1 en cada uno de los siete pasos para cuantificar la p\u00e9rdida y el desperdicio de alimentos (PDA) en su empresa, instituci\u00f3n u otro tipo de organizaci\u00f3n, adem\u00e1s de ayudarle a identificar oportunidades para empezar a ahorrar.<\/span><\/p>\n<p class=\"pf0\"><span class=\"cf2\">El documento \u201cM\u00e9todos\u201d que acompa\u00f1a la gu\u00eda pr\u00e1ctica<\/span> <span class=\"cf2\">contiene descripciones breves de distintos procedimientos de medici\u00f3n para cuantificar la PDA.<\/span><\/p>\n<p class=\"pf0\"><span class=\"cf2\">Le invitamos a explorar en forma digital la p\u00e1gina dedicada a la <\/span><a class=\"cf2\" href=\"https:\/\/www.cec.org\/flwm\/es\/guia-practica\/\"><span class=\"cf3\">Gu\u00eda pr\u00e1ctica<\/span><span class=\"cf2\"> y sus m\u00e9todos\u201d<\/span><\/a><span class=\"cf2\">, o bien a descargar los archivos PDF incluidos a continuaci\u00f3n.<\/span><!--EndFragment --><\/p>\n","protected":false},"excerpt":{"rendered":"<p>Por qu\u00e9 y c\u00f3mo cuantificar la p\u00e9rdida y el desperdicio de alimentos &#8211; Versi\u00f3n 2.0 Esta gu\u00eda le acompa\u00f1ar\u00e1 en cada uno de los siete pasos para cuantificar la p\u00e9rdida y el desperdicio de alimentos (PDA) en su empresa, instituci\u00f3n u otro tipo de organizaci\u00f3n, adem\u00e1s de ayudarle a identificar oportunidades para empezar a ahorrar. [&hellip;]<\/p>\n","protected":false},"author":1,"featured_media":1891,"parent":0,"menu_order":0,"comment_status":"closed","ping_status":"closed","template":"","meta":{"_acf_changed":false,"footnotes":""},"class_list":["post-1738","page","type-page","status-publish","has-post-thumbnail","hentry"],"acf":[],"yoast_head":"<!-- This site is optimized with the Yoast SEO plugin v27.0 - https:\/\/yoast.com\/product\/yoast-seo-wordpress\/ -->\n<title>Por qu\u00e9 y c\u00f3mo cuantificar la PDA<\/title>\n<meta name=\"description\" content=\"Nuestra calculadora le permitir\u00e1 determinar el costo de la PDA. Insp\u00edrese con las historias de nuestros socios en los estudios de caso, y \u00a1act\u00fae ya!\" \/>\n<meta name=\"robots\" content=\"index, follow, max-snippet:-1, max-image-preview:large, max-video-preview:-1\" \/>\n<link rel=\"canonical\" href=\"https:\/\/www.cec.org\/flwm\/es\/\" \/>\n<meta property=\"og:locale\" content=\"es_ES\" \/>\n<meta property=\"og:type\" content=\"article\" \/>\n<meta property=\"og:title\" content=\"Por qu\u00e9 y c\u00f3mo cuantificar la p\u00e9rdida y el desperdicio de alimentos\" \/>\n<meta property=\"og:description\" content=\"Esta gu\u00eda le acompa\u00f1ar\u00e1 en cada uno de los siete pasos para cuantificar la p\u00e9rdida y el desperdicio de alimentos (PDA) en su empresa, instituci\u00f3n u otro tipo de organizaci\u00f3n, adem\u00e1s de ayudarle a identificar oportunidades para empezar a ahorrar.\" \/>\n<meta property=\"og:url\" content=\"https:\/\/www.cec.org\/flwm\/es\/\" \/>\n<meta property=\"og:site_name\" content=\"Por qu\u00e9 y c\u00f3mo cuantificar la PDA\" \/>\n<meta property=\"article:publisher\" content=\"https:\/\/www.facebook.com\/CECconnect\" \/>\n<meta property=\"article:modified_time\" content=\"2026-03-16T20:10:46+00:00\" \/>\n<meta property=\"og:image\" content=\"https:\/\/www.cec.org\/flwm\/wp-content\/uploads\/2023\/05\/prevention.webp\" \/>\n\t<meta property=\"og:image:width\" content=\"1900\" \/>\n\t<meta property=\"og:image:height\" content=\"1200\" \/>\n\t<meta property=\"og:image:type\" content=\"image\/webp\" \/>\n<meta name=\"twitter:card\" content=\"summary_large_image\" \/>\n<meta name=\"twitter:title\" content=\"Por qu\u00e9 y c\u00f3mo cuantificar la p\u00e9rdida y el desperdicio de alimentos\" \/>\n<meta name=\"twitter:description\" content=\"Esta gu\u00eda le acompa\u00f1ar\u00e1 en cada uno de los siete pasos para cuantificar la p\u00e9rdida y el desperdicio de alimentos (PDA) en su empresa, instituci\u00f3n u otro tipo de organizaci\u00f3n, adem\u00e1s de ayudarle a identificar oportunidades para empezar a ahorrar.\" \/>\n<meta name=\"twitter:image\" content=\"https:\/\/www.cec.org\/flwm\/wp-content\/uploads\/2023\/05\/prevention.webp\" \/>\n<meta name=\"twitter:site\" content=\"@CECweb\" \/>\n<meta name=\"twitter:label1\" content=\"Tiempo de lectura\" \/>\n\t<meta name=\"twitter:data1\" content=\"1 minuto\" \/>\n<script type=\"application\/ld+json\" class=\"yoast-schema-graph\">{\"@context\":\"https:\/\/schema.org\",\"@graph\":[{\"@type\":\"WebPage\",\"@id\":\"https:\/\/www.cec.org\/flwm\/es\/\",\"url\":\"https:\/\/www.cec.org\/flwm\/es\/\",\"name\":\"Por qu\u00e9 y c\u00f3mo cuantificar la PDA\",\"isPartOf\":{\"@id\":\"https:\/\/www.cec.org\/flwm\/es\/#website\"},\"primaryImageOfPage\":{\"@id\":\"https:\/\/www.cec.org\/flwm\/es\/#primaryimage\"},\"image\":{\"@id\":\"https:\/\/www.cec.org\/flwm\/es\/#primaryimage\"},\"thumbnailUrl\":\"https:\/\/www.cec.org\/flwm\/wp-content\/uploads\/2023\/05\/prevention.webp\",\"datePublished\":\"2021-10-01T18:12:12+00:00\",\"dateModified\":\"2026-03-16T20:10:46+00:00\",\"description\":\"Nuestra calculadora le permitir\u00e1 determinar el costo de la PDA. Insp\u00edrese con las historias de nuestros socios en los estudios de caso, y \u00a1act\u00fae ya!\",\"breadcrumb\":{\"@id\":\"https:\/\/www.cec.org\/flwm\/es\/#breadcrumb\"},\"inLanguage\":\"es\",\"potentialAction\":[{\"@type\":\"ReadAction\",\"target\":[\"https:\/\/www.cec.org\/flwm\/es\/\"]}]},{\"@type\":\"ImageObject\",\"inLanguage\":\"es\",\"@id\":\"https:\/\/www.cec.org\/flwm\/es\/#primaryimage\",\"url\":\"https:\/\/www.cec.org\/flwm\/wp-content\/uploads\/2023\/05\/prevention.webp\",\"contentUrl\":\"https:\/\/www.cec.org\/flwm\/wp-content\/uploads\/2023\/05\/prevention.webp\",\"width\":1900,\"height\":1200},{\"@type\":\"BreadcrumbList\",\"@id\":\"https:\/\/www.cec.org\/flwm\/es\/#breadcrumb\",\"itemListElement\":[{\"@type\":\"ListItem\",\"position\":1,\"name\":\"Home\",\"item\":\"https:\/\/www.cec.org\/flwm\/es\/\"},{\"@type\":\"ListItem\",\"position\":2,\"name\":\"Inicio\"}]},{\"@type\":\"WebSite\",\"@id\":\"https:\/\/www.cec.org\/flwm\/es\/#website\",\"url\":\"https:\/\/www.cec.org\/flwm\/es\/\",\"name\":\"Why and How to Measure Food Loss and Waste\",\"description\":\"Efficiency Through Prevention\",\"publisher\":{\"@id\":\"https:\/\/www.cec.org\/flwm\/es\/#organization\"},\"potentialAction\":[{\"@type\":\"SearchAction\",\"target\":{\"@type\":\"EntryPoint\",\"urlTemplate\":\"https:\/\/www.cec.org\/flwm\/es\/?s={search_term_string}\"},\"query-input\":{\"@type\":\"PropertyValueSpecification\",\"valueRequired\":true,\"valueName\":\"search_term_string\"}}],\"inLanguage\":\"es\"},{\"@type\":\"Organization\",\"@id\":\"https:\/\/www.cec.org\/flwm\/es\/#organization\",\"name\":\"Commission for Environmental Cooperation\",\"url\":\"https:\/\/www.cec.org\/flwm\/es\/\",\"logo\":{\"@type\":\"ImageObject\",\"inLanguage\":\"es\",\"@id\":\"https:\/\/www.cec.org\/flwm\/es\/#\/schema\/logo\/image\/\",\"url\":\"http:\/\/www.cec.org\/flwm\/wp-content\/uploads\/2023\/08\/CEC-Logo-RGB.png\",\"contentUrl\":\"http:\/\/www.cec.org\/flwm\/wp-content\/uploads\/2023\/08\/CEC-Logo-RGB.png\",\"width\":490,\"height\":490,\"caption\":\"Commission for Environmental Cooperation\"},\"image\":{\"@id\":\"https:\/\/www.cec.org\/flwm\/es\/#\/schema\/logo\/image\/\"},\"sameAs\":[\"https:\/\/www.facebook.com\/CECconnect\",\"https:\/\/x.com\/CECweb\",\"https:\/\/www.linkedin.com\/company\/commission-for-environmental-cooperation-of-north-america\/mycompany\/\",\"https:\/\/www.instagram.com\/cecnorthamerica\/\",\"https:\/\/cecweb.medium.com\/\",\"https:\/\/www.youtube.com\/user\/CECweb\"]}]}<\/script>\n<!-- \/ Yoast SEO plugin. -->","yoast_head_json":{"title":"Por qu\u00e9 y c\u00f3mo cuantificar la PDA","description":"Nuestra calculadora le permitir\u00e1 determinar el costo de la PDA. Insp\u00edrese con las historias de nuestros socios en los estudios de caso, y \u00a1act\u00fae ya!","robots":{"index":"index","follow":"follow","max-snippet":"max-snippet:-1","max-image-preview":"max-image-preview:large","max-video-preview":"max-video-preview:-1"},"canonical":"https:\/\/www.cec.org\/flwm\/es\/","og_locale":"es_ES","og_type":"article","og_title":"Por qu\u00e9 y c\u00f3mo cuantificar la p\u00e9rdida y el desperdicio de alimentos","og_description":"Esta gu\u00eda le acompa\u00f1ar\u00e1 en cada uno de los siete pasos para cuantificar la p\u00e9rdida y el desperdicio de alimentos (PDA) en su empresa, instituci\u00f3n u otro tipo de organizaci\u00f3n, adem\u00e1s de ayudarle a identificar oportunidades para empezar a ahorrar.","og_url":"https:\/\/www.cec.org\/flwm\/es\/","og_site_name":"Por qu\u00e9 y c\u00f3mo cuantificar la PDA","article_publisher":"https:\/\/www.facebook.com\/CECconnect","article_modified_time":"2026-03-16T20:10:46+00:00","og_image":[{"width":1900,"height":1200,"url":"https:\/\/www.cec.org\/flwm\/wp-content\/uploads\/2023\/05\/prevention.webp","type":"image\/webp"}],"twitter_card":"summary_large_image","twitter_title":"Por qu\u00e9 y c\u00f3mo cuantificar la p\u00e9rdida y el desperdicio de alimentos","twitter_description":"Esta gu\u00eda le acompa\u00f1ar\u00e1 en cada uno de los siete pasos para cuantificar la p\u00e9rdida y el desperdicio de alimentos (PDA) en su empresa, instituci\u00f3n u otro tipo de organizaci\u00f3n, adem\u00e1s de ayudarle a identificar oportunidades para empezar a ahorrar.","twitter_image":"https:\/\/www.cec.org\/flwm\/wp-content\/uploads\/2023\/05\/prevention.webp","twitter_site":"@CECweb","twitter_misc":{"Tiempo de lectura":"1 minuto"},"schema":{"@context":"https:\/\/schema.org","@graph":[{"@type":"WebPage","@id":"https:\/\/www.cec.org\/flwm\/es\/","url":"https:\/\/www.cec.org\/flwm\/es\/","name":"Por qu\u00e9 y c\u00f3mo cuantificar la PDA","isPartOf":{"@id":"https:\/\/www.cec.org\/flwm\/es\/#website"},"primaryImageOfPage":{"@id":"https:\/\/www.cec.org\/flwm\/es\/#primaryimage"},"image":{"@id":"https:\/\/www.cec.org\/flwm\/es\/#primaryimage"},"thumbnailUrl":"https:\/\/www.cec.org\/flwm\/wp-content\/uploads\/2023\/05\/prevention.webp","datePublished":"2021-10-01T18:12:12+00:00","dateModified":"2026-03-16T20:10:46+00:00","description":"Nuestra calculadora le permitir\u00e1 determinar el costo de la PDA. Insp\u00edrese con las historias de nuestros socios en los estudios de caso, y \u00a1act\u00fae ya!","breadcrumb":{"@id":"https:\/\/www.cec.org\/flwm\/es\/#breadcrumb"},"inLanguage":"es","potentialAction":[{"@type":"ReadAction","target":["https:\/\/www.cec.org\/flwm\/es\/"]}]},{"@type":"ImageObject","inLanguage":"es","@id":"https:\/\/www.cec.org\/flwm\/es\/#primaryimage","url":"https:\/\/www.cec.org\/flwm\/wp-content\/uploads\/2023\/05\/prevention.webp","contentUrl":"https:\/\/www.cec.org\/flwm\/wp-content\/uploads\/2023\/05\/prevention.webp","width":1900,"height":1200},{"@type":"BreadcrumbList","@id":"https:\/\/www.cec.org\/flwm\/es\/#breadcrumb","itemListElement":[{"@type":"ListItem","position":1,"name":"Home","item":"https:\/\/www.cec.org\/flwm\/es\/"},{"@type":"ListItem","position":2,"name":"Inicio"}]},{"@type":"WebSite","@id":"https:\/\/www.cec.org\/flwm\/es\/#website","url":"https:\/\/www.cec.org\/flwm\/es\/","name":"Why and How to Measure Food Loss and Waste","description":"Efficiency Through Prevention","publisher":{"@id":"https:\/\/www.cec.org\/flwm\/es\/#organization"},"potentialAction":[{"@type":"SearchAction","target":{"@type":"EntryPoint","urlTemplate":"https:\/\/www.cec.org\/flwm\/es\/?s={search_term_string}"},"query-input":{"@type":"PropertyValueSpecification","valueRequired":true,"valueName":"search_term_string"}}],"inLanguage":"es"},{"@type":"Organization","@id":"https:\/\/www.cec.org\/flwm\/es\/#organization","name":"Commission for Environmental Cooperation","url":"https:\/\/www.cec.org\/flwm\/es\/","logo":{"@type":"ImageObject","inLanguage":"es","@id":"https:\/\/www.cec.org\/flwm\/es\/#\/schema\/logo\/image\/","url":"http:\/\/www.cec.org\/flwm\/wp-content\/uploads\/2023\/08\/CEC-Logo-RGB.png","contentUrl":"http:\/\/www.cec.org\/flwm\/wp-content\/uploads\/2023\/08\/CEC-Logo-RGB.png","width":490,"height":490,"caption":"Commission for Environmental Cooperation"},"image":{"@id":"https:\/\/www.cec.org\/flwm\/es\/#\/schema\/logo\/image\/"},"sameAs":["https:\/\/www.facebook.com\/CECconnect","https:\/\/x.com\/CECweb","https:\/\/www.linkedin.com\/company\/commission-for-environmental-cooperation-of-north-america\/mycompany\/","https:\/\/www.instagram.com\/cecnorthamerica\/","https:\/\/cecweb.medium.com\/","https:\/\/www.youtube.com\/user\/CECweb"]}]}},"_links":{"self":[{"href":"https:\/\/www.cec.org\/flwm\/es\/wp-json\/wp\/v2\/pages\/1738","targetHints":{"allow":["GET"]}}],"collection":[{"href":"https:\/\/www.cec.org\/flwm\/es\/wp-json\/wp\/v2\/pages"}],"about":[{"href":"https:\/\/www.cec.org\/flwm\/es\/wp-json\/wp\/v2\/types\/page"}],"author":[{"embeddable":true,"href":"https:\/\/www.cec.org\/flwm\/es\/wp-json\/wp\/v2\/users\/1"}],"replies":[{"embeddable":true,"href":"https:\/\/www.cec.org\/flwm\/es\/wp-json\/wp\/v2\/comments?post=1738"}],"version-history":[{"count":10,"href":"https:\/\/www.cec.org\/flwm\/es\/wp-json\/wp\/v2\/pages\/1738\/revisions"}],"predecessor-version":[{"id":2139,"href":"https:\/\/www.cec.org\/flwm\/es\/wp-json\/wp\/v2\/pages\/1738\/revisions\/2139"}],"wp:featuredmedia":[{"embeddable":true,"href":"https:\/\/www.cec.org\/flwm\/es\/wp-json\/wp\/v2\/media\/1891"}],"wp:attachment":[{"href":"https:\/\/www.cec.org\/flwm\/es\/wp-json\/wp\/v2\/media?parent=1738"}],"curies":[{"name":"wp","href":"https:\/\/api.w.org\/{rel}","templated":true}]}}