{"id":61893,"date":"2025-04-11T11:27:38","date_gmt":"2025-04-11T15:27:38","guid":{"rendered":"https:\/\/www.cec.org\/cadena-de-suministro-de-las-sustancias-quimicas\/"},"modified":"2026-03-26T17:51:50","modified_gmt":"2026-03-26T21:51:50","slug":"cadena-de-suministro-de-las-sustancias-quimicas","status":"publish","type":"page","link":"https:\/\/www.cec.org\/es\/cadena-de-suministro-de-las-sustancias-quimicas\/","title":{"rendered":"Fomento a la transparencia en la cadena de suministro de las sustancias qu\u00edmicas contenidas en los productos de consumo"},"content":{"rendered":"<p>El proyecto <a href=\"https:\/\/www.cec.org\/es\/fomento-a-la-transparencia-en-la-cadena-de-suministro-de-las-sustancias-quimicas-contenidas-en-los-productos-de-consumo\/\"><em>Fomento a la transparencia en la cadena de suministro de las sustancias qu\u00edmicas contenidas en los productos de consumo<\/em><\/a> permiti\u00f3 explorar instrumentos de transparencia en la cadena de suministro (TCS), entre los que se cuentan pol\u00edticas, sistemas de intercambio de datos y est\u00e1ndares medioambientales, tanto en Am\u00e9rica del Norte como a nivel global. El prop\u00f3sito fue identificar enfoques innovadores y herramientas digitales que promueven la comunicaci\u00f3n de las sustancias qu\u00edmicas contenidas en productos y materiales, y facilitar la difusi\u00f3n de los datos correspondientes.<\/p>\n<p>Implementado de junio de 2023 a mayo de 2025, el proyecto tuvo por objetivo fomentar la colaboraci\u00f3n entre Canad\u00e1, Estados Unidos y M\u00e9xico con miras a mejorar la TCS respecto de las sustancias qu\u00edmicas en los productos de consumo, al tiempo de fortalecer la capacidad de los gobiernos y la industria para identificar productos que contienen sustancias o sustitutos qu\u00edmicos de preocupaci\u00f3n, y as\u00ed evitar que entren desde un principio o se reincorporen a la econom\u00eda.<\/p>\n<p>Este portal presenta los productos finales del proyecto, mismos que comprenden tres estudios de caso y un cuadro interactivo en l\u00ednea que compila disposiciones reglamentarias, herramientas e iniciativas de pertinencia en materia de TCS.<\/p>\n","protected":false},"excerpt":{"rendered":"<p>El proyecto Fomento a la transparencia en la cadena de suministro de las sustancias qu\u00edmicas contenidas en los productos de consumo permiti\u00f3 explorar instrumentos de transparencia en la cadena de suministro (TCS), entre los que se cuentan pol\u00edticas, sistemas de intercambio de datos y est\u00e1ndares medioambientales, tanto en Am\u00e9rica del Norte como a nivel global. [&hellip;]<\/p>\n","protected":false},"author":1,"featured_media":0,"parent":0,"menu_order":0,"comment_status":"closed","ping_status":"closed","template":"page-supply-chain.php","meta":{"_acf_changed":false,"footnotes":""},"class_list":["post-61893","page","type-page","status-publish","hentry"],"acf":[],"yoast_head":"<!-- This site is optimized with the Yoast SEO Premium plugin v27.0 (Yoast SEO v27.0) - https:\/\/yoast.com\/product\/yoast-seo-premium-wordpress\/ -->\n<title>Cadena de suministro de las sustancias qu\u00edmicas<\/title>\n<meta name=\"description\" content=\"El prop\u00f3sito fue identificar enfoques innovadores y herramientas digitales que promueven la comunicaci\u00f3n de las sustancias qu\u00edmicas contenidas en productos y materiales...\" \/>\n<meta name=\"robots\" content=\"index, follow, max-snippet:-1, max-image-preview:large, max-video-preview:-1\" \/>\n<link rel=\"canonical\" href=\"https:\/\/www.cec.org\/es\/cadena-de-suministro-de-las-sustancias-quimicas\/\" \/>\n<meta property=\"og:locale\" content=\"es_ES\" \/>\n<meta property=\"og:type\" content=\"article\" \/>\n<meta property=\"og:title\" content=\"Fomento a la transparencia en la cadena de suministro de las sustancias qu\u00edmicas contenidas en los productos de consumo\" \/>\n<meta property=\"og:description\" content=\"El proyecto Fomento a la transparencia en la cadena de suministro de las sustancias qu\u00edmicas contenidas en los productos de consumo permiti\u00f3 explorar\" \/>\n<meta property=\"og:url\" content=\"https:\/\/www.cec.org\/es\/cadena-de-suministro-de-las-sustancias-quimicas\/\" \/>\n<meta property=\"og:site_name\" content=\"Comisi\u00f3n para la Cooperaci\u00f3n Ambiental\" \/>\n<meta property=\"article:publisher\" content=\"https:\/\/www.facebook.com\/CECconnect\" \/>\n<meta property=\"article:modified_time\" content=\"2026-03-26T21:51:50+00:00\" \/>\n<meta property=\"og:image\" content=\"https:\/\/www.cec.org\/wp-content\/uploads\/cec-cover2023.webp\" \/>\n\t<meta property=\"og:image:width\" content=\"1200\" \/>\n\t<meta property=\"og:image:height\" content=\"630\" \/>\n\t<meta property=\"og:image:type\" content=\"image\/webp\" \/>\n<meta name=\"twitter:card\" content=\"summary_large_image\" \/>\n<meta name=\"twitter:site\" content=\"@CECweb\" \/>\n<script type=\"application\/ld+json\" class=\"yoast-schema-graph\">{\"@context\":\"https:\/\/schema.org\",\"@graph\":[{\"@type\":\"WebPage\",\"@id\":\"https:\/\/www.cec.org\/es\/cadena-de-suministro-de-las-sustancias-quimicas\/\",\"url\":\"https:\/\/www.cec.org\/es\/cadena-de-suministro-de-las-sustancias-quimicas\/\",\"name\":\"Cadena de suministro de las sustancias qu\u00edmicas\",\"isPartOf\":{\"@id\":\"https:\/\/www.cec.org\/es\/#website\"},\"datePublished\":\"2025-04-11T15:27:38+00:00\",\"dateModified\":\"2026-03-26T21:51:50+00:00\",\"description\":\"El prop\u00f3sito fue identificar enfoques innovadores y herramientas digitales que promueven la comunicaci\u00f3n de las sustancias qu\u00edmicas contenidas en productos y materiales...\",\"breadcrumb\":{\"@id\":\"https:\/\/www.cec.org\/es\/cadena-de-suministro-de-las-sustancias-quimicas\/#breadcrumb\"},\"inLanguage\":\"es\",\"potentialAction\":[{\"@type\":\"ReadAction\",\"target\":[\"https:\/\/www.cec.org\/es\/cadena-de-suministro-de-las-sustancias-quimicas\/\"]}]},{\"@type\":\"BreadcrumbList\",\"@id\":\"https:\/\/www.cec.org\/es\/cadena-de-suministro-de-las-sustancias-quimicas\/#breadcrumb\",\"itemListElement\":[{\"@type\":\"ListItem\",\"position\":1,\"name\":\"Inicio\",\"item\":\"https:\/\/www.cec.org\/es\/\"},{\"@type\":\"ListItem\",\"position\":2,\"name\":\"Fomento a la transparencia en la cadena de suministro de las sustancias qu\u00edmicas contenidas en los productos de consumo\"}]},{\"@type\":\"WebSite\",\"@id\":\"https:\/\/www.cec.org\/es\/#website\",\"url\":\"https:\/\/www.cec.org\/es\/\",\"name\":\"Commission for Environmental Cooperation\",\"description\":\"Three countries working together to protect our shared environment\",\"alternateName\":\"CEC - CCA -CCE\",\"potentialAction\":[{\"@type\":\"SearchAction\",\"target\":{\"@type\":\"EntryPoint\",\"urlTemplate\":\"https:\/\/www.cec.org\/es\/?s={search_term_string}\"},\"query-input\":{\"@type\":\"PropertyValueSpecification\",\"valueRequired\":true,\"valueName\":\"search_term_string\"}}],\"inLanguage\":\"es\"}]}<\/script>\n<!-- \/ Yoast SEO Premium plugin. -->","yoast_head_json":{"title":"Cadena de suministro de las sustancias qu\u00edmicas","description":"El prop\u00f3sito fue identificar enfoques innovadores y herramientas digitales que promueven la comunicaci\u00f3n de las sustancias qu\u00edmicas contenidas en productos y materiales...","robots":{"index":"index","follow":"follow","max-snippet":"max-snippet:-1","max-image-preview":"max-image-preview:large","max-video-preview":"max-video-preview:-1"},"canonical":"https:\/\/www.cec.org\/es\/cadena-de-suministro-de-las-sustancias-quimicas\/","og_locale":"es_ES","og_type":"article","og_title":"Fomento a la transparencia en la cadena de suministro de las sustancias qu\u00edmicas contenidas en los productos de consumo","og_description":"El proyecto Fomento a la transparencia en la cadena de suministro de las sustancias qu\u00edmicas contenidas en los productos de consumo permiti\u00f3 explorar","og_url":"https:\/\/www.cec.org\/es\/cadena-de-suministro-de-las-sustancias-quimicas\/","og_site_name":"Comisi\u00f3n para la Cooperaci\u00f3n Ambiental","article_publisher":"https:\/\/www.facebook.com\/CECconnect","article_modified_time":"2026-03-26T21:51:50+00:00","og_image":[{"width":1200,"height":630,"url":"https:\/\/www.cec.org\/wp-content\/uploads\/cec-cover2023.webp","type":"image\/webp"}],"twitter_card":"summary_large_image","twitter_site":"@CECweb","schema":{"@context":"https:\/\/schema.org","@graph":[{"@type":"WebPage","@id":"https:\/\/www.cec.org\/es\/cadena-de-suministro-de-las-sustancias-quimicas\/","url":"https:\/\/www.cec.org\/es\/cadena-de-suministro-de-las-sustancias-quimicas\/","name":"Cadena de suministro de las sustancias qu\u00edmicas","isPartOf":{"@id":"https:\/\/www.cec.org\/es\/#website"},"datePublished":"2025-04-11T15:27:38+00:00","dateModified":"2026-03-26T21:51:50+00:00","description":"El prop\u00f3sito fue identificar enfoques innovadores y herramientas digitales que promueven la comunicaci\u00f3n de las sustancias qu\u00edmicas contenidas en productos y materiales...","breadcrumb":{"@id":"https:\/\/www.cec.org\/es\/cadena-de-suministro-de-las-sustancias-quimicas\/#breadcrumb"},"inLanguage":"es","potentialAction":[{"@type":"ReadAction","target":["https:\/\/www.cec.org\/es\/cadena-de-suministro-de-las-sustancias-quimicas\/"]}]},{"@type":"BreadcrumbList","@id":"https:\/\/www.cec.org\/es\/cadena-de-suministro-de-las-sustancias-quimicas\/#breadcrumb","itemListElement":[{"@type":"ListItem","position":1,"name":"Inicio","item":"https:\/\/www.cec.org\/es\/"},{"@type":"ListItem","position":2,"name":"Fomento a la transparencia en la cadena de suministro de las sustancias qu\u00edmicas contenidas en los productos de consumo"}]},{"@type":"WebSite","@id":"https:\/\/www.cec.org\/es\/#website","url":"https:\/\/www.cec.org\/es\/","name":"Commission for Environmental Cooperation","description":"Three countries working together to protect our shared environment","alternateName":"CEC - CCA -CCE","potentialAction":[{"@type":"SearchAction","target":{"@type":"EntryPoint","urlTemplate":"https:\/\/www.cec.org\/es\/?s={search_term_string}"},"query-input":{"@type":"PropertyValueSpecification","valueRequired":true,"valueName":"search_term_string"}}],"inLanguage":"es"}]}},"_links":{"self":[{"href":"https:\/\/www.cec.org\/es\/wp-json\/wp\/v2\/pages\/61893","targetHints":{"allow":["GET"]}}],"collection":[{"href":"https:\/\/www.cec.org\/es\/wp-json\/wp\/v2\/pages"}],"about":[{"href":"https:\/\/www.cec.org\/es\/wp-json\/wp\/v2\/types\/page"}],"author":[{"embeddable":true,"href":"https:\/\/www.cec.org\/es\/wp-json\/wp\/v2\/users\/1"}],"replies":[{"embeddable":true,"href":"https:\/\/www.cec.org\/es\/wp-json\/wp\/v2\/comments?post=61893"}],"version-history":[{"count":2,"href":"https:\/\/www.cec.org\/es\/wp-json\/wp\/v2\/pages\/61893\/revisions"}],"predecessor-version":[{"id":62266,"href":"https:\/\/www.cec.org\/es\/wp-json\/wp\/v2\/pages\/61893\/revisions\/62266"}],"wp:attachment":[{"href":"https:\/\/www.cec.org\/es\/wp-json\/wp\/v2\/media?parent=61893"}],"curies":[{"name":"wp","href":"https:\/\/api.w.org\/{rel}","templated":true}]}}