{"id":61272,"date":"2026-01-12T17:29:21","date_gmt":"2026-01-12T22:29:21","guid":{"rendered":"https:\/\/www.cec.org\/temas\/participacion-del-sector-privado\/"},"modified":"2026-04-11T18:32:50","modified_gmt":"2026-04-11T22:32:50","slug":"participacion-del-sector-privado","status":"publish","type":"page","link":"https:\/\/www.cec.org\/es\/temas\/participacion-del-sector-privado\/","title":{"rendered":"Participaci\u00f3n del sector privado"},"content":{"rendered":"<p>El sector privado desempe\u00f1a un papel fundamental en lo que concierne a impulsar la prosperidad econ\u00f3mica, la innovaci\u00f3n y el desarrollo sustentable.<\/p>\n<p>Mediante la reducci\u00f3n de su huella ecol\u00f3gica, la adopci\u00f3n de pr\u00e1cticas de mercado responsables, la inversi\u00f3n en tecnolog\u00edas sustentables, el impulso a la innovaci\u00f3n y el establecimiento de alianzas y relaciones de colaboraci\u00f3n estrat\u00e9gicas, el sector privado guarda una posici\u00f3n \u00fanica para convertir los desaf\u00edos ambientales en oportunidades, contribuir a la reducci\u00f3n de las emisiones de gases de efecto invernadero, mitigar la contaminaci\u00f3n y proteger la biodiversidad.<\/p>\n<p>Durante m\u00e1s de tres d\u00e9cadas, la CCA ha colaborado con el sector privado a fin de contribuir a la consecuci\u00f3n de metas y prioridades en favor del medio ambiente compartidas en toda Am\u00e9rica del Norte. Esta colaboraci\u00f3n refleja una convicci\u00f3n arraigada: <em>que la acci\u00f3n ambiental significativa exige la participaci\u00f3n de todos los sectores sociales, incluidos el empresarial y el industrial<\/em>.<\/p>\n","protected":false},"excerpt":{"rendered":"<p>El sector privado desempe\u00f1a un papel fundamental en lo que concierne a impulsar la prosperidad econ\u00f3mica, la innovaci\u00f3n y el desarrollo sustentable. Mediante la reducci\u00f3n de su huella ecol\u00f3gica, la adopci\u00f3n de pr\u00e1cticas de mercado responsables, la inversi\u00f3n en tecnolog\u00edas sustentables, el impulso a la innovaci\u00f3n y el establecimiento de alianzas y relaciones de colaboraci\u00f3n [&hellip;]<\/p>\n","protected":false},"author":1,"featured_media":61184,"parent":27171,"menu_order":0,"comment_status":"closed","ping_status":"closed","template":"page-private-sector-engagement.php","meta":{"_acf_changed":false,"footnotes":""},"class_list":["post-61272","page","type-page","status-publish","has-post-thumbnail","hentry"],"acf":[],"yoast_head":"<!-- This site is optimized with the Yoast SEO Premium plugin v27.0 (Yoast SEO v27.0) - https:\/\/yoast.com\/product\/yoast-seo-premium-wordpress\/ -->\n<title>Participaci\u00f3n del sector privado<\/title>\n<meta name=\"description\" content=\"El sector privado desempe\u00f1a un papel fundamental en lo que concierne a impulsar la prosperidad econ\u00f3mica, la innovaci\u00f3n y el desarrollo sustentable.\" \/>\n<meta name=\"robots\" content=\"index, follow, max-snippet:-1, max-image-preview:large, max-video-preview:-1\" \/>\n<link rel=\"canonical\" href=\"https:\/\/www.cec.org\/es\/temas\/participacion-del-sector-privado\/\" \/>\n<meta property=\"og:locale\" content=\"es_ES\" \/>\n<meta property=\"og:type\" content=\"article\" \/>\n<meta property=\"og:title\" content=\"Participaci\u00f3n del sector privado\" \/>\n<meta property=\"og:description\" content=\"El sector privado desempe\u00f1a un papel fundamental en lo que concierne a impulsar la prosperidad econ\u00f3mica, la innovaci\u00f3n y el desarrollo sustentable.\" \/>\n<meta property=\"og:url\" content=\"https:\/\/www.cec.org\/es\/temas\/participacion-del-sector-privado\/\" \/>\n<meta property=\"og:site_name\" content=\"Comisi\u00f3n para la Cooperaci\u00f3n Ambiental\" \/>\n<meta property=\"article:publisher\" content=\"https:\/\/www.facebook.com\/CECconnect\" \/>\n<meta property=\"article:modified_time\" content=\"2026-04-11T22:32:50+00:00\" \/>\n<meta property=\"og:image\" content=\"https:\/\/www.cec.org\/wp-content\/uploads\/private-sector-cover-es.webp\" \/>\n\t<meta property=\"og:image:width\" content=\"1366\" \/>\n\t<meta property=\"og:image:height\" content=\"768\" \/>\n\t<meta property=\"og:image:type\" content=\"image\/webp\" \/>\n<meta name=\"twitter:card\" content=\"summary_large_image\" \/>\n<meta name=\"twitter:site\" content=\"@CECweb\" \/>\n<script type=\"application\/ld+json\" class=\"yoast-schema-graph\">{\"@context\":\"https:\/\/schema.org\",\"@graph\":[{\"@type\":\"WebPage\",\"@id\":\"https:\/\/www.cec.org\/es\/temas\/participacion-del-sector-privado\/\",\"url\":\"https:\/\/www.cec.org\/es\/temas\/participacion-del-sector-privado\/\",\"name\":\"Participaci\u00f3n del sector privado\",\"isPartOf\":{\"@id\":\"https:\/\/www.cec.org\/es\/#website\"},\"primaryImageOfPage\":{\"@id\":\"https:\/\/www.cec.org\/es\/temas\/participacion-del-sector-privado\/#primaryimage\"},\"image\":{\"@id\":\"https:\/\/www.cec.org\/es\/temas\/participacion-del-sector-privado\/#primaryimage\"},\"thumbnailUrl\":\"https:\/\/www.cec.org\/wp-content\/uploads\/private-sector-cover-es.webp\",\"datePublished\":\"2026-01-12T22:29:21+00:00\",\"dateModified\":\"2026-04-11T22:32:50+00:00\",\"description\":\"El sector privado desempe\u00f1a un papel fundamental en lo que concierne a impulsar la prosperidad econ\u00f3mica, la innovaci\u00f3n y el desarrollo sustentable.\",\"breadcrumb\":{\"@id\":\"https:\/\/www.cec.org\/es\/temas\/participacion-del-sector-privado\/#breadcrumb\"},\"inLanguage\":\"es\",\"potentialAction\":[{\"@type\":\"ReadAction\",\"target\":[\"https:\/\/www.cec.org\/es\/temas\/participacion-del-sector-privado\/\"]}]},{\"@type\":\"ImageObject\",\"inLanguage\":\"es\",\"@id\":\"https:\/\/www.cec.org\/es\/temas\/participacion-del-sector-privado\/#primaryimage\",\"url\":\"https:\/\/www.cec.org\/wp-content\/uploads\/private-sector-cover-es.webp\",\"contentUrl\":\"https:\/\/www.cec.org\/wp-content\/uploads\/private-sector-cover-es.webp\",\"width\":1366,\"height\":768},{\"@type\":\"BreadcrumbList\",\"@id\":\"https:\/\/www.cec.org\/es\/temas\/participacion-del-sector-privado\/#breadcrumb\",\"itemListElement\":[{\"@type\":\"ListItem\",\"position\":1,\"name\":\"Inicio\",\"item\":\"https:\/\/www.cec.org\/es\/\"},{\"@type\":\"ListItem\",\"position\":2,\"name\":\"Temas\",\"item\":\"https:\/\/www.cec.org\/es\/temas\/\"},{\"@type\":\"ListItem\",\"position\":3,\"name\":\"Participaci\u00f3n del sector privado\"}]},{\"@type\":\"WebSite\",\"@id\":\"https:\/\/www.cec.org\/es\/#website\",\"url\":\"https:\/\/www.cec.org\/es\/\",\"name\":\"Commission for Environmental Cooperation\",\"description\":\"Three countries working together to protect our shared environment\",\"alternateName\":\"CEC - CCA -CCE\",\"potentialAction\":[{\"@type\":\"SearchAction\",\"target\":{\"@type\":\"EntryPoint\",\"urlTemplate\":\"https:\/\/www.cec.org\/es\/?s={search_term_string}\"},\"query-input\":{\"@type\":\"PropertyValueSpecification\",\"valueRequired\":true,\"valueName\":\"search_term_string\"}}],\"inLanguage\":\"es\"}]}<\/script>\n<!-- \/ Yoast SEO Premium plugin. -->","yoast_head_json":{"title":"Participaci\u00f3n del sector privado","description":"El sector privado desempe\u00f1a un papel fundamental en lo que concierne a impulsar la prosperidad econ\u00f3mica, la innovaci\u00f3n y el desarrollo sustentable.","robots":{"index":"index","follow":"follow","max-snippet":"max-snippet:-1","max-image-preview":"max-image-preview:large","max-video-preview":"max-video-preview:-1"},"canonical":"https:\/\/www.cec.org\/es\/temas\/participacion-del-sector-privado\/","og_locale":"es_ES","og_type":"article","og_title":"Participaci\u00f3n del sector privado","og_description":"El sector privado desempe\u00f1a un papel fundamental en lo que concierne a impulsar la prosperidad econ\u00f3mica, la innovaci\u00f3n y el desarrollo sustentable.","og_url":"https:\/\/www.cec.org\/es\/temas\/participacion-del-sector-privado\/","og_site_name":"Comisi\u00f3n para la Cooperaci\u00f3n Ambiental","article_publisher":"https:\/\/www.facebook.com\/CECconnect","article_modified_time":"2026-04-11T22:32:50+00:00","og_image":[{"width":1366,"height":768,"url":"https:\/\/www.cec.org\/wp-content\/uploads\/private-sector-cover-es.webp","type":"image\/webp"}],"twitter_card":"summary_large_image","twitter_site":"@CECweb","schema":{"@context":"https:\/\/schema.org","@graph":[{"@type":"WebPage","@id":"https:\/\/www.cec.org\/es\/temas\/participacion-del-sector-privado\/","url":"https:\/\/www.cec.org\/es\/temas\/participacion-del-sector-privado\/","name":"Participaci\u00f3n del sector privado","isPartOf":{"@id":"https:\/\/www.cec.org\/es\/#website"},"primaryImageOfPage":{"@id":"https:\/\/www.cec.org\/es\/temas\/participacion-del-sector-privado\/#primaryimage"},"image":{"@id":"https:\/\/www.cec.org\/es\/temas\/participacion-del-sector-privado\/#primaryimage"},"thumbnailUrl":"https:\/\/www.cec.org\/wp-content\/uploads\/private-sector-cover-es.webp","datePublished":"2026-01-12T22:29:21+00:00","dateModified":"2026-04-11T22:32:50+00:00","description":"El sector privado desempe\u00f1a un papel fundamental en lo que concierne a impulsar la prosperidad econ\u00f3mica, la innovaci\u00f3n y el desarrollo sustentable.","breadcrumb":{"@id":"https:\/\/www.cec.org\/es\/temas\/participacion-del-sector-privado\/#breadcrumb"},"inLanguage":"es","potentialAction":[{"@type":"ReadAction","target":["https:\/\/www.cec.org\/es\/temas\/participacion-del-sector-privado\/"]}]},{"@type":"ImageObject","inLanguage":"es","@id":"https:\/\/www.cec.org\/es\/temas\/participacion-del-sector-privado\/#primaryimage","url":"https:\/\/www.cec.org\/wp-content\/uploads\/private-sector-cover-es.webp","contentUrl":"https:\/\/www.cec.org\/wp-content\/uploads\/private-sector-cover-es.webp","width":1366,"height":768},{"@type":"BreadcrumbList","@id":"https:\/\/www.cec.org\/es\/temas\/participacion-del-sector-privado\/#breadcrumb","itemListElement":[{"@type":"ListItem","position":1,"name":"Inicio","item":"https:\/\/www.cec.org\/es\/"},{"@type":"ListItem","position":2,"name":"Temas","item":"https:\/\/www.cec.org\/es\/temas\/"},{"@type":"ListItem","position":3,"name":"Participaci\u00f3n del sector privado"}]},{"@type":"WebSite","@id":"https:\/\/www.cec.org\/es\/#website","url":"https:\/\/www.cec.org\/es\/","name":"Commission for Environmental Cooperation","description":"Three countries working together to protect our shared environment","alternateName":"CEC - CCA -CCE","potentialAction":[{"@type":"SearchAction","target":{"@type":"EntryPoint","urlTemplate":"https:\/\/www.cec.org\/es\/?s={search_term_string}"},"query-input":{"@type":"PropertyValueSpecification","valueRequired":true,"valueName":"search_term_string"}}],"inLanguage":"es"}]}},"_links":{"self":[{"href":"https:\/\/www.cec.org\/es\/wp-json\/wp\/v2\/pages\/61272","targetHints":{"allow":["GET"]}}],"collection":[{"href":"https:\/\/www.cec.org\/es\/wp-json\/wp\/v2\/pages"}],"about":[{"href":"https:\/\/www.cec.org\/es\/wp-json\/wp\/v2\/types\/page"}],"author":[{"embeddable":true,"href":"https:\/\/www.cec.org\/es\/wp-json\/wp\/v2\/users\/1"}],"replies":[{"embeddable":true,"href":"https:\/\/www.cec.org\/es\/wp-json\/wp\/v2\/comments?post=61272"}],"version-history":[{"count":1,"href":"https:\/\/www.cec.org\/es\/wp-json\/wp\/v2\/pages\/61272\/revisions"}],"predecessor-version":[{"id":61376,"href":"https:\/\/www.cec.org\/es\/wp-json\/wp\/v2\/pages\/61272\/revisions\/61376"}],"up":[{"embeddable":true,"href":"https:\/\/www.cec.org\/es\/wp-json\/wp\/v2\/pages\/27171"}],"wp:featuredmedia":[{"embeddable":true,"href":"https:\/\/www.cec.org\/es\/wp-json\/wp\/v2\/media\/61184"}],"wp:attachment":[{"href":"https:\/\/www.cec.org\/es\/wp-json\/wp\/v2\/media?parent=61272"}],"curies":[{"name":"wp","href":"https:\/\/api.w.org\/{rel}","templated":true}]}}