{"id":59424,"date":"2025-03-24T11:04:08","date_gmt":"2025-03-24T15:04:08","guid":{"rendered":"https:\/\/www.cec.org\/asuntos-indigenas\/"},"modified":"2026-03-24T18:05:52","modified_gmt":"2026-03-24T22:05:52","slug":"asuntos-indigenas","status":"publish","type":"page","link":"https:\/\/www.cec.org\/es\/temas\/asuntos-indigenas\/","title":{"rendered":"Asuntos ind\u00edgenas"},"content":{"rendered":"<p>La Comisi\u00f3n para la Cooperaci\u00f3n Ambiental (CCA) reconoce el papel esencial de los pueblos ind\u00edgenas y las comunidades locales en la gesti\u00f3n ambiental en toda la Isla Tortuga o Madre Tierra (lo que hoy se conoce como Am\u00e9rica del Norte).<\/p>\n<p>El conocimiento ecol\u00f3gico tradicional (CET) que poseen los pueblos ind\u00edgenas ofrece informaci\u00f3n muy valiosa sobre pr\u00e1cticas sustentables, conservaci\u00f3n de la biodiversidad, resiliencia, adaptabilidad y preparaci\u00f3n para los cambios ambientales. La CCA tiene el compromiso de fomentar alianzas y asociaciones significativas con los pueblos y comunidades ind\u00edgenas de Canad\u00e1, Estados Unidos y M\u00e9xico, garantizando en todo momento que sus perspectivas, experiencia y conocimientos se incluyan debidamente en la toma de decisiones en materia de medio ambiente y se protejan de manera deliberada de cualquier uso indebido.<\/p>\n","protected":false},"excerpt":{"rendered":"<p>La Comisi\u00f3n para la Cooperaci\u00f3n Ambiental (CCA) reconoce el papel esencial de los pueblos ind\u00edgenas y las comunidades locales en la gesti\u00f3n ambiental en toda la Isla Tortuga o Madre Tierra (lo que hoy se conoce como Am\u00e9rica del Norte). El conocimiento ecol\u00f3gico tradicional (CET) que poseen los pueblos ind\u00edgenas ofrece informaci\u00f3n muy valiosa sobre [&hellip;]<\/p>\n","protected":false},"author":1,"featured_media":52752,"parent":27171,"menu_order":5,"comment_status":"closed","ping_status":"closed","template":"page-indigenous-affairs.php","meta":{"_acf_changed":false,"footnotes":""},"class_list":["post-59424","page","type-page","status-publish","has-post-thumbnail","hentry"],"acf":[],"yoast_head":"<!-- This site is optimized with the Yoast SEO Premium plugin v27.0 (Yoast SEO v27.0) - https:\/\/yoast.com\/product\/yoast-seo-premium-wordpress\/ -->\n<title>Asuntos ind\u00edgenas<\/title>\n<meta name=\"description\" content=\"La Comisi\u00f3n para la Cooperaci\u00f3n Ambiental (CCA) reconoce el papel esencial de los pueblos ind\u00edgenas y las comunidades locales en la gesti\u00f3n ambiental en\" \/>\n<meta name=\"robots\" content=\"index, follow, max-snippet:-1, max-image-preview:large, max-video-preview:-1\" \/>\n<link rel=\"canonical\" href=\"https:\/\/www.cec.org\/es\/temas\/asuntos-indigenas\/\" \/>\n<meta property=\"og:locale\" content=\"es_ES\" \/>\n<meta property=\"og:type\" content=\"article\" \/>\n<meta property=\"og:title\" content=\"Asuntos ind\u00edgenas\" \/>\n<meta property=\"og:description\" content=\"La Comisi\u00f3n para la Cooperaci\u00f3n Ambiental (CCA) reconoce el papel esencial de los pueblos ind\u00edgenas y las comunidades locales en la gesti\u00f3n ambiental en\" \/>\n<meta property=\"og:url\" content=\"https:\/\/www.cec.org\/es\/temas\/asuntos-indigenas\/\" \/>\n<meta property=\"og:site_name\" content=\"Comisi\u00f3n para la Cooperaci\u00f3n Ambiental\" \/>\n<meta property=\"article:publisher\" content=\"https:\/\/www.facebook.com\/CECconnect\" \/>\n<meta property=\"article:modified_time\" content=\"2026-03-24T22:05:52+00:00\" \/>\n<meta property=\"og:image\" content=\"https:\/\/www.cec.org\/wp-content\/uploads\/WIPD_Web.jpg\" \/>\n\t<meta property=\"og:image:width\" content=\"600\" \/>\n\t<meta property=\"og:image:height\" content=\"342\" \/>\n\t<meta property=\"og:image:type\" content=\"image\/jpeg\" \/>\n<meta name=\"twitter:card\" content=\"summary_large_image\" \/>\n<meta name=\"twitter:site\" content=\"@CECweb\" \/>\n<script type=\"application\/ld+json\" class=\"yoast-schema-graph\">{\"@context\":\"https:\/\/schema.org\",\"@graph\":[{\"@type\":\"WebPage\",\"@id\":\"https:\/\/www.cec.org\/es\/temas\/asuntos-indigenas\/\",\"url\":\"https:\/\/www.cec.org\/es\/temas\/asuntos-indigenas\/\",\"name\":\"Asuntos ind\u00edgenas\",\"isPartOf\":{\"@id\":\"https:\/\/www.cec.org\/es\/#website\"},\"primaryImageOfPage\":{\"@id\":\"https:\/\/www.cec.org\/es\/temas\/asuntos-indigenas\/#primaryimage\"},\"image\":{\"@id\":\"https:\/\/www.cec.org\/es\/temas\/asuntos-indigenas\/#primaryimage\"},\"thumbnailUrl\":\"https:\/\/www.cec.org\/wp-content\/uploads\/WIPD_Web.jpg\",\"datePublished\":\"2025-03-24T15:04:08+00:00\",\"dateModified\":\"2026-03-24T22:05:52+00:00\",\"description\":\"La Comisi\u00f3n para la Cooperaci\u00f3n Ambiental (CCA) reconoce el papel esencial de los pueblos ind\u00edgenas y las comunidades locales en la gesti\u00f3n ambiental en\",\"breadcrumb\":{\"@id\":\"https:\/\/www.cec.org\/es\/temas\/asuntos-indigenas\/#breadcrumb\"},\"inLanguage\":\"es\",\"potentialAction\":[{\"@type\":\"ReadAction\",\"target\":[\"https:\/\/www.cec.org\/es\/temas\/asuntos-indigenas\/\"]}]},{\"@type\":\"ImageObject\",\"inLanguage\":\"es\",\"@id\":\"https:\/\/www.cec.org\/es\/temas\/asuntos-indigenas\/#primaryimage\",\"url\":\"https:\/\/www.cec.org\/wp-content\/uploads\/WIPD_Web.jpg\",\"contentUrl\":\"https:\/\/www.cec.org\/wp-content\/uploads\/WIPD_Web.jpg\",\"width\":600,\"height\":342,\"caption\":\"Indigenous Peoples\"},{\"@type\":\"BreadcrumbList\",\"@id\":\"https:\/\/www.cec.org\/es\/temas\/asuntos-indigenas\/#breadcrumb\",\"itemListElement\":[{\"@type\":\"ListItem\",\"position\":1,\"name\":\"Inicio\",\"item\":\"https:\/\/www.cec.org\/es\/\"},{\"@type\":\"ListItem\",\"position\":2,\"name\":\"Temas\",\"item\":\"https:\/\/www.cec.org\/es\/temas\/\"},{\"@type\":\"ListItem\",\"position\":3,\"name\":\"Asuntos ind\u00edgenas\"}]},{\"@type\":\"WebSite\",\"@id\":\"https:\/\/www.cec.org\/es\/#website\",\"url\":\"https:\/\/www.cec.org\/es\/\",\"name\":\"Commission for Environmental Cooperation\",\"description\":\"Three countries working together to protect our shared environment\",\"alternateName\":\"CEC - CCA -CCE\",\"potentialAction\":[{\"@type\":\"SearchAction\",\"target\":{\"@type\":\"EntryPoint\",\"urlTemplate\":\"https:\/\/www.cec.org\/es\/?s={search_term_string}\"},\"query-input\":{\"@type\":\"PropertyValueSpecification\",\"valueRequired\":true,\"valueName\":\"search_term_string\"}}],\"inLanguage\":\"es\"}]}<\/script>\n<!-- \/ Yoast SEO Premium plugin. -->","yoast_head_json":{"title":"Asuntos ind\u00edgenas","description":"La Comisi\u00f3n para la Cooperaci\u00f3n Ambiental (CCA) reconoce el papel esencial de los pueblos ind\u00edgenas y las comunidades locales en la gesti\u00f3n ambiental en","robots":{"index":"index","follow":"follow","max-snippet":"max-snippet:-1","max-image-preview":"max-image-preview:large","max-video-preview":"max-video-preview:-1"},"canonical":"https:\/\/www.cec.org\/es\/temas\/asuntos-indigenas\/","og_locale":"es_ES","og_type":"article","og_title":"Asuntos ind\u00edgenas","og_description":"La Comisi\u00f3n para la Cooperaci\u00f3n Ambiental (CCA) reconoce el papel esencial de los pueblos ind\u00edgenas y las comunidades locales en la gesti\u00f3n ambiental en","og_url":"https:\/\/www.cec.org\/es\/temas\/asuntos-indigenas\/","og_site_name":"Comisi\u00f3n para la Cooperaci\u00f3n Ambiental","article_publisher":"https:\/\/www.facebook.com\/CECconnect","article_modified_time":"2026-03-24T22:05:52+00:00","og_image":[{"width":600,"height":342,"url":"https:\/\/www.cec.org\/wp-content\/uploads\/WIPD_Web.jpg","type":"image\/jpeg"}],"twitter_card":"summary_large_image","twitter_site":"@CECweb","schema":{"@context":"https:\/\/schema.org","@graph":[{"@type":"WebPage","@id":"https:\/\/www.cec.org\/es\/temas\/asuntos-indigenas\/","url":"https:\/\/www.cec.org\/es\/temas\/asuntos-indigenas\/","name":"Asuntos ind\u00edgenas","isPartOf":{"@id":"https:\/\/www.cec.org\/es\/#website"},"primaryImageOfPage":{"@id":"https:\/\/www.cec.org\/es\/temas\/asuntos-indigenas\/#primaryimage"},"image":{"@id":"https:\/\/www.cec.org\/es\/temas\/asuntos-indigenas\/#primaryimage"},"thumbnailUrl":"https:\/\/www.cec.org\/wp-content\/uploads\/WIPD_Web.jpg","datePublished":"2025-03-24T15:04:08+00:00","dateModified":"2026-03-24T22:05:52+00:00","description":"La Comisi\u00f3n para la Cooperaci\u00f3n Ambiental (CCA) reconoce el papel esencial de los pueblos ind\u00edgenas y las comunidades locales en la gesti\u00f3n ambiental en","breadcrumb":{"@id":"https:\/\/www.cec.org\/es\/temas\/asuntos-indigenas\/#breadcrumb"},"inLanguage":"es","potentialAction":[{"@type":"ReadAction","target":["https:\/\/www.cec.org\/es\/temas\/asuntos-indigenas\/"]}]},{"@type":"ImageObject","inLanguage":"es","@id":"https:\/\/www.cec.org\/es\/temas\/asuntos-indigenas\/#primaryimage","url":"https:\/\/www.cec.org\/wp-content\/uploads\/WIPD_Web.jpg","contentUrl":"https:\/\/www.cec.org\/wp-content\/uploads\/WIPD_Web.jpg","width":600,"height":342,"caption":"Indigenous Peoples"},{"@type":"BreadcrumbList","@id":"https:\/\/www.cec.org\/es\/temas\/asuntos-indigenas\/#breadcrumb","itemListElement":[{"@type":"ListItem","position":1,"name":"Inicio","item":"https:\/\/www.cec.org\/es\/"},{"@type":"ListItem","position":2,"name":"Temas","item":"https:\/\/www.cec.org\/es\/temas\/"},{"@type":"ListItem","position":3,"name":"Asuntos ind\u00edgenas"}]},{"@type":"WebSite","@id":"https:\/\/www.cec.org\/es\/#website","url":"https:\/\/www.cec.org\/es\/","name":"Commission for Environmental Cooperation","description":"Three countries working together to protect our shared environment","alternateName":"CEC - CCA -CCE","potentialAction":[{"@type":"SearchAction","target":{"@type":"EntryPoint","urlTemplate":"https:\/\/www.cec.org\/es\/?s={search_term_string}"},"query-input":{"@type":"PropertyValueSpecification","valueRequired":true,"valueName":"search_term_string"}}],"inLanguage":"es"}]}},"_links":{"self":[{"href":"https:\/\/www.cec.org\/es\/wp-json\/wp\/v2\/pages\/59424","targetHints":{"allow":["GET"]}}],"collection":[{"href":"https:\/\/www.cec.org\/es\/wp-json\/wp\/v2\/pages"}],"about":[{"href":"https:\/\/www.cec.org\/es\/wp-json\/wp\/v2\/types\/page"}],"author":[{"embeddable":true,"href":"https:\/\/www.cec.org\/es\/wp-json\/wp\/v2\/users\/1"}],"replies":[{"embeddable":true,"href":"https:\/\/www.cec.org\/es\/wp-json\/wp\/v2\/comments?post=59424"}],"version-history":[{"count":1,"href":"https:\/\/www.cec.org\/es\/wp-json\/wp\/v2\/pages\/59424\/revisions"}],"predecessor-version":[{"id":60942,"href":"https:\/\/www.cec.org\/es\/wp-json\/wp\/v2\/pages\/59424\/revisions\/60942"}],"up":[{"embeddable":true,"href":"https:\/\/www.cec.org\/es\/wp-json\/wp\/v2\/pages\/27171"}],"wp:featuredmedia":[{"embeddable":true,"href":"https:\/\/www.cec.org\/es\/wp-json\/wp\/v2\/media\/52752"}],"wp:attachment":[{"href":"https:\/\/www.cec.org\/es\/wp-json\/wp\/v2\/media?parent=59424"}],"curies":[{"name":"wp","href":"https:\/\/api.w.org\/{rel}","templated":true}]}}