{"id":59193,"date":"2025-06-16T15:25:52","date_gmt":"2025-06-16T19:25:52","guid":{"rendered":"https:\/\/www.cec.org\/promocion-de-la-circularidad-y-el-cambio-sistemico\/"},"modified":"2026-04-11T18:41:58","modified_gmt":"2026-04-11T22:41:58","slug":"promocion-de-la-circularidad-y-el-cambio-sistemico","status":"publish","type":"page","link":"https:\/\/www.cec.org\/es\/temas\/vida-y-economias-sustentables\/promocion-de-la-circularidad-y-el-cambio-sistemico\/","title":{"rendered":"Promoci\u00f3n de la circularidad y el cambio sist\u00e9mico"},"content":{"rendered":"<p>Las crisis relacionadas con la p\u00e9rdida de biodiversidad, la contaminaci\u00f3n y el cambio clim\u00e1tico demuestran que nuestros modelos convencionales de vida, producci\u00f3n y consumo est\u00e1n ejerciendo una presi\u00f3n insostenible en nuestro planeta. Las econom\u00edas lineales tradicionales, que se caracterizan por un modelo de \u201cextracci\u00f3n, consumo y desecho\u201d, dan lugar a una generaci\u00f3n excesiva de residuos, al agotamiento de los recursos naturales y al aumento de las emisiones de gases de efecto invernadero. Estos modelos no s\u00f3lo ponen en peligro la salud del medio ambiente, sino que tambi\u00e9n amenazan la estabilidad de los ecosistemas y el bienestar de las generaciones presentes y futuras.<\/p>\n<p>Esta \u00e1rea de trabajo de la CCA se centra en la transformaci\u00f3n del sistema en su conjunto; en los modos en que se dise\u00f1an y funcionan nuestras econom\u00edas. Aborda temas que impulsan la adopci\u00f3n de principios de econom\u00eda circular y promueven un cambio sist\u00e9mico. Al replantear y redise\u00f1ar los sistemas econ\u00f3micos, resulta posible minimizar los residuos y la contaminaci\u00f3n, optimizar la eficiencia de los recursos y crear sistemas regenerativos que favorezcan la salud del medio ambiente a largo plazo. El cambio sist\u00e9mico tambi\u00e9n permite la integraci\u00f3n de pr\u00e1cticas sustentables en \u00e1mbitos cr\u00edticos como la gesti\u00f3n del agua, los sistemas alimentarios, el manejo de residuos y la infraestructura verde, con lo que se impulsa la innovaci\u00f3n y se promueven ciudades resilientes y sustentables en beneficio de las generaciones futuras.<\/p>\n","protected":false},"excerpt":{"rendered":"<p>Las crisis relacionadas con la p\u00e9rdida de biodiversidad, la contaminaci\u00f3n y el cambio clim\u00e1tico demuestran que nuestros modelos convencionales de vida, producci\u00f3n y consumo est\u00e1n ejerciendo una presi\u00f3n insostenible en nuestro planeta. Las econom\u00edas lineales tradicionales, que se caracterizan por un modelo de \u201cextracci\u00f3n, consumo y desecho\u201d, dan lugar a una generaci\u00f3n excesiva de residuos, [&hellip;]<\/p>\n","protected":false},"author":1,"featured_media":61386,"parent":55213,"menu_order":3,"comment_status":"closed","ping_status":"closed","template":"page-2024subtopics.php","meta":{"_acf_changed":false,"footnotes":""},"class_list":["post-59193","page","type-page","status-publish","has-post-thumbnail","hentry"],"acf":[],"yoast_head":"<!-- This site is optimized with the Yoast SEO Premium plugin v27.0 (Yoast SEO v27.0) - https:\/\/yoast.com\/product\/yoast-seo-premium-wordpress\/ -->\n<title>Promoci\u00f3n de la circularidad y el cambio sist\u00e9mico<\/title>\n<meta name=\"description\" content=\"Las crisis relacionadas con la p\u00e9rdida de biodiversidad, la contaminaci\u00f3n y el cambio clim\u00e1tico demuestran\" \/>\n<meta name=\"robots\" content=\"index, follow, max-snippet:-1, max-image-preview:large, max-video-preview:-1\" \/>\n<link rel=\"canonical\" href=\"https:\/\/www.cec.org\/es\/temas\/vida-y-economias-sustentables\/promocion-de-la-circularidad-y-el-cambio-sistemico\/\" \/>\n<meta property=\"og:locale\" content=\"es_ES\" \/>\n<meta property=\"og:type\" content=\"article\" \/>\n<meta property=\"og:title\" content=\"Promoci\u00f3n de la circularidad y el cambio sist\u00e9mico\" \/>\n<meta property=\"og:description\" content=\"Las crisis relacionadas con la p\u00e9rdida de biodiversidad, la contaminaci\u00f3n y el cambio clim\u00e1tico demuestran que nuestros modelos convencionales de vida,\" \/>\n<meta property=\"og:url\" content=\"https:\/\/www.cec.org\/es\/temas\/vida-y-economias-sustentables\/promocion-de-la-circularidad-y-el-cambio-sistemico\/\" \/>\n<meta property=\"og:site_name\" content=\"Comisi\u00f3n para la Cooperaci\u00f3n Ambiental\" \/>\n<meta property=\"article:publisher\" content=\"https:\/\/www.facebook.com\/CECconnect\" \/>\n<meta property=\"article:modified_time\" content=\"2026-04-11T22:41:58+00:00\" \/>\n<meta property=\"og:image\" content=\"https:\/\/www.cec.org\/wp-content\/uploads\/Promoting-Circularity-and-Systemic-Change-1.webp\" \/>\n\t<meta property=\"og:image:width\" content=\"1366\" \/>\n\t<meta property=\"og:image:height\" content=\"768\" \/>\n\t<meta property=\"og:image:type\" content=\"image\/webp\" \/>\n<meta name=\"twitter:card\" content=\"summary_large_image\" \/>\n<meta name=\"twitter:site\" content=\"@CECweb\" \/>\n<script type=\"application\/ld+json\" class=\"yoast-schema-graph\">{\"@context\":\"https:\/\/schema.org\",\"@graph\":[{\"@type\":\"WebPage\",\"@id\":\"https:\/\/www.cec.org\/es\/temas\/vida-y-economias-sustentables\/promocion-de-la-circularidad-y-el-cambio-sistemico\/\",\"url\":\"https:\/\/www.cec.org\/es\/temas\/vida-y-economias-sustentables\/promocion-de-la-circularidad-y-el-cambio-sistemico\/\",\"name\":\"Promoci\u00f3n de la circularidad y el cambio sist\u00e9mico\",\"isPartOf\":{\"@id\":\"https:\/\/www.cec.org\/es\/#website\"},\"primaryImageOfPage\":{\"@id\":\"https:\/\/www.cec.org\/es\/temas\/vida-y-economias-sustentables\/promocion-de-la-circularidad-y-el-cambio-sistemico\/#primaryimage\"},\"image\":{\"@id\":\"https:\/\/www.cec.org\/es\/temas\/vida-y-economias-sustentables\/promocion-de-la-circularidad-y-el-cambio-sistemico\/#primaryimage\"},\"thumbnailUrl\":\"https:\/\/www.cec.org\/wp-content\/uploads\/Promoting-Circularity-and-Systemic-Change-1.webp\",\"datePublished\":\"2025-06-16T19:25:52+00:00\",\"dateModified\":\"2026-04-11T22:41:58+00:00\",\"description\":\"Las crisis relacionadas con la p\u00e9rdida de biodiversidad, la contaminaci\u00f3n y el cambio clim\u00e1tico demuestran\",\"breadcrumb\":{\"@id\":\"https:\/\/www.cec.org\/es\/temas\/vida-y-economias-sustentables\/promocion-de-la-circularidad-y-el-cambio-sistemico\/#breadcrumb\"},\"inLanguage\":\"es\",\"potentialAction\":[{\"@type\":\"ReadAction\",\"target\":[\"https:\/\/www.cec.org\/es\/temas\/vida-y-economias-sustentables\/promocion-de-la-circularidad-y-el-cambio-sistemico\/\"]}]},{\"@type\":\"ImageObject\",\"inLanguage\":\"es\",\"@id\":\"https:\/\/www.cec.org\/es\/temas\/vida-y-economias-sustentables\/promocion-de-la-circularidad-y-el-cambio-sistemico\/#primaryimage\",\"url\":\"https:\/\/www.cec.org\/wp-content\/uploads\/Promoting-Circularity-and-Systemic-Change-1.webp\",\"contentUrl\":\"https:\/\/www.cec.org\/wp-content\/uploads\/Promoting-Circularity-and-Systemic-Change-1.webp\",\"width\":1366,\"height\":768},{\"@type\":\"BreadcrumbList\",\"@id\":\"https:\/\/www.cec.org\/es\/temas\/vida-y-economias-sustentables\/promocion-de-la-circularidad-y-el-cambio-sistemico\/#breadcrumb\",\"itemListElement\":[{\"@type\":\"ListItem\",\"position\":1,\"name\":\"Inicio\",\"item\":\"https:\/\/www.cec.org\/es\/\"},{\"@type\":\"ListItem\",\"position\":2,\"name\":\"Temas\",\"item\":\"https:\/\/www.cec.org\/es\/temas\/\"},{\"@type\":\"ListItem\",\"position\":3,\"name\":\"Vida y econom\u00edas sustentables\",\"item\":\"https:\/\/www.cec.org\/es\/topics\/sustainable-living-and-economies\/\"},{\"@type\":\"ListItem\",\"position\":4,\"name\":\"Promoci\u00f3n de la circularidad y el cambio sist\u00e9mico\"}]},{\"@type\":\"WebSite\",\"@id\":\"https:\/\/www.cec.org\/es\/#website\",\"url\":\"https:\/\/www.cec.org\/es\/\",\"name\":\"Commission for Environmental Cooperation\",\"description\":\"Three countries working together to protect our shared environment\",\"alternateName\":\"CEC - CCA -CCE\",\"potentialAction\":[{\"@type\":\"SearchAction\",\"target\":{\"@type\":\"EntryPoint\",\"urlTemplate\":\"https:\/\/www.cec.org\/es\/?s={search_term_string}\"},\"query-input\":{\"@type\":\"PropertyValueSpecification\",\"valueRequired\":true,\"valueName\":\"search_term_string\"}}],\"inLanguage\":\"es\"}]}<\/script>\n<!-- \/ Yoast SEO Premium plugin. -->","yoast_head_json":{"title":"Promoci\u00f3n de la circularidad y el cambio sist\u00e9mico","description":"Las crisis relacionadas con la p\u00e9rdida de biodiversidad, la contaminaci\u00f3n y el cambio clim\u00e1tico demuestran","robots":{"index":"index","follow":"follow","max-snippet":"max-snippet:-1","max-image-preview":"max-image-preview:large","max-video-preview":"max-video-preview:-1"},"canonical":"https:\/\/www.cec.org\/es\/temas\/vida-y-economias-sustentables\/promocion-de-la-circularidad-y-el-cambio-sistemico\/","og_locale":"es_ES","og_type":"article","og_title":"Promoci\u00f3n de la circularidad y el cambio sist\u00e9mico","og_description":"Las crisis relacionadas con la p\u00e9rdida de biodiversidad, la contaminaci\u00f3n y el cambio clim\u00e1tico demuestran que nuestros modelos convencionales de vida,","og_url":"https:\/\/www.cec.org\/es\/temas\/vida-y-economias-sustentables\/promocion-de-la-circularidad-y-el-cambio-sistemico\/","og_site_name":"Comisi\u00f3n para la Cooperaci\u00f3n Ambiental","article_publisher":"https:\/\/www.facebook.com\/CECconnect","article_modified_time":"2026-04-11T22:41:58+00:00","og_image":[{"width":1366,"height":768,"url":"https:\/\/www.cec.org\/wp-content\/uploads\/Promoting-Circularity-and-Systemic-Change-1.webp","type":"image\/webp"}],"twitter_card":"summary_large_image","twitter_site":"@CECweb","schema":{"@context":"https:\/\/schema.org","@graph":[{"@type":"WebPage","@id":"https:\/\/www.cec.org\/es\/temas\/vida-y-economias-sustentables\/promocion-de-la-circularidad-y-el-cambio-sistemico\/","url":"https:\/\/www.cec.org\/es\/temas\/vida-y-economias-sustentables\/promocion-de-la-circularidad-y-el-cambio-sistemico\/","name":"Promoci\u00f3n de la circularidad y el cambio sist\u00e9mico","isPartOf":{"@id":"https:\/\/www.cec.org\/es\/#website"},"primaryImageOfPage":{"@id":"https:\/\/www.cec.org\/es\/temas\/vida-y-economias-sustentables\/promocion-de-la-circularidad-y-el-cambio-sistemico\/#primaryimage"},"image":{"@id":"https:\/\/www.cec.org\/es\/temas\/vida-y-economias-sustentables\/promocion-de-la-circularidad-y-el-cambio-sistemico\/#primaryimage"},"thumbnailUrl":"https:\/\/www.cec.org\/wp-content\/uploads\/Promoting-Circularity-and-Systemic-Change-1.webp","datePublished":"2025-06-16T19:25:52+00:00","dateModified":"2026-04-11T22:41:58+00:00","description":"Las crisis relacionadas con la p\u00e9rdida de biodiversidad, la contaminaci\u00f3n y el cambio clim\u00e1tico demuestran","breadcrumb":{"@id":"https:\/\/www.cec.org\/es\/temas\/vida-y-economias-sustentables\/promocion-de-la-circularidad-y-el-cambio-sistemico\/#breadcrumb"},"inLanguage":"es","potentialAction":[{"@type":"ReadAction","target":["https:\/\/www.cec.org\/es\/temas\/vida-y-economias-sustentables\/promocion-de-la-circularidad-y-el-cambio-sistemico\/"]}]},{"@type":"ImageObject","inLanguage":"es","@id":"https:\/\/www.cec.org\/es\/temas\/vida-y-economias-sustentables\/promocion-de-la-circularidad-y-el-cambio-sistemico\/#primaryimage","url":"https:\/\/www.cec.org\/wp-content\/uploads\/Promoting-Circularity-and-Systemic-Change-1.webp","contentUrl":"https:\/\/www.cec.org\/wp-content\/uploads\/Promoting-Circularity-and-Systemic-Change-1.webp","width":1366,"height":768},{"@type":"BreadcrumbList","@id":"https:\/\/www.cec.org\/es\/temas\/vida-y-economias-sustentables\/promocion-de-la-circularidad-y-el-cambio-sistemico\/#breadcrumb","itemListElement":[{"@type":"ListItem","position":1,"name":"Inicio","item":"https:\/\/www.cec.org\/es\/"},{"@type":"ListItem","position":2,"name":"Temas","item":"https:\/\/www.cec.org\/es\/temas\/"},{"@type":"ListItem","position":3,"name":"Vida y econom\u00edas sustentables","item":"https:\/\/www.cec.org\/es\/topics\/sustainable-living-and-economies\/"},{"@type":"ListItem","position":4,"name":"Promoci\u00f3n de la circularidad y el cambio sist\u00e9mico"}]},{"@type":"WebSite","@id":"https:\/\/www.cec.org\/es\/#website","url":"https:\/\/www.cec.org\/es\/","name":"Commission for Environmental Cooperation","description":"Three countries working together to protect our shared environment","alternateName":"CEC - CCA -CCE","potentialAction":[{"@type":"SearchAction","target":{"@type":"EntryPoint","urlTemplate":"https:\/\/www.cec.org\/es\/?s={search_term_string}"},"query-input":{"@type":"PropertyValueSpecification","valueRequired":true,"valueName":"search_term_string"}}],"inLanguage":"es"}]}},"_links":{"self":[{"href":"https:\/\/www.cec.org\/es\/wp-json\/wp\/v2\/pages\/59193","targetHints":{"allow":["GET"]}}],"collection":[{"href":"https:\/\/www.cec.org\/es\/wp-json\/wp\/v2\/pages"}],"about":[{"href":"https:\/\/www.cec.org\/es\/wp-json\/wp\/v2\/types\/page"}],"author":[{"embeddable":true,"href":"https:\/\/www.cec.org\/es\/wp-json\/wp\/v2\/users\/1"}],"replies":[{"embeddable":true,"href":"https:\/\/www.cec.org\/es\/wp-json\/wp\/v2\/comments?post=59193"}],"version-history":[{"count":1,"href":"https:\/\/www.cec.org\/es\/wp-json\/wp\/v2\/pages\/59193\/revisions"}],"predecessor-version":[{"id":62407,"href":"https:\/\/www.cec.org\/es\/wp-json\/wp\/v2\/pages\/59193\/revisions\/62407"}],"up":[{"embeddable":true,"href":"https:\/\/www.cec.org\/es\/wp-json\/wp\/v2\/pages\/55213"}],"wp:featuredmedia":[{"embeddable":true,"href":"https:\/\/www.cec.org\/es\/wp-json\/wp\/v2\/media\/61386"}],"wp:attachment":[{"href":"https:\/\/www.cec.org\/es\/wp-json\/wp\/v2\/media?parent=59193"}],"curies":[{"name":"wp","href":"https:\/\/api.w.org\/{rel}","templated":true}]}}