{"id":59192,"date":"2025-06-16T14:25:15","date_gmt":"2025-06-16T18:25:15","guid":{"rendered":"https:\/\/www.cec.org\/transicion-hacia-decisiones-de-vida-sustentables\/"},"modified":"2026-04-11T18:42:16","modified_gmt":"2026-04-11T22:42:16","slug":"transicion-hacia-decisiones-de-vida-sustentables","status":"publish","type":"page","link":"https:\/\/www.cec.org\/es\/temas\/vida-y-economias-sustentables\/transicion-hacia-decisiones-de-vida-sustentables\/","title":{"rendered":"Transici\u00f3n hacia decisiones de vida sustentables"},"content":{"rendered":"<p>A la luz de una crisis medioambiental cada vez m\u00e1s apremiante y de la creciente demanda de recursos naturales, crear las condiciones necesarias para tomar decisiones sustentables sobre nuestros estilos de vida se ha convertido en un imperativo para la conservaci\u00f3n del planeta y el bienestar de las comunidades de Am\u00e9rica del Norte. A medida que en todo el mundo se agotan los recursos naturales y se intensifican los retos ambientales, nuestras decisiones cotidianas determinan cada vez m\u00e1s el futuro de nuestro planeta. La adopci\u00f3n de pr\u00e1cticas sustentables \u2014como la reducci\u00f3n de desechos, el ahorro de energ\u00eda y la elecci\u00f3n de productos ecol\u00f3gicos o ambientalmente responsables\u2014 puede mitigar significativamente dichos impactos adversos.<\/p>\n<p>Nuestra capacidad de tomar decisiones para una vida sustentables suele verse condicionada por diversos elementos, incluidos factores econ\u00f3micos, influencias sociales y valores individuales. Esta \u00e1rea de trabajo de la CCA se centra en los factores que condicionan las decisiones individuales y colectivas en relaci\u00f3n con el consumo y los estilos de vida. Asimismo, reconoce la importancia de la participaci\u00f3n de las personas y las comunidades en esfuerzos e iniciativas a peque\u00f1a y mediana escala, en el marco de estrategias integrales de mayor amplitud. Desde un m\u00e1s claro entendimiento de los factores sist\u00e9micos y contextuales que determinan nuestras elecciones, se busca brindar a las personas los conocimientos, las herramientas y el apoyo que necesitan para tomar decisiones m\u00e1s sustentables. Esta labor abarca cuestiones como la educaci\u00f3n, la sensibilizaci\u00f3n y concientizaci\u00f3n, el cambio de comportamiento, el emprendimiento y los condicionantes sociales que subyacen a nuestras elecciones.<\/p>\n","protected":false},"excerpt":{"rendered":"<p>A la luz de una crisis medioambiental cada vez m\u00e1s apremiante y de la creciente demanda de recursos naturales, crear las condiciones necesarias para tomar decisiones sustentables sobre nuestros estilos de vida se ha convertido en un imperativo para la conservaci\u00f3n del planeta y el bienestar de las comunidades de Am\u00e9rica del Norte. A medida [&hellip;]<\/p>\n","protected":false},"author":1,"featured_media":59190,"parent":55213,"menu_order":2,"comment_status":"closed","ping_status":"closed","template":"page-2024subtopics.php","meta":{"_acf_changed":false,"footnotes":""},"class_list":["post-59192","page","type-page","status-publish","has-post-thumbnail","hentry"],"acf":[],"yoast_head":"<!-- This site is optimized with the Yoast SEO Premium plugin v27.4 (Yoast SEO v27.4) - https:\/\/yoast.com\/product\/yoast-seo-premium-wordpress\/ -->\n<title>Transici\u00f3n hacia decisiones de vida sustentables<\/title>\n<meta name=\"description\" content=\"A la luz de una crisis medioambiental cada vez m\u00e1s apremiante y de la creciente demanda de recursos naturales, crear las condiciones necesarias para tomar\" \/>\n<meta name=\"robots\" content=\"index, follow, max-snippet:-1, max-image-preview:large, max-video-preview:-1\" \/>\n<link rel=\"canonical\" href=\"https:\/\/www.cec.org\/es\/temas\/vida-y-economias-sustentables\/transicion-hacia-decisiones-de-vida-sustentables\/\" \/>\n<meta property=\"og:locale\" content=\"es_ES\" \/>\n<meta property=\"og:type\" content=\"article\" \/>\n<meta property=\"og:title\" content=\"Transici\u00f3n hacia decisiones de vida sustentables\" \/>\n<meta property=\"og:description\" content=\"A la luz de una crisis medioambiental cada vez m\u00e1s apremiante y de la creciente demanda de recursos naturales, crear las condiciones necesarias para tomar\" \/>\n<meta property=\"og:url\" content=\"https:\/\/www.cec.org\/es\/temas\/vida-y-economias-sustentables\/transicion-hacia-decisiones-de-vida-sustentables\/\" \/>\n<meta property=\"og:site_name\" content=\"Comisi\u00f3n para la Cooperaci\u00f3n Ambiental\" \/>\n<meta property=\"article:publisher\" content=\"https:\/\/www.facebook.com\/CECconnect\" \/>\n<meta property=\"article:modified_time\" content=\"2026-04-11T22:42:16+00:00\" \/>\n<meta property=\"og:image\" content=\"https:\/\/www.cec.org\/wp-content\/uploads\/Transitioning-to-sustainable-life-choices.webp\" \/>\n\t<meta property=\"og:image:width\" content=\"1200\" \/>\n\t<meta property=\"og:image:height\" content=\"684\" \/>\n\t<meta property=\"og:image:type\" content=\"image\/webp\" \/>\n<meta name=\"twitter:card\" content=\"summary_large_image\" \/>\n<meta name=\"twitter:site\" content=\"@CECweb\" \/>\n<script type=\"application\/ld+json\" class=\"yoast-schema-graph\">{\"@context\":\"https:\\\/\\\/schema.org\",\"@graph\":[{\"@type\":\"WebPage\",\"@id\":\"https:\\\/\\\/www.cec.org\\\/es\\\/temas\\\/vida-y-economias-sustentables\\\/transicion-hacia-decisiones-de-vida-sustentables\\\/\",\"url\":\"https:\\\/\\\/www.cec.org\\\/es\\\/temas\\\/vida-y-economias-sustentables\\\/transicion-hacia-decisiones-de-vida-sustentables\\\/\",\"name\":\"Transici\u00f3n hacia decisiones de vida sustentables\",\"isPartOf\":{\"@id\":\"https:\\\/\\\/www.cec.org\\\/es\\\/#website\"},\"primaryImageOfPage\":{\"@id\":\"https:\\\/\\\/www.cec.org\\\/es\\\/temas\\\/vida-y-economias-sustentables\\\/transicion-hacia-decisiones-de-vida-sustentables\\\/#primaryimage\"},\"image\":{\"@id\":\"https:\\\/\\\/www.cec.org\\\/es\\\/temas\\\/vida-y-economias-sustentables\\\/transicion-hacia-decisiones-de-vida-sustentables\\\/#primaryimage\"},\"thumbnailUrl\":\"https:\\\/\\\/www.cec.org\\\/wp-content\\\/uploads\\\/Transitioning-to-sustainable-life-choices.webp\",\"datePublished\":\"2025-06-16T18:25:15+00:00\",\"dateModified\":\"2026-04-11T22:42:16+00:00\",\"description\":\"A la luz de una crisis medioambiental cada vez m\u00e1s apremiante y de la creciente demanda de recursos naturales, crear las condiciones necesarias para tomar\",\"breadcrumb\":{\"@id\":\"https:\\\/\\\/www.cec.org\\\/es\\\/temas\\\/vida-y-economias-sustentables\\\/transicion-hacia-decisiones-de-vida-sustentables\\\/#breadcrumb\"},\"inLanguage\":\"es\",\"potentialAction\":[{\"@type\":\"ReadAction\",\"target\":[\"https:\\\/\\\/www.cec.org\\\/es\\\/temas\\\/vida-y-economias-sustentables\\\/transicion-hacia-decisiones-de-vida-sustentables\\\/\"]}]},{\"@type\":\"ImageObject\",\"inLanguage\":\"es\",\"@id\":\"https:\\\/\\\/www.cec.org\\\/es\\\/temas\\\/vida-y-economias-sustentables\\\/transicion-hacia-decisiones-de-vida-sustentables\\\/#primaryimage\",\"url\":\"https:\\\/\\\/www.cec.org\\\/wp-content\\\/uploads\\\/Transitioning-to-sustainable-life-choices.webp\",\"contentUrl\":\"https:\\\/\\\/www.cec.org\\\/wp-content\\\/uploads\\\/Transitioning-to-sustainable-life-choices.webp\",\"width\":1200,\"height\":684,\"caption\":\"sustainable life choices\"},{\"@type\":\"BreadcrumbList\",\"@id\":\"https:\\\/\\\/www.cec.org\\\/es\\\/temas\\\/vida-y-economias-sustentables\\\/transicion-hacia-decisiones-de-vida-sustentables\\\/#breadcrumb\",\"itemListElement\":[{\"@type\":\"ListItem\",\"position\":1,\"name\":\"Inicio\",\"item\":\"https:\\\/\\\/www.cec.org\\\/es\\\/\"},{\"@type\":\"ListItem\",\"position\":2,\"name\":\"Temas\",\"item\":\"https:\\\/\\\/www.cec.org\\\/es\\\/temas\\\/\"},{\"@type\":\"ListItem\",\"position\":3,\"name\":\"Vida y econom\u00edas sustentables\",\"item\":\"https:\\\/\\\/www.cec.org\\\/es\\\/topics\\\/sustainable-living-and-economies\\\/\"},{\"@type\":\"ListItem\",\"position\":4,\"name\":\"Transici\u00f3n hacia decisiones de vida sustentables\"}]},{\"@type\":\"WebSite\",\"@id\":\"https:\\\/\\\/www.cec.org\\\/es\\\/#website\",\"url\":\"https:\\\/\\\/www.cec.org\\\/es\\\/\",\"name\":\"Commission for Environmental Cooperation\",\"description\":\"Three countries working together to protect our shared environment\",\"alternateName\":\"CEC - CCA -CCE\",\"potentialAction\":[{\"@type\":\"SearchAction\",\"target\":{\"@type\":\"EntryPoint\",\"urlTemplate\":\"https:\\\/\\\/www.cec.org\\\/es\\\/?s={search_term_string}\"},\"query-input\":{\"@type\":\"PropertyValueSpecification\",\"valueRequired\":true,\"valueName\":\"search_term_string\"}}],\"inLanguage\":\"es\"}]}<\/script>\n<!-- \/ Yoast SEO Premium plugin. -->","yoast_head_json":{"title":"Transici\u00f3n hacia decisiones de vida sustentables","description":"A la luz de una crisis medioambiental cada vez m\u00e1s apremiante y de la creciente demanda de recursos naturales, crear las condiciones necesarias para tomar","robots":{"index":"index","follow":"follow","max-snippet":"max-snippet:-1","max-image-preview":"max-image-preview:large","max-video-preview":"max-video-preview:-1"},"canonical":"https:\/\/www.cec.org\/es\/temas\/vida-y-economias-sustentables\/transicion-hacia-decisiones-de-vida-sustentables\/","og_locale":"es_ES","og_type":"article","og_title":"Transici\u00f3n hacia decisiones de vida sustentables","og_description":"A la luz de una crisis medioambiental cada vez m\u00e1s apremiante y de la creciente demanda de recursos naturales, crear las condiciones necesarias para tomar","og_url":"https:\/\/www.cec.org\/es\/temas\/vida-y-economias-sustentables\/transicion-hacia-decisiones-de-vida-sustentables\/","og_site_name":"Comisi\u00f3n para la Cooperaci\u00f3n Ambiental","article_publisher":"https:\/\/www.facebook.com\/CECconnect","article_modified_time":"2026-04-11T22:42:16+00:00","og_image":[{"width":1200,"height":684,"url":"https:\/\/www.cec.org\/wp-content\/uploads\/Transitioning-to-sustainable-life-choices.webp","type":"image\/webp"}],"twitter_card":"summary_large_image","twitter_site":"@CECweb","schema":{"@context":"https:\/\/schema.org","@graph":[{"@type":"WebPage","@id":"https:\/\/www.cec.org\/es\/temas\/vida-y-economias-sustentables\/transicion-hacia-decisiones-de-vida-sustentables\/","url":"https:\/\/www.cec.org\/es\/temas\/vida-y-economias-sustentables\/transicion-hacia-decisiones-de-vida-sustentables\/","name":"Transici\u00f3n hacia decisiones de vida sustentables","isPartOf":{"@id":"https:\/\/www.cec.org\/es\/#website"},"primaryImageOfPage":{"@id":"https:\/\/www.cec.org\/es\/temas\/vida-y-economias-sustentables\/transicion-hacia-decisiones-de-vida-sustentables\/#primaryimage"},"image":{"@id":"https:\/\/www.cec.org\/es\/temas\/vida-y-economias-sustentables\/transicion-hacia-decisiones-de-vida-sustentables\/#primaryimage"},"thumbnailUrl":"https:\/\/www.cec.org\/wp-content\/uploads\/Transitioning-to-sustainable-life-choices.webp","datePublished":"2025-06-16T18:25:15+00:00","dateModified":"2026-04-11T22:42:16+00:00","description":"A la luz de una crisis medioambiental cada vez m\u00e1s apremiante y de la creciente demanda de recursos naturales, crear las condiciones necesarias para tomar","breadcrumb":{"@id":"https:\/\/www.cec.org\/es\/temas\/vida-y-economias-sustentables\/transicion-hacia-decisiones-de-vida-sustentables\/#breadcrumb"},"inLanguage":"es","potentialAction":[{"@type":"ReadAction","target":["https:\/\/www.cec.org\/es\/temas\/vida-y-economias-sustentables\/transicion-hacia-decisiones-de-vida-sustentables\/"]}]},{"@type":"ImageObject","inLanguage":"es","@id":"https:\/\/www.cec.org\/es\/temas\/vida-y-economias-sustentables\/transicion-hacia-decisiones-de-vida-sustentables\/#primaryimage","url":"https:\/\/www.cec.org\/wp-content\/uploads\/Transitioning-to-sustainable-life-choices.webp","contentUrl":"https:\/\/www.cec.org\/wp-content\/uploads\/Transitioning-to-sustainable-life-choices.webp","width":1200,"height":684,"caption":"sustainable life choices"},{"@type":"BreadcrumbList","@id":"https:\/\/www.cec.org\/es\/temas\/vida-y-economias-sustentables\/transicion-hacia-decisiones-de-vida-sustentables\/#breadcrumb","itemListElement":[{"@type":"ListItem","position":1,"name":"Inicio","item":"https:\/\/www.cec.org\/es\/"},{"@type":"ListItem","position":2,"name":"Temas","item":"https:\/\/www.cec.org\/es\/temas\/"},{"@type":"ListItem","position":3,"name":"Vida y econom\u00edas sustentables","item":"https:\/\/www.cec.org\/es\/topics\/sustainable-living-and-economies\/"},{"@type":"ListItem","position":4,"name":"Transici\u00f3n hacia decisiones de vida sustentables"}]},{"@type":"WebSite","@id":"https:\/\/www.cec.org\/es\/#website","url":"https:\/\/www.cec.org\/es\/","name":"Commission for Environmental Cooperation","description":"Three countries working together to protect our shared environment","alternateName":"CEC - CCA -CCE","potentialAction":[{"@type":"SearchAction","target":{"@type":"EntryPoint","urlTemplate":"https:\/\/www.cec.org\/es\/?s={search_term_string}"},"query-input":{"@type":"PropertyValueSpecification","valueRequired":true,"valueName":"search_term_string"}}],"inLanguage":"es"}]}},"_links":{"self":[{"href":"https:\/\/www.cec.org\/es\/wp-json\/wp\/v2\/pages\/59192","targetHints":{"allow":["GET"]}}],"collection":[{"href":"https:\/\/www.cec.org\/es\/wp-json\/wp\/v2\/pages"}],"about":[{"href":"https:\/\/www.cec.org\/es\/wp-json\/wp\/v2\/types\/page"}],"author":[{"embeddable":true,"href":"https:\/\/www.cec.org\/es\/wp-json\/wp\/v2\/users\/1"}],"replies":[{"embeddable":true,"href":"https:\/\/www.cec.org\/es\/wp-json\/wp\/v2\/comments?post=59192"}],"version-history":[{"count":1,"href":"https:\/\/www.cec.org\/es\/wp-json\/wp\/v2\/pages\/59192\/revisions"}],"predecessor-version":[{"id":62408,"href":"https:\/\/www.cec.org\/es\/wp-json\/wp\/v2\/pages\/59192\/revisions\/62408"}],"up":[{"embeddable":true,"href":"https:\/\/www.cec.org\/es\/wp-json\/wp\/v2\/pages\/55213"}],"wp:featuredmedia":[{"embeddable":true,"href":"https:\/\/www.cec.org\/es\/wp-json\/wp\/v2\/media\/59190"}],"wp:attachment":[{"href":"https:\/\/www.cec.org\/es\/wp-json\/wp\/v2\/media?parent=59192"}],"curies":[{"name":"wp","href":"https:\/\/api.w.org\/{rel}","templated":true}]}}