{"id":57935,"date":"2024-03-21T13:21:37","date_gmt":"2024-03-21T17:21:37","guid":{"rendered":"https:\/\/www.cec.org\/draft-freshwater-page\/"},"modified":"2026-04-01T17:38:09","modified_gmt":"2026-04-01T21:38:09","slug":"estrategias-indigenas-para-la-gestion-del-agua-dulce-en-america-del-norte-2021-2024","status":"publish","type":"page","link":"https:\/\/www.cec.org\/es\/estrategias-indigenas-para-la-gestion-del-agua-dulce-en-america-del-norte-2021-2024\/","title":{"rendered":"Un proyecto del Grupo de Especialistas en Conocimiento Ecol\u00f3gico Tradicional de la CCA"},"content":{"rendered":"<p>Para numerosos pueblos ind\u00edgenas de Am\u00e9rica del Norte el agua constituye un elemento sagrado. Asimismo, este vital recurso ocupa un lugar central en los seis pilares del Plan Estrat\u00e9gico de la CCA: gesti\u00f3n h\u00eddrica, control sanitario del agua, salud de los ecosistemas, contaminaci\u00f3n marina y apoyo a sectores econ\u00f3micos que dependen estrechamente de la gesti\u00f3n sustentable del agua.<\/p>\n<p>El proyecto <a href=\"https:\/\/www.cec.org\/es\/estrategias-indigenas-para-la-gestion-del-agua-dulce-en-america-del-norte\/\"><em>Estrategias ind\u00edgenas para la gesti\u00f3n del agua dulce en Am\u00e9rica del Norte<\/em><\/a> tiene como objetivo documentar las diversas estrategias, desaf\u00edos y v\u00ednculos de los pueblos ind\u00edgenas con el agua y ofrecer recomendaciones de pol\u00edtica a entidades responsables de la toma de decisiones a fin de que realmente consideren y respeten con mayor eficacia los derechos de los pueblos ind\u00edgenas y el conocimiento ecol\u00f3gico tradicional (CET). El Grupo de Especialistas en Conocimiento Ecol\u00f3gico Tradicional (GECET) de la Comisi\u00f3n para la Cooperaci\u00f3n Ambiental (CCA) tiene el mandato de brindar orientaci\u00f3n experta en cuanto a las posibilidades de aplicaci\u00f3n del CET a la operaci\u00f3n, iniciativas y recomendaciones de pol\u00edtica de la CCA. En 2020, el GECET solicit\u00f3 mayores oportunidades de liderazgo y autonom\u00eda en el trabajo de la Comisi\u00f3n. El Grupo tambi\u00e9n ha se\u00f1alado la importancia de proteger las relaciones y derechos de los pueblos ind\u00edgenas con respecto al agua dulce. En respuesta, la CCA acord\u00f3 establecer una iniciativa encabezada por el GECET dirigida a documentar las estrategias y el conocimiento ecol\u00f3gico tradicional de comunidades y pueblos ind\u00edgenas de Am\u00e9rica del Norte en relaci\u00f3n con la gesti\u00f3n del agua dulce.<\/p>\n<p>Con apoyo del Secretariado de la CCA, el GECET se encarg\u00f3 de formular y dirigir la ejecuci\u00f3n de todos los componentes del proyecto.<br \/>\nSi desea conocer m\u00e1s acerca del proyecto <em>Estrategias ind\u00edgenas para la gesti\u00f3n del agua dulce en Am\u00e9rica del Norte<\/em>, consulte su descripci\u00f3n completa <a href=\"https:\/\/www.cec.org\/files\/documents\/planes_operativos\/tek-initiative-es.pdf\">aqu\u00ed<\/a>.<\/p>\n","protected":false},"excerpt":{"rendered":"<p>Para numerosos pueblos ind\u00edgenas de Am\u00e9rica del Norte el agua constituye un elemento sagrado. Asimismo, este vital recurso ocupa un lugar central en los seis pilares del Plan Estrat\u00e9gico de la CCA: gesti\u00f3n h\u00eddrica, control sanitario del agua, salud de los ecosistemas, contaminaci\u00f3n marina y apoyo a sectores econ\u00f3micos que dependen estrechamente de la gesti\u00f3n [&hellip;]<\/p>\n","protected":false},"author":1,"featured_media":58069,"parent":0,"menu_order":0,"comment_status":"closed","ping_status":"closed","template":"page-freshwater.php","meta":{"_acf_changed":false,"footnotes":""},"class_list":["post-57935","page","type-page","status-publish","has-post-thumbnail","hentry"],"acf":[],"yoast_head":"<!-- This site is optimized with the Yoast SEO Premium plugin v27.4 (Yoast SEO v27.4) - https:\/\/yoast.com\/product\/yoast-seo-premium-wordpress\/ -->\n<title>Gesti\u00f3n del agua dulce en Am\u00e9rica del Norte<\/title>\n<meta name=\"description\" content=\"Gesti\u00f3n h\u00eddrica, control sanitario del agua, salud de los ecosistemas, contaminaci\u00f3n marina y apoyo a sectores econ\u00f3micos que dependen estrechamente de la gesti\u00f3n sustentable.\" \/>\n<meta name=\"robots\" content=\"index, follow, max-snippet:-1, max-image-preview:large, max-video-preview:-1\" \/>\n<link rel=\"canonical\" href=\"https:\/\/www.cec.org\/es\/estrategias-indigenas-para-la-gestion-del-agua-dulce-en-america-del-norte-2021-2024\/\" \/>\n<meta property=\"og:locale\" content=\"es_ES\" \/>\n<meta property=\"og:type\" content=\"article\" \/>\n<meta property=\"og:title\" content=\"Un proyecto del Grupo de Especialistas en Conocimiento Ecol\u00f3gico Tradicional de la CCA\" \/>\n<meta property=\"og:description\" content=\"Para numerosos pueblos ind\u00edgenas de Am\u00e9rica del Norte el agua constituye un elemento sagrado. Asimismo, este vital recurso ocupa un lugar central en los\" \/>\n<meta property=\"og:url\" content=\"https:\/\/www.cec.org\/es\/estrategias-indigenas-para-la-gestion-del-agua-dulce-en-america-del-norte-2021-2024\/\" \/>\n<meta property=\"og:site_name\" content=\"Comisi\u00f3n para la Cooperaci\u00f3n Ambiental\" \/>\n<meta property=\"article:publisher\" content=\"https:\/\/www.facebook.com\/CECconnect\" \/>\n<meta property=\"article:modified_time\" content=\"2026-04-01T21:38:09+00:00\" \/>\n<meta property=\"og:image\" content=\"https:\/\/www.cec.org\/wp-content\/uploads\/tek-freshwater.webp\" \/>\n\t<meta property=\"og:image:width\" content=\"1200\" \/>\n\t<meta property=\"og:image:height\" content=\"684\" \/>\n\t<meta property=\"og:image:type\" content=\"image\/webp\" \/>\n<meta name=\"twitter:card\" content=\"summary_large_image\" \/>\n<meta name=\"twitter:site\" content=\"@CECweb\" \/>\n<script type=\"application\/ld+json\" class=\"yoast-schema-graph\">{\"@context\":\"https:\\\/\\\/schema.org\",\"@graph\":[{\"@type\":\"WebPage\",\"@id\":\"https:\\\/\\\/www.cec.org\\\/es\\\/estrategias-indigenas-para-la-gestion-del-agua-dulce-en-america-del-norte-2021-2024\\\/\",\"url\":\"https:\\\/\\\/www.cec.org\\\/es\\\/estrategias-indigenas-para-la-gestion-del-agua-dulce-en-america-del-norte-2021-2024\\\/\",\"name\":\"Gesti\u00f3n del agua dulce en Am\u00e9rica del Norte\",\"isPartOf\":{\"@id\":\"https:\\\/\\\/www.cec.org\\\/es\\\/#website\"},\"primaryImageOfPage\":{\"@id\":\"https:\\\/\\\/www.cec.org\\\/es\\\/estrategias-indigenas-para-la-gestion-del-agua-dulce-en-america-del-norte-2021-2024\\\/#primaryimage\"},\"image\":{\"@id\":\"https:\\\/\\\/www.cec.org\\\/es\\\/estrategias-indigenas-para-la-gestion-del-agua-dulce-en-america-del-norte-2021-2024\\\/#primaryimage\"},\"thumbnailUrl\":\"https:\\\/\\\/www.cec.org\\\/wp-content\\\/uploads\\\/tek-freshwater.webp\",\"datePublished\":\"2024-03-21T17:21:37+00:00\",\"dateModified\":\"2026-04-01T21:38:09+00:00\",\"description\":\"Gesti\u00f3n h\u00eddrica, control sanitario del agua, salud de los ecosistemas, contaminaci\u00f3n marina y apoyo a sectores econ\u00f3micos que dependen estrechamente de la gesti\u00f3n sustentable.\",\"breadcrumb\":{\"@id\":\"https:\\\/\\\/www.cec.org\\\/es\\\/estrategias-indigenas-para-la-gestion-del-agua-dulce-en-america-del-norte-2021-2024\\\/#breadcrumb\"},\"inLanguage\":\"es\",\"potentialAction\":[{\"@type\":\"ReadAction\",\"target\":[\"https:\\\/\\\/www.cec.org\\\/es\\\/estrategias-indigenas-para-la-gestion-del-agua-dulce-en-america-del-norte-2021-2024\\\/\"]}]},{\"@type\":\"ImageObject\",\"inLanguage\":\"es\",\"@id\":\"https:\\\/\\\/www.cec.org\\\/es\\\/estrategias-indigenas-para-la-gestion-del-agua-dulce-en-america-del-norte-2021-2024\\\/#primaryimage\",\"url\":\"https:\\\/\\\/www.cec.org\\\/wp-content\\\/uploads\\\/tek-freshwater.webp\",\"contentUrl\":\"https:\\\/\\\/www.cec.org\\\/wp-content\\\/uploads\\\/tek-freshwater.webp\",\"width\":1200,\"height\":684,\"caption\":\"tek freshwater\"},{\"@type\":\"BreadcrumbList\",\"@id\":\"https:\\\/\\\/www.cec.org\\\/es\\\/estrategias-indigenas-para-la-gestion-del-agua-dulce-en-america-del-norte-2021-2024\\\/#breadcrumb\",\"itemListElement\":[{\"@type\":\"ListItem\",\"position\":1,\"name\":\"Inicio\",\"item\":\"https:\\\/\\\/www.cec.org\\\/es\\\/\"},{\"@type\":\"ListItem\",\"position\":2,\"name\":\"Un proyecto del Grupo de Especialistas en Conocimiento Ecol\u00f3gico Tradicional de la CCA\"}]},{\"@type\":\"WebSite\",\"@id\":\"https:\\\/\\\/www.cec.org\\\/es\\\/#website\",\"url\":\"https:\\\/\\\/www.cec.org\\\/es\\\/\",\"name\":\"Commission for Environmental Cooperation\",\"description\":\"Three countries working together to protect our shared environment\",\"alternateName\":\"CEC - CCA -CCE\",\"potentialAction\":[{\"@type\":\"SearchAction\",\"target\":{\"@type\":\"EntryPoint\",\"urlTemplate\":\"https:\\\/\\\/www.cec.org\\\/es\\\/?s={search_term_string}\"},\"query-input\":{\"@type\":\"PropertyValueSpecification\",\"valueRequired\":true,\"valueName\":\"search_term_string\"}}],\"inLanguage\":\"es\"}]}<\/script>\n<!-- \/ Yoast SEO Premium plugin. -->","yoast_head_json":{"title":"Gesti\u00f3n del agua dulce en Am\u00e9rica del Norte","description":"Gesti\u00f3n h\u00eddrica, control sanitario del agua, salud de los ecosistemas, contaminaci\u00f3n marina y apoyo a sectores econ\u00f3micos que dependen estrechamente de la gesti\u00f3n sustentable.","robots":{"index":"index","follow":"follow","max-snippet":"max-snippet:-1","max-image-preview":"max-image-preview:large","max-video-preview":"max-video-preview:-1"},"canonical":"https:\/\/www.cec.org\/es\/estrategias-indigenas-para-la-gestion-del-agua-dulce-en-america-del-norte-2021-2024\/","og_locale":"es_ES","og_type":"article","og_title":"Un proyecto del Grupo de Especialistas en Conocimiento Ecol\u00f3gico Tradicional de la CCA","og_description":"Para numerosos pueblos ind\u00edgenas de Am\u00e9rica del Norte el agua constituye un elemento sagrado. Asimismo, este vital recurso ocupa un lugar central en los","og_url":"https:\/\/www.cec.org\/es\/estrategias-indigenas-para-la-gestion-del-agua-dulce-en-america-del-norte-2021-2024\/","og_site_name":"Comisi\u00f3n para la Cooperaci\u00f3n Ambiental","article_publisher":"https:\/\/www.facebook.com\/CECconnect","article_modified_time":"2026-04-01T21:38:09+00:00","og_image":[{"width":1200,"height":684,"url":"https:\/\/www.cec.org\/wp-content\/uploads\/tek-freshwater.webp","type":"image\/webp"}],"twitter_card":"summary_large_image","twitter_site":"@CECweb","schema":{"@context":"https:\/\/schema.org","@graph":[{"@type":"WebPage","@id":"https:\/\/www.cec.org\/es\/estrategias-indigenas-para-la-gestion-del-agua-dulce-en-america-del-norte-2021-2024\/","url":"https:\/\/www.cec.org\/es\/estrategias-indigenas-para-la-gestion-del-agua-dulce-en-america-del-norte-2021-2024\/","name":"Gesti\u00f3n del agua dulce en Am\u00e9rica del Norte","isPartOf":{"@id":"https:\/\/www.cec.org\/es\/#website"},"primaryImageOfPage":{"@id":"https:\/\/www.cec.org\/es\/estrategias-indigenas-para-la-gestion-del-agua-dulce-en-america-del-norte-2021-2024\/#primaryimage"},"image":{"@id":"https:\/\/www.cec.org\/es\/estrategias-indigenas-para-la-gestion-del-agua-dulce-en-america-del-norte-2021-2024\/#primaryimage"},"thumbnailUrl":"https:\/\/www.cec.org\/wp-content\/uploads\/tek-freshwater.webp","datePublished":"2024-03-21T17:21:37+00:00","dateModified":"2026-04-01T21:38:09+00:00","description":"Gesti\u00f3n h\u00eddrica, control sanitario del agua, salud de los ecosistemas, contaminaci\u00f3n marina y apoyo a sectores econ\u00f3micos que dependen estrechamente de la gesti\u00f3n sustentable.","breadcrumb":{"@id":"https:\/\/www.cec.org\/es\/estrategias-indigenas-para-la-gestion-del-agua-dulce-en-america-del-norte-2021-2024\/#breadcrumb"},"inLanguage":"es","potentialAction":[{"@type":"ReadAction","target":["https:\/\/www.cec.org\/es\/estrategias-indigenas-para-la-gestion-del-agua-dulce-en-america-del-norte-2021-2024\/"]}]},{"@type":"ImageObject","inLanguage":"es","@id":"https:\/\/www.cec.org\/es\/estrategias-indigenas-para-la-gestion-del-agua-dulce-en-america-del-norte-2021-2024\/#primaryimage","url":"https:\/\/www.cec.org\/wp-content\/uploads\/tek-freshwater.webp","contentUrl":"https:\/\/www.cec.org\/wp-content\/uploads\/tek-freshwater.webp","width":1200,"height":684,"caption":"tek freshwater"},{"@type":"BreadcrumbList","@id":"https:\/\/www.cec.org\/es\/estrategias-indigenas-para-la-gestion-del-agua-dulce-en-america-del-norte-2021-2024\/#breadcrumb","itemListElement":[{"@type":"ListItem","position":1,"name":"Inicio","item":"https:\/\/www.cec.org\/es\/"},{"@type":"ListItem","position":2,"name":"Un proyecto del Grupo de Especialistas en Conocimiento Ecol\u00f3gico Tradicional de la CCA"}]},{"@type":"WebSite","@id":"https:\/\/www.cec.org\/es\/#website","url":"https:\/\/www.cec.org\/es\/","name":"Commission for Environmental Cooperation","description":"Three countries working together to protect our shared environment","alternateName":"CEC - CCA -CCE","potentialAction":[{"@type":"SearchAction","target":{"@type":"EntryPoint","urlTemplate":"https:\/\/www.cec.org\/es\/?s={search_term_string}"},"query-input":{"@type":"PropertyValueSpecification","valueRequired":true,"valueName":"search_term_string"}}],"inLanguage":"es"}]}},"_links":{"self":[{"href":"https:\/\/www.cec.org\/es\/wp-json\/wp\/v2\/pages\/57935","targetHints":{"allow":["GET"]}}],"collection":[{"href":"https:\/\/www.cec.org\/es\/wp-json\/wp\/v2\/pages"}],"about":[{"href":"https:\/\/www.cec.org\/es\/wp-json\/wp\/v2\/types\/page"}],"author":[{"embeddable":true,"href":"https:\/\/www.cec.org\/es\/wp-json\/wp\/v2\/users\/1"}],"replies":[{"embeddable":true,"href":"https:\/\/www.cec.org\/es\/wp-json\/wp\/v2\/comments?post=57935"}],"version-history":[{"count":3,"href":"https:\/\/www.cec.org\/es\/wp-json\/wp\/v2\/pages\/57935\/revisions"}],"predecessor-version":[{"id":62294,"href":"https:\/\/www.cec.org\/es\/wp-json\/wp\/v2\/pages\/57935\/revisions\/62294"}],"wp:featuredmedia":[{"embeddable":true,"href":"https:\/\/www.cec.org\/es\/wp-json\/wp\/v2\/media\/58069"}],"wp:attachment":[{"href":"https:\/\/www.cec.org\/es\/wp-json\/wp\/v2\/media?parent=57935"}],"curies":[{"name":"wp","href":"https:\/\/api.w.org\/{rel}","templated":true}]}}