{"id":56802,"date":"2024-10-21T12:37:15","date_gmt":"2024-10-21T16:37:15","guid":{"rendered":"http:\/\/www.cec.org\/cop16\/"},"modified":"2024-11-11T16:44:10","modified_gmt":"2024-11-11T21:44:10","slug":"cop16","status":"publish","type":"page","link":"https:\/\/www.cec.org\/es\/cop16\/","title":{"rendered":"\u00danete a la CCA en la #COP16, la Conferencia de las Naciones Unidas sobre Biodiversidad"},"content":{"rendered":"<p>\u00bfVas a asistir a la COP16? La Conferencia de las Naciones Unidas sobre Biodiversidad 2024 tendr\u00e1 lugar del 21 de octubre al 1 de noviembre en Cali, Colombia, y la CCA organizar\u00e1 un panel de discusi\u00f3n, adem\u00e1s de participar en diversos eventos, instalar un estand y aprovechar numerosas oportunidades de trabajo en red y establecimiento de contactos.<\/p>\n<p>Durante el evento, habr\u00e1 muchas ocasiones para interactuar con la CCA, conocer nuestro trabajo y promover la colaboraci\u00f3n.<\/p>\n<p>Consulta m\u00e1s informaci\u00f3n acerca de la COP16 y el Convenio sobre la Diversidad Biol\u00f3gica (CDB) <a href=\"https:\/\/www.cbd.int\/conferences\/2024\">aqu\u00ed<\/a>.<\/p>\n","protected":false},"excerpt":{"rendered":"<p>\u00bfVas a asistir a la COP16? La Conferencia de las Naciones Unidas sobre Biodiversidad 2024 tendr\u00e1 lugar del 21 de octubre al 1 de noviembre en Cali, Colombia, y la CCA organizar\u00e1 un panel de discusi\u00f3n, adem\u00e1s de participar en diversos eventos, instalar un estand y aprovechar numerosas oportunidades de trabajo en red y establecimiento [&hellip;]<\/p>\n","protected":false},"author":1,"featured_media":56819,"parent":0,"menu_order":0,"comment_status":"closed","ping_status":"closed","template":"page-cop27.php","meta":{"_acf_changed":false,"footnotes":""},"class_list":["post-56802","page","type-page","status-publish","has-post-thumbnail","hentry"],"acf":[],"yoast_head":"<!-- This site is optimized with the Yoast SEO Premium plugin v27.6 (Yoast SEO v27.6) - https:\/\/yoast.com\/product\/yoast-seo-premium-wordpress\/ -->\n<title>\u00danete a la CCA en la #COP16, la Conferencia de las Naciones Unidas sobre Biodiversidad<\/title>\n<meta name=\"description\" content=\"\u00bfVas a asistir a la COP16? La Conferencia de las Naciones Unidas sobre Biodiversidad 2024 tendr\u00e1 lugar del 21 de octubre al 1 de noviembre en Cali,\" \/>\n<meta name=\"robots\" content=\"index, follow, max-snippet:-1, max-image-preview:large, max-video-preview:-1\" \/>\n<link rel=\"canonical\" href=\"https:\/\/www.cec.org\/es\/cop16\/\" \/>\n<meta property=\"og:locale\" content=\"es_ES\" \/>\n<meta property=\"og:type\" content=\"article\" \/>\n<meta property=\"og:title\" content=\"\u00danete a la CCA en la #COP16, la Conferencia de las Naciones Unidas sobre Biodiversidad\" \/>\n<meta property=\"og:description\" content=\"\u00bfVas a asistir a la COP16? La Conferencia de las Naciones Unidas sobre Biodiversidad 2024 tendr\u00e1 lugar del 21 de octubre al 1 de noviembre en Cali,\" \/>\n<meta property=\"og:url\" content=\"https:\/\/www.cec.org\/es\/cop16\/\" \/>\n<meta property=\"og:site_name\" content=\"Comisi\u00f3n para la Cooperaci\u00f3n Ambiental\" \/>\n<meta property=\"article:publisher\" content=\"https:\/\/www.facebook.com\/CECconnect\" \/>\n<meta property=\"article:modified_time\" content=\"2024-11-11T21:44:10+00:00\" \/>\n<meta property=\"og:image\" content=\"https:\/\/www.cec.org\/wp-content\/uploads\/cop16-booth.webp\" \/>\n\t<meta property=\"og:image:width\" content=\"1200\" \/>\n\t<meta property=\"og:image:height\" content=\"684\" \/>\n\t<meta property=\"og:image:type\" content=\"image\/webp\" \/>\n<meta name=\"twitter:card\" content=\"summary_large_image\" \/>\n<meta name=\"twitter:site\" content=\"@CECweb\" \/>\n<script type=\"application\/ld+json\" class=\"yoast-schema-graph\">{\"@context\":\"https:\\\/\\\/schema.org\",\"@graph\":[{\"@type\":\"WebPage\",\"@id\":\"https:\\\/\\\/www.cec.org\\\/es\\\/cop16\\\/\",\"url\":\"https:\\\/\\\/www.cec.org\\\/es\\\/cop16\\\/\",\"name\":\"\u00danete a la CCA en la #COP16, la Conferencia de las Naciones Unidas sobre Biodiversidad\",\"isPartOf\":{\"@id\":\"https:\\\/\\\/www.cec.org\\\/es\\\/#website\"},\"primaryImageOfPage\":{\"@id\":\"https:\\\/\\\/www.cec.org\\\/es\\\/cop16\\\/#primaryimage\"},\"image\":{\"@id\":\"https:\\\/\\\/www.cec.org\\\/es\\\/cop16\\\/#primaryimage\"},\"thumbnailUrl\":\"https:\\\/\\\/www.cec.org\\\/wp-content\\\/uploads\\\/cop16-booth.webp\",\"datePublished\":\"2024-10-21T16:37:15+00:00\",\"dateModified\":\"2024-11-11T21:44:10+00:00\",\"description\":\"\u00bfVas a asistir a la COP16? La Conferencia de las Naciones Unidas sobre Biodiversidad 2024 tendr\u00e1 lugar del 21 de octubre al 1 de noviembre en Cali,\",\"breadcrumb\":{\"@id\":\"https:\\\/\\\/www.cec.org\\\/es\\\/cop16\\\/#breadcrumb\"},\"inLanguage\":\"es\",\"potentialAction\":[{\"@type\":\"ReadAction\",\"target\":[\"https:\\\/\\\/www.cec.org\\\/es\\\/cop16\\\/\"]}]},{\"@type\":\"ImageObject\",\"inLanguage\":\"es\",\"@id\":\"https:\\\/\\\/www.cec.org\\\/es\\\/cop16\\\/#primaryimage\",\"url\":\"https:\\\/\\\/www.cec.org\\\/wp-content\\\/uploads\\\/cop16-booth.webp\",\"contentUrl\":\"https:\\\/\\\/www.cec.org\\\/wp-content\\\/uploads\\\/cop16-booth.webp\",\"width\":1200,\"height\":684,\"caption\":\"CEC at COP16\"},{\"@type\":\"BreadcrumbList\",\"@id\":\"https:\\\/\\\/www.cec.org\\\/es\\\/cop16\\\/#breadcrumb\",\"itemListElement\":[{\"@type\":\"ListItem\",\"position\":1,\"name\":\"Inicio\",\"item\":\"https:\\\/\\\/www.cec.org\\\/es\\\/\"},{\"@type\":\"ListItem\",\"position\":2,\"name\":\"\u00danete a la CCA en la #COP16, la Conferencia de las Naciones Unidas sobre Biodiversidad\"}]},{\"@type\":\"WebSite\",\"@id\":\"https:\\\/\\\/www.cec.org\\\/es\\\/#website\",\"url\":\"https:\\\/\\\/www.cec.org\\\/es\\\/\",\"name\":\"Commission for Environmental Cooperation\",\"description\":\"Three countries working together to protect our shared environment\",\"alternateName\":\"CEC - CCA -CCE\",\"potentialAction\":[{\"@type\":\"SearchAction\",\"target\":{\"@type\":\"EntryPoint\",\"urlTemplate\":\"https:\\\/\\\/www.cec.org\\\/es\\\/?s={search_term_string}\"},\"query-input\":{\"@type\":\"PropertyValueSpecification\",\"valueRequired\":true,\"valueName\":\"search_term_string\"}}],\"inLanguage\":\"es\"}]}<\/script>\n<!-- \/ Yoast SEO Premium plugin. -->","yoast_head_json":{"title":"\u00danete a la CCA en la #COP16, la Conferencia de las Naciones Unidas sobre Biodiversidad","description":"\u00bfVas a asistir a la COP16? La Conferencia de las Naciones Unidas sobre Biodiversidad 2024 tendr\u00e1 lugar del 21 de octubre al 1 de noviembre en Cali,","robots":{"index":"index","follow":"follow","max-snippet":"max-snippet:-1","max-image-preview":"max-image-preview:large","max-video-preview":"max-video-preview:-1"},"canonical":"https:\/\/www.cec.org\/es\/cop16\/","og_locale":"es_ES","og_type":"article","og_title":"\u00danete a la CCA en la #COP16, la Conferencia de las Naciones Unidas sobre Biodiversidad","og_description":"\u00bfVas a asistir a la COP16? La Conferencia de las Naciones Unidas sobre Biodiversidad 2024 tendr\u00e1 lugar del 21 de octubre al 1 de noviembre en Cali,","og_url":"https:\/\/www.cec.org\/es\/cop16\/","og_site_name":"Comisi\u00f3n para la Cooperaci\u00f3n Ambiental","article_publisher":"https:\/\/www.facebook.com\/CECconnect","article_modified_time":"2024-11-11T21:44:10+00:00","og_image":[{"width":1200,"height":684,"url":"https:\/\/www.cec.org\/wp-content\/uploads\/cop16-booth.webp","type":"image\/webp"}],"twitter_card":"summary_large_image","twitter_site":"@CECweb","schema":{"@context":"https:\/\/schema.org","@graph":[{"@type":"WebPage","@id":"https:\/\/www.cec.org\/es\/cop16\/","url":"https:\/\/www.cec.org\/es\/cop16\/","name":"\u00danete a la CCA en la #COP16, la Conferencia de las Naciones Unidas sobre Biodiversidad","isPartOf":{"@id":"https:\/\/www.cec.org\/es\/#website"},"primaryImageOfPage":{"@id":"https:\/\/www.cec.org\/es\/cop16\/#primaryimage"},"image":{"@id":"https:\/\/www.cec.org\/es\/cop16\/#primaryimage"},"thumbnailUrl":"https:\/\/www.cec.org\/wp-content\/uploads\/cop16-booth.webp","datePublished":"2024-10-21T16:37:15+00:00","dateModified":"2024-11-11T21:44:10+00:00","description":"\u00bfVas a asistir a la COP16? La Conferencia de las Naciones Unidas sobre Biodiversidad 2024 tendr\u00e1 lugar del 21 de octubre al 1 de noviembre en Cali,","breadcrumb":{"@id":"https:\/\/www.cec.org\/es\/cop16\/#breadcrumb"},"inLanguage":"es","potentialAction":[{"@type":"ReadAction","target":["https:\/\/www.cec.org\/es\/cop16\/"]}]},{"@type":"ImageObject","inLanguage":"es","@id":"https:\/\/www.cec.org\/es\/cop16\/#primaryimage","url":"https:\/\/www.cec.org\/wp-content\/uploads\/cop16-booth.webp","contentUrl":"https:\/\/www.cec.org\/wp-content\/uploads\/cop16-booth.webp","width":1200,"height":684,"caption":"CEC at COP16"},{"@type":"BreadcrumbList","@id":"https:\/\/www.cec.org\/es\/cop16\/#breadcrumb","itemListElement":[{"@type":"ListItem","position":1,"name":"Inicio","item":"https:\/\/www.cec.org\/es\/"},{"@type":"ListItem","position":2,"name":"\u00danete a la CCA en la #COP16, la Conferencia de las Naciones Unidas sobre Biodiversidad"}]},{"@type":"WebSite","@id":"https:\/\/www.cec.org\/es\/#website","url":"https:\/\/www.cec.org\/es\/","name":"Commission for Environmental Cooperation","description":"Three countries working together to protect our shared environment","alternateName":"CEC - CCA -CCE","potentialAction":[{"@type":"SearchAction","target":{"@type":"EntryPoint","urlTemplate":"https:\/\/www.cec.org\/es\/?s={search_term_string}"},"query-input":{"@type":"PropertyValueSpecification","valueRequired":true,"valueName":"search_term_string"}}],"inLanguage":"es"}]}},"_links":{"self":[{"href":"https:\/\/www.cec.org\/es\/wp-json\/wp\/v2\/pages\/56802","targetHints":{"allow":["GET"]}}],"collection":[{"href":"https:\/\/www.cec.org\/es\/wp-json\/wp\/v2\/pages"}],"about":[{"href":"https:\/\/www.cec.org\/es\/wp-json\/wp\/v2\/types\/page"}],"author":[{"embeddable":true,"href":"https:\/\/www.cec.org\/es\/wp-json\/wp\/v2\/users\/1"}],"replies":[{"embeddable":true,"href":"https:\/\/www.cec.org\/es\/wp-json\/wp\/v2\/comments?post=56802"}],"version-history":[{"count":3,"href":"https:\/\/www.cec.org\/es\/wp-json\/wp\/v2\/pages\/56802\/revisions"}],"predecessor-version":[{"id":56989,"href":"https:\/\/www.cec.org\/es\/wp-json\/wp\/v2\/pages\/56802\/revisions\/56989"}],"wp:featuredmedia":[{"embeddable":true,"href":"https:\/\/www.cec.org\/es\/wp-json\/wp\/v2\/media\/56819"}],"wp:attachment":[{"href":"https:\/\/www.cec.org\/es\/wp-json\/wp\/v2\/media?parent=56802"}],"curies":[{"name":"wp","href":"https:\/\/api.w.org\/{rel}","templated":true}]}}