{"id":55426,"date":"2024-04-23T12:32:33","date_gmt":"2024-04-23T16:32:33","guid":{"rendered":"http:\/\/www.cec.org\/justicia-ambiental\/"},"modified":"2026-02-22T18:48:38","modified_gmt":"2026-02-22T23:48:38","slug":"justicia-ambiental","status":"publish","type":"page","link":"https:\/\/www.cec.org\/es\/temas\/justicia-ambiental\/","title":{"rendered":"Justicia ambiental"},"content":{"rendered":"<p>La b\u00fasqueda por alcanzar la justicia ambiental tiene por objeto abordar las desigualdades, la marginaci\u00f3n y la discriminaci\u00f3n hist\u00f3ricas con respecto a la forma en que determinadas comunidades disfrutan los beneficios o sufren las cargas ambientales.<\/p>\n<p>La justicia ambiental se ha convertido tanto en un s\u00edmbolo aspiracional como en un imperativo de las pol\u00edticas p\u00fablicas en aras de lograr tener una sociedad m\u00e1s sana, sustentable y justa. En ese sentido, alcanzar la justicia ambiental ocupa un lugar central en la\u00a0misi\u00f3n de la CCA.<\/p>\n","protected":false},"excerpt":{"rendered":"<p>La b\u00fasqueda por alcanzar la justicia ambiental tiene por objeto abordar las desigualdades, la marginaci\u00f3n y la discriminaci\u00f3n hist\u00f3ricas con respecto a la forma en que determinadas comunidades disfrutan los beneficios o sufren las cargas ambientales. La justicia ambiental se ha convertido tanto en un s\u00edmbolo aspiracional como en un imperativo de las pol\u00edticas p\u00fablicas [&hellip;]<\/p>\n","protected":false},"author":1,"featured_media":55081,"parent":27171,"menu_order":0,"comment_status":"closed","ping_status":"closed","template":"page-environmental-justice.php","meta":{"_acf_changed":false,"footnotes":""},"class_list":["post-55426","page","type-page","status-publish","has-post-thumbnail","hentry"],"acf":[],"yoast_head":"<!-- This site is optimized with the Yoast SEO Premium plugin v27.4 (Yoast SEO v27.4) - https:\/\/yoast.com\/product\/yoast-seo-premium-wordpress\/ -->\n<title>Justicia ambiental<\/title>\n<meta name=\"description\" content=\"La b\u00fasqueda por alcanzar la justicia ambiental tiene por objeto abordar las desigualdades, la marginaci\u00f3n y la discriminaci\u00f3n hist\u00f3ricas con respecto...\" \/>\n<meta name=\"robots\" content=\"index, follow, max-snippet:-1, max-image-preview:large, max-video-preview:-1\" \/>\n<link rel=\"canonical\" href=\"https:\/\/www.cec.org\/es\/temas\/justicia-ambiental\/\" \/>\n<meta property=\"og:locale\" content=\"es_ES\" \/>\n<meta property=\"og:type\" content=\"article\" \/>\n<meta property=\"og:title\" content=\"Justicia ambiental\" \/>\n<meta property=\"og:description\" content=\"La b\u00fasqueda por alcanzar la justicia ambiental tiene por objeto abordar las desigualdades, la marginaci\u00f3n y la discriminaci\u00f3n hist\u00f3ricas con respecto a la\" \/>\n<meta property=\"og:url\" content=\"https:\/\/www.cec.org\/es\/temas\/justicia-ambiental\/\" \/>\n<meta property=\"og:site_name\" content=\"Comisi\u00f3n para la Cooperaci\u00f3n Ambiental\" \/>\n<meta property=\"article:publisher\" content=\"https:\/\/www.facebook.com\/CECconnect\" \/>\n<meta property=\"article:modified_time\" content=\"2026-02-22T23:48:38+00:00\" \/>\n<meta property=\"og:image\" content=\"https:\/\/www.cec.org\/wp-content\/uploads\/ej-intro-en.webp\" \/>\n\t<meta property=\"og:image:width\" content=\"600\" \/>\n\t<meta property=\"og:image:height\" content=\"342\" \/>\n\t<meta property=\"og:image:type\" content=\"image\/webp\" \/>\n<meta name=\"twitter:card\" content=\"summary_large_image\" \/>\n<meta name=\"twitter:site\" content=\"@CECweb\" \/>\n<script type=\"application\/ld+json\" class=\"yoast-schema-graph\">{\"@context\":\"https:\\\/\\\/schema.org\",\"@graph\":[{\"@type\":\"WebPage\",\"@id\":\"https:\\\/\\\/www.cec.org\\\/es\\\/temas\\\/justicia-ambiental\\\/\",\"url\":\"https:\\\/\\\/www.cec.org\\\/es\\\/temas\\\/justicia-ambiental\\\/\",\"name\":\"Justicia ambiental\",\"isPartOf\":{\"@id\":\"https:\\\/\\\/www.cec.org\\\/es\\\/#website\"},\"primaryImageOfPage\":{\"@id\":\"https:\\\/\\\/www.cec.org\\\/es\\\/temas\\\/justicia-ambiental\\\/#primaryimage\"},\"image\":{\"@id\":\"https:\\\/\\\/www.cec.org\\\/es\\\/temas\\\/justicia-ambiental\\\/#primaryimage\"},\"thumbnailUrl\":\"https:\\\/\\\/www.cec.org\\\/wp-content\\\/uploads\\\/ej-intro-en.webp\",\"datePublished\":\"2024-04-23T16:32:33+00:00\",\"dateModified\":\"2026-02-22T23:48:38+00:00\",\"description\":\"La b\u00fasqueda por alcanzar la justicia ambiental tiene por objeto abordar las desigualdades, la marginaci\u00f3n y la discriminaci\u00f3n hist\u00f3ricas con respecto...\",\"breadcrumb\":{\"@id\":\"https:\\\/\\\/www.cec.org\\\/es\\\/temas\\\/justicia-ambiental\\\/#breadcrumb\"},\"inLanguage\":\"es\",\"potentialAction\":[{\"@type\":\"ReadAction\",\"target\":[\"https:\\\/\\\/www.cec.org\\\/es\\\/temas\\\/justicia-ambiental\\\/\"]}]},{\"@type\":\"ImageObject\",\"inLanguage\":\"es\",\"@id\":\"https:\\\/\\\/www.cec.org\\\/es\\\/temas\\\/justicia-ambiental\\\/#primaryimage\",\"url\":\"https:\\\/\\\/www.cec.org\\\/wp-content\\\/uploads\\\/ej-intro-en.webp\",\"contentUrl\":\"https:\\\/\\\/www.cec.org\\\/wp-content\\\/uploads\\\/ej-intro-en.webp\",\"width\":600,\"height\":342,\"caption\":\"Environmental Justice\"},{\"@type\":\"BreadcrumbList\",\"@id\":\"https:\\\/\\\/www.cec.org\\\/es\\\/temas\\\/justicia-ambiental\\\/#breadcrumb\",\"itemListElement\":[{\"@type\":\"ListItem\",\"position\":1,\"name\":\"Inicio\",\"item\":\"https:\\\/\\\/www.cec.org\\\/es\\\/\"},{\"@type\":\"ListItem\",\"position\":2,\"name\":\"Temas\",\"item\":\"https:\\\/\\\/www.cec.org\\\/es\\\/temas\\\/\"},{\"@type\":\"ListItem\",\"position\":3,\"name\":\"Justicia ambiental\"}]},{\"@type\":\"WebSite\",\"@id\":\"https:\\\/\\\/www.cec.org\\\/es\\\/#website\",\"url\":\"https:\\\/\\\/www.cec.org\\\/es\\\/\",\"name\":\"Commission for Environmental Cooperation\",\"description\":\"Three countries working together to protect our shared environment\",\"alternateName\":\"CEC - CCA -CCE\",\"potentialAction\":[{\"@type\":\"SearchAction\",\"target\":{\"@type\":\"EntryPoint\",\"urlTemplate\":\"https:\\\/\\\/www.cec.org\\\/es\\\/?s={search_term_string}\"},\"query-input\":{\"@type\":\"PropertyValueSpecification\",\"valueRequired\":true,\"valueName\":\"search_term_string\"}}],\"inLanguage\":\"es\"}]}<\/script>\n<!-- \/ Yoast SEO Premium plugin. -->","yoast_head_json":{"title":"Justicia ambiental","description":"La b\u00fasqueda por alcanzar la justicia ambiental tiene por objeto abordar las desigualdades, la marginaci\u00f3n y la discriminaci\u00f3n hist\u00f3ricas con respecto...","robots":{"index":"index","follow":"follow","max-snippet":"max-snippet:-1","max-image-preview":"max-image-preview:large","max-video-preview":"max-video-preview:-1"},"canonical":"https:\/\/www.cec.org\/es\/temas\/justicia-ambiental\/","og_locale":"es_ES","og_type":"article","og_title":"Justicia ambiental","og_description":"La b\u00fasqueda por alcanzar la justicia ambiental tiene por objeto abordar las desigualdades, la marginaci\u00f3n y la discriminaci\u00f3n hist\u00f3ricas con respecto a la","og_url":"https:\/\/www.cec.org\/es\/temas\/justicia-ambiental\/","og_site_name":"Comisi\u00f3n para la Cooperaci\u00f3n Ambiental","article_publisher":"https:\/\/www.facebook.com\/CECconnect","article_modified_time":"2026-02-22T23:48:38+00:00","og_image":[{"width":600,"height":342,"url":"https:\/\/www.cec.org\/wp-content\/uploads\/ej-intro-en.webp","type":"image\/webp"}],"twitter_card":"summary_large_image","twitter_site":"@CECweb","schema":{"@context":"https:\/\/schema.org","@graph":[{"@type":"WebPage","@id":"https:\/\/www.cec.org\/es\/temas\/justicia-ambiental\/","url":"https:\/\/www.cec.org\/es\/temas\/justicia-ambiental\/","name":"Justicia ambiental","isPartOf":{"@id":"https:\/\/www.cec.org\/es\/#website"},"primaryImageOfPage":{"@id":"https:\/\/www.cec.org\/es\/temas\/justicia-ambiental\/#primaryimage"},"image":{"@id":"https:\/\/www.cec.org\/es\/temas\/justicia-ambiental\/#primaryimage"},"thumbnailUrl":"https:\/\/www.cec.org\/wp-content\/uploads\/ej-intro-en.webp","datePublished":"2024-04-23T16:32:33+00:00","dateModified":"2026-02-22T23:48:38+00:00","description":"La b\u00fasqueda por alcanzar la justicia ambiental tiene por objeto abordar las desigualdades, la marginaci\u00f3n y la discriminaci\u00f3n hist\u00f3ricas con respecto...","breadcrumb":{"@id":"https:\/\/www.cec.org\/es\/temas\/justicia-ambiental\/#breadcrumb"},"inLanguage":"es","potentialAction":[{"@type":"ReadAction","target":["https:\/\/www.cec.org\/es\/temas\/justicia-ambiental\/"]}]},{"@type":"ImageObject","inLanguage":"es","@id":"https:\/\/www.cec.org\/es\/temas\/justicia-ambiental\/#primaryimage","url":"https:\/\/www.cec.org\/wp-content\/uploads\/ej-intro-en.webp","contentUrl":"https:\/\/www.cec.org\/wp-content\/uploads\/ej-intro-en.webp","width":600,"height":342,"caption":"Environmental Justice"},{"@type":"BreadcrumbList","@id":"https:\/\/www.cec.org\/es\/temas\/justicia-ambiental\/#breadcrumb","itemListElement":[{"@type":"ListItem","position":1,"name":"Inicio","item":"https:\/\/www.cec.org\/es\/"},{"@type":"ListItem","position":2,"name":"Temas","item":"https:\/\/www.cec.org\/es\/temas\/"},{"@type":"ListItem","position":3,"name":"Justicia ambiental"}]},{"@type":"WebSite","@id":"https:\/\/www.cec.org\/es\/#website","url":"https:\/\/www.cec.org\/es\/","name":"Commission for Environmental Cooperation","description":"Three countries working together to protect our shared environment","alternateName":"CEC - CCA -CCE","potentialAction":[{"@type":"SearchAction","target":{"@type":"EntryPoint","urlTemplate":"https:\/\/www.cec.org\/es\/?s={search_term_string}"},"query-input":{"@type":"PropertyValueSpecification","valueRequired":true,"valueName":"search_term_string"}}],"inLanguage":"es"}]}},"_links":{"self":[{"href":"https:\/\/www.cec.org\/es\/wp-json\/wp\/v2\/pages\/55426","targetHints":{"allow":["GET"]}}],"collection":[{"href":"https:\/\/www.cec.org\/es\/wp-json\/wp\/v2\/pages"}],"about":[{"href":"https:\/\/www.cec.org\/es\/wp-json\/wp\/v2\/types\/page"}],"author":[{"embeddable":true,"href":"https:\/\/www.cec.org\/es\/wp-json\/wp\/v2\/users\/1"}],"replies":[{"embeddable":true,"href":"https:\/\/www.cec.org\/es\/wp-json\/wp\/v2\/comments?post=55426"}],"version-history":[{"count":3,"href":"https:\/\/www.cec.org\/es\/wp-json\/wp\/v2\/pages\/55426\/revisions"}],"predecessor-version":[{"id":56419,"href":"https:\/\/www.cec.org\/es\/wp-json\/wp\/v2\/pages\/55426\/revisions\/56419"}],"up":[{"embeddable":true,"href":"https:\/\/www.cec.org\/es\/wp-json\/wp\/v2\/pages\/27171"}],"wp:featuredmedia":[{"embeddable":true,"href":"https:\/\/www.cec.org\/es\/wp-json\/wp\/v2\/media\/55081"}],"wp:attachment":[{"href":"https:\/\/www.cec.org\/es\/wp-json\/wp\/v2\/media?parent=55426"}],"curies":[{"name":"wp","href":"https:\/\/api.w.org\/{rel}","templated":true}]}}