{"id":55323,"date":"2024-05-07T11:02:01","date_gmt":"2024-05-07T15:02:01","guid":{"rendered":"http:\/\/www.cec.org\/descargo-de-responsabilidad\/"},"modified":"2025-05-08T18:04:25","modified_gmt":"2025-05-08T22:04:25","slug":"descargo-de-responsabilidad","status":"publish","type":"page","link":"https:\/\/www.cec.org\/es\/descargo-de-responsabilidad\/","title":{"rendered":"Aviso sobre la recopilaci\u00f3n de datos"},"content":{"rendered":"<p><strong>\u00bfPor qu\u00e9 recopilamos estos datos?<\/strong><\/p>\n<p>La recopilaci\u00f3n de datos de quienes participan en nuestros eventos al momento de su registro resulta importante para la Comisi\u00f3n para la Cooperaci\u00f3n Ambiental (CCA), como parte de nuestro compromiso en cuanto a ofrecer una experiencia personalizada, \u201ca la medida\u201d, y de impacto para nuestra comunidad. Su privacidad es importante para nosotros. La informaci\u00f3n que nos proporcione ser\u00e1 tratada de forma confidencial y no se compartir\u00e1 con terceros sin su consentimiento.<\/p>\n<p>La informaci\u00f3n recopilada nos ayuda tanto a comprender mejor a las personas que conforman nuestro p\u00fablico destinatario como a obtener informaci\u00f3n valiosa sobre su ubicaci\u00f3n geogr\u00e1fica, aspectos demogr\u00e1ficos y otros factores de pertinencia. En particular, la informaci\u00f3n sobre su ubicaci\u00f3n geogr\u00e1fica nos permitir\u00e1 informarle acerca de eventos de la CCA que se lleven a cabo cerca de usted. Ello nos permitir\u00e1 tomar decisiones informadas en relaci\u00f3n con nuestros esfuerzos de difusi\u00f3n y enlace con el fin de lograr una mayor participaci\u00f3n de las comunidades de toda Am\u00e9rica del Norte. Asimismo, nos permitir\u00e1 abordar de mejor manera la diversidad de la audiencia y asegurarnos de que nuestra comunicaci\u00f3n resulte pertinente, teniendo como resultado una experiencia m\u00e1s personalizada y atractiva para toda nuestra audiencia.<\/p>\n","protected":false},"excerpt":{"rendered":"<p>\u00bfPor qu\u00e9 recopilamos estos datos? La recopilaci\u00f3n de datos de quienes participan en nuestros eventos al momento de su registro resulta importante para la Comisi\u00f3n para la Cooperaci\u00f3n Ambiental (CCA), como parte de nuestro compromiso en cuanto a ofrecer una experiencia personalizada, \u201ca la medida\u201d, y de impacto para nuestra comunidad. Su privacidad es importante [&hellip;]<\/p>\n","protected":false},"author":1,"featured_media":0,"parent":0,"menu_order":0,"comment_status":"closed","ping_status":"closed","template":"","meta":{"_acf_changed":false,"footnotes":""},"class_list":["post-55323","page","type-page","status-publish","hentry"],"acf":[],"yoast_head":"<!-- This site is optimized with the Yoast SEO Premium plugin v27.0 (Yoast SEO v27.0) - https:\/\/yoast.com\/product\/yoast-seo-premium-wordpress\/ -->\n<title>Aviso sobre la recopilaci\u00f3n de datos<\/title>\n<meta name=\"description\" content=\"\u00bfPor qu\u00e9 recopilamos estos datos? La recopilaci\u00f3n de datos de quienes participan en nuestros eventos al momento de su registro resulta importante para la\" \/>\n<meta name=\"robots\" content=\"index, follow, max-snippet:-1, max-image-preview:large, max-video-preview:-1\" \/>\n<link rel=\"canonical\" href=\"https:\/\/www.cec.org\/es\/descargo-de-responsabilidad\/\" \/>\n<meta property=\"og:locale\" content=\"es_ES\" \/>\n<meta property=\"og:type\" content=\"article\" \/>\n<meta property=\"og:title\" content=\"Aviso sobre la recopilaci\u00f3n de datos\" \/>\n<meta property=\"og:description\" content=\"\u00bfPor qu\u00e9 recopilamos estos datos? La recopilaci\u00f3n de datos de quienes participan en nuestros eventos al momento de su registro resulta importante para la\" \/>\n<meta property=\"og:url\" content=\"https:\/\/www.cec.org\/es\/descargo-de-responsabilidad\/\" \/>\n<meta property=\"og:site_name\" content=\"Comisi\u00f3n para la Cooperaci\u00f3n Ambiental\" \/>\n<meta property=\"article:publisher\" content=\"https:\/\/www.facebook.com\/CECconnect\" \/>\n<meta property=\"article:modified_time\" content=\"2025-05-08T22:04:25+00:00\" \/>\n<meta property=\"og:image\" content=\"https:\/\/www.cec.org\/wp-content\/uploads\/cec-cover2023.webp\" \/>\n\t<meta property=\"og:image:width\" content=\"1200\" \/>\n\t<meta property=\"og:image:height\" content=\"630\" \/>\n\t<meta property=\"og:image:type\" content=\"image\/webp\" \/>\n<meta name=\"twitter:card\" content=\"summary_large_image\" \/>\n<meta name=\"twitter:site\" content=\"@CECweb\" \/>\n<script type=\"application\/ld+json\" class=\"yoast-schema-graph\">{\"@context\":\"https:\/\/schema.org\",\"@graph\":[{\"@type\":\"WebPage\",\"@id\":\"https:\/\/www.cec.org\/es\/descargo-de-responsabilidad\/\",\"url\":\"https:\/\/www.cec.org\/es\/descargo-de-responsabilidad\/\",\"name\":\"Aviso sobre la recopilaci\u00f3n de datos\",\"isPartOf\":{\"@id\":\"https:\/\/www.cec.org\/es\/#website\"},\"datePublished\":\"2024-05-07T15:02:01+00:00\",\"dateModified\":\"2025-05-08T22:04:25+00:00\",\"description\":\"\u00bfPor qu\u00e9 recopilamos estos datos? La recopilaci\u00f3n de datos de quienes participan en nuestros eventos al momento de su registro resulta importante para la\",\"breadcrumb\":{\"@id\":\"https:\/\/www.cec.org\/es\/descargo-de-responsabilidad\/#breadcrumb\"},\"inLanguage\":\"es\",\"potentialAction\":[{\"@type\":\"ReadAction\",\"target\":[\"https:\/\/www.cec.org\/es\/descargo-de-responsabilidad\/\"]}]},{\"@type\":\"BreadcrumbList\",\"@id\":\"https:\/\/www.cec.org\/es\/descargo-de-responsabilidad\/#breadcrumb\",\"itemListElement\":[{\"@type\":\"ListItem\",\"position\":1,\"name\":\"Inicio\",\"item\":\"https:\/\/www.cec.org\/es\/\"},{\"@type\":\"ListItem\",\"position\":2,\"name\":\"Aviso sobre la recopilaci\u00f3n de datos\"}]},{\"@type\":\"WebSite\",\"@id\":\"https:\/\/www.cec.org\/es\/#website\",\"url\":\"https:\/\/www.cec.org\/es\/\",\"name\":\"Commission for Environmental Cooperation\",\"description\":\"Three countries working together to protect our shared environment\",\"alternateName\":\"CEC - CCA -CCE\",\"potentialAction\":[{\"@type\":\"SearchAction\",\"target\":{\"@type\":\"EntryPoint\",\"urlTemplate\":\"https:\/\/www.cec.org\/es\/?s={search_term_string}\"},\"query-input\":{\"@type\":\"PropertyValueSpecification\",\"valueRequired\":true,\"valueName\":\"search_term_string\"}}],\"inLanguage\":\"es\"}]}<\/script>\n<!-- \/ Yoast SEO Premium plugin. -->","yoast_head_json":{"title":"Aviso sobre la recopilaci\u00f3n de datos","description":"\u00bfPor qu\u00e9 recopilamos estos datos? La recopilaci\u00f3n de datos de quienes participan en nuestros eventos al momento de su registro resulta importante para la","robots":{"index":"index","follow":"follow","max-snippet":"max-snippet:-1","max-image-preview":"max-image-preview:large","max-video-preview":"max-video-preview:-1"},"canonical":"https:\/\/www.cec.org\/es\/descargo-de-responsabilidad\/","og_locale":"es_ES","og_type":"article","og_title":"Aviso sobre la recopilaci\u00f3n de datos","og_description":"\u00bfPor qu\u00e9 recopilamos estos datos? La recopilaci\u00f3n de datos de quienes participan en nuestros eventos al momento de su registro resulta importante para la","og_url":"https:\/\/www.cec.org\/es\/descargo-de-responsabilidad\/","og_site_name":"Comisi\u00f3n para la Cooperaci\u00f3n Ambiental","article_publisher":"https:\/\/www.facebook.com\/CECconnect","article_modified_time":"2025-05-08T22:04:25+00:00","og_image":[{"width":1200,"height":630,"url":"https:\/\/www.cec.org\/wp-content\/uploads\/cec-cover2023.webp","type":"image\/webp"}],"twitter_card":"summary_large_image","twitter_site":"@CECweb","schema":{"@context":"https:\/\/schema.org","@graph":[{"@type":"WebPage","@id":"https:\/\/www.cec.org\/es\/descargo-de-responsabilidad\/","url":"https:\/\/www.cec.org\/es\/descargo-de-responsabilidad\/","name":"Aviso sobre la recopilaci\u00f3n de datos","isPartOf":{"@id":"https:\/\/www.cec.org\/es\/#website"},"datePublished":"2024-05-07T15:02:01+00:00","dateModified":"2025-05-08T22:04:25+00:00","description":"\u00bfPor qu\u00e9 recopilamos estos datos? La recopilaci\u00f3n de datos de quienes participan en nuestros eventos al momento de su registro resulta importante para la","breadcrumb":{"@id":"https:\/\/www.cec.org\/es\/descargo-de-responsabilidad\/#breadcrumb"},"inLanguage":"es","potentialAction":[{"@type":"ReadAction","target":["https:\/\/www.cec.org\/es\/descargo-de-responsabilidad\/"]}]},{"@type":"BreadcrumbList","@id":"https:\/\/www.cec.org\/es\/descargo-de-responsabilidad\/#breadcrumb","itemListElement":[{"@type":"ListItem","position":1,"name":"Inicio","item":"https:\/\/www.cec.org\/es\/"},{"@type":"ListItem","position":2,"name":"Aviso sobre la recopilaci\u00f3n de datos"}]},{"@type":"WebSite","@id":"https:\/\/www.cec.org\/es\/#website","url":"https:\/\/www.cec.org\/es\/","name":"Commission for Environmental Cooperation","description":"Three countries working together to protect our shared environment","alternateName":"CEC - CCA -CCE","potentialAction":[{"@type":"SearchAction","target":{"@type":"EntryPoint","urlTemplate":"https:\/\/www.cec.org\/es\/?s={search_term_string}"},"query-input":{"@type":"PropertyValueSpecification","valueRequired":true,"valueName":"search_term_string"}}],"inLanguage":"es"}]}},"_links":{"self":[{"href":"https:\/\/www.cec.org\/es\/wp-json\/wp\/v2\/pages\/55323","targetHints":{"allow":["GET"]}}],"collection":[{"href":"https:\/\/www.cec.org\/es\/wp-json\/wp\/v2\/pages"}],"about":[{"href":"https:\/\/www.cec.org\/es\/wp-json\/wp\/v2\/types\/page"}],"author":[{"embeddable":true,"href":"https:\/\/www.cec.org\/es\/wp-json\/wp\/v2\/users\/1"}],"replies":[{"embeddable":true,"href":"https:\/\/www.cec.org\/es\/wp-json\/wp\/v2\/comments?post=55323"}],"version-history":[{"count":3,"href":"https:\/\/www.cec.org\/es\/wp-json\/wp\/v2\/pages\/55323\/revisions"}],"predecessor-version":[{"id":58507,"href":"https:\/\/www.cec.org\/es\/wp-json\/wp\/v2\/pages\/55323\/revisions\/58507"}],"wp:attachment":[{"href":"https:\/\/www.cec.org\/es\/wp-json\/wp\/v2\/media?parent=55323"}],"curies":[{"name":"wp","href":"https:\/\/api.w.org\/{rel}","templated":true}]}}