{"id":55217,"date":"2024-05-01T12:27:30","date_gmt":"2024-05-01T16:27:30","guid":{"rendered":"http:\/\/www.cec.org\/temas\/contaminantes\/"},"modified":"2024-07-11T13:33:32","modified_gmt":"2024-07-11T17:33:32","slug":"contaminantes","status":"publish","type":"page","link":"https:\/\/www.cec.org\/es\/temas\/contaminantes\/","title":{"rendered":"Contaminantes"},"content":{"rendered":"<p>Fomento de aire, agua y suelo limpios mediante la prevenci\u00f3n, mitigaci\u00f3n y manejo adecuado de emisiones de contaminantes, sustancias qu\u00edmicas t\u00f3xicas y residuos peligrosos<\/p>\n","protected":false},"excerpt":{"rendered":"<p>Fomento de aire, agua y suelo limpios mediante la prevenci\u00f3n, mitigaci\u00f3n y manejo adecuado de emisiones de contaminantes, sustancias qu\u00edmicas t\u00f3xicas y residuos peligrosos<\/p>\n","protected":false},"author":1,"featured_media":55450,"parent":27171,"menu_order":0,"comment_status":"closed","ping_status":"closed","template":"page-2024topics.php","meta":{"_acf_changed":false,"footnotes":""},"class_list":["post-55217","page","type-page","status-publish","has-post-thumbnail","hentry"],"acf":[],"yoast_head":"<!-- This site is optimized with the Yoast SEO Premium plugin v27.0 (Yoast SEO v27.0) - https:\/\/yoast.com\/product\/yoast-seo-premium-wordpress\/ -->\n<title>Contaminantes<\/title>\n<meta name=\"description\" content=\"Fomento de aire, agua y suelo limpios mediante la prevenci\u00f3n, mitigaci\u00f3n y manejo adecuado de emisiones de contaminantes, sustancias qu\u00edmicas t\u00f3xicas y\" \/>\n<meta name=\"robots\" content=\"index, follow, max-snippet:-1, max-image-preview:large, max-video-preview:-1\" \/>\n<link rel=\"canonical\" href=\"https:\/\/www.cec.org\/es\/temas\/contaminantes\/\" \/>\n<meta property=\"og:locale\" content=\"es_ES\" \/>\n<meta property=\"og:type\" content=\"article\" \/>\n<meta property=\"og:title\" content=\"Contaminantes\" \/>\n<meta property=\"og:description\" content=\"Fomento de aire, agua y suelo limpios mediante la prevenci\u00f3n, mitigaci\u00f3n y manejo adecuado de emisiones de contaminantes, sustancias qu\u00edmicas t\u00f3xicas y\" \/>\n<meta property=\"og:url\" content=\"https:\/\/www.cec.org\/es\/temas\/contaminantes\/\" \/>\n<meta property=\"og:site_name\" content=\"Comisi\u00f3n para la Cooperaci\u00f3n Ambiental\" \/>\n<meta property=\"article:publisher\" content=\"https:\/\/www.facebook.com\/CECconnect\" \/>\n<meta property=\"article:modified_time\" content=\"2024-07-11T17:33:32+00:00\" \/>\n<meta property=\"og:image\" content=\"https:\/\/www.cec.org\/wp-content\/uploads\/pollutants-thumbnail-opt-1.webp\" \/>\n\t<meta property=\"og:image:width\" content=\"1200\" \/>\n\t<meta property=\"og:image:height\" content=\"684\" \/>\n\t<meta property=\"og:image:type\" content=\"image\/webp\" \/>\n<meta name=\"twitter:card\" content=\"summary_large_image\" \/>\n<meta name=\"twitter:site\" content=\"@CECweb\" \/>\n<script type=\"application\/ld+json\" class=\"yoast-schema-graph\">{\"@context\":\"https:\/\/schema.org\",\"@graph\":[{\"@type\":\"WebPage\",\"@id\":\"https:\/\/www.cec.org\/es\/temas\/contaminantes\/\",\"url\":\"https:\/\/www.cec.org\/es\/temas\/contaminantes\/\",\"name\":\"Contaminantes\",\"isPartOf\":{\"@id\":\"https:\/\/www.cec.org\/es\/#website\"},\"primaryImageOfPage\":{\"@id\":\"https:\/\/www.cec.org\/es\/temas\/contaminantes\/#primaryimage\"},\"image\":{\"@id\":\"https:\/\/www.cec.org\/es\/temas\/contaminantes\/#primaryimage\"},\"thumbnailUrl\":\"https:\/\/www.cec.org\/wp-content\/uploads\/pollutants-thumbnail-opt-1.webp\",\"datePublished\":\"2024-05-01T16:27:30+00:00\",\"dateModified\":\"2024-07-11T17:33:32+00:00\",\"description\":\"Fomento de aire, agua y suelo limpios mediante la prevenci\u00f3n, mitigaci\u00f3n y manejo adecuado de emisiones de contaminantes, sustancias qu\u00edmicas t\u00f3xicas y\",\"breadcrumb\":{\"@id\":\"https:\/\/www.cec.org\/es\/temas\/contaminantes\/#breadcrumb\"},\"inLanguage\":\"es\",\"potentialAction\":[{\"@type\":\"ReadAction\",\"target\":[\"https:\/\/www.cec.org\/es\/temas\/contaminantes\/\"]}]},{\"@type\":\"ImageObject\",\"inLanguage\":\"es\",\"@id\":\"https:\/\/www.cec.org\/es\/temas\/contaminantes\/#primaryimage\",\"url\":\"https:\/\/www.cec.org\/wp-content\/uploads\/pollutants-thumbnail-opt-1.webp\",\"contentUrl\":\"https:\/\/www.cec.org\/wp-content\/uploads\/pollutants-thumbnail-opt-1.webp\",\"width\":1200,\"height\":684,\"caption\":\"Pollutans Topic\"},{\"@type\":\"BreadcrumbList\",\"@id\":\"https:\/\/www.cec.org\/es\/temas\/contaminantes\/#breadcrumb\",\"itemListElement\":[{\"@type\":\"ListItem\",\"position\":1,\"name\":\"Inicio\",\"item\":\"https:\/\/www.cec.org\/es\/\"},{\"@type\":\"ListItem\",\"position\":2,\"name\":\"Temas\",\"item\":\"https:\/\/www.cec.org\/es\/temas\/\"},{\"@type\":\"ListItem\",\"position\":3,\"name\":\"Contaminantes\"}]},{\"@type\":\"WebSite\",\"@id\":\"https:\/\/www.cec.org\/es\/#website\",\"url\":\"https:\/\/www.cec.org\/es\/\",\"name\":\"Commission for Environmental Cooperation\",\"description\":\"Three countries working together to protect our shared environment\",\"alternateName\":\"CEC - CCA -CCE\",\"potentialAction\":[{\"@type\":\"SearchAction\",\"target\":{\"@type\":\"EntryPoint\",\"urlTemplate\":\"https:\/\/www.cec.org\/es\/?s={search_term_string}\"},\"query-input\":{\"@type\":\"PropertyValueSpecification\",\"valueRequired\":true,\"valueName\":\"search_term_string\"}}],\"inLanguage\":\"es\"}]}<\/script>\n<!-- \/ Yoast SEO Premium plugin. -->","yoast_head_json":{"title":"Contaminantes","description":"Fomento de aire, agua y suelo limpios mediante la prevenci\u00f3n, mitigaci\u00f3n y manejo adecuado de emisiones de contaminantes, sustancias qu\u00edmicas t\u00f3xicas y","robots":{"index":"index","follow":"follow","max-snippet":"max-snippet:-1","max-image-preview":"max-image-preview:large","max-video-preview":"max-video-preview:-1"},"canonical":"https:\/\/www.cec.org\/es\/temas\/contaminantes\/","og_locale":"es_ES","og_type":"article","og_title":"Contaminantes","og_description":"Fomento de aire, agua y suelo limpios mediante la prevenci\u00f3n, mitigaci\u00f3n y manejo adecuado de emisiones de contaminantes, sustancias qu\u00edmicas t\u00f3xicas y","og_url":"https:\/\/www.cec.org\/es\/temas\/contaminantes\/","og_site_name":"Comisi\u00f3n para la Cooperaci\u00f3n Ambiental","article_publisher":"https:\/\/www.facebook.com\/CECconnect","article_modified_time":"2024-07-11T17:33:32+00:00","og_image":[{"width":1200,"height":684,"url":"https:\/\/www.cec.org\/wp-content\/uploads\/pollutants-thumbnail-opt-1.webp","type":"image\/webp"}],"twitter_card":"summary_large_image","twitter_site":"@CECweb","schema":{"@context":"https:\/\/schema.org","@graph":[{"@type":"WebPage","@id":"https:\/\/www.cec.org\/es\/temas\/contaminantes\/","url":"https:\/\/www.cec.org\/es\/temas\/contaminantes\/","name":"Contaminantes","isPartOf":{"@id":"https:\/\/www.cec.org\/es\/#website"},"primaryImageOfPage":{"@id":"https:\/\/www.cec.org\/es\/temas\/contaminantes\/#primaryimage"},"image":{"@id":"https:\/\/www.cec.org\/es\/temas\/contaminantes\/#primaryimage"},"thumbnailUrl":"https:\/\/www.cec.org\/wp-content\/uploads\/pollutants-thumbnail-opt-1.webp","datePublished":"2024-05-01T16:27:30+00:00","dateModified":"2024-07-11T17:33:32+00:00","description":"Fomento de aire, agua y suelo limpios mediante la prevenci\u00f3n, mitigaci\u00f3n y manejo adecuado de emisiones de contaminantes, sustancias qu\u00edmicas t\u00f3xicas y","breadcrumb":{"@id":"https:\/\/www.cec.org\/es\/temas\/contaminantes\/#breadcrumb"},"inLanguage":"es","potentialAction":[{"@type":"ReadAction","target":["https:\/\/www.cec.org\/es\/temas\/contaminantes\/"]}]},{"@type":"ImageObject","inLanguage":"es","@id":"https:\/\/www.cec.org\/es\/temas\/contaminantes\/#primaryimage","url":"https:\/\/www.cec.org\/wp-content\/uploads\/pollutants-thumbnail-opt-1.webp","contentUrl":"https:\/\/www.cec.org\/wp-content\/uploads\/pollutants-thumbnail-opt-1.webp","width":1200,"height":684,"caption":"Pollutans Topic"},{"@type":"BreadcrumbList","@id":"https:\/\/www.cec.org\/es\/temas\/contaminantes\/#breadcrumb","itemListElement":[{"@type":"ListItem","position":1,"name":"Inicio","item":"https:\/\/www.cec.org\/es\/"},{"@type":"ListItem","position":2,"name":"Temas","item":"https:\/\/www.cec.org\/es\/temas\/"},{"@type":"ListItem","position":3,"name":"Contaminantes"}]},{"@type":"WebSite","@id":"https:\/\/www.cec.org\/es\/#website","url":"https:\/\/www.cec.org\/es\/","name":"Commission for Environmental Cooperation","description":"Three countries working together to protect our shared environment","alternateName":"CEC - CCA -CCE","potentialAction":[{"@type":"SearchAction","target":{"@type":"EntryPoint","urlTemplate":"https:\/\/www.cec.org\/es\/?s={search_term_string}"},"query-input":{"@type":"PropertyValueSpecification","valueRequired":true,"valueName":"search_term_string"}}],"inLanguage":"es"}]}},"_links":{"self":[{"href":"https:\/\/www.cec.org\/es\/wp-json\/wp\/v2\/pages\/55217","targetHints":{"allow":["GET"]}}],"collection":[{"href":"https:\/\/www.cec.org\/es\/wp-json\/wp\/v2\/pages"}],"about":[{"href":"https:\/\/www.cec.org\/es\/wp-json\/wp\/v2\/types\/page"}],"author":[{"embeddable":true,"href":"https:\/\/www.cec.org\/es\/wp-json\/wp\/v2\/users\/1"}],"replies":[{"embeddable":true,"href":"https:\/\/www.cec.org\/es\/wp-json\/wp\/v2\/comments?post=55217"}],"version-history":[{"count":1,"href":"https:\/\/www.cec.org\/es\/wp-json\/wp\/v2\/pages\/55217\/revisions"}],"predecessor-version":[{"id":55981,"href":"https:\/\/www.cec.org\/es\/wp-json\/wp\/v2\/pages\/55217\/revisions\/55981"}],"up":[{"embeddable":true,"href":"https:\/\/www.cec.org\/es\/wp-json\/wp\/v2\/pages\/27171"}],"wp:featuredmedia":[{"embeddable":true,"href":"https:\/\/www.cec.org\/es\/wp-json\/wp\/v2\/media\/55450"}],"wp:attachment":[{"href":"https:\/\/www.cec.org\/es\/wp-json\/wp\/v2\/media?parent=55217"}],"curies":[{"name":"wp","href":"https:\/\/api.w.org\/{rel}","templated":true}]}}