{"id":55213,"date":"2024-05-01T12:09:09","date_gmt":"2024-05-01T16:09:09","guid":{"rendered":"http:\/\/www.cec.org\/temas\/crecimiento-verde\/"},"modified":"2026-02-03T15:58:03","modified_gmt":"2026-02-03T20:58:03","slug":"vida-y-economias-sustentables","status":"publish","type":"page","link":"https:\/\/www.cec.org\/es\/temas\/vida-y-economias-sustentables\/","title":{"rendered":"Vida y econom\u00edas sustentables"},"content":{"rendered":"<p>Fomentar la sustentabilidad en nuestras actividades econ\u00f3micas y estilos de vida mediante la identificaci\u00f3n y promoci\u00f3n de alternativas que integren las dimensiones ambiental, social y econ\u00f3mica de manera efectiva, en favor de una Am\u00e9rica del Norte justa y resiliente. <!--StartFragment --><span class=\"cf0\">Nuestro trabajo est\u00e1 organizado en torno a cuatro \u00e1reas principales:<\/span><!--EndFragment --><\/p>\n","protected":false},"excerpt":{"rendered":"<p>Fomentar la sustentabilidad en nuestras actividades econ\u00f3micas y estilos de vida mediante la identificaci\u00f3n y promoci\u00f3n de alternativas que integren las dimensiones ambiental, social y econ\u00f3mica de manera efectiva, en favor de una Am\u00e9rica del Norte justa y resiliente. Nuestro trabajo est\u00e1 organizado en torno a cuatro \u00e1reas principales:<\/p>\n","protected":false},"author":1,"featured_media":55447,"parent":27171,"menu_order":0,"comment_status":"closed","ping_status":"closed","template":"page-sle.php","meta":{"_acf_changed":false,"footnotes":""},"class_list":["post-55213","page","type-page","status-publish","has-post-thumbnail","hentry"],"acf":[],"yoast_head":"<!-- This site is optimized with the Yoast SEO Premium plugin v27.4 (Yoast SEO v27.4) - https:\/\/yoast.com\/product\/yoast-seo-premium-wordpress\/ -->\n<title>Vida y Econom\u00edas Sustentables<\/title>\n<meta name=\"description\" content=\"Fomentar la sustentabilidad en nuestras actividades econ\u00f3micas y estilos de vida mediante la identificaci\u00f3n y promoci\u00f3n de alternativas que integren las\" \/>\n<meta name=\"robots\" content=\"index, follow, max-snippet:-1, max-image-preview:large, max-video-preview:-1\" \/>\n<link rel=\"canonical\" href=\"https:\/\/www.cec.org\/es\/temas\/vida-y-economias-sustentables\/\" \/>\n<meta property=\"og:locale\" content=\"es_ES\" \/>\n<meta property=\"og:type\" content=\"article\" \/>\n<meta property=\"og:title\" content=\"Vida y econom\u00edas sustentables\" \/>\n<meta property=\"og:description\" content=\"Fomentar la sustentabilidad en nuestras actividades econ\u00f3micas y estilos de vida mediante la identificaci\u00f3n y promoci\u00f3n de alternativas que integren las\" \/>\n<meta property=\"og:url\" content=\"https:\/\/www.cec.org\/es\/temas\/vida-y-economias-sustentables\/\" \/>\n<meta property=\"og:site_name\" content=\"Comisi\u00f3n para la Cooperaci\u00f3n Ambiental\" \/>\n<meta property=\"article:publisher\" content=\"https:\/\/www.facebook.com\/CECconnect\" \/>\n<meta property=\"article:modified_time\" content=\"2026-02-03T20:58:03+00:00\" \/>\n<meta property=\"og:image\" content=\"https:\/\/www.cec.org\/wp-content\/uploads\/green-economy-thumbnail-opt-1.webp\" \/>\n\t<meta property=\"og:image:width\" content=\"1200\" \/>\n\t<meta property=\"og:image:height\" content=\"684\" \/>\n\t<meta property=\"og:image:type\" content=\"image\/webp\" \/>\n<meta name=\"twitter:card\" content=\"summary_large_image\" \/>\n<meta name=\"twitter:site\" content=\"@CECweb\" \/>\n<script type=\"application\/ld+json\" class=\"yoast-schema-graph\">{\"@context\":\"https:\\\/\\\/schema.org\",\"@graph\":[{\"@type\":\"WebPage\",\"@id\":\"https:\\\/\\\/www.cec.org\\\/es\\\/temas\\\/vida-y-economias-sustentables\\\/\",\"url\":\"https:\\\/\\\/www.cec.org\\\/es\\\/temas\\\/vida-y-economias-sustentables\\\/\",\"name\":\"Vida y Econom\u00edas Sustentables\",\"isPartOf\":{\"@id\":\"https:\\\/\\\/www.cec.org\\\/es\\\/#website\"},\"primaryImageOfPage\":{\"@id\":\"https:\\\/\\\/www.cec.org\\\/es\\\/temas\\\/vida-y-economias-sustentables\\\/#primaryimage\"},\"image\":{\"@id\":\"https:\\\/\\\/www.cec.org\\\/es\\\/temas\\\/vida-y-economias-sustentables\\\/#primaryimage\"},\"thumbnailUrl\":\"https:\\\/\\\/www.cec.org\\\/wp-content\\\/uploads\\\/green-economy-thumbnail-opt-1.webp\",\"datePublished\":\"2024-05-01T16:09:09+00:00\",\"dateModified\":\"2026-02-03T20:58:03+00:00\",\"description\":\"Fomentar la sustentabilidad en nuestras actividades econ\u00f3micas y estilos de vida mediante la identificaci\u00f3n y promoci\u00f3n de alternativas que integren las\",\"breadcrumb\":{\"@id\":\"https:\\\/\\\/www.cec.org\\\/es\\\/temas\\\/vida-y-economias-sustentables\\\/#breadcrumb\"},\"inLanguage\":\"es\",\"potentialAction\":[{\"@type\":\"ReadAction\",\"target\":[\"https:\\\/\\\/www.cec.org\\\/es\\\/temas\\\/vida-y-economias-sustentables\\\/\"]}]},{\"@type\":\"ImageObject\",\"inLanguage\":\"es\",\"@id\":\"https:\\\/\\\/www.cec.org\\\/es\\\/temas\\\/vida-y-economias-sustentables\\\/#primaryimage\",\"url\":\"https:\\\/\\\/www.cec.org\\\/wp-content\\\/uploads\\\/green-economy-thumbnail-opt-1.webp\",\"contentUrl\":\"https:\\\/\\\/www.cec.org\\\/wp-content\\\/uploads\\\/green-economy-thumbnail-opt-1.webp\",\"width\":1200,\"height\":684,\"caption\":\"Green Economy - Topic\"},{\"@type\":\"BreadcrumbList\",\"@id\":\"https:\\\/\\\/www.cec.org\\\/es\\\/temas\\\/vida-y-economias-sustentables\\\/#breadcrumb\",\"itemListElement\":[{\"@type\":\"ListItem\",\"position\":1,\"name\":\"Inicio\",\"item\":\"https:\\\/\\\/www.cec.org\\\/es\\\/\"},{\"@type\":\"ListItem\",\"position\":2,\"name\":\"Temas\",\"item\":\"https:\\\/\\\/www.cec.org\\\/es\\\/temas\\\/\"},{\"@type\":\"ListItem\",\"position\":3,\"name\":\"Vida y econom\u00edas sustentables\"}]},{\"@type\":\"WebSite\",\"@id\":\"https:\\\/\\\/www.cec.org\\\/es\\\/#website\",\"url\":\"https:\\\/\\\/www.cec.org\\\/es\\\/\",\"name\":\"Commission for Environmental Cooperation\",\"description\":\"Three countries working together to protect our shared environment\",\"alternateName\":\"CEC - CCA -CCE\",\"potentialAction\":[{\"@type\":\"SearchAction\",\"target\":{\"@type\":\"EntryPoint\",\"urlTemplate\":\"https:\\\/\\\/www.cec.org\\\/es\\\/?s={search_term_string}\"},\"query-input\":{\"@type\":\"PropertyValueSpecification\",\"valueRequired\":true,\"valueName\":\"search_term_string\"}}],\"inLanguage\":\"es\"}]}<\/script>\n<!-- \/ Yoast SEO Premium plugin. -->","yoast_head_json":{"title":"Vida y Econom\u00edas Sustentables","description":"Fomentar la sustentabilidad en nuestras actividades econ\u00f3micas y estilos de vida mediante la identificaci\u00f3n y promoci\u00f3n de alternativas que integren las","robots":{"index":"index","follow":"follow","max-snippet":"max-snippet:-1","max-image-preview":"max-image-preview:large","max-video-preview":"max-video-preview:-1"},"canonical":"https:\/\/www.cec.org\/es\/temas\/vida-y-economias-sustentables\/","og_locale":"es_ES","og_type":"article","og_title":"Vida y econom\u00edas sustentables","og_description":"Fomentar la sustentabilidad en nuestras actividades econ\u00f3micas y estilos de vida mediante la identificaci\u00f3n y promoci\u00f3n de alternativas que integren las","og_url":"https:\/\/www.cec.org\/es\/temas\/vida-y-economias-sustentables\/","og_site_name":"Comisi\u00f3n para la Cooperaci\u00f3n Ambiental","article_publisher":"https:\/\/www.facebook.com\/CECconnect","article_modified_time":"2026-02-03T20:58:03+00:00","og_image":[{"width":1200,"height":684,"url":"https:\/\/www.cec.org\/wp-content\/uploads\/green-economy-thumbnail-opt-1.webp","type":"image\/webp"}],"twitter_card":"summary_large_image","twitter_site":"@CECweb","schema":{"@context":"https:\/\/schema.org","@graph":[{"@type":"WebPage","@id":"https:\/\/www.cec.org\/es\/temas\/vida-y-economias-sustentables\/","url":"https:\/\/www.cec.org\/es\/temas\/vida-y-economias-sustentables\/","name":"Vida y Econom\u00edas Sustentables","isPartOf":{"@id":"https:\/\/www.cec.org\/es\/#website"},"primaryImageOfPage":{"@id":"https:\/\/www.cec.org\/es\/temas\/vida-y-economias-sustentables\/#primaryimage"},"image":{"@id":"https:\/\/www.cec.org\/es\/temas\/vida-y-economias-sustentables\/#primaryimage"},"thumbnailUrl":"https:\/\/www.cec.org\/wp-content\/uploads\/green-economy-thumbnail-opt-1.webp","datePublished":"2024-05-01T16:09:09+00:00","dateModified":"2026-02-03T20:58:03+00:00","description":"Fomentar la sustentabilidad en nuestras actividades econ\u00f3micas y estilos de vida mediante la identificaci\u00f3n y promoci\u00f3n de alternativas que integren las","breadcrumb":{"@id":"https:\/\/www.cec.org\/es\/temas\/vida-y-economias-sustentables\/#breadcrumb"},"inLanguage":"es","potentialAction":[{"@type":"ReadAction","target":["https:\/\/www.cec.org\/es\/temas\/vida-y-economias-sustentables\/"]}]},{"@type":"ImageObject","inLanguage":"es","@id":"https:\/\/www.cec.org\/es\/temas\/vida-y-economias-sustentables\/#primaryimage","url":"https:\/\/www.cec.org\/wp-content\/uploads\/green-economy-thumbnail-opt-1.webp","contentUrl":"https:\/\/www.cec.org\/wp-content\/uploads\/green-economy-thumbnail-opt-1.webp","width":1200,"height":684,"caption":"Green Economy - Topic"},{"@type":"BreadcrumbList","@id":"https:\/\/www.cec.org\/es\/temas\/vida-y-economias-sustentables\/#breadcrumb","itemListElement":[{"@type":"ListItem","position":1,"name":"Inicio","item":"https:\/\/www.cec.org\/es\/"},{"@type":"ListItem","position":2,"name":"Temas","item":"https:\/\/www.cec.org\/es\/temas\/"},{"@type":"ListItem","position":3,"name":"Vida y econom\u00edas sustentables"}]},{"@type":"WebSite","@id":"https:\/\/www.cec.org\/es\/#website","url":"https:\/\/www.cec.org\/es\/","name":"Commission for Environmental Cooperation","description":"Three countries working together to protect our shared environment","alternateName":"CEC - CCA -CCE","potentialAction":[{"@type":"SearchAction","target":{"@type":"EntryPoint","urlTemplate":"https:\/\/www.cec.org\/es\/?s={search_term_string}"},"query-input":{"@type":"PropertyValueSpecification","valueRequired":true,"valueName":"search_term_string"}}],"inLanguage":"es"}]}},"_links":{"self":[{"href":"https:\/\/www.cec.org\/es\/wp-json\/wp\/v2\/pages\/55213","targetHints":{"allow":["GET"]}}],"collection":[{"href":"https:\/\/www.cec.org\/es\/wp-json\/wp\/v2\/pages"}],"about":[{"href":"https:\/\/www.cec.org\/es\/wp-json\/wp\/v2\/types\/page"}],"author":[{"embeddable":true,"href":"https:\/\/www.cec.org\/es\/wp-json\/wp\/v2\/users\/1"}],"replies":[{"embeddable":true,"href":"https:\/\/www.cec.org\/es\/wp-json\/wp\/v2\/comments?post=55213"}],"version-history":[{"count":5,"href":"https:\/\/www.cec.org\/es\/wp-json\/wp\/v2\/pages\/55213\/revisions"}],"predecessor-version":[{"id":61382,"href":"https:\/\/www.cec.org\/es\/wp-json\/wp\/v2\/pages\/55213\/revisions\/61382"}],"up":[{"embeddable":true,"href":"https:\/\/www.cec.org\/es\/wp-json\/wp\/v2\/pages\/27171"}],"wp:featuredmedia":[{"embeddable":true,"href":"https:\/\/www.cec.org\/es\/wp-json\/wp\/v2\/media\/55447"}],"wp:attachment":[{"href":"https:\/\/www.cec.org\/es\/wp-json\/wp\/v2\/media?parent=55213"}],"curies":[{"name":"wp","href":"https:\/\/api.w.org\/{rel}","templated":true}]}}