{"id":55209,"date":"2024-05-01T12:04:43","date_gmt":"2024-05-01T16:04:43","guid":{"rendered":"http:\/\/www.cec.org\/temas\/aplicacion-de-la-legislacion\/"},"modified":"2024-07-11T13:33:26","modified_gmt":"2024-07-11T17:33:26","slug":"aplicacion-de-la-legislacion","status":"publish","type":"page","link":"https:\/\/www.cec.org\/es\/temas\/aplicacion-de-la-legislacion\/","title":{"rendered":"Aplicaci\u00f3n de la legislaci\u00f3n ambiental"},"content":{"rendered":"<p>Fortalecimiento de la aplicaci\u00f3n y el cumplimiento tanto de leyes y reglamentos nacionales como de acuerdos multilaterales en materia ambiental<\/p>\n","protected":false},"excerpt":{"rendered":"<p>Fortalecimiento de la aplicaci\u00f3n y el cumplimiento tanto de leyes y reglamentos nacionales como de acuerdos multilaterales en materia ambiental<\/p>\n","protected":false},"author":1,"featured_media":55444,"parent":27171,"menu_order":0,"comment_status":"closed","ping_status":"closed","template":"page-2024topics.php","meta":{"_acf_changed":false,"footnotes":""},"class_list":["post-55209","page","type-page","status-publish","has-post-thumbnail","hentry"],"acf":[],"yoast_head":"<!-- This site is optimized with the Yoast SEO Premium plugin v27.0 (Yoast SEO v27.0) - https:\/\/yoast.com\/product\/yoast-seo-premium-wordpress\/ -->\n<title>Aplicaci\u00f3n de la legislaci\u00f3n ambiental<\/title>\n<meta name=\"description\" content=\"Fortalecimiento de la aplicaci\u00f3n y el cumplimiento tanto de leyes y reglamentos nacionales como de acuerdos multilaterales en materia ambiental\" \/>\n<meta name=\"robots\" content=\"index, follow, max-snippet:-1, max-image-preview:large, max-video-preview:-1\" \/>\n<link rel=\"canonical\" href=\"https:\/\/www.cec.org\/es\/temas\/aplicacion-de-la-legislacion\/\" \/>\n<meta property=\"og:locale\" content=\"es_ES\" \/>\n<meta property=\"og:type\" content=\"article\" \/>\n<meta property=\"og:title\" content=\"Aplicaci\u00f3n de la legislaci\u00f3n ambiental\" \/>\n<meta property=\"og:description\" content=\"Fortalecimiento de la aplicaci\u00f3n y el cumplimiento tanto de leyes y reglamentos nacionales como de acuerdos multilaterales en materia ambiental\" \/>\n<meta property=\"og:url\" content=\"https:\/\/www.cec.org\/es\/temas\/aplicacion-de-la-legislacion\/\" \/>\n<meta property=\"og:site_name\" content=\"Comisi\u00f3n para la Cooperaci\u00f3n Ambiental\" \/>\n<meta property=\"article:publisher\" content=\"https:\/\/www.facebook.com\/CECconnect\" \/>\n<meta property=\"article:modified_time\" content=\"2024-07-11T17:33:26+00:00\" \/>\n<meta property=\"og:image\" content=\"https:\/\/www.cec.org\/wp-content\/uploads\/enforcement-thumbnail-opt.webp\" \/>\n\t<meta property=\"og:image:width\" content=\"1200\" \/>\n\t<meta property=\"og:image:height\" content=\"684\" \/>\n\t<meta property=\"og:image:type\" content=\"image\/webp\" \/>\n<meta name=\"twitter:card\" content=\"summary_large_image\" \/>\n<meta name=\"twitter:site\" content=\"@CECweb\" \/>\n<script type=\"application\/ld+json\" class=\"yoast-schema-graph\">{\"@context\":\"https:\/\/schema.org\",\"@graph\":[{\"@type\":\"WebPage\",\"@id\":\"https:\/\/www.cec.org\/es\/temas\/aplicacion-de-la-legislacion\/\",\"url\":\"https:\/\/www.cec.org\/es\/temas\/aplicacion-de-la-legislacion\/\",\"name\":\"Aplicaci\u00f3n de la legislaci\u00f3n ambiental\",\"isPartOf\":{\"@id\":\"https:\/\/www.cec.org\/es\/#website\"},\"primaryImageOfPage\":{\"@id\":\"https:\/\/www.cec.org\/es\/temas\/aplicacion-de-la-legislacion\/#primaryimage\"},\"image\":{\"@id\":\"https:\/\/www.cec.org\/es\/temas\/aplicacion-de-la-legislacion\/#primaryimage\"},\"thumbnailUrl\":\"https:\/\/www.cec.org\/wp-content\/uploads\/enforcement-thumbnail-opt.webp\",\"datePublished\":\"2024-05-01T16:04:43+00:00\",\"dateModified\":\"2024-07-11T17:33:26+00:00\",\"description\":\"Fortalecimiento de la aplicaci\u00f3n y el cumplimiento tanto de leyes y reglamentos nacionales como de acuerdos multilaterales en materia ambiental\",\"breadcrumb\":{\"@id\":\"https:\/\/www.cec.org\/es\/temas\/aplicacion-de-la-legislacion\/#breadcrumb\"},\"inLanguage\":\"es\",\"potentialAction\":[{\"@type\":\"ReadAction\",\"target\":[\"https:\/\/www.cec.org\/es\/temas\/aplicacion-de-la-legislacion\/\"]}]},{\"@type\":\"ImageObject\",\"inLanguage\":\"es\",\"@id\":\"https:\/\/www.cec.org\/es\/temas\/aplicacion-de-la-legislacion\/#primaryimage\",\"url\":\"https:\/\/www.cec.org\/wp-content\/uploads\/enforcement-thumbnail-opt.webp\",\"contentUrl\":\"https:\/\/www.cec.org\/wp-content\/uploads\/enforcement-thumbnail-opt.webp\",\"width\":1200,\"height\":684,\"caption\":\"Enforcement Topic\"},{\"@type\":\"BreadcrumbList\",\"@id\":\"https:\/\/www.cec.org\/es\/temas\/aplicacion-de-la-legislacion\/#breadcrumb\",\"itemListElement\":[{\"@type\":\"ListItem\",\"position\":1,\"name\":\"Inicio\",\"item\":\"https:\/\/www.cec.org\/es\/\"},{\"@type\":\"ListItem\",\"position\":2,\"name\":\"Temas\",\"item\":\"https:\/\/www.cec.org\/es\/temas\/\"},{\"@type\":\"ListItem\",\"position\":3,\"name\":\"Aplicaci\u00f3n de la legislaci\u00f3n ambiental\"}]},{\"@type\":\"WebSite\",\"@id\":\"https:\/\/www.cec.org\/es\/#website\",\"url\":\"https:\/\/www.cec.org\/es\/\",\"name\":\"Commission for Environmental Cooperation\",\"description\":\"Three countries working together to protect our shared environment\",\"alternateName\":\"CEC - CCA -CCE\",\"potentialAction\":[{\"@type\":\"SearchAction\",\"target\":{\"@type\":\"EntryPoint\",\"urlTemplate\":\"https:\/\/www.cec.org\/es\/?s={search_term_string}\"},\"query-input\":{\"@type\":\"PropertyValueSpecification\",\"valueRequired\":true,\"valueName\":\"search_term_string\"}}],\"inLanguage\":\"es\"}]}<\/script>\n<!-- \/ Yoast SEO Premium plugin. -->","yoast_head_json":{"title":"Aplicaci\u00f3n de la legislaci\u00f3n ambiental","description":"Fortalecimiento de la aplicaci\u00f3n y el cumplimiento tanto de leyes y reglamentos nacionales como de acuerdos multilaterales en materia ambiental","robots":{"index":"index","follow":"follow","max-snippet":"max-snippet:-1","max-image-preview":"max-image-preview:large","max-video-preview":"max-video-preview:-1"},"canonical":"https:\/\/www.cec.org\/es\/temas\/aplicacion-de-la-legislacion\/","og_locale":"es_ES","og_type":"article","og_title":"Aplicaci\u00f3n de la legislaci\u00f3n ambiental","og_description":"Fortalecimiento de la aplicaci\u00f3n y el cumplimiento tanto de leyes y reglamentos nacionales como de acuerdos multilaterales en materia ambiental","og_url":"https:\/\/www.cec.org\/es\/temas\/aplicacion-de-la-legislacion\/","og_site_name":"Comisi\u00f3n para la Cooperaci\u00f3n Ambiental","article_publisher":"https:\/\/www.facebook.com\/CECconnect","article_modified_time":"2024-07-11T17:33:26+00:00","og_image":[{"width":1200,"height":684,"url":"https:\/\/www.cec.org\/wp-content\/uploads\/enforcement-thumbnail-opt.webp","type":"image\/webp"}],"twitter_card":"summary_large_image","twitter_site":"@CECweb","schema":{"@context":"https:\/\/schema.org","@graph":[{"@type":"WebPage","@id":"https:\/\/www.cec.org\/es\/temas\/aplicacion-de-la-legislacion\/","url":"https:\/\/www.cec.org\/es\/temas\/aplicacion-de-la-legislacion\/","name":"Aplicaci\u00f3n de la legislaci\u00f3n ambiental","isPartOf":{"@id":"https:\/\/www.cec.org\/es\/#website"},"primaryImageOfPage":{"@id":"https:\/\/www.cec.org\/es\/temas\/aplicacion-de-la-legislacion\/#primaryimage"},"image":{"@id":"https:\/\/www.cec.org\/es\/temas\/aplicacion-de-la-legislacion\/#primaryimage"},"thumbnailUrl":"https:\/\/www.cec.org\/wp-content\/uploads\/enforcement-thumbnail-opt.webp","datePublished":"2024-05-01T16:04:43+00:00","dateModified":"2024-07-11T17:33:26+00:00","description":"Fortalecimiento de la aplicaci\u00f3n y el cumplimiento tanto de leyes y reglamentos nacionales como de acuerdos multilaterales en materia ambiental","breadcrumb":{"@id":"https:\/\/www.cec.org\/es\/temas\/aplicacion-de-la-legislacion\/#breadcrumb"},"inLanguage":"es","potentialAction":[{"@type":"ReadAction","target":["https:\/\/www.cec.org\/es\/temas\/aplicacion-de-la-legislacion\/"]}]},{"@type":"ImageObject","inLanguage":"es","@id":"https:\/\/www.cec.org\/es\/temas\/aplicacion-de-la-legislacion\/#primaryimage","url":"https:\/\/www.cec.org\/wp-content\/uploads\/enforcement-thumbnail-opt.webp","contentUrl":"https:\/\/www.cec.org\/wp-content\/uploads\/enforcement-thumbnail-opt.webp","width":1200,"height":684,"caption":"Enforcement Topic"},{"@type":"BreadcrumbList","@id":"https:\/\/www.cec.org\/es\/temas\/aplicacion-de-la-legislacion\/#breadcrumb","itemListElement":[{"@type":"ListItem","position":1,"name":"Inicio","item":"https:\/\/www.cec.org\/es\/"},{"@type":"ListItem","position":2,"name":"Temas","item":"https:\/\/www.cec.org\/es\/temas\/"},{"@type":"ListItem","position":3,"name":"Aplicaci\u00f3n de la legislaci\u00f3n ambiental"}]},{"@type":"WebSite","@id":"https:\/\/www.cec.org\/es\/#website","url":"https:\/\/www.cec.org\/es\/","name":"Commission for Environmental Cooperation","description":"Three countries working together to protect our shared environment","alternateName":"CEC - CCA -CCE","potentialAction":[{"@type":"SearchAction","target":{"@type":"EntryPoint","urlTemplate":"https:\/\/www.cec.org\/es\/?s={search_term_string}"},"query-input":{"@type":"PropertyValueSpecification","valueRequired":true,"valueName":"search_term_string"}}],"inLanguage":"es"}]}},"_links":{"self":[{"href":"https:\/\/www.cec.org\/es\/wp-json\/wp\/v2\/pages\/55209","targetHints":{"allow":["GET"]}}],"collection":[{"href":"https:\/\/www.cec.org\/es\/wp-json\/wp\/v2\/pages"}],"about":[{"href":"https:\/\/www.cec.org\/es\/wp-json\/wp\/v2\/types\/page"}],"author":[{"embeddable":true,"href":"https:\/\/www.cec.org\/es\/wp-json\/wp\/v2\/users\/1"}],"replies":[{"embeddable":true,"href":"https:\/\/www.cec.org\/es\/wp-json\/wp\/v2\/comments?post=55209"}],"version-history":[{"count":1,"href":"https:\/\/www.cec.org\/es\/wp-json\/wp\/v2\/pages\/55209\/revisions"}],"predecessor-version":[{"id":55978,"href":"https:\/\/www.cec.org\/es\/wp-json\/wp\/v2\/pages\/55209\/revisions\/55978"}],"up":[{"embeddable":true,"href":"https:\/\/www.cec.org\/es\/wp-json\/wp\/v2\/pages\/27171"}],"wp:featuredmedia":[{"embeddable":true,"href":"https:\/\/www.cec.org\/es\/wp-json\/wp\/v2\/media\/55444"}],"wp:attachment":[{"href":"https:\/\/www.cec.org\/es\/wp-json\/wp\/v2\/media?parent=55209"}],"curies":[{"name":"wp","href":"https:\/\/api.w.org\/{rel}","templated":true}]}}