{"id":54749,"date":"2024-04-01T13:58:47","date_gmt":"2024-04-01T17:58:47","guid":{"rendered":"http:\/\/www.cec.org\/mejoramiento-de-la-calidad-del-aire\/"},"modified":"2024-07-11T13:33:33","modified_gmt":"2024-07-11T17:33:33","slug":"mejoramiento-de-la-calidad-del-aire","status":"publish","type":"page","link":"https:\/\/www.cec.org\/es\/temas\/contaminantes\/mejoramiento-de-la-calidad-del-aire\/","title":{"rendered":"Mejoramiento de la calidad del aire"},"content":{"rendered":"<p>Los recursos atmosf\u00e9ricos son compartidos entre nuestros tres pa\u00edses y no reconocen fronteras nacionales. Nuestro trabajo permite tener un panorama m\u00e1s completo de la calidad del aire y las emisiones atmosf\u00e9ricas en Am\u00e9rica del Norte, en apoyo de la gesti\u00f3n y la toma de decisiones al respecto, a fin de asegurar la protecci\u00f3n de la salud p\u00fablica y los ecosistemas.<\/p>\n","protected":false},"excerpt":{"rendered":"<p>Los recursos atmosf\u00e9ricos son compartidos entre nuestros tres pa\u00edses y no reconocen fronteras nacionales. Nuestro trabajo permite tener un panorama m\u00e1s completo de la calidad del aire y las emisiones atmosf\u00e9ricas en Am\u00e9rica del Norte, en apoyo de la gesti\u00f3n y la toma de decisiones al respecto, a fin de asegurar la protecci\u00f3n de la [&hellip;]<\/p>\n","protected":false},"author":1,"featured_media":45950,"parent":55217,"menu_order":0,"comment_status":"closed","ping_status":"closed","template":"page-2024subtopics.php","meta":{"_acf_changed":false,"footnotes":""},"class_list":["post-54749","page","type-page","status-publish","has-post-thumbnail","hentry"],"acf":[],"yoast_head":"<!-- This site is optimized with the Yoast SEO Premium plugin v27.0 (Yoast SEO v27.0) - https:\/\/yoast.com\/product\/yoast-seo-premium-wordpress\/ -->\n<title>Mejoramiento de la calidad del aire<\/title>\n<meta name=\"description\" content=\"Los recursos atmosf\u00e9ricos son compartidos entre nuestros tres pa\u00edses y no reconocen fronteras nacionales. Nuestro trabajo permite tener un panorama m\u00e1s\" \/>\n<meta name=\"robots\" content=\"index, follow, max-snippet:-1, max-image-preview:large, max-video-preview:-1\" \/>\n<link rel=\"canonical\" href=\"https:\/\/www.cec.org\/es\/temas\/contaminantes\/mejoramiento-de-la-calidad-del-aire\/\" \/>\n<meta property=\"og:locale\" content=\"es_ES\" \/>\n<meta property=\"og:type\" content=\"article\" \/>\n<meta property=\"og:title\" content=\"Mejoramiento de la calidad del aire\" \/>\n<meta property=\"og:description\" content=\"Los recursos atmosf\u00e9ricos son compartidos entre nuestros tres pa\u00edses y no reconocen fronteras nacionales. Nuestro trabajo permite tener un panorama m\u00e1s\" \/>\n<meta property=\"og:url\" content=\"https:\/\/www.cec.org\/es\/temas\/contaminantes\/mejoramiento-de-la-calidad-del-aire\/\" \/>\n<meta property=\"og:site_name\" content=\"Comisi\u00f3n para la Cooperaci\u00f3n Ambiental\" \/>\n<meta property=\"article:publisher\" content=\"https:\/\/www.facebook.com\/CECconnect\" \/>\n<meta property=\"article:modified_time\" content=\"2024-07-11T17:33:33+00:00\" \/>\n<meta property=\"og:image\" content=\"https:\/\/www.cec.org\/wp-content\/uploads\/air2-2.jpg\" \/>\n\t<meta property=\"og:image:width\" content=\"600\" \/>\n\t<meta property=\"og:image:height\" content=\"342\" \/>\n\t<meta property=\"og:image:type\" content=\"image\/jpeg\" \/>\n<meta name=\"twitter:card\" content=\"summary_large_image\" \/>\n<meta name=\"twitter:site\" content=\"@CECweb\" \/>\n<script type=\"application\/ld+json\" class=\"yoast-schema-graph\">{\"@context\":\"https:\/\/schema.org\",\"@graph\":[{\"@type\":\"WebPage\",\"@id\":\"https:\/\/www.cec.org\/es\/temas\/contaminantes\/mejoramiento-de-la-calidad-del-aire\/\",\"url\":\"https:\/\/www.cec.org\/es\/temas\/contaminantes\/mejoramiento-de-la-calidad-del-aire\/\",\"name\":\"Mejoramiento de la calidad del aire\",\"isPartOf\":{\"@id\":\"https:\/\/www.cec.org\/es\/#website\"},\"primaryImageOfPage\":{\"@id\":\"https:\/\/www.cec.org\/es\/temas\/contaminantes\/mejoramiento-de-la-calidad-del-aire\/#primaryimage\"},\"image\":{\"@id\":\"https:\/\/www.cec.org\/es\/temas\/contaminantes\/mejoramiento-de-la-calidad-del-aire\/#primaryimage\"},\"thumbnailUrl\":\"https:\/\/www.cec.org\/wp-content\/uploads\/air2-2.jpg\",\"datePublished\":\"2024-04-01T17:58:47+00:00\",\"dateModified\":\"2024-07-11T17:33:33+00:00\",\"description\":\"Los recursos atmosf\u00e9ricos son compartidos entre nuestros tres pa\u00edses y no reconocen fronteras nacionales. Nuestro trabajo permite tener un panorama m\u00e1s\",\"breadcrumb\":{\"@id\":\"https:\/\/www.cec.org\/es\/temas\/contaminantes\/mejoramiento-de-la-calidad-del-aire\/#breadcrumb\"},\"inLanguage\":\"es\",\"potentialAction\":[{\"@type\":\"ReadAction\",\"target\":[\"https:\/\/www.cec.org\/es\/temas\/contaminantes\/mejoramiento-de-la-calidad-del-aire\/\"]}]},{\"@type\":\"ImageObject\",\"inLanguage\":\"es\",\"@id\":\"https:\/\/www.cec.org\/es\/temas\/contaminantes\/mejoramiento-de-la-calidad-del-aire\/#primaryimage\",\"url\":\"https:\/\/www.cec.org\/wp-content\/uploads\/air2-2.jpg\",\"contentUrl\":\"https:\/\/www.cec.org\/wp-content\/uploads\/air2-2.jpg\",\"width\":600,\"height\":342,\"caption\":\"Factory releasing pollutants to the air\"},{\"@type\":\"BreadcrumbList\",\"@id\":\"https:\/\/www.cec.org\/es\/temas\/contaminantes\/mejoramiento-de-la-calidad-del-aire\/#breadcrumb\",\"itemListElement\":[{\"@type\":\"ListItem\",\"position\":1,\"name\":\"Inicio\",\"item\":\"https:\/\/www.cec.org\/es\/\"},{\"@type\":\"ListItem\",\"position\":2,\"name\":\"Temas\",\"item\":\"https:\/\/www.cec.org\/es\/temas\/\"},{\"@type\":\"ListItem\",\"position\":3,\"name\":\"Contaminantes\",\"item\":\"https:\/\/www.cec.org\/es\/temas\/contaminantes\/\"},{\"@type\":\"ListItem\",\"position\":4,\"name\":\"Mejoramiento de la calidad del aire\"}]},{\"@type\":\"WebSite\",\"@id\":\"https:\/\/www.cec.org\/es\/#website\",\"url\":\"https:\/\/www.cec.org\/es\/\",\"name\":\"Commission for Environmental Cooperation\",\"description\":\"Three countries working together to protect our shared environment\",\"alternateName\":\"CEC - CCA -CCE\",\"potentialAction\":[{\"@type\":\"SearchAction\",\"target\":{\"@type\":\"EntryPoint\",\"urlTemplate\":\"https:\/\/www.cec.org\/es\/?s={search_term_string}\"},\"query-input\":{\"@type\":\"PropertyValueSpecification\",\"valueRequired\":true,\"valueName\":\"search_term_string\"}}],\"inLanguage\":\"es\"}]}<\/script>\n<!-- \/ Yoast SEO Premium plugin. -->","yoast_head_json":{"title":"Mejoramiento de la calidad del aire","description":"Los recursos atmosf\u00e9ricos son compartidos entre nuestros tres pa\u00edses y no reconocen fronteras nacionales. Nuestro trabajo permite tener un panorama m\u00e1s","robots":{"index":"index","follow":"follow","max-snippet":"max-snippet:-1","max-image-preview":"max-image-preview:large","max-video-preview":"max-video-preview:-1"},"canonical":"https:\/\/www.cec.org\/es\/temas\/contaminantes\/mejoramiento-de-la-calidad-del-aire\/","og_locale":"es_ES","og_type":"article","og_title":"Mejoramiento de la calidad del aire","og_description":"Los recursos atmosf\u00e9ricos son compartidos entre nuestros tres pa\u00edses y no reconocen fronteras nacionales. Nuestro trabajo permite tener un panorama m\u00e1s","og_url":"https:\/\/www.cec.org\/es\/temas\/contaminantes\/mejoramiento-de-la-calidad-del-aire\/","og_site_name":"Comisi\u00f3n para la Cooperaci\u00f3n Ambiental","article_publisher":"https:\/\/www.facebook.com\/CECconnect","article_modified_time":"2024-07-11T17:33:33+00:00","og_image":[{"width":600,"height":342,"url":"https:\/\/www.cec.org\/wp-content\/uploads\/air2-2.jpg","type":"image\/jpeg"}],"twitter_card":"summary_large_image","twitter_site":"@CECweb","schema":{"@context":"https:\/\/schema.org","@graph":[{"@type":"WebPage","@id":"https:\/\/www.cec.org\/es\/temas\/contaminantes\/mejoramiento-de-la-calidad-del-aire\/","url":"https:\/\/www.cec.org\/es\/temas\/contaminantes\/mejoramiento-de-la-calidad-del-aire\/","name":"Mejoramiento de la calidad del aire","isPartOf":{"@id":"https:\/\/www.cec.org\/es\/#website"},"primaryImageOfPage":{"@id":"https:\/\/www.cec.org\/es\/temas\/contaminantes\/mejoramiento-de-la-calidad-del-aire\/#primaryimage"},"image":{"@id":"https:\/\/www.cec.org\/es\/temas\/contaminantes\/mejoramiento-de-la-calidad-del-aire\/#primaryimage"},"thumbnailUrl":"https:\/\/www.cec.org\/wp-content\/uploads\/air2-2.jpg","datePublished":"2024-04-01T17:58:47+00:00","dateModified":"2024-07-11T17:33:33+00:00","description":"Los recursos atmosf\u00e9ricos son compartidos entre nuestros tres pa\u00edses y no reconocen fronteras nacionales. Nuestro trabajo permite tener un panorama m\u00e1s","breadcrumb":{"@id":"https:\/\/www.cec.org\/es\/temas\/contaminantes\/mejoramiento-de-la-calidad-del-aire\/#breadcrumb"},"inLanguage":"es","potentialAction":[{"@type":"ReadAction","target":["https:\/\/www.cec.org\/es\/temas\/contaminantes\/mejoramiento-de-la-calidad-del-aire\/"]}]},{"@type":"ImageObject","inLanguage":"es","@id":"https:\/\/www.cec.org\/es\/temas\/contaminantes\/mejoramiento-de-la-calidad-del-aire\/#primaryimage","url":"https:\/\/www.cec.org\/wp-content\/uploads\/air2-2.jpg","contentUrl":"https:\/\/www.cec.org\/wp-content\/uploads\/air2-2.jpg","width":600,"height":342,"caption":"Factory releasing pollutants to the air"},{"@type":"BreadcrumbList","@id":"https:\/\/www.cec.org\/es\/temas\/contaminantes\/mejoramiento-de-la-calidad-del-aire\/#breadcrumb","itemListElement":[{"@type":"ListItem","position":1,"name":"Inicio","item":"https:\/\/www.cec.org\/es\/"},{"@type":"ListItem","position":2,"name":"Temas","item":"https:\/\/www.cec.org\/es\/temas\/"},{"@type":"ListItem","position":3,"name":"Contaminantes","item":"https:\/\/www.cec.org\/es\/temas\/contaminantes\/"},{"@type":"ListItem","position":4,"name":"Mejoramiento de la calidad del aire"}]},{"@type":"WebSite","@id":"https:\/\/www.cec.org\/es\/#website","url":"https:\/\/www.cec.org\/es\/","name":"Commission for Environmental Cooperation","description":"Three countries working together to protect our shared environment","alternateName":"CEC - CCA -CCE","potentialAction":[{"@type":"SearchAction","target":{"@type":"EntryPoint","urlTemplate":"https:\/\/www.cec.org\/es\/?s={search_term_string}"},"query-input":{"@type":"PropertyValueSpecification","valueRequired":true,"valueName":"search_term_string"}}],"inLanguage":"es"}]}},"_links":{"self":[{"href":"https:\/\/www.cec.org\/es\/wp-json\/wp\/v2\/pages\/54749","targetHints":{"allow":["GET"]}}],"collection":[{"href":"https:\/\/www.cec.org\/es\/wp-json\/wp\/v2\/pages"}],"about":[{"href":"https:\/\/www.cec.org\/es\/wp-json\/wp\/v2\/types\/page"}],"author":[{"embeddable":true,"href":"https:\/\/www.cec.org\/es\/wp-json\/wp\/v2\/users\/1"}],"replies":[{"embeddable":true,"href":"https:\/\/www.cec.org\/es\/wp-json\/wp\/v2\/comments?post=54749"}],"version-history":[{"count":1,"href":"https:\/\/www.cec.org\/es\/wp-json\/wp\/v2\/pages\/54749\/revisions"}],"predecessor-version":[{"id":55983,"href":"https:\/\/www.cec.org\/es\/wp-json\/wp\/v2\/pages\/54749\/revisions\/55983"}],"up":[{"embeddable":true,"href":"https:\/\/www.cec.org\/es\/wp-json\/wp\/v2\/pages\/55217"}],"wp:featuredmedia":[{"embeddable":true,"href":"https:\/\/www.cec.org\/es\/wp-json\/wp\/v2\/media\/45950"}],"wp:attachment":[{"href":"https:\/\/www.cec.org\/es\/wp-json\/wp\/v2\/media?parent=54749"}],"curies":[{"name":"wp","href":"https:\/\/api.w.org\/{rel}","templated":true}]}}