{"id":54744,"date":"2024-04-01T13:52:30","date_gmt":"2024-04-01T17:52:30","guid":{"rendered":"http:\/\/www.cec.org\/manejo-ambientalmente-adecuado-de-las-sustancias-quimicas\/"},"modified":"2026-04-11T18:28:06","modified_gmt":"2026-04-11T22:28:06","slug":"manejo-ambientalmente-adecuado-de-las-sustancias-quimicas","status":"publish","type":"page","link":"https:\/\/www.cec.org\/es\/temas\/contaminantes\/manejo-ambientalmente-adecuado-de-las-sustancias-quimicas\/","title":{"rendered":"Manejo ambientalmente adecuado de las sustancias qu\u00edmicas"},"content":{"rendered":"<p>Abordamos el manejo adecuado de las sustancias qu\u00edmicas a lo largo de su ciclo de vida, lo que incluye prevenci\u00f3n y control de la contaminaci\u00f3n, as\u00ed como reducci\u00f3n de sus fuentes.<\/p>\n","protected":false},"excerpt":{"rendered":"<p>Abordamos el manejo adecuado de las sustancias qu\u00edmicas a lo largo de su ciclo de vida, lo que incluye prevenci\u00f3n y control de la contaminaci\u00f3n, as\u00ed como reducci\u00f3n de sus fuentes.<\/p>\n","protected":false},"author":1,"featured_media":46015,"parent":55217,"menu_order":0,"comment_status":"closed","ping_status":"closed","template":"page-2024subtopics.php","meta":{"_acf_changed":false,"footnotes":""},"class_list":["post-54744","page","type-page","status-publish","has-post-thumbnail","hentry"],"acf":[],"yoast_head":"<!-- This site is optimized with the Yoast SEO Premium plugin v27.4 (Yoast SEO v27.4) - https:\/\/yoast.com\/product\/yoast-seo-premium-wordpress\/ -->\n<title>Manejo ambientalmente adecuado de las sustancias qu\u00edmicas<\/title>\n<meta name=\"description\" content=\"Abordamos el manejo adecuado de las sustancias qu\u00edmicas a lo largo de su ciclo de vida...\" \/>\n<meta name=\"robots\" content=\"index, follow, max-snippet:-1, max-image-preview:large, max-video-preview:-1\" \/>\n<link rel=\"canonical\" href=\"https:\/\/www.cec.org\/es\/temas\/contaminantes\/manejo-ambientalmente-adecuado-de-las-sustancias-quimicas\/\" \/>\n<meta property=\"og:locale\" content=\"es_ES\" \/>\n<meta property=\"og:type\" content=\"article\" \/>\n<meta property=\"og:title\" content=\"Manejo ambientalmente adecuado de las sustancias qu\u00edmicas\" \/>\n<meta property=\"og:description\" content=\"Abordamos el manejo adecuado de las sustancias qu\u00edmicas a lo largo de su ciclo de vida, lo que incluye prevenci\u00f3n y control de la contaminaci\u00f3n, as\u00ed como\" \/>\n<meta property=\"og:url\" content=\"https:\/\/www.cec.org\/es\/temas\/contaminantes\/manejo-ambientalmente-adecuado-de-las-sustancias-quimicas\/\" \/>\n<meta property=\"og:site_name\" content=\"Comisi\u00f3n para la Cooperaci\u00f3n Ambiental\" \/>\n<meta property=\"article:publisher\" content=\"https:\/\/www.facebook.com\/CECconnect\" \/>\n<meta property=\"article:modified_time\" content=\"2026-04-11T22:28:06+00:00\" \/>\n<meta property=\"og:image\" content=\"https:\/\/www.cec.org\/wp-content\/uploads\/chemicals1-2.jpg\" \/>\n\t<meta property=\"og:image:width\" content=\"600\" \/>\n\t<meta property=\"og:image:height\" content=\"342\" \/>\n\t<meta property=\"og:image:type\" content=\"image\/jpeg\" \/>\n<meta name=\"twitter:card\" content=\"summary_large_image\" \/>\n<meta name=\"twitter:site\" content=\"@CECweb\" \/>\n<script type=\"application\/ld+json\" class=\"yoast-schema-graph\">{\"@context\":\"https:\\\/\\\/schema.org\",\"@graph\":[{\"@type\":\"WebPage\",\"@id\":\"https:\\\/\\\/www.cec.org\\\/es\\\/temas\\\/contaminantes\\\/manejo-ambientalmente-adecuado-de-las-sustancias-quimicas\\\/\",\"url\":\"https:\\\/\\\/www.cec.org\\\/es\\\/temas\\\/contaminantes\\\/manejo-ambientalmente-adecuado-de-las-sustancias-quimicas\\\/\",\"name\":\"Manejo ambientalmente adecuado de las sustancias qu\u00edmicas\",\"isPartOf\":{\"@id\":\"https:\\\/\\\/www.cec.org\\\/es\\\/#website\"},\"primaryImageOfPage\":{\"@id\":\"https:\\\/\\\/www.cec.org\\\/es\\\/temas\\\/contaminantes\\\/manejo-ambientalmente-adecuado-de-las-sustancias-quimicas\\\/#primaryimage\"},\"image\":{\"@id\":\"https:\\\/\\\/www.cec.org\\\/es\\\/temas\\\/contaminantes\\\/manejo-ambientalmente-adecuado-de-las-sustancias-quimicas\\\/#primaryimage\"},\"thumbnailUrl\":\"https:\\\/\\\/www.cec.org\\\/wp-content\\\/uploads\\\/chemicals1-2.jpg\",\"datePublished\":\"2024-04-01T17:52:30+00:00\",\"dateModified\":\"2026-04-11T22:28:06+00:00\",\"description\":\"Abordamos el manejo adecuado de las sustancias qu\u00edmicas a lo largo de su ciclo de vida...\",\"breadcrumb\":{\"@id\":\"https:\\\/\\\/www.cec.org\\\/es\\\/temas\\\/contaminantes\\\/manejo-ambientalmente-adecuado-de-las-sustancias-quimicas\\\/#breadcrumb\"},\"inLanguage\":\"es\",\"potentialAction\":[{\"@type\":\"ReadAction\",\"target\":[\"https:\\\/\\\/www.cec.org\\\/es\\\/temas\\\/contaminantes\\\/manejo-ambientalmente-adecuado-de-las-sustancias-quimicas\\\/\"]}]},{\"@type\":\"ImageObject\",\"inLanguage\":\"es\",\"@id\":\"https:\\\/\\\/www.cec.org\\\/es\\\/temas\\\/contaminantes\\\/manejo-ambientalmente-adecuado-de-las-sustancias-quimicas\\\/#primaryimage\",\"url\":\"https:\\\/\\\/www.cec.org\\\/wp-content\\\/uploads\\\/chemicals1-2.jpg\",\"contentUrl\":\"https:\\\/\\\/www.cec.org\\\/wp-content\\\/uploads\\\/chemicals1-2.jpg\",\"width\":600,\"height\":342,\"caption\":\"\u00a9 Medilab Exports Consortium\"},{\"@type\":\"BreadcrumbList\",\"@id\":\"https:\\\/\\\/www.cec.org\\\/es\\\/temas\\\/contaminantes\\\/manejo-ambientalmente-adecuado-de-las-sustancias-quimicas\\\/#breadcrumb\",\"itemListElement\":[{\"@type\":\"ListItem\",\"position\":1,\"name\":\"Inicio\",\"item\":\"https:\\\/\\\/www.cec.org\\\/es\\\/\"},{\"@type\":\"ListItem\",\"position\":2,\"name\":\"Temas\",\"item\":\"https:\\\/\\\/www.cec.org\\\/es\\\/temas\\\/\"},{\"@type\":\"ListItem\",\"position\":3,\"name\":\"Contaminantes\",\"item\":\"https:\\\/\\\/www.cec.org\\\/es\\\/topics\\\/pollutants\\\/\"},{\"@type\":\"ListItem\",\"position\":4,\"name\":\"Manejo ambientalmente adecuado de las sustancias qu\u00edmicas\"}]},{\"@type\":\"WebSite\",\"@id\":\"https:\\\/\\\/www.cec.org\\\/es\\\/#website\",\"url\":\"https:\\\/\\\/www.cec.org\\\/es\\\/\",\"name\":\"Commission for Environmental Cooperation\",\"description\":\"Three countries working together to protect our shared environment\",\"alternateName\":\"CEC - CCA -CCE\",\"potentialAction\":[{\"@type\":\"SearchAction\",\"target\":{\"@type\":\"EntryPoint\",\"urlTemplate\":\"https:\\\/\\\/www.cec.org\\\/es\\\/?s={search_term_string}\"},\"query-input\":{\"@type\":\"PropertyValueSpecification\",\"valueRequired\":true,\"valueName\":\"search_term_string\"}}],\"inLanguage\":\"es\"}]}<\/script>\n<!-- \/ Yoast SEO Premium plugin. -->","yoast_head_json":{"title":"Manejo ambientalmente adecuado de las sustancias qu\u00edmicas","description":"Abordamos el manejo adecuado de las sustancias qu\u00edmicas a lo largo de su ciclo de vida...","robots":{"index":"index","follow":"follow","max-snippet":"max-snippet:-1","max-image-preview":"max-image-preview:large","max-video-preview":"max-video-preview:-1"},"canonical":"https:\/\/www.cec.org\/es\/temas\/contaminantes\/manejo-ambientalmente-adecuado-de-las-sustancias-quimicas\/","og_locale":"es_ES","og_type":"article","og_title":"Manejo ambientalmente adecuado de las sustancias qu\u00edmicas","og_description":"Abordamos el manejo adecuado de las sustancias qu\u00edmicas a lo largo de su ciclo de vida, lo que incluye prevenci\u00f3n y control de la contaminaci\u00f3n, as\u00ed como","og_url":"https:\/\/www.cec.org\/es\/temas\/contaminantes\/manejo-ambientalmente-adecuado-de-las-sustancias-quimicas\/","og_site_name":"Comisi\u00f3n para la Cooperaci\u00f3n Ambiental","article_publisher":"https:\/\/www.facebook.com\/CECconnect","article_modified_time":"2026-04-11T22:28:06+00:00","og_image":[{"width":600,"height":342,"url":"https:\/\/www.cec.org\/wp-content\/uploads\/chemicals1-2.jpg","type":"image\/jpeg"}],"twitter_card":"summary_large_image","twitter_site":"@CECweb","schema":{"@context":"https:\/\/schema.org","@graph":[{"@type":"WebPage","@id":"https:\/\/www.cec.org\/es\/temas\/contaminantes\/manejo-ambientalmente-adecuado-de-las-sustancias-quimicas\/","url":"https:\/\/www.cec.org\/es\/temas\/contaminantes\/manejo-ambientalmente-adecuado-de-las-sustancias-quimicas\/","name":"Manejo ambientalmente adecuado de las sustancias qu\u00edmicas","isPartOf":{"@id":"https:\/\/www.cec.org\/es\/#website"},"primaryImageOfPage":{"@id":"https:\/\/www.cec.org\/es\/temas\/contaminantes\/manejo-ambientalmente-adecuado-de-las-sustancias-quimicas\/#primaryimage"},"image":{"@id":"https:\/\/www.cec.org\/es\/temas\/contaminantes\/manejo-ambientalmente-adecuado-de-las-sustancias-quimicas\/#primaryimage"},"thumbnailUrl":"https:\/\/www.cec.org\/wp-content\/uploads\/chemicals1-2.jpg","datePublished":"2024-04-01T17:52:30+00:00","dateModified":"2026-04-11T22:28:06+00:00","description":"Abordamos el manejo adecuado de las sustancias qu\u00edmicas a lo largo de su ciclo de vida...","breadcrumb":{"@id":"https:\/\/www.cec.org\/es\/temas\/contaminantes\/manejo-ambientalmente-adecuado-de-las-sustancias-quimicas\/#breadcrumb"},"inLanguage":"es","potentialAction":[{"@type":"ReadAction","target":["https:\/\/www.cec.org\/es\/temas\/contaminantes\/manejo-ambientalmente-adecuado-de-las-sustancias-quimicas\/"]}]},{"@type":"ImageObject","inLanguage":"es","@id":"https:\/\/www.cec.org\/es\/temas\/contaminantes\/manejo-ambientalmente-adecuado-de-las-sustancias-quimicas\/#primaryimage","url":"https:\/\/www.cec.org\/wp-content\/uploads\/chemicals1-2.jpg","contentUrl":"https:\/\/www.cec.org\/wp-content\/uploads\/chemicals1-2.jpg","width":600,"height":342,"caption":"\u00a9 Medilab Exports Consortium"},{"@type":"BreadcrumbList","@id":"https:\/\/www.cec.org\/es\/temas\/contaminantes\/manejo-ambientalmente-adecuado-de-las-sustancias-quimicas\/#breadcrumb","itemListElement":[{"@type":"ListItem","position":1,"name":"Inicio","item":"https:\/\/www.cec.org\/es\/"},{"@type":"ListItem","position":2,"name":"Temas","item":"https:\/\/www.cec.org\/es\/temas\/"},{"@type":"ListItem","position":3,"name":"Contaminantes","item":"https:\/\/www.cec.org\/es\/topics\/pollutants\/"},{"@type":"ListItem","position":4,"name":"Manejo ambientalmente adecuado de las sustancias qu\u00edmicas"}]},{"@type":"WebSite","@id":"https:\/\/www.cec.org\/es\/#website","url":"https:\/\/www.cec.org\/es\/","name":"Commission for Environmental Cooperation","description":"Three countries working together to protect our shared environment","alternateName":"CEC - CCA -CCE","potentialAction":[{"@type":"SearchAction","target":{"@type":"EntryPoint","urlTemplate":"https:\/\/www.cec.org\/es\/?s={search_term_string}"},"query-input":{"@type":"PropertyValueSpecification","valueRequired":true,"valueName":"search_term_string"}}],"inLanguage":"es"}]}},"_links":{"self":[{"href":"https:\/\/www.cec.org\/es\/wp-json\/wp\/v2\/pages\/54744","targetHints":{"allow":["GET"]}}],"collection":[{"href":"https:\/\/www.cec.org\/es\/wp-json\/wp\/v2\/pages"}],"about":[{"href":"https:\/\/www.cec.org\/es\/wp-json\/wp\/v2\/types\/page"}],"author":[{"embeddable":true,"href":"https:\/\/www.cec.org\/es\/wp-json\/wp\/v2\/users\/1"}],"replies":[{"embeddable":true,"href":"https:\/\/www.cec.org\/es\/wp-json\/wp\/v2\/comments?post=54744"}],"version-history":[{"count":1,"href":"https:\/\/www.cec.org\/es\/wp-json\/wp\/v2\/pages\/54744\/revisions"}],"predecessor-version":[{"id":55982,"href":"https:\/\/www.cec.org\/es\/wp-json\/wp\/v2\/pages\/54744\/revisions\/55982"}],"up":[{"embeddable":true,"href":"https:\/\/www.cec.org\/es\/wp-json\/wp\/v2\/pages\/55217"}],"wp:featuredmedia":[{"embeddable":true,"href":"https:\/\/www.cec.org\/es\/wp-json\/wp\/v2\/media\/46015"}],"wp:attachment":[{"href":"https:\/\/www.cec.org\/es\/wp-json\/wp\/v2\/media?parent=54744"}],"curies":[{"name":"wp","href":"https:\/\/api.w.org\/{rel}","templated":true}]}}