{"id":54740,"date":"2024-04-01T13:45:47","date_gmt":"2024-04-01T17:45:47","guid":{"rendered":"http:\/\/www.cec.org\/mitigacion-de-las-emisiones-generadas-por-el-transporte-terrestre-y-maritimo\/"},"modified":"2026-04-11T18:27:52","modified_gmt":"2026-04-11T22:27:52","slug":"mitigacion-de-las-emisiones-generadas-por-el-transporte-terrestre-y-maritimo","status":"publish","type":"page","link":"https:\/\/www.cec.org\/es\/temas\/contaminantes\/mitigacion-de-las-emisiones-generadas-por-el-transporte-terrestre-y-maritimo\/","title":{"rendered":"Mitigaci\u00f3n de las emisiones generadas por el transporte terrestre y mar\u00edtimo"},"content":{"rendered":"<p>Las emisiones atmosf\u00e9ricas generadas por el transporte de carga de bienes y de personas constituyen una fuente importante de contaminaci\u00f3n que afecta la calidad del aire, la salud p\u00fablica y el medio ambiente. Buscamos asegurar que puedan emprenderse medidas en favor de un transporte de carga m\u00e1s eficiente y menos contaminante a escala de Am\u00e9rica del Norte.<\/p>\n","protected":false},"excerpt":{"rendered":"<p>Las emisiones atmosf\u00e9ricas generadas por el transporte de carga de bienes y de personas constituyen una fuente importante de contaminaci\u00f3n que afecta la calidad del aire, la salud p\u00fablica y el medio ambiente. Buscamos asegurar que puedan emprenderse medidas en favor de un transporte de carga m\u00e1s eficiente y menos contaminante a escala de Am\u00e9rica [&hellip;]<\/p>\n","protected":false},"author":1,"featured_media":42187,"parent":55217,"menu_order":0,"comment_status":"closed","ping_status":"closed","template":"page-2024subtopics.php","meta":{"_acf_changed":false,"footnotes":""},"class_list":["post-54740","page","type-page","status-publish","has-post-thumbnail","hentry"],"acf":[],"yoast_head":"<!-- This site is optimized with the Yoast SEO Premium plugin v27.4 (Yoast SEO v27.4) - https:\/\/yoast.com\/product\/yoast-seo-premium-wordpress\/ -->\n<title>Mitigaci\u00f3n de las emisiones generadas por el transporte terrestre y mar\u00edtimo<\/title>\n<meta name=\"description\" content=\"Las emisiones atmosf\u00e9ricas generadas por el transporte de carga de bienes y de personas constituyen...\" \/>\n<meta name=\"robots\" content=\"index, follow, max-snippet:-1, max-image-preview:large, max-video-preview:-1\" \/>\n<link rel=\"canonical\" href=\"https:\/\/www.cec.org\/es\/temas\/contaminantes\/mitigacion-de-las-emisiones-generadas-por-el-transporte-terrestre-y-maritimo\/\" \/>\n<meta property=\"og:locale\" content=\"es_ES\" \/>\n<meta property=\"og:type\" content=\"article\" \/>\n<meta property=\"og:title\" content=\"Mitigaci\u00f3n de las emisiones generadas por el transporte terrestre y mar\u00edtimo\" \/>\n<meta property=\"og:description\" content=\"Las emisiones atmosf\u00e9ricas generadas por el transporte de carga de bienes y de personas constituyen una fuente importante de contaminaci\u00f3n que afecta la\" \/>\n<meta property=\"og:url\" content=\"https:\/\/www.cec.org\/es\/temas\/contaminantes\/mitigacion-de-las-emisiones-generadas-por-el-transporte-terrestre-y-maritimo\/\" \/>\n<meta property=\"og:site_name\" content=\"Comisi\u00f3n para la Cooperaci\u00f3n Ambiental\" \/>\n<meta property=\"article:publisher\" content=\"https:\/\/www.facebook.com\/CECconnect\" \/>\n<meta property=\"article:modified_time\" content=\"2026-04-11T22:27:52+00:00\" \/>\n<meta property=\"og:image\" content=\"https:\/\/www.cec.org\/wp-content\/uploads\/maritime-transportation-thumbnail.jpg\" \/>\n\t<meta property=\"og:image:width\" content=\"600\" \/>\n\t<meta property=\"og:image:height\" content=\"342\" \/>\n\t<meta property=\"og:image:type\" content=\"image\/jpeg\" \/>\n<meta name=\"twitter:card\" content=\"summary_large_image\" \/>\n<meta name=\"twitter:site\" content=\"@CECweb\" \/>\n<script type=\"application\/ld+json\" class=\"yoast-schema-graph\">{\"@context\":\"https:\\\/\\\/schema.org\",\"@graph\":[{\"@type\":\"WebPage\",\"@id\":\"https:\\\/\\\/www.cec.org\\\/es\\\/temas\\\/contaminantes\\\/mitigacion-de-las-emisiones-generadas-por-el-transporte-terrestre-y-maritimo\\\/\",\"url\":\"https:\\\/\\\/www.cec.org\\\/es\\\/temas\\\/contaminantes\\\/mitigacion-de-las-emisiones-generadas-por-el-transporte-terrestre-y-maritimo\\\/\",\"name\":\"Mitigaci\u00f3n de las emisiones generadas por el transporte terrestre y mar\u00edtimo\",\"isPartOf\":{\"@id\":\"https:\\\/\\\/www.cec.org\\\/es\\\/#website\"},\"primaryImageOfPage\":{\"@id\":\"https:\\\/\\\/www.cec.org\\\/es\\\/temas\\\/contaminantes\\\/mitigacion-de-las-emisiones-generadas-por-el-transporte-terrestre-y-maritimo\\\/#primaryimage\"},\"image\":{\"@id\":\"https:\\\/\\\/www.cec.org\\\/es\\\/temas\\\/contaminantes\\\/mitigacion-de-las-emisiones-generadas-por-el-transporte-terrestre-y-maritimo\\\/#primaryimage\"},\"thumbnailUrl\":\"https:\\\/\\\/www.cec.org\\\/wp-content\\\/uploads\\\/maritime-transportation-thumbnail.jpg\",\"datePublished\":\"2024-04-01T17:45:47+00:00\",\"dateModified\":\"2026-04-11T22:27:52+00:00\",\"description\":\"Las emisiones atmosf\u00e9ricas generadas por el transporte de carga de bienes y de personas constituyen...\",\"breadcrumb\":{\"@id\":\"https:\\\/\\\/www.cec.org\\\/es\\\/temas\\\/contaminantes\\\/mitigacion-de-las-emisiones-generadas-por-el-transporte-terrestre-y-maritimo\\\/#breadcrumb\"},\"inLanguage\":\"es\",\"potentialAction\":[{\"@type\":\"ReadAction\",\"target\":[\"https:\\\/\\\/www.cec.org\\\/es\\\/temas\\\/contaminantes\\\/mitigacion-de-las-emisiones-generadas-por-el-transporte-terrestre-y-maritimo\\\/\"]}]},{\"@type\":\"ImageObject\",\"inLanguage\":\"es\",\"@id\":\"https:\\\/\\\/www.cec.org\\\/es\\\/temas\\\/contaminantes\\\/mitigacion-de-las-emisiones-generadas-por-el-transporte-terrestre-y-maritimo\\\/#primaryimage\",\"url\":\"https:\\\/\\\/www.cec.org\\\/wp-content\\\/uploads\\\/maritime-transportation-thumbnail.jpg\",\"contentUrl\":\"https:\\\/\\\/www.cec.org\\\/wp-content\\\/uploads\\\/maritime-transportation-thumbnail.jpg\",\"width\":600,\"height\":342,\"caption\":\"Cargo Ship at sea\"},{\"@type\":\"BreadcrumbList\",\"@id\":\"https:\\\/\\\/www.cec.org\\\/es\\\/temas\\\/contaminantes\\\/mitigacion-de-las-emisiones-generadas-por-el-transporte-terrestre-y-maritimo\\\/#breadcrumb\",\"itemListElement\":[{\"@type\":\"ListItem\",\"position\":1,\"name\":\"Inicio\",\"item\":\"https:\\\/\\\/www.cec.org\\\/es\\\/\"},{\"@type\":\"ListItem\",\"position\":2,\"name\":\"Temas\",\"item\":\"https:\\\/\\\/www.cec.org\\\/es\\\/temas\\\/\"},{\"@type\":\"ListItem\",\"position\":3,\"name\":\"Contaminantes\",\"item\":\"https:\\\/\\\/www.cec.org\\\/es\\\/topics\\\/pollutants\\\/\"},{\"@type\":\"ListItem\",\"position\":4,\"name\":\"Mitigaci\u00f3n de las emisiones generadas por el transporte terrestre y mar\u00edtimo\"}]},{\"@type\":\"WebSite\",\"@id\":\"https:\\\/\\\/www.cec.org\\\/es\\\/#website\",\"url\":\"https:\\\/\\\/www.cec.org\\\/es\\\/\",\"name\":\"Commission for Environmental Cooperation\",\"description\":\"Three countries working together to protect our shared environment\",\"alternateName\":\"CEC - CCA -CCE\",\"potentialAction\":[{\"@type\":\"SearchAction\",\"target\":{\"@type\":\"EntryPoint\",\"urlTemplate\":\"https:\\\/\\\/www.cec.org\\\/es\\\/?s={search_term_string}\"},\"query-input\":{\"@type\":\"PropertyValueSpecification\",\"valueRequired\":true,\"valueName\":\"search_term_string\"}}],\"inLanguage\":\"es\"}]}<\/script>\n<!-- \/ Yoast SEO Premium plugin. -->","yoast_head_json":{"title":"Mitigaci\u00f3n de las emisiones generadas por el transporte terrestre y mar\u00edtimo","description":"Las emisiones atmosf\u00e9ricas generadas por el transporte de carga de bienes y de personas constituyen...","robots":{"index":"index","follow":"follow","max-snippet":"max-snippet:-1","max-image-preview":"max-image-preview:large","max-video-preview":"max-video-preview:-1"},"canonical":"https:\/\/www.cec.org\/es\/temas\/contaminantes\/mitigacion-de-las-emisiones-generadas-por-el-transporte-terrestre-y-maritimo\/","og_locale":"es_ES","og_type":"article","og_title":"Mitigaci\u00f3n de las emisiones generadas por el transporte terrestre y mar\u00edtimo","og_description":"Las emisiones atmosf\u00e9ricas generadas por el transporte de carga de bienes y de personas constituyen una fuente importante de contaminaci\u00f3n que afecta la","og_url":"https:\/\/www.cec.org\/es\/temas\/contaminantes\/mitigacion-de-las-emisiones-generadas-por-el-transporte-terrestre-y-maritimo\/","og_site_name":"Comisi\u00f3n para la Cooperaci\u00f3n Ambiental","article_publisher":"https:\/\/www.facebook.com\/CECconnect","article_modified_time":"2026-04-11T22:27:52+00:00","og_image":[{"width":600,"height":342,"url":"https:\/\/www.cec.org\/wp-content\/uploads\/maritime-transportation-thumbnail.jpg","type":"image\/jpeg"}],"twitter_card":"summary_large_image","twitter_site":"@CECweb","schema":{"@context":"https:\/\/schema.org","@graph":[{"@type":"WebPage","@id":"https:\/\/www.cec.org\/es\/temas\/contaminantes\/mitigacion-de-las-emisiones-generadas-por-el-transporte-terrestre-y-maritimo\/","url":"https:\/\/www.cec.org\/es\/temas\/contaminantes\/mitigacion-de-las-emisiones-generadas-por-el-transporte-terrestre-y-maritimo\/","name":"Mitigaci\u00f3n de las emisiones generadas por el transporte terrestre y mar\u00edtimo","isPartOf":{"@id":"https:\/\/www.cec.org\/es\/#website"},"primaryImageOfPage":{"@id":"https:\/\/www.cec.org\/es\/temas\/contaminantes\/mitigacion-de-las-emisiones-generadas-por-el-transporte-terrestre-y-maritimo\/#primaryimage"},"image":{"@id":"https:\/\/www.cec.org\/es\/temas\/contaminantes\/mitigacion-de-las-emisiones-generadas-por-el-transporte-terrestre-y-maritimo\/#primaryimage"},"thumbnailUrl":"https:\/\/www.cec.org\/wp-content\/uploads\/maritime-transportation-thumbnail.jpg","datePublished":"2024-04-01T17:45:47+00:00","dateModified":"2026-04-11T22:27:52+00:00","description":"Las emisiones atmosf\u00e9ricas generadas por el transporte de carga de bienes y de personas constituyen...","breadcrumb":{"@id":"https:\/\/www.cec.org\/es\/temas\/contaminantes\/mitigacion-de-las-emisiones-generadas-por-el-transporte-terrestre-y-maritimo\/#breadcrumb"},"inLanguage":"es","potentialAction":[{"@type":"ReadAction","target":["https:\/\/www.cec.org\/es\/temas\/contaminantes\/mitigacion-de-las-emisiones-generadas-por-el-transporte-terrestre-y-maritimo\/"]}]},{"@type":"ImageObject","inLanguage":"es","@id":"https:\/\/www.cec.org\/es\/temas\/contaminantes\/mitigacion-de-las-emisiones-generadas-por-el-transporte-terrestre-y-maritimo\/#primaryimage","url":"https:\/\/www.cec.org\/wp-content\/uploads\/maritime-transportation-thumbnail.jpg","contentUrl":"https:\/\/www.cec.org\/wp-content\/uploads\/maritime-transportation-thumbnail.jpg","width":600,"height":342,"caption":"Cargo Ship at sea"},{"@type":"BreadcrumbList","@id":"https:\/\/www.cec.org\/es\/temas\/contaminantes\/mitigacion-de-las-emisiones-generadas-por-el-transporte-terrestre-y-maritimo\/#breadcrumb","itemListElement":[{"@type":"ListItem","position":1,"name":"Inicio","item":"https:\/\/www.cec.org\/es\/"},{"@type":"ListItem","position":2,"name":"Temas","item":"https:\/\/www.cec.org\/es\/temas\/"},{"@type":"ListItem","position":3,"name":"Contaminantes","item":"https:\/\/www.cec.org\/es\/topics\/pollutants\/"},{"@type":"ListItem","position":4,"name":"Mitigaci\u00f3n de las emisiones generadas por el transporte terrestre y mar\u00edtimo"}]},{"@type":"WebSite","@id":"https:\/\/www.cec.org\/es\/#website","url":"https:\/\/www.cec.org\/es\/","name":"Commission for Environmental Cooperation","description":"Three countries working together to protect our shared environment","alternateName":"CEC - CCA -CCE","potentialAction":[{"@type":"SearchAction","target":{"@type":"EntryPoint","urlTemplate":"https:\/\/www.cec.org\/es\/?s={search_term_string}"},"query-input":{"@type":"PropertyValueSpecification","valueRequired":true,"valueName":"search_term_string"}}],"inLanguage":"es"}]}},"_links":{"self":[{"href":"https:\/\/www.cec.org\/es\/wp-json\/wp\/v2\/pages\/54740","targetHints":{"allow":["GET"]}}],"collection":[{"href":"https:\/\/www.cec.org\/es\/wp-json\/wp\/v2\/pages"}],"about":[{"href":"https:\/\/www.cec.org\/es\/wp-json\/wp\/v2\/types\/page"}],"author":[{"embeddable":true,"href":"https:\/\/www.cec.org\/es\/wp-json\/wp\/v2\/users\/1"}],"replies":[{"embeddable":true,"href":"https:\/\/www.cec.org\/es\/wp-json\/wp\/v2\/comments?post=54740"}],"version-history":[{"count":1,"href":"https:\/\/www.cec.org\/es\/wp-json\/wp\/v2\/pages\/54740\/revisions"}],"predecessor-version":[{"id":55984,"href":"https:\/\/www.cec.org\/es\/wp-json\/wp\/v2\/pages\/54740\/revisions\/55984"}],"up":[{"embeddable":true,"href":"https:\/\/www.cec.org\/es\/wp-json\/wp\/v2\/pages\/55217"}],"wp:featuredmedia":[{"embeddable":true,"href":"https:\/\/www.cec.org\/es\/wp-json\/wp\/v2\/media\/42187"}],"wp:attachment":[{"href":"https:\/\/www.cec.org\/es\/wp-json\/wp\/v2\/media?parent=54740"}],"curies":[{"name":"wp","href":"https:\/\/api.w.org\/{rel}","templated":true}]}}