{"id":54733,"date":"2024-04-01T13:21:12","date_gmt":"2024-04-01T17:21:12","guid":{"rendered":"http:\/\/www.cec.org\/rastreo-de-emisiones-y-transferencias-de-contaminantes-en-america-del-norte\/"},"modified":"2026-04-11T18:19:51","modified_gmt":"2026-04-11T22:19:51","slug":"rastreo-de-emisiones-y-transferencias-de-contaminantes-en-america-del-norte","status":"publish","type":"page","link":"https:\/\/www.cec.org\/es\/temas\/contaminantes\/rastreo-de-emisiones-y-transferencias-de-contaminantes-en-america-del-norte\/","title":{"rendered":"Rastreo de emisiones y transferencias de contaminantes en am\u00e9rica del norte"},"content":{"rendered":"<p>Junto con la energ\u00eda, materiales y art\u00edculos que producen, las industrias de Canad\u00e1, Estados Unidos y M\u00e9xico generan contaminantes que deben someterse a un manejo adecuado para proteger la salud humana y el medio ambiente. Cada a\u00f1o, los establecimientos industriales presentan informes sobre las cantidades de sustancias que emiten o descargan en el aire, el agua o el suelo; env\u00edan a disposici\u00f3n final, o transfieren para reciclaje u otro tipo de manejo. Como parte de nuestra iniciativa RETC, integramos y analizamos datos emanados de los informes presentados ante cada uno de los programas nacionales de registro y los ponemos a disposici\u00f3n de la ciudadan\u00eda por medio de la serie de informes\u00a0<em>En balance<\/em>\u00a0y nuestro sitio web\u00a0<em>En balance en l\u00ednea<\/em>.<\/p>\n","protected":false},"excerpt":{"rendered":"<p>Junto con la energ\u00eda, materiales y art\u00edculos que producen, las industrias de Canad\u00e1, Estados Unidos y M\u00e9xico generan contaminantes que deben someterse a un manejo adecuado para proteger la salud humana y el medio ambiente. Cada a\u00f1o, los establecimientos industriales presentan informes sobre las cantidades de sustancias que emiten o descargan en el aire, el [&hellip;]<\/p>\n","protected":false},"author":1,"featured_media":42169,"parent":55217,"menu_order":0,"comment_status":"closed","ping_status":"closed","template":"page-2024subtopics.php","meta":{"_acf_changed":false,"footnotes":""},"class_list":["post-54733","page","type-page","status-publish","has-post-thumbnail","hentry"],"acf":[],"yoast_head":"<!-- This site is optimized with the Yoast SEO Premium plugin v27.4 (Yoast SEO v27.4) - https:\/\/yoast.com\/product\/yoast-seo-premium-wordpress\/ -->\n<title>Rastreo de emisiones y transferencias de contaminantes en am\u00e9rica del norte<\/title>\n<meta name=\"description\" content=\"Junto con la energ\u00eda, materiales y art\u00edculos que producen, las industrias de Canad\u00e1, Estados Unidos y M\u00e9xico generan contaminantes...\" \/>\n<meta name=\"robots\" content=\"index, follow, max-snippet:-1, max-image-preview:large, max-video-preview:-1\" \/>\n<link rel=\"canonical\" href=\"https:\/\/www.cec.org\/es\/temas\/contaminantes\/rastreo-de-emisiones-y-transferencias-de-contaminantes-en-america-del-norte\/\" \/>\n<meta property=\"og:locale\" content=\"es_ES\" \/>\n<meta property=\"og:type\" content=\"article\" \/>\n<meta property=\"og:title\" content=\"Rastreo de emisiones y transferencias de contaminantes en am\u00e9rica del norte\" \/>\n<meta property=\"og:description\" content=\"Junto con la energ\u00eda, materiales y art\u00edculos que producen, las industrias de Canad\u00e1, Estados Unidos y M\u00e9xico generan contaminantes que deben someterse a\" \/>\n<meta property=\"og:url\" content=\"https:\/\/www.cec.org\/es\/temas\/contaminantes\/rastreo-de-emisiones-y-transferencias-de-contaminantes-en-america-del-norte\/\" \/>\n<meta property=\"og:site_name\" content=\"Comisi\u00f3n para la Cooperaci\u00f3n Ambiental\" \/>\n<meta property=\"article:publisher\" content=\"https:\/\/www.facebook.com\/CECconnect\" \/>\n<meta property=\"article:modified_time\" content=\"2026-04-11T22:19:51+00:00\" \/>\n<meta property=\"og:image\" content=\"https:\/\/www.cec.org\/wp-content\/uploads\/prtr-thumbnail.jpg\" \/>\n\t<meta property=\"og:image:width\" content=\"600\" \/>\n\t<meta property=\"og:image:height\" content=\"342\" \/>\n\t<meta property=\"og:image:type\" content=\"image\/jpeg\" \/>\n<meta name=\"twitter:card\" content=\"summary_large_image\" \/>\n<meta name=\"twitter:site\" content=\"@CECweb\" \/>\n<script type=\"application\/ld+json\" class=\"yoast-schema-graph\">{\"@context\":\"https:\\\/\\\/schema.org\",\"@graph\":[{\"@type\":\"WebPage\",\"@id\":\"https:\\\/\\\/www.cec.org\\\/es\\\/temas\\\/contaminantes\\\/rastreo-de-emisiones-y-transferencias-de-contaminantes-en-america-del-norte\\\/\",\"url\":\"https:\\\/\\\/www.cec.org\\\/es\\\/temas\\\/contaminantes\\\/rastreo-de-emisiones-y-transferencias-de-contaminantes-en-america-del-norte\\\/\",\"name\":\"Rastreo de emisiones y transferencias de contaminantes en am\u00e9rica del norte\",\"isPartOf\":{\"@id\":\"https:\\\/\\\/www.cec.org\\\/es\\\/#website\"},\"primaryImageOfPage\":{\"@id\":\"https:\\\/\\\/www.cec.org\\\/es\\\/temas\\\/contaminantes\\\/rastreo-de-emisiones-y-transferencias-de-contaminantes-en-america-del-norte\\\/#primaryimage\"},\"image\":{\"@id\":\"https:\\\/\\\/www.cec.org\\\/es\\\/temas\\\/contaminantes\\\/rastreo-de-emisiones-y-transferencias-de-contaminantes-en-america-del-norte\\\/#primaryimage\"},\"thumbnailUrl\":\"https:\\\/\\\/www.cec.org\\\/wp-content\\\/uploads\\\/prtr-thumbnail.jpg\",\"datePublished\":\"2024-04-01T17:21:12+00:00\",\"dateModified\":\"2026-04-11T22:19:51+00:00\",\"description\":\"Junto con la energ\u00eda, materiales y art\u00edculos que producen, las industrias de Canad\u00e1, Estados Unidos y M\u00e9xico generan contaminantes...\",\"breadcrumb\":{\"@id\":\"https:\\\/\\\/www.cec.org\\\/es\\\/temas\\\/contaminantes\\\/rastreo-de-emisiones-y-transferencias-de-contaminantes-en-america-del-norte\\\/#breadcrumb\"},\"inLanguage\":\"es\",\"potentialAction\":[{\"@type\":\"ReadAction\",\"target\":[\"https:\\\/\\\/www.cec.org\\\/es\\\/temas\\\/contaminantes\\\/rastreo-de-emisiones-y-transferencias-de-contaminantes-en-america-del-norte\\\/\"]}]},{\"@type\":\"ImageObject\",\"inLanguage\":\"es\",\"@id\":\"https:\\\/\\\/www.cec.org\\\/es\\\/temas\\\/contaminantes\\\/rastreo-de-emisiones-y-transferencias-de-contaminantes-en-america-del-norte\\\/#primaryimage\",\"url\":\"https:\\\/\\\/www.cec.org\\\/wp-content\\\/uploads\\\/prtr-thumbnail.jpg\",\"contentUrl\":\"https:\\\/\\\/www.cec.org\\\/wp-content\\\/uploads\\\/prtr-thumbnail.jpg\",\"width\":600,\"height\":342,\"caption\":\"http:\\\/\\\/www.cec.org\\\/topics\\\/\"},{\"@type\":\"BreadcrumbList\",\"@id\":\"https:\\\/\\\/www.cec.org\\\/es\\\/temas\\\/contaminantes\\\/rastreo-de-emisiones-y-transferencias-de-contaminantes-en-america-del-norte\\\/#breadcrumb\",\"itemListElement\":[{\"@type\":\"ListItem\",\"position\":1,\"name\":\"Inicio\",\"item\":\"https:\\\/\\\/www.cec.org\\\/es\\\/\"},{\"@type\":\"ListItem\",\"position\":2,\"name\":\"Temas\",\"item\":\"https:\\\/\\\/www.cec.org\\\/es\\\/temas\\\/\"},{\"@type\":\"ListItem\",\"position\":3,\"name\":\"Contaminantes\",\"item\":\"https:\\\/\\\/www.cec.org\\\/es\\\/topics\\\/pollutants\\\/\"},{\"@type\":\"ListItem\",\"position\":4,\"name\":\"Rastreo de emisiones y transferencias de contaminantes en am\u00e9rica del norte\"}]},{\"@type\":\"WebSite\",\"@id\":\"https:\\\/\\\/www.cec.org\\\/es\\\/#website\",\"url\":\"https:\\\/\\\/www.cec.org\\\/es\\\/\",\"name\":\"Commission for Environmental Cooperation\",\"description\":\"Three countries working together to protect our shared environment\",\"alternateName\":\"CEC - CCA -CCE\",\"potentialAction\":[{\"@type\":\"SearchAction\",\"target\":{\"@type\":\"EntryPoint\",\"urlTemplate\":\"https:\\\/\\\/www.cec.org\\\/es\\\/?s={search_term_string}\"},\"query-input\":{\"@type\":\"PropertyValueSpecification\",\"valueRequired\":true,\"valueName\":\"search_term_string\"}}],\"inLanguage\":\"es\"}]}<\/script>\n<!-- \/ Yoast SEO Premium plugin. -->","yoast_head_json":{"title":"Rastreo de emisiones y transferencias de contaminantes en am\u00e9rica del norte","description":"Junto con la energ\u00eda, materiales y art\u00edculos que producen, las industrias de Canad\u00e1, Estados Unidos y M\u00e9xico generan contaminantes...","robots":{"index":"index","follow":"follow","max-snippet":"max-snippet:-1","max-image-preview":"max-image-preview:large","max-video-preview":"max-video-preview:-1"},"canonical":"https:\/\/www.cec.org\/es\/temas\/contaminantes\/rastreo-de-emisiones-y-transferencias-de-contaminantes-en-america-del-norte\/","og_locale":"es_ES","og_type":"article","og_title":"Rastreo de emisiones y transferencias de contaminantes en am\u00e9rica del norte","og_description":"Junto con la energ\u00eda, materiales y art\u00edculos que producen, las industrias de Canad\u00e1, Estados Unidos y M\u00e9xico generan contaminantes que deben someterse a","og_url":"https:\/\/www.cec.org\/es\/temas\/contaminantes\/rastreo-de-emisiones-y-transferencias-de-contaminantes-en-america-del-norte\/","og_site_name":"Comisi\u00f3n para la Cooperaci\u00f3n Ambiental","article_publisher":"https:\/\/www.facebook.com\/CECconnect","article_modified_time":"2026-04-11T22:19:51+00:00","og_image":[{"width":600,"height":342,"url":"https:\/\/www.cec.org\/wp-content\/uploads\/prtr-thumbnail.jpg","type":"image\/jpeg"}],"twitter_card":"summary_large_image","twitter_site":"@CECweb","schema":{"@context":"https:\/\/schema.org","@graph":[{"@type":"WebPage","@id":"https:\/\/www.cec.org\/es\/temas\/contaminantes\/rastreo-de-emisiones-y-transferencias-de-contaminantes-en-america-del-norte\/","url":"https:\/\/www.cec.org\/es\/temas\/contaminantes\/rastreo-de-emisiones-y-transferencias-de-contaminantes-en-america-del-norte\/","name":"Rastreo de emisiones y transferencias de contaminantes en am\u00e9rica del norte","isPartOf":{"@id":"https:\/\/www.cec.org\/es\/#website"},"primaryImageOfPage":{"@id":"https:\/\/www.cec.org\/es\/temas\/contaminantes\/rastreo-de-emisiones-y-transferencias-de-contaminantes-en-america-del-norte\/#primaryimage"},"image":{"@id":"https:\/\/www.cec.org\/es\/temas\/contaminantes\/rastreo-de-emisiones-y-transferencias-de-contaminantes-en-america-del-norte\/#primaryimage"},"thumbnailUrl":"https:\/\/www.cec.org\/wp-content\/uploads\/prtr-thumbnail.jpg","datePublished":"2024-04-01T17:21:12+00:00","dateModified":"2026-04-11T22:19:51+00:00","description":"Junto con la energ\u00eda, materiales y art\u00edculos que producen, las industrias de Canad\u00e1, Estados Unidos y M\u00e9xico generan contaminantes...","breadcrumb":{"@id":"https:\/\/www.cec.org\/es\/temas\/contaminantes\/rastreo-de-emisiones-y-transferencias-de-contaminantes-en-america-del-norte\/#breadcrumb"},"inLanguage":"es","potentialAction":[{"@type":"ReadAction","target":["https:\/\/www.cec.org\/es\/temas\/contaminantes\/rastreo-de-emisiones-y-transferencias-de-contaminantes-en-america-del-norte\/"]}]},{"@type":"ImageObject","inLanguage":"es","@id":"https:\/\/www.cec.org\/es\/temas\/contaminantes\/rastreo-de-emisiones-y-transferencias-de-contaminantes-en-america-del-norte\/#primaryimage","url":"https:\/\/www.cec.org\/wp-content\/uploads\/prtr-thumbnail.jpg","contentUrl":"https:\/\/www.cec.org\/wp-content\/uploads\/prtr-thumbnail.jpg","width":600,"height":342,"caption":"http:\/\/www.cec.org\/topics\/"},{"@type":"BreadcrumbList","@id":"https:\/\/www.cec.org\/es\/temas\/contaminantes\/rastreo-de-emisiones-y-transferencias-de-contaminantes-en-america-del-norte\/#breadcrumb","itemListElement":[{"@type":"ListItem","position":1,"name":"Inicio","item":"https:\/\/www.cec.org\/es\/"},{"@type":"ListItem","position":2,"name":"Temas","item":"https:\/\/www.cec.org\/es\/temas\/"},{"@type":"ListItem","position":3,"name":"Contaminantes","item":"https:\/\/www.cec.org\/es\/topics\/pollutants\/"},{"@type":"ListItem","position":4,"name":"Rastreo de emisiones y transferencias de contaminantes en am\u00e9rica del norte"}]},{"@type":"WebSite","@id":"https:\/\/www.cec.org\/es\/#website","url":"https:\/\/www.cec.org\/es\/","name":"Commission for Environmental Cooperation","description":"Three countries working together to protect our shared environment","alternateName":"CEC - CCA -CCE","potentialAction":[{"@type":"SearchAction","target":{"@type":"EntryPoint","urlTemplate":"https:\/\/www.cec.org\/es\/?s={search_term_string}"},"query-input":{"@type":"PropertyValueSpecification","valueRequired":true,"valueName":"search_term_string"}}],"inLanguage":"es"}]}},"_links":{"self":[{"href":"https:\/\/www.cec.org\/es\/wp-json\/wp\/v2\/pages\/54733","targetHints":{"allow":["GET"]}}],"collection":[{"href":"https:\/\/www.cec.org\/es\/wp-json\/wp\/v2\/pages"}],"about":[{"href":"https:\/\/www.cec.org\/es\/wp-json\/wp\/v2\/types\/page"}],"author":[{"embeddable":true,"href":"https:\/\/www.cec.org\/es\/wp-json\/wp\/v2\/users\/1"}],"replies":[{"embeddable":true,"href":"https:\/\/www.cec.org\/es\/wp-json\/wp\/v2\/comments?post=54733"}],"version-history":[{"count":1,"href":"https:\/\/www.cec.org\/es\/wp-json\/wp\/v2\/pages\/54733\/revisions"}],"predecessor-version":[{"id":54735,"href":"https:\/\/www.cec.org\/es\/wp-json\/wp\/v2\/pages\/54733\/revisions\/54735"}],"up":[{"embeddable":true,"href":"https:\/\/www.cec.org\/es\/wp-json\/wp\/v2\/pages\/55217"}],"wp:featuredmedia":[{"embeddable":true,"href":"https:\/\/www.cec.org\/es\/wp-json\/wp\/v2\/media\/42169"}],"wp:attachment":[{"href":"https:\/\/www.cec.org\/es\/wp-json\/wp\/v2\/media?parent=54733"}],"curies":[{"name":"wp","href":"https:\/\/api.w.org\/{rel}","templated":true}]}}