{"id":54729,"date":"2024-04-01T13:12:57","date_gmt":"2024-04-01T17:12:57","guid":{"rendered":"http:\/\/www.cec.org\/manejo-sustentable-de-residuos-solidos\/"},"modified":"2024-07-11T13:33:37","modified_gmt":"2024-07-11T17:33:37","slug":"manejo-sustentable-de-residuos-solidos","status":"publish","type":"page","link":"https:\/\/www.cec.org\/es\/manejo-sustentable-de-residuos-solidos\/","title":{"rendered":"Manejo sustentable de residuos s\u00f3lidos"},"content":{"rendered":"<p>El crecimiento econ\u00f3mico ha ejercido una enorme demanda de recursos naturales, al tiempo que tambi\u00e9n ha dado lugar a una creciente generaci\u00f3n de residuos. El manejo sustentable de estos residuos resulta crucial para la preservaci\u00f3n del medio ambiente. En ese sentido, reducir los desechos s\u00f3lidos y someter los materiales a un manejo de ciclo cerrado contribuir\u00e1 a minimizar el impacto medioambiental de los residuos. A lo largo de la cadena de valor de los recursos y productos se presentan grandes oportunidades econ\u00f3micas. En este contexto, y como extensi\u00f3n de nuestro trabajo previo en materia de crecimiento verde, se explorar\u00e1n oportunidades que permitan fomentar la econom\u00eda circular, as\u00ed como estrategias m\u00e1s amplias para el manejo sustentable de los materiales. Se dar\u00e1 prioridad a las acciones que aumenten la colaboraci\u00f3n y procuren una mayor participaci\u00f3n tanto de los consumidores como de las comunidades, y se atribuir\u00e1 importancia al uso eficiente de los recursos por parte del sector privado y gobiernos locales; ello, a trav\u00e9s de la reducci\u00f3n del consumo, la reutilizaci\u00f3n, el reaprovechamiento y la reparaci\u00f3n de productos y materiales, as\u00ed como el reciclaje de residuos.<\/p>\n","protected":false},"excerpt":{"rendered":"<p>El crecimiento econ\u00f3mico ha ejercido una enorme demanda de recursos naturales, al tiempo que tambi\u00e9n ha dado lugar a una creciente generaci\u00f3n de residuos. El manejo sustentable de estos residuos resulta crucial para la preservaci\u00f3n del medio ambiente. En ese sentido, reducir los desechos s\u00f3lidos y someter los materiales a un manejo de ciclo cerrado [&hellip;]<\/p>\n","protected":false},"author":1,"featured_media":47113,"parent":0,"menu_order":0,"comment_status":"closed","ping_status":"closed","template":"page-2024subtopics.php","meta":{"_acf_changed":false,"footnotes":""},"class_list":["post-54729","page","type-page","status-publish","has-post-thumbnail","hentry"],"acf":[],"yoast_head":"<!-- This site is optimized with the Yoast SEO Premium plugin v27.0 (Yoast SEO v27.0) - https:\/\/yoast.com\/product\/yoast-seo-premium-wordpress\/ -->\n<title>Manejo sustentable de residuos s\u00f3lidos<\/title>\n<meta name=\"description\" content=\"El crecimiento econ\u00f3mico ha ejercido una enorme demanda de recursos naturales, al tiempo que tambi\u00e9n ha dado lugar a una creciente generaci\u00f3n de residuos.\" \/>\n<meta name=\"robots\" content=\"index, follow, max-snippet:-1, max-image-preview:large, max-video-preview:-1\" \/>\n<link rel=\"canonical\" href=\"https:\/\/www.cec.org\/es\/manejo-sustentable-de-residuos-solidos\/\" \/>\n<meta property=\"og:locale\" content=\"es_ES\" \/>\n<meta property=\"og:type\" content=\"article\" \/>\n<meta property=\"og:title\" content=\"Manejo sustentable de residuos s\u00f3lidos\" \/>\n<meta property=\"og:description\" content=\"El crecimiento econ\u00f3mico ha ejercido una enorme demanda de recursos naturales, al tiempo que tambi\u00e9n ha dado lugar a una creciente generaci\u00f3n de residuos.\" \/>\n<meta property=\"og:url\" content=\"https:\/\/www.cec.org\/es\/manejo-sustentable-de-residuos-solidos\/\" \/>\n<meta property=\"og:site_name\" content=\"Comisi\u00f3n para la Cooperaci\u00f3n Ambiental\" \/>\n<meta property=\"article:publisher\" content=\"https:\/\/www.facebook.com\/CECconnect\" \/>\n<meta property=\"article:modified_time\" content=\"2024-07-11T17:33:37+00:00\" \/>\n<meta property=\"og:image\" content=\"https:\/\/www.cec.org\/wp-content\/uploads\/Solid-Waste.jpg\" \/>\n\t<meta property=\"og:image:width\" content=\"600\" \/>\n\t<meta property=\"og:image:height\" content=\"342\" \/>\n\t<meta property=\"og:image:type\" content=\"image\/jpeg\" \/>\n<meta name=\"twitter:card\" content=\"summary_large_image\" \/>\n<meta name=\"twitter:site\" content=\"@CECweb\" \/>\n<script type=\"application\/ld+json\" class=\"yoast-schema-graph\">{\"@context\":\"https:\/\/schema.org\",\"@graph\":[{\"@type\":\"WebPage\",\"@id\":\"https:\/\/www.cec.org\/es\/manejo-sustentable-de-residuos-solidos\/\",\"url\":\"https:\/\/www.cec.org\/es\/manejo-sustentable-de-residuos-solidos\/\",\"name\":\"Manejo sustentable de residuos s\u00f3lidos\",\"isPartOf\":{\"@id\":\"https:\/\/www.cec.org\/es\/#website\"},\"primaryImageOfPage\":{\"@id\":\"https:\/\/www.cec.org\/es\/manejo-sustentable-de-residuos-solidos\/#primaryimage\"},\"image\":{\"@id\":\"https:\/\/www.cec.org\/es\/manejo-sustentable-de-residuos-solidos\/#primaryimage\"},\"thumbnailUrl\":\"https:\/\/www.cec.org\/wp-content\/uploads\/Solid-Waste.jpg\",\"datePublished\":\"2024-04-01T17:12:57+00:00\",\"dateModified\":\"2024-07-11T17:33:37+00:00\",\"description\":\"El crecimiento econ\u00f3mico ha ejercido una enorme demanda de recursos naturales, al tiempo que tambi\u00e9n ha dado lugar a una creciente generaci\u00f3n de residuos.\",\"breadcrumb\":{\"@id\":\"https:\/\/www.cec.org\/es\/manejo-sustentable-de-residuos-solidos\/#breadcrumb\"},\"inLanguage\":\"es\",\"potentialAction\":[{\"@type\":\"ReadAction\",\"target\":[\"https:\/\/www.cec.org\/es\/manejo-sustentable-de-residuos-solidos\/\"]}]},{\"@type\":\"ImageObject\",\"inLanguage\":\"es\",\"@id\":\"https:\/\/www.cec.org\/es\/manejo-sustentable-de-residuos-solidos\/#primaryimage\",\"url\":\"https:\/\/www.cec.org\/wp-content\/uploads\/Solid-Waste.jpg\",\"contentUrl\":\"https:\/\/www.cec.org\/wp-content\/uploads\/Solid-Waste.jpg\",\"width\":600,\"height\":342,\"caption\":\"Solid waste\"},{\"@type\":\"BreadcrumbList\",\"@id\":\"https:\/\/www.cec.org\/es\/manejo-sustentable-de-residuos-solidos\/#breadcrumb\",\"itemListElement\":[{\"@type\":\"ListItem\",\"position\":1,\"name\":\"Inicio\",\"item\":\"https:\/\/www.cec.org\/es\/\"},{\"@type\":\"ListItem\",\"position\":2,\"name\":\"Temas\",\"item\":\"https:\/\/www.cec.org\/es\/temas\/\"},{\"@type\":\"ListItem\",\"position\":3,\"name\":\"Vida y econom\u00edas sustentables\",\"item\":\"https:\/\/www.cec.org\/es\/topics\/sustainable-living-and-economies\/\"},{\"@type\":\"ListItem\",\"position\":4,\"name\":\"Manejo sustentable de residuos s\u00f3lidos\"}]},{\"@type\":\"WebSite\",\"@id\":\"https:\/\/www.cec.org\/es\/#website\",\"url\":\"https:\/\/www.cec.org\/es\/\",\"name\":\"Commission for Environmental Cooperation\",\"description\":\"Three countries working together to protect our shared environment\",\"alternateName\":\"CEC - CCA -CCE\",\"potentialAction\":[{\"@type\":\"SearchAction\",\"target\":{\"@type\":\"EntryPoint\",\"urlTemplate\":\"https:\/\/www.cec.org\/es\/?s={search_term_string}\"},\"query-input\":{\"@type\":\"PropertyValueSpecification\",\"valueRequired\":true,\"valueName\":\"search_term_string\"}}],\"inLanguage\":\"es\"}]}<\/script>\n<!-- \/ Yoast SEO Premium plugin. -->","yoast_head_json":{"title":"Manejo sustentable de residuos s\u00f3lidos","description":"El crecimiento econ\u00f3mico ha ejercido una enorme demanda de recursos naturales, al tiempo que tambi\u00e9n ha dado lugar a una creciente generaci\u00f3n de residuos.","robots":{"index":"index","follow":"follow","max-snippet":"max-snippet:-1","max-image-preview":"max-image-preview:large","max-video-preview":"max-video-preview:-1"},"canonical":"https:\/\/www.cec.org\/es\/manejo-sustentable-de-residuos-solidos\/","og_locale":"es_ES","og_type":"article","og_title":"Manejo sustentable de residuos s\u00f3lidos","og_description":"El crecimiento econ\u00f3mico ha ejercido una enorme demanda de recursos naturales, al tiempo que tambi\u00e9n ha dado lugar a una creciente generaci\u00f3n de residuos.","og_url":"https:\/\/www.cec.org\/es\/manejo-sustentable-de-residuos-solidos\/","og_site_name":"Comisi\u00f3n para la Cooperaci\u00f3n Ambiental","article_publisher":"https:\/\/www.facebook.com\/CECconnect","article_modified_time":"2024-07-11T17:33:37+00:00","og_image":[{"width":600,"height":342,"url":"https:\/\/www.cec.org\/wp-content\/uploads\/Solid-Waste.jpg","type":"image\/jpeg"}],"twitter_card":"summary_large_image","twitter_site":"@CECweb","schema":{"@context":"https:\/\/schema.org","@graph":[{"@type":"WebPage","@id":"https:\/\/www.cec.org\/es\/manejo-sustentable-de-residuos-solidos\/","url":"https:\/\/www.cec.org\/es\/manejo-sustentable-de-residuos-solidos\/","name":"Manejo sustentable de residuos s\u00f3lidos","isPartOf":{"@id":"https:\/\/www.cec.org\/es\/#website"},"primaryImageOfPage":{"@id":"https:\/\/www.cec.org\/es\/manejo-sustentable-de-residuos-solidos\/#primaryimage"},"image":{"@id":"https:\/\/www.cec.org\/es\/manejo-sustentable-de-residuos-solidos\/#primaryimage"},"thumbnailUrl":"https:\/\/www.cec.org\/wp-content\/uploads\/Solid-Waste.jpg","datePublished":"2024-04-01T17:12:57+00:00","dateModified":"2024-07-11T17:33:37+00:00","description":"El crecimiento econ\u00f3mico ha ejercido una enorme demanda de recursos naturales, al tiempo que tambi\u00e9n ha dado lugar a una creciente generaci\u00f3n de residuos.","breadcrumb":{"@id":"https:\/\/www.cec.org\/es\/manejo-sustentable-de-residuos-solidos\/#breadcrumb"},"inLanguage":"es","potentialAction":[{"@type":"ReadAction","target":["https:\/\/www.cec.org\/es\/manejo-sustentable-de-residuos-solidos\/"]}]},{"@type":"ImageObject","inLanguage":"es","@id":"https:\/\/www.cec.org\/es\/manejo-sustentable-de-residuos-solidos\/#primaryimage","url":"https:\/\/www.cec.org\/wp-content\/uploads\/Solid-Waste.jpg","contentUrl":"https:\/\/www.cec.org\/wp-content\/uploads\/Solid-Waste.jpg","width":600,"height":342,"caption":"Solid waste"},{"@type":"BreadcrumbList","@id":"https:\/\/www.cec.org\/es\/manejo-sustentable-de-residuos-solidos\/#breadcrumb","itemListElement":[{"@type":"ListItem","position":1,"name":"Inicio","item":"https:\/\/www.cec.org\/es\/"},{"@type":"ListItem","position":2,"name":"Temas","item":"https:\/\/www.cec.org\/es\/temas\/"},{"@type":"ListItem","position":3,"name":"Vida y econom\u00edas sustentables","item":"https:\/\/www.cec.org\/es\/topics\/sustainable-living-and-economies\/"},{"@type":"ListItem","position":4,"name":"Manejo sustentable de residuos s\u00f3lidos"}]},{"@type":"WebSite","@id":"https:\/\/www.cec.org\/es\/#website","url":"https:\/\/www.cec.org\/es\/","name":"Commission for Environmental Cooperation","description":"Three countries working together to protect our shared environment","alternateName":"CEC - CCA -CCE","potentialAction":[{"@type":"SearchAction","target":{"@type":"EntryPoint","urlTemplate":"https:\/\/www.cec.org\/es\/?s={search_term_string}"},"query-input":{"@type":"PropertyValueSpecification","valueRequired":true,"valueName":"search_term_string"}}],"inLanguage":"es"}]}},"_links":{"self":[{"href":"https:\/\/www.cec.org\/es\/wp-json\/wp\/v2\/pages\/54729","targetHints":{"allow":["GET"]}}],"collection":[{"href":"https:\/\/www.cec.org\/es\/wp-json\/wp\/v2\/pages"}],"about":[{"href":"https:\/\/www.cec.org\/es\/wp-json\/wp\/v2\/types\/page"}],"author":[{"embeddable":true,"href":"https:\/\/www.cec.org\/es\/wp-json\/wp\/v2\/users\/1"}],"replies":[{"embeddable":true,"href":"https:\/\/www.cec.org\/es\/wp-json\/wp\/v2\/comments?post=54729"}],"version-history":[{"count":1,"href":"https:\/\/www.cec.org\/es\/wp-json\/wp\/v2\/pages\/54729\/revisions"}],"predecessor-version":[{"id":55986,"href":"https:\/\/www.cec.org\/es\/wp-json\/wp\/v2\/pages\/54729\/revisions\/55986"}],"wp:featuredmedia":[{"embeddable":true,"href":"https:\/\/www.cec.org\/es\/wp-json\/wp\/v2\/media\/47113"}],"wp:attachment":[{"href":"https:\/\/www.cec.org\/es\/wp-json\/wp\/v2\/media?parent=54729"}],"curies":[{"name":"wp","href":"https:\/\/api.w.org\/{rel}","templated":true}]}}